{"id":103,"date":"2018-02-01T10:58:26","date_gmt":"2018-02-01T09:58:26","guid":{"rendered":"https:\/\/osadev.fh-potsdam.de\/archiv\/?page_id=103"},"modified":"2018-10-26T15:38:37","modified_gmt":"2018-10-26T13:38:37","slug":"digitale-archivierung-und-dauerhafte-erhaltung","status":"publish","type":"page","link":"https:\/\/osadev.fh-potsdam.de\/archiv\/studium\/studienbereiche\/digitale-archivierung-und-dauerhafte-erhaltung\/","title":{"rendered":"Digitale Archivierung und dauerhafte Erhaltung"},"content":{"rendered":"<div class=\"row\"  id=\"row-1702649969\">\n\n\t<div id=\"col-746156708\" class=\"col title-row small-12 large-12\"  >\n\t\t\t\t<div class=\"col-inner\"  >\n\t\t\t\n\t\t\t\n<h1><b>Digitale Archivierung und dauerhafte Erhaltung<br \/>\n<\/b><\/h1>\n\t\t<\/div>\n\t\t\t\t\t<\/div>\n\n\t\n<\/div>\n<div class=\"row\"  id=\"row-268004500\">\n\n\t<div id=\"col-1523324343\" class=\"col medium-6 small-12 large-6\"  >\n\t\t\t\t<div class=\"col-inner\"  >\n\t\t\t\n\t\t\t\n<p>Einmal archiviert, f\u00fcr immer archiviert. Das ist eine Herausforderung, weil digitale und analoge Datentr\u00e4ger verg\u00e4nglich sind.<\/p>\n<p>In diesem Studienabschnitt lernen Sie die unterschiedlichen Instrumente und Methoden der Bestandserhaltung kennen und anzuwenden. Digitale Informationen k\u00f6nnen durch Ver\u00e4nderungen in der Systemumgebung &#8211; bei Hardware und Software &#8211; unlesbar oder unbrauchbar werden. Archivarinnen und Archivare beugen vor: f\u00fcr digitale Archivalien w\u00e4hlen sie die richtigen Dateiformate und Metadaten aus und strukturieren sie. Dadurch werden auch die \u00dcbernahme sowie die dauerhafte Erhaltung kontrolliert.<\/p>\n<p>Bei den analogen Archivalien sind Verpackungsmaterial und sch\u00fctzende Lagerungsbedingungen f\u00fcr die Erhaltung notwendig. Was schadhaft ist, wird in einer Restaurierungswerkstatt restauriert. Nur was in Ordnung ist, kann auch benutzt werden. Archivalien, die sehr viel benutzt werden, werden auch vervielf\u00e4ltigt: damit sich das Original nicht so stark abnutzt, wird stattdessen ein Mikrofilm oder eine digitale Kopie (Digitalisat) zur Verf\u00fcgung gestellt.<\/p>\n\t\t<\/div>\n\t\t\t\t\t<\/div>\n\n\t\n\n\t<div id=\"col-2060366541\" class=\"col medium-6 small-12 large-6\"  >\n\t\t\t\t<div class=\"col-inner\"  >\n\t\t\t\n\t\t\t\n\t<div class=\"img has-hover x md-x lg-x y md-y lg-y\" id=\"image_2119671960\">\n\t\t\t\t\t\t\t\t<div class=\"img-inner dark\" >\n\t\t\t<img loading=\"lazy\" decoding=\"async\" width=\"600\" height=\"491\" src=\"https:\/\/osadev.fh-potsdam.de\/archiv\/wp-content\/uploads\/sites\/9\/2018\/04\/2_2_Digitale-Archivierung-und-dauerhafte-Erhaltung.jpg\" class=\"attachment-large size-large\" alt=\"\" srcset=\"https:\/\/osadev.fh-potsdam.de\/archiv\/wp-content\/uploads\/sites\/9\/2018\/04\/2_2_Digitale-Archivierung-und-dauerhafte-Erhaltung.jpg 600w, https:\/\/osadev.fh-potsdam.de\/archiv\/wp-content\/uploads\/sites\/9\/2018\/04\/2_2_Digitale-Archivierung-und-dauerhafte-Erhaltung-300x246.jpg 300w\" sizes=\"auto, (max-width: 600px) 100vw, 600px\" \/>\t\t\t\t\t\t\n\t\t\t\t\t<\/div>\n\t\t\t\t\t\t\t\t\n<style>\n#image_2119671960 {\n  width: 100%;\n}\n<\/style>\n\t<\/div>\n\t\n\t\t<\/div>\n\t\t\t\t\t<\/div>\n\n\t\n<\/div>\n<div class=\"row\"  id=\"row-234042822\">\n<div class=\"col ctrl-buttons\">\n<div class=\"ctrl-buttons-left\"><a href=\"\/archiv\/studium\/studienbereiche\/ueberlieferungsbildung-und-benutzung-von-archivalien\/\" class=\"button primary lowercase previous\" >\n\t\t<span>zur\u00fcck<\/span>\n\t<\/a>\n<\/div>\n<div class=\"ctrl-buttons-right\"><a href=\"\/archiv\/studium\/studienbereiche\/praesentation-und-vermittlung-historischer-quellen\/\" class=\"button primary lowercase next\" >\n\t\t<span>weiter<\/span>\n\t<\/a>\n<\/div>\n<\/p><\/div>\n<\/div>\n","protected":false},"excerpt":{"rendered":"","protected":false},"author":3,"featured_media":0,"parent":87,"menu_order":0,"comment_status":"closed","ping_status":"closed","template":"","meta":{"_acf_changed":false,"powered_cache_disable_cache":false,"footnotes":""},"class_list":["post-103","page","type-page","status-publish","hentry"],"acf":[],"_links":{"self":[{"href":"https:\/\/osadev.fh-potsdam.de\/archiv\/wp-json\/wp\/v2\/pages\/103","targetHints":{"allow":["GET"]}}],"collection":[{"href":"https:\/\/osadev.fh-potsdam.de\/archiv\/wp-json\/wp\/v2\/pages"}],"about":[{"href":"https:\/\/osadev.fh-potsdam.de\/archiv\/wp-json\/wp\/v2\/types\/page"}],"author":[{"embeddable":true,"href":"https:\/\/osadev.fh-potsdam.de\/archiv\/wp-json\/wp\/v2\/users\/3"}],"replies":[{"embeddable":true,"href":"https:\/\/osadev.fh-potsdam.de\/archiv\/wp-json\/wp\/v2\/comments?post=103"}],"version-history":[{"count":15,"href":"https:\/\/osadev.fh-potsdam.de\/archiv\/wp-json\/wp\/v2\/pages\/103\/revisions"}],"predecessor-version":[{"id":1141,"href":"https:\/\/osadev.fh-potsdam.de\/archiv\/wp-json\/wp\/v2\/pages\/103\/revisions\/1141"}],"up":[{"embeddable":true,"href":"https:\/\/osadev.fh-potsdam.de\/archiv\/wp-json\/wp\/v2\/pages\/87"}],"wp:attachment":[{"href":"https:\/\/osadev.fh-potsdam.de\/archiv\/wp-json\/wp\/v2\/media?parent=103"}],"curies":[{"name":"wp","href":"https:\/\/api.w.org\/{rel}","templated":true}]}}