{"id":107,"date":"2018-02-01T11:00:07","date_gmt":"2018-02-01T10:00:07","guid":{"rendered":"https:\/\/osadev.fh-potsdam.de\/archiv\/?page_id=107"},"modified":"2018-10-26T15:38:43","modified_gmt":"2018-10-26T13:38:43","slug":"praesentation-und-vermittlung-historischer-quellen","status":"publish","type":"page","link":"https:\/\/osadev.fh-potsdam.de\/archiv\/studium\/studienbereiche\/praesentation-und-vermittlung-historischer-quellen\/","title":{"rendered":"Pr\u00e4sentation und Vermittlung historischer Quellen"},"content":{"rendered":"<div class=\"row\"  id=\"row-158738063\">\n\n\t<div id=\"col-1216481387\" class=\"col title-row small-12 large-12\"  >\n\t\t\t\t<div class=\"col-inner\"  >\n\t\t\t\n\t\t\t\n<h1><b>Pr\u00e4sentation und Vermittlung historischer Quellen<\/b><\/h1>\n\t\t<\/div>\n\t\t\t\t\t<\/div>\n\n\t\n<\/div>\n<div class=\"row\"  id=\"row-1139492696\">\n\n\t<div id=\"col-358821455\" class=\"col medium-6 small-12 large-6\"  >\n\t\t\t\t<div class=\"col-inner\"  >\n\t\t\t\n\t\t\t\n<p>Wann gab es in Brandenburg die ersten Migrationsbewegungen? Wie lebte es sich am Hof Friedrichs des Gro\u00dfen? Geschichte findet nicht ohne Archive statt. Denn Archivalien sind die Basis der Forschung. Nur aufgrund der Authentizit\u00e4t und der Einzigartigkeit der Originalquellen k\u00f6nnen Fragen zur Vergangenheit beantwortet werden. Daher wird in diesem Studienbereich vor allem die Kernkompetenzen der Vermittlungsarbeit gelehrt.<\/p>\n<p>Sie sollen in der Lage sein, Formate zur Vermittlung historischen Wissens f\u00fcr unterschiedliche Zielgruppen zu entwickeln. Dazu z\u00e4hlt die au\u00dferschulische Projektarbeit in Kooperation mit Schulen ebenso wie die gezielte Pr\u00e4sentation von Archivgut in historischen Ausstellungen, Online-Portalen oder Digitalen Editionen. Der digitale Zugang zu historischen Quellen er\u00f6ffnet hierbei neue Perspektiven der partizipativen Wissensgesellschaft, in dem er wertvolle Quellen einer breiten \u00d6ffentlichkeit zug\u00e4nglich macht. Dies ist die Grundlage f\u00fcr \u201eCitizen Science\u201c. Das bedeutet, die allgemeine \u00d6ffentlichkeit und die professionelle Wissenschaft sollen gemeinsam forschen, um die B\u00fcrgerinnen und B\u00fcrger f\u00fcr ein demokratisches und tieferes Verst\u00e4ndnis von Geschichte zu sensibilisieren.<\/p>\n<p>Die Lehrinhalte dieses Studienbereichs konzentrieren sich auf die Konzeption entsprechender Angebote der Informationseinrichtung Archiv unter Ber\u00fccksichtigung geschichtsdidaktischer Ans\u00e4tze, fachwissenschaftlicher und urheberrechtlichen Grundlagen sowie der Schulung sozialer und kommunikativer F\u00e4higkeiten.<\/p>\n\t\t<\/div>\n\t\t\t\t\t<\/div>\n\n\t\n\n\t<div id=\"col-1021281739\" class=\"col medium-6 small-12 large-6\"  >\n\t\t\t\t<div class=\"col-inner\"  >\n\t\t\t\n\t\t\t\n\t<div class=\"img has-hover x md-x lg-x y md-y lg-y\" id=\"image_1816707247\">\n\t\t\t\t\t\t\t\t<div class=\"img-inner dark\" >\n\t\t\t<img loading=\"lazy\" decoding=\"async\" width=\"600\" height=\"485\" src=\"https:\/\/osadev.fh-potsdam.de\/archiv\/wp-content\/uploads\/sites\/9\/2018\/04\/2_3_Pra\u0308sentation-und-Vermittlung-historischer-Quellen.jpg\" class=\"attachment-large size-large\" alt=\"\" srcset=\"https:\/\/osadev.fh-potsdam.de\/archiv\/wp-content\/uploads\/sites\/9\/2018\/04\/2_3_Pra\u0308sentation-und-Vermittlung-historischer-Quellen.jpg 600w, https:\/\/osadev.fh-potsdam.de\/archiv\/wp-content\/uploads\/sites\/9\/2018\/04\/2_3_Pra\u0308sentation-und-Vermittlung-historischer-Quellen-300x243.jpg 300w\" sizes=\"auto, (max-width: 600px) 100vw, 600px\" \/>\t\t\t\t\t\t\n\t\t\t\t\t<\/div>\n\t\t\t\t\t\t\t\t\n<style>\n#image_1816707247 {\n  width: 100%;\n}\n<\/style>\n\t<\/div>\n\t\n\t\t<\/div>\n\t\t\t\t\n<style>\n#col-1021281739 > .col-inner {\n  padding: 0 0px 0px 0px;\n}\n<\/style>\n\t<\/div>\n\n\t\n<\/div>\n<div class=\"row\"  id=\"row-1803846122\">\n<div class=\"col ctrl-buttons\">\n<div class=\"ctrl-buttons-left\"><a href=\"\/archiv\/studium\/studienbereiche\/digitale-archivierung-und-dauerhafte-erhaltung\/\" class=\"button primary lowercase previous\" >\n\t\t<span>zur\u00fcck<\/span>\n\t<\/a>\n<\/div>\n<div class=\"ctrl-buttons-right\"><a href=\"\/archiv\/studium\/studienbereiche\/informationswissenschaften-und-informationssysteme\/\" class=\"button primary lowercase next\" >\n\t\t<span>weiter<\/span>\n\t<\/a>\n<\/div>\n<\/p><\/div>\n<\/div>\n","protected":false},"excerpt":{"rendered":"","protected":false},"author":3,"featured_media":0,"parent":87,"menu_order":0,"comment_status":"closed","ping_status":"closed","template":"","meta":{"_acf_changed":false,"powered_cache_disable_cache":false,"footnotes":""},"class_list":["post-107","page","type-page","status-publish","hentry"],"acf":[],"_links":{"self":[{"href":"https:\/\/osadev.fh-potsdam.de\/archiv\/wp-json\/wp\/v2\/pages\/107","targetHints":{"allow":["GET"]}}],"collection":[{"href":"https:\/\/osadev.fh-potsdam.de\/archiv\/wp-json\/wp\/v2\/pages"}],"about":[{"href":"https:\/\/osadev.fh-potsdam.de\/archiv\/wp-json\/wp\/v2\/types\/page"}],"author":[{"embeddable":true,"href":"https:\/\/osadev.fh-potsdam.de\/archiv\/wp-json\/wp\/v2\/users\/3"}],"replies":[{"embeddable":true,"href":"https:\/\/osadev.fh-potsdam.de\/archiv\/wp-json\/wp\/v2\/comments?post=107"}],"version-history":[{"count":14,"href":"https:\/\/osadev.fh-potsdam.de\/archiv\/wp-json\/wp\/v2\/pages\/107\/revisions"}],"predecessor-version":[{"id":1142,"href":"https:\/\/osadev.fh-potsdam.de\/archiv\/wp-json\/wp\/v2\/pages\/107\/revisions\/1142"}],"up":[{"embeddable":true,"href":"https:\/\/osadev.fh-potsdam.de\/archiv\/wp-json\/wp\/v2\/pages\/87"}],"wp:attachment":[{"href":"https:\/\/osadev.fh-potsdam.de\/archiv\/wp-json\/wp\/v2\/media?parent=107"}],"curies":[{"name":"wp","href":"https:\/\/api.w.org\/{rel}","templated":true}]}}