{"id":111,"date":"2018-02-01T11:01:47","date_gmt":"2018-02-01T10:01:47","guid":{"rendered":"https:\/\/osadev.fh-potsdam.de\/archiv\/?page_id=111"},"modified":"2018-10-26T15:38:52","modified_gmt":"2018-10-26T13:38:52","slug":"informationswissenschaften-und-informationssysteme","status":"publish","type":"page","link":"https:\/\/osadev.fh-potsdam.de\/archiv\/studium\/studienbereiche\/informationswissenschaften-und-informationssysteme\/","title":{"rendered":"Informationswissenschaften und Informationssysteme"},"content":{"rendered":"<div class=\"row\"  id=\"row-501447626\">\n\n\t<div id=\"col-1614768660\" class=\"col title-row small-12 large-12\"  >\n\t\t\t\t<div class=\"col-inner\"  >\n\t\t\t\n\t\t\t\n<h1><b>Informationswissenschaften und Informationssysteme<\/b><\/h1>\n\t\t<\/div>\n\t\t\t\t\t<\/div>\n\n\t\n<\/div>\n<div class=\"row\"  id=\"row-497917840\">\n\n\t<div id=\"col-598809541\" class=\"col medium-6 small-12 large-6\"  >\n\t\t\t\t<div class=\"col-inner\"  >\n\t\t\t\n\t\t\t\n<p class=\"p2\"><span class=\"s1\">T\u00e4glich werden wir mit Informationen \u00fcberflutet. Denn Informationen sind das Kernelement der digitalen Gesellschaft. Um einen optimalen Wissenszuwachs zu gew\u00e4hrleisten, m\u00fcssen wir vernetzt denken und einander auch \u00fcber Fachgrenzen hinweg verstehen lernen. <\/span><\/p>\n<p class=\"p2\"><span class=\"s1\">Dieser Studienbereich beinhaltet deshalb Gemeinsamkeiten und Unterschiede von Teildisziplinen der Informationswissenschaften. Die speziellen Anforderungen der charakteristischen Berufsfelder Archiv, Bibliothek sowie des Informations- und Datenmanagements sind die Grundlage f\u00fcr den Informationsfluss. Daten-, Informations- und Wissensprozesse korrespondieren mit den Referenzmodellen f\u00fcr Informationssysteme, die in diesem Modulbereich ausf\u00fchrlich thematisiert werden. Sie werden in die Terminologie, die Methoden, Arbeitsinstrumente sowie in die technische Infrastruktur der jeweiligen Berufsfelder eingef\u00fchrt. Ziel ist es, gemeinsam weiterf\u00fchrende L\u00f6sungsans\u00e4tze zur Sicherung des digitalen kulturellen Erbes zu entwickeln. <\/span><\/p>\n<p class=\"p3\"><span class=\"s1\">Vermittelt wird ein grundlegender \u00dcberblick zu Konzepten, Architekturen, Funktionalit\u00e4ten und Einsatzbereichen von Informationssystemen unter besonderer Ber\u00fccksichtigung webbasierter Anwendungen. Auf dieser Basis soll die zielgerichtete und praktische Orientierung in den organisatorischen und technologischen Grundlagen der Informationswissenschaften erprobt werden.<\/span><\/p>\n\t\t<\/div>\n\t\t\t\t\t<\/div>\n\n\t\n\n\t<div id=\"col-688027699\" class=\"col medium-6 small-12 large-6\"  >\n\t\t\t\t<div class=\"col-inner\"  >\n\t\t\t\n\t\t\t\n\t<div class=\"img has-hover x md-x lg-x y md-y lg-y\" id=\"image_859563207\">\n\t\t\t\t\t\t\t\t<div class=\"img-inner dark\" >\n\t\t\t<img loading=\"lazy\" decoding=\"async\" width=\"600\" height=\"469\" src=\"https:\/\/osadev.fh-potsdam.de\/archiv\/wp-content\/uploads\/sites\/9\/2018\/04\/2_4_Informationswissenschaften-und-Informationssysteme.jpg\" class=\"attachment-large size-large\" alt=\"\" srcset=\"https:\/\/osadev.fh-potsdam.de\/archiv\/wp-content\/uploads\/sites\/9\/2018\/04\/2_4_Informationswissenschaften-und-Informationssysteme.jpg 600w, https:\/\/osadev.fh-potsdam.de\/archiv\/wp-content\/uploads\/sites\/9\/2018\/04\/2_4_Informationswissenschaften-und-Informationssysteme-300x235.jpg 300w\" sizes=\"auto, (max-width: 600px) 100vw, 600px\" \/>\t\t\t\t\t\t\n\t\t\t\t\t<\/div>\n\t\t\t\t\t\t\t\t\n<style>\n#image_859563207 {\n  width: 100%;\n}\n<\/style>\n\t<\/div>\n\t\n\t\t<\/div>\n\t\t\t\t\n<style>\n#col-688027699 > .col-inner {\n  padding: 0 0px 0px 0px;\n}\n<\/style>\n\t<\/div>\n\n\t\n<\/div>\n<div class=\"row\"  id=\"row-1695231266\">\n<div class=\"col ctrl-buttons\">\n<div class=\"ctrl-buttons-left\"><a href=\"\/archiv\/studium\/studienbereiche\/praesentation-und-vermittlung-historischer-quellen\/\" class=\"button primary lowercase previous\" >\n\t\t<span>zur\u00fcck<\/span>\n\t<\/a>\n<\/div>\n<div class=\"ctrl-buttons-right\"><a href=\"\/archiv\/studium\/studienbereiche\/querschnittsthemen-geschichte-recht-management\/\" class=\"button primary lowercase next\" >\n\t\t<span>weiter<\/span>\n\t<\/a>\n<\/div>\n<\/p><\/div>\n<\/div>\n","protected":false},"excerpt":{"rendered":"","protected":false},"author":3,"featured_media":0,"parent":87,"menu_order":0,"comment_status":"closed","ping_status":"closed","template":"","meta":{"_acf_changed":false,"powered_cache_disable_cache":false,"footnotes":""},"class_list":["post-111","page","type-page","status-publish","hentry"],"acf":[],"_links":{"self":[{"href":"https:\/\/osadev.fh-potsdam.de\/archiv\/wp-json\/wp\/v2\/pages\/111","targetHints":{"allow":["GET"]}}],"collection":[{"href":"https:\/\/osadev.fh-potsdam.de\/archiv\/wp-json\/wp\/v2\/pages"}],"about":[{"href":"https:\/\/osadev.fh-potsdam.de\/archiv\/wp-json\/wp\/v2\/types\/page"}],"author":[{"embeddable":true,"href":"https:\/\/osadev.fh-potsdam.de\/archiv\/wp-json\/wp\/v2\/users\/3"}],"replies":[{"embeddable":true,"href":"https:\/\/osadev.fh-potsdam.de\/archiv\/wp-json\/wp\/v2\/comments?post=111"}],"version-history":[{"count":14,"href":"https:\/\/osadev.fh-potsdam.de\/archiv\/wp-json\/wp\/v2\/pages\/111\/revisions"}],"predecessor-version":[{"id":1143,"href":"https:\/\/osadev.fh-potsdam.de\/archiv\/wp-json\/wp\/v2\/pages\/111\/revisions\/1143"}],"up":[{"embeddable":true,"href":"https:\/\/osadev.fh-potsdam.de\/archiv\/wp-json\/wp\/v2\/pages\/87"}],"wp:attachment":[{"href":"https:\/\/osadev.fh-potsdam.de\/archiv\/wp-json\/wp\/v2\/media?parent=111"}],"curies":[{"name":"wp","href":"https:\/\/api.w.org\/{rel}","templated":true}]}}