{"id":115,"date":"2018-02-01T11:03:17","date_gmt":"2018-02-01T10:03:17","guid":{"rendered":"https:\/\/osadev.fh-potsdam.de\/archiv\/?page_id=115"},"modified":"2018-10-26T15:38:56","modified_gmt":"2018-10-26T13:38:56","slug":"querschnittsthemen-geschichte-recht-management","status":"publish","type":"page","link":"https:\/\/osadev.fh-potsdam.de\/archiv\/studium\/studienbereiche\/querschnittsthemen-geschichte-recht-management\/","title":{"rendered":"Querschnittsthemen &#8211; Geschichte, Recht, Management"},"content":{"rendered":"<div class=\"row\"  id=\"row-1376580746\">\n\n\t<div id=\"col-1996807722\" class=\"col title-row small-12 large-12\"  >\n\t\t\t\t<div class=\"col-inner\"  >\n\t\t\t\n\t\t\t\n<h1><b>Querschnittsthemen &#8211; Geschichte, Recht, Management<\/b><\/h1>\n\t\t<\/div>\n\t\t\t\t\t<\/div>\n\n\t\n<\/div>\n<div class=\"row\"  id=\"row-480338072\">\n\n\t<div id=\"col-431691408\" class=\"col medium-6 small-12 large-6\"  >\n\t\t\t\t<div class=\"col-inner\"  >\n\t\t\t\n\t\t\t\n<p class=\"p2\"><span class=\"s2\">Archive befinden sich mitten in der Gesellschaft. Sie sind Einrichtungen, die sich in ihrem Umfeld behaupten m\u00fcssen. Sie bewegen sich innerhalb der gesellschaftlichen und rechtlichen Normen, und ihre \u00dcberlieferung ist nur verst\u00e4ndlich, wenn wir wissen, in welchem geschichtlichen Kontext die in ihnen verwahrten Unterlagen und Informationen entstanden sind. Daher bedeutet ein Studium im Fach Archiv immer, dass man sich mit diesen Rahmenbedingungen (Geschichte, Recht &amp; Management) auskennt. <\/span><\/p>\n<p class=\"p2\"><span class=\"s2\">Als Archivarinnen und Archivare lernen Sie daher in ihrem Studium die wesentlichen Methoden historischen Forschens und k\u00f6nnen sich dadurch Grundz\u00fcge und Details der historischen Entwicklung erarbeiten.\u00a0<\/span><\/p>\n<p class=\"p2\"><span class=\"s2\">Sie setzen sich mit rechtlichen Entwicklungen auseinander, vor allem mit den Ver\u00e4nderungen und dem Einfluss des Urheberrechts auf die Gesellschaft. Sie lernen das Spannungsverh\u00e4ltnis zwischen dem Schutz einzelner Personen und dem Recht der Allgemeinheit kennen und verfolgen die vielf\u00e4ltige Entwicklung des Informationsrechts im digitalen Zeitalter.\u00a0\u00a0<\/span><\/p>\n<p class=\"p2\"><span class=\"s2\">Sie werden dazu bef\u00e4higt, kleinere Archive zu leiten, und erwerben dazu Grundkenntnisse in der Betriebswirtschaft, in der Planung und Durchf\u00fchrung von Projekten, in Strategien und Instrumenten des Marketings und in Methoden der \u00d6ffentlichkeitsarbeit. Dies alles sind Kenntnisse, die f\u00fcr die moderne Archivarbeit unerl\u00e4sslich sind.<\/span><\/p>\n\t\t<\/div>\n\t\t\t\t\t<\/div>\n\n\t\n\n\t<div id=\"col-428571609\" class=\"col medium-6 small-12 large-6\"  >\n\t\t\t\t<div class=\"col-inner\"  >\n\t\t\t\n\t\t\t\n\t<div class=\"img has-hover x md-x lg-x y md-y lg-y\" id=\"image_2101158009\">\n\t\t\t\t\t\t\t\t<div class=\"img-inner dark\" >\n\t\t\t<img loading=\"lazy\" decoding=\"async\" width=\"600\" height=\"439\" src=\"https:\/\/osadev.fh-potsdam.de\/archiv\/wp-content\/uploads\/sites\/9\/2018\/04\/2_5_Querschnittsthemen.jpg\" class=\"attachment-large size-large\" alt=\"\" srcset=\"https:\/\/osadev.fh-potsdam.de\/archiv\/wp-content\/uploads\/sites\/9\/2018\/04\/2_5_Querschnittsthemen.jpg 600w, https:\/\/osadev.fh-potsdam.de\/archiv\/wp-content\/uploads\/sites\/9\/2018\/04\/2_5_Querschnittsthemen-300x220.jpg 300w\" sizes=\"auto, (max-width: 600px) 100vw, 600px\" \/>\t\t\t\t\t\t\n\t\t\t\t\t<\/div>\n\t\t\t\t\t\t\t\t\n<style>\n#image_2101158009 {\n  width: 100%;\n}\n<\/style>\n\t<\/div>\n\t\n\t\t<\/div>\n\t\t\t\t\t<\/div>\n\n\t\n<\/div>\n<div class=\"row\"  id=\"row-514589766\">\n<div class=\"col ctrl-buttons\">\n<div class=\"ctrl-buttons-left\"><a href=\"\/archiv\/studium\/studienbereiche\/informationswissenschaften-und-informationssysteme\/\" class=\"button primary lowercase previous\" >\n\t\t<span>zur\u00fcck<\/span>\n\t<\/a>\n<\/div>\n<div class=\"ctrl-buttons-right\"><a href=\"\/archiv\/studium\/studienbereiche\/wahlpflicht-und-spezialisierung\/\" class=\"button primary lowercase next\" >\n\t\t<span>weiter<\/span>\n\t<\/a>\n<\/div>\n<\/p><\/div>\n<\/div>\n","protected":false},"excerpt":{"rendered":"","protected":false},"author":3,"featured_media":0,"parent":87,"menu_order":0,"comment_status":"closed","ping_status":"closed","template":"","meta":{"_acf_changed":false,"powered_cache_disable_cache":false,"footnotes":""},"class_list":["post-115","page","type-page","status-publish","hentry"],"acf":[],"_links":{"self":[{"href":"https:\/\/osadev.fh-potsdam.de\/archiv\/wp-json\/wp\/v2\/pages\/115","targetHints":{"allow":["GET"]}}],"collection":[{"href":"https:\/\/osadev.fh-potsdam.de\/archiv\/wp-json\/wp\/v2\/pages"}],"about":[{"href":"https:\/\/osadev.fh-potsdam.de\/archiv\/wp-json\/wp\/v2\/types\/page"}],"author":[{"embeddable":true,"href":"https:\/\/osadev.fh-potsdam.de\/archiv\/wp-json\/wp\/v2\/users\/3"}],"replies":[{"embeddable":true,"href":"https:\/\/osadev.fh-potsdam.de\/archiv\/wp-json\/wp\/v2\/comments?post=115"}],"version-history":[{"count":12,"href":"https:\/\/osadev.fh-potsdam.de\/archiv\/wp-json\/wp\/v2\/pages\/115\/revisions"}],"predecessor-version":[{"id":1144,"href":"https:\/\/osadev.fh-potsdam.de\/archiv\/wp-json\/wp\/v2\/pages\/115\/revisions\/1144"}],"up":[{"embeddable":true,"href":"https:\/\/osadev.fh-potsdam.de\/archiv\/wp-json\/wp\/v2\/pages\/87"}],"wp:attachment":[{"href":"https:\/\/osadev.fh-potsdam.de\/archiv\/wp-json\/wp\/v2\/media?parent=115"}],"curies":[{"name":"wp","href":"https:\/\/api.w.org\/{rel}","templated":true}]}}