{"id":12,"date":"2018-01-08T14:55:17","date_gmt":"2018-01-08T13:55:17","guid":{"rendered":"https:\/\/osadev.fh-potsdam.de\/archiv\/?page_id=12"},"modified":"2020-07-19T18:52:56","modified_gmt":"2020-07-19T16:52:56","slug":"willkommen","status":"publish","type":"page","link":"https:\/\/osadev.fh-potsdam.de\/archiv\/","title":{"rendered":"Willkommen"},"content":{"rendered":"<div class=\"row\"  id=\"row-1068637965\">\n\n\t<div id=\"col-1047725482\" class=\"col medium-6 small-12 large-6\"  >\n\t\t\t\t<div class=\"col-inner\"  >\n\t\t\t\n\t\t\t\n<h1><b>Herzlich Willkommen!<\/b><\/h1>\n<p><strong>Studiengang Archiv (B.A.)<\/strong><\/p>\n<ul>\n<li>Interessieren Sie die konkreten Studieninhalte?<\/li>\n<li>H\u00e4tten Sie Lust, einmal typische Studienaufgaben auszuprobieren?<\/li>\n<li>W\u00fcrden Sie gern in den Studienalltag hineinschnuppern?<\/li>\n<li>Oder m\u00f6chten Sie die beruflichen Perspektiven nach dem Studium kennenlernen?<\/li>\n<\/ul>\n<p>Dann sind Sie bei diesem Online Studienwahl-Assistenten (OSA) genau richtig. In knapp 60 Minuten erfahren Sie all das und mehr \u00fcber unseren Studiengang Archiv.<\/p>\n<p>Sie k\u00f6nnen den OSA Schritt f\u00fcr Schritt durchlaufen, aber auch springen und sich einzelne Themenbl\u00f6cke und Videoclips, die Ihnen besonders interessant erscheinen, separat anschauen. Am besten ist es jedoch, den OSA der Reihe nach zu durchlaufen und sich an den verschiedenen kleinen Aufgaben zu erproben. Eine Registrierung ist nicht erforderlich.<\/p>\n<p>Wir w\u00fcnschen Ihnen viel Spa\u00df beim Erkunden des OSA!<\/p>\n\t\t<\/div>\n\t\t\t\t\t<\/div>\n\n\t\n\n\t<div id=\"col-19874375\" class=\"col medium-6 small-12 large-6\"  >\n\t\t\t\t<div class=\"col-inner\"  >\n\t\t\t\n\t\t\t\n\t<div class=\"img has-hover x md-x lg-x y md-y lg-y\" id=\"image_999881001\">\n\t\t\t\t\t\t\t\t<div class=\"img-inner dark\" style=\"margin:70px 0px 0px 0px;\">\n\t\t\t<img loading=\"lazy\" decoding=\"async\" width=\"600\" height=\"267\" src=\"https:\/\/osadev.fh-potsdam.de\/archiv\/wp-content\/uploads\/sites\/9\/2018\/04\/2_0_Willkommensbild_A.jpg\" class=\"attachment-large size-large\" alt=\"\" srcset=\"https:\/\/osadev.fh-potsdam.de\/archiv\/wp-content\/uploads\/sites\/9\/2018\/04\/2_0_Willkommensbild_A.jpg 600w, https:\/\/osadev.fh-potsdam.de\/archiv\/wp-content\/uploads\/sites\/9\/2018\/04\/2_0_Willkommensbild_A-300x134.jpg 300w\" sizes=\"auto, (max-width: 600px) 100vw, 600px\" \/>\t\t\t\t\t\t\n\t\t\t\t\t<\/div>\n\t\t\t\t\t\t\t\t\n<style>\n#image_999881001 {\n  width: 100%;\n}\n<\/style>\n\t<\/div>\n\t\n\t\t<\/div>\n\t\t\t\t\t<\/div>\n\n\t\n<\/div>\n<div class=\"row\"  id=\"row-863980883\">\n\n\t<div id=\"col-715168024\" class=\"col medium-2 small-12 large-2\"  >\n\t\t\t\t<div class=\"col-inner\"  >\n\t\t\t\n\t\t\t\n\t\t<\/div>\n\t\t\t\t\t<\/div>\n\n\t\n\n\t<div id=\"col-436301881\" class=\"col medium-8 small-12 large-8\"  >\n\t\t\t\t<div class=\"col-inner\"  >\n\t\t\t\n\t\t\t\n\t\t<\/div>\n\t\t\t\t\t<\/div>\n\n\t\n\n\t<div id=\"col-590004423\" class=\"col medium-2 small-12 large-2\"  >\n\t\t\t\t<div class=\"col-inner text-right\"  >\n\t\t\t\n\t\t\t\n<a href=\"\/archiv\/willkommen\/steckbrief\/\" class=\"button primary lowercase next\" >\n\t\t<span>weiter<\/span>\n\t<\/a>\n\n\t\t<\/div>\n\t\t\t\t\t<\/div>\n\n\t\n<\/div>\n","protected":false},"excerpt":{"rendered":"","protected":false},"author":3,"featured_media":0,"parent":0,"menu_order":0,"comment_status":"closed","ping_status":"closed","template":"","meta":{"_acf_changed":false,"powered_cache_disable_cache":false,"footnotes":""},"class_list":["post-12","page","type-page","status-publish","hentry"],"acf":[],"_links":{"self":[{"href":"https:\/\/osadev.fh-potsdam.de\/archiv\/wp-json\/wp\/v2\/pages\/12","targetHints":{"allow":["GET"]}}],"collection":[{"href":"https:\/\/osadev.fh-potsdam.de\/archiv\/wp-json\/wp\/v2\/pages"}],"about":[{"href":"https:\/\/osadev.fh-potsdam.de\/archiv\/wp-json\/wp\/v2\/types\/page"}],"author":[{"embeddable":true,"href":"https:\/\/osadev.fh-potsdam.de\/archiv\/wp-json\/wp\/v2\/users\/3"}],"replies":[{"embeddable":true,"href":"https:\/\/osadev.fh-potsdam.de\/archiv\/wp-json\/wp\/v2\/comments?post=12"}],"version-history":[{"count":20,"href":"https:\/\/osadev.fh-potsdam.de\/archiv\/wp-json\/wp\/v2\/pages\/12\/revisions"}],"predecessor-version":[{"id":1409,"href":"https:\/\/osadev.fh-potsdam.de\/archiv\/wp-json\/wp\/v2\/pages\/12\/revisions\/1409"}],"wp:attachment":[{"href":"https:\/\/osadev.fh-potsdam.de\/archiv\/wp-json\/wp\/v2\/media?parent=12"}],"curies":[{"name":"wp","href":"https:\/\/api.w.org\/{rel}","templated":true}]}}