{"id":1314,"date":"2018-11-10T21:54:23","date_gmt":"2018-11-10T20:54:23","guid":{"rendered":"https:\/\/osadev.fh-potsdam.de\/archiv\/?page_id=1314"},"modified":"2018-11-23T22:01:28","modified_gmt":"2018-11-23T21:01:28","slug":"management-aufgaben-i","status":"publish","type":"page","link":"https:\/\/osadev.fh-potsdam.de\/archiv\/management-aufgaben-i\/","title":{"rendered":"Management Aufgaben I"},"content":{"rendered":"<div class=\"row\"  id=\"row-1791304797\">\n\n\t<div id=\"col-2116357149\" class=\"col title-row small-12 large-12\"  >\n\t\t\t\t<div class=\"col-inner\"  >\n\t\t\t\n\t\t\t\n<h1><b>Management<\/b><\/h1>\n\t\t<\/div>\n\t\t\t\t\t<\/div>\n\n\t\n\n\t<div id=\"col-535825147\" class=\"col medium-6 small-12 large-6\"  >\n\t\t\t\t<div class=\"col-inner\"  >\n\t\t\t\n\t\t\t\n<p>Sie planen ein Projekt zur Erschlie\u00dfung von Archivalien, die Ihr Archiv k\u00fcrzlich aus einer<br \/>\nGemeindeverwaltung \u00fcbernommen hat. Die \u00dcbernahme besteht aus:<\/p>\n<ul>\n<li>3 mittelalterlichen Urkunden<\/li>\n<li>50 Akten des B\u00fcrgermeisters zu verschiedenen<br \/>\nThemen aus der Zeit zwischen 1911 und 1997<\/li>\n<li>24 Akten \u00fcber Abwassergeb\u00fchren einzelner<br \/>\nB\u00fcrger aus der Zeit zwischen 1945 bis 1990<\/li>\n<li>76 Fotos von Veranstaltungen und Ortsjubil\u00e4en<\/li>\n<li>10 technischen Zeichnungen<\/li>\n<\/ul>\n<p>In einer Arbeitshilfe finden Sie folgende Standardwerte f\u00fcr die<br \/>\nErschlie\u00dfung von Archivgut (siehe nebenstehende Tabelle).<\/p>\n<p>&nbsp;<\/p>\n<p><strong>Mit welchem Zeitaufwand m\u00fcssen Sie f\u00fcr die Erschlie\u00dfung rechnen? Bitte kreuzen Sie die richtige L\u00f6sung an!<\/strong><br \/>\n(Sie k\u00f6nnen zur Berechnung auch einen Taschenrechner verwenden.)<\/p>\n<script type=\"text\/javascript\" >\ndocument.addEventListener(\"DOMContentLoaded\", function(event) { \nif(!window.jQuery) alert(\"The important jQuery library is not properly loaded in your site. Your WordPress theme is probably missing the essential wp_head() call. You can switch to another theme and you will see that the plugin works fine and this notice disappears. If you are still not sure what to do you can contact us for help.\");\n});\n<\/script>  \n  \n<div  id=\"watupro_quiz\" class=\"quiz-area single-page-quiz\">\n<p id=\"submittingExam18\" style=\"display:none;text-align:center;\"><img loading=\"lazy\" decoding=\"async\" src=\"https:\/\/osadev.fh-potsdam.de\/archiv\/wp-content\/plugins\/watupro\/img\/loading.gif\" width=\"16\" height=\"16\"><\/p>\n\n\n\n<form action=\"\" method=\"post\" class=\"quiz-form\" id=\"quiz-18\"  enctype=\"multipart\/form-data\" >\n<div class='watu-question ' id='question-1' style=';'><div id='questionWrap-1'  class='   watupro-question-id-19'>\n\t\t\t<div class='question-content'><div><\/div><input type='hidden' name='question_id[]' id='qID_1' value='19' class='watupro-question-id'\/><input type='hidden' id='answerType19' class='answerTypeCnt1' value='checkbox'><!-- end question-content--><\/div><div class='question-choices watupro-choices-columns '  id='questionChoices19'><div class='watupro-question-choice  ' dir='auto' ><input type='checkbox' name='answer-19[]' id='answer-id-79' class='answer   answerof-19  ' value='79'   \/><label for='answer-id-79' id='answer-label-79' class=' answer'><span>530 Arbeitsstunden<\/span><\/label><\/div><div class='watupro-question-choice  ' dir='auto' ><input type='checkbox' name='answer-19[]' id='answer-id-80' class='answer   answerof-19  ' value='80'   \/><label for='answer-id-80' id='answer-label-80' class=' answer'><span>58 Arbeitsstunden<\/span><\/label><\/div><div class='watupro-question-choice  ' dir='auto' ><input type='checkbox' name='answer-19[]' id='answer-id-81' class='answer   answerof-19  ' value='81'   \/><label for='answer-id-81' id='answer-label-81' class=' answer'><span>53 Arbeitsstunden<\/span><\/label><\/div><div class='watupro-question-choice  ' dir='auto' ><input type='checkbox' name='answer-19[]' id='answer-id-82' class='answer   answerof-19  ' value='82'   \/><label for='answer-id-82' id='answer-label-82' class=' answer'><span>42 Arbeitsstunden<\/span><\/label><\/div><!-- end question-choices--><\/div><!-- end questionWrap--><\/div><\/div><div style='display:none' id='question-2'>\n\t<div class='question-content'>\n\t\t<img loading=\"lazy\" decoding=\"async\" src=\"https:\/\/osadev.fh-potsdam.de\/archiv\/wp-content\/plugins\/watupro\/img\/loading.gif\" width=\"16\" height=\"16\" alt=\"Loading...\" title=\"Loading...\" \/>&nbsp;Loading...\t<\/div>\n<\/div>\n\n<br \/>\n\t\n\t\t\t<div class=\"watupro_buttons flex \" id=\"watuPROButtons18\" >\n\t\t  <div id=\"prev-question\" style=\"display:none;\"><input type=\"button\" value=\"&lt; Previous\" onclick=\"WatuPRO.nextQuestion(event, 'previous');\"\/><\/div>\t\t  \t\t  \t\t   \n\t\t   \t  \t\t<div><input type=\"button\" name=\"action\" class=\"watupro-submit-button\" onclick=\"WatuPRO.submitResult(event)\" id=\"action-button\" value=\"Antwort pr\u00fcfen\"  \/>\n\t\t<\/div>\n\t\t<\/div>\n\t\t\n\t<input type=\"hidden\" name=\"quiz_id\" value=\"18\" id=\"watuPROExamID\"\/>\n\t<input type=\"hidden\" name=\"start_time\" id=\"startTime\" value=\"2026-05-06 11:15:34\" \/>\n\t<input type=\"hidden\" name=\"start_timestamp\" id=\"startTimeStamp\" value=\"1778066134\" \/>\n\t<input type=\"hidden\" name=\"question_ids\" value=\"\" \/>\n\t<input type=\"hidden\" name=\"watupro_questions\" value=\"19:79,80,81,82\" \/>\n\t<input type=\"hidden\" name=\"no_ajax\" value=\"0\">\t\t\t<\/form>\n\t<p>&nbsp;<\/p>\n<\/div>\n\n<script type=\"text\/javascript\">\n\/\/jQuery(document).ready(function(){\ndocument.addEventListener(\"DOMContentLoaded\", function(event) { \t\nvar question_ids = \"19\";\nWatuPROSettings[18] = {};\nWatuPRO.qArr = question_ids.split(',');\nWatuPRO.exam_id = 18;\t    \nWatuPRO.post_id = 1314;\nWatuPRO.store_progress = 0;\nWatuPRO.curCatPage = 1;\nWatuPRO.requiredIDs=\"0\".split(\",\");\nWatuPRO.hAppID = \"0.18479000 1778058934\";\nvar url = \"https:\/\/osadev.fh-potsdam.de\/archiv\/wp-content\/plugins\/watupro\/show_exam.php\";\nWatuPRO.examMode = 1;\nWatuPRO.siteURL=\"https:\/\/osadev.fh-potsdam.de\/archiv\/wp-admin\/admin-ajax.php\";\nWatuPRO.emailIsNotRequired = 0;\nWatuPROIntel.init(18);\nWatuPRO.inCategoryPages=1;});    \t \n<\/script>\n\n\t\t<\/div>\n\t\t\t\t\t<\/div>\n\n\t\n\n\t<div id=\"col-1026676328\" class=\"col medium-6 small-12 large-6\"  >\n\t\t\t\t<div class=\"col-inner\"  >\n\t\t\t\n\t\t\t\n<table class=\"table table-management\">\n<tbody>\n<tr>\n<th colspan=\"2\">Angaben je Verzeichnungseinheit:<\/th>\n<\/tr>\n<tr>\n<td>Akten vor 1900<\/td>\n<td>80 min<\/td>\n<\/tr>\n<tr>\n<td>Akten nach 1900<\/td>\n<td><\/td>\n<\/tr>\n<tr>\n<td>&#8211; Sachakte<\/td>\n<td>30 min<\/td>\n<\/tr>\n<tr>\n<td>&#8211; Serienakte<\/td>\n<td>15 min<\/td>\n<\/tr>\n<tr>\n<td>Amtsb\u00fccher<\/td>\n<td>80 min<\/td>\n<\/tr>\n<tr>\n<td>Urkunden<\/td>\n<td>120 min<\/td>\n<\/tr>\n<tr>\n<td>Karten und Pl\u00e4ne<\/td>\n<td>20 min<\/td>\n<\/tr>\n<tr>\n<td>Fotos\/Postkarten<\/td>\n<td>10 min<\/td>\n<\/tr>\n<tr>\n<td>Plakate<\/td>\n<td>10 min<\/td>\n<\/tr>\n<\/tbody>\n<\/table>\n\t\t<\/div>\n\t\t\t\t\t<\/div>\n\n\t\n<\/div>\n<div class=\"row\"  id=\"row-1265683367\">\n<div class=\"col ctrl-buttons\">\n<div class=\"ctrl-buttons-left\"><a href=\"\/archiv\/aufgaben\/management\/\" class=\"button primary lowercase previous\" >\n\t\t<span>zur\u00fcck<\/span>\n\t<\/a>\n<\/div>\n<div class=\"ctrl-buttons-right\"><a href=\"\/archiv\/studienalltag\/\" class=\"button primary lowercase next\" >\n\t\t<span>weiter<\/span>\n\t<\/a>\n<\/div>\n<\/div>\n<\/div>\n","protected":false},"excerpt":{"rendered":"","protected":false},"author":4,"featured_media":0,"parent":0,"menu_order":0,"comment_status":"closed","ping_status":"closed","template":"","meta":{"_acf_changed":false,"powered_cache_disable_cache":false,"footnotes":""},"class_list":["post-1314","page","type-page","status-publish","hentry"],"acf":[],"_links":{"self":[{"href":"https:\/\/osadev.fh-potsdam.de\/archiv\/wp-json\/wp\/v2\/pages\/1314","targetHints":{"allow":["GET"]}}],"collection":[{"href":"https:\/\/osadev.fh-potsdam.de\/archiv\/wp-json\/wp\/v2\/pages"}],"about":[{"href":"https:\/\/osadev.fh-potsdam.de\/archiv\/wp-json\/wp\/v2\/types\/page"}],"author":[{"embeddable":true,"href":"https:\/\/osadev.fh-potsdam.de\/archiv\/wp-json\/wp\/v2\/users\/4"}],"replies":[{"embeddable":true,"href":"https:\/\/osadev.fh-potsdam.de\/archiv\/wp-json\/wp\/v2\/comments?post=1314"}],"version-history":[{"count":8,"href":"https:\/\/osadev.fh-potsdam.de\/archiv\/wp-json\/wp\/v2\/pages\/1314\/revisions"}],"predecessor-version":[{"id":1340,"href":"https:\/\/osadev.fh-potsdam.de\/archiv\/wp-json\/wp\/v2\/pages\/1314\/revisions\/1340"}],"wp:attachment":[{"href":"https:\/\/osadev.fh-potsdam.de\/archiv\/wp-json\/wp\/v2\/media?parent=1314"}],"curies":[{"name":"wp","href":"https:\/\/api.w.org\/{rel}","templated":true}]}}