{"id":141,"date":"2018-02-01T11:25:30","date_gmt":"2018-02-01T10:25:30","guid":{"rendered":"https:\/\/osadev.fh-potsdam.de\/archiv\/?page_id=141"},"modified":"2018-11-24T02:00:51","modified_gmt":"2018-11-24T01:00:51","slug":"ueberlieferungsbildung","status":"publish","type":"page","link":"https:\/\/osadev.fh-potsdam.de\/archiv\/aufgaben\/ueberlieferungsbildung\/","title":{"rendered":"\u00dcberlieferungsbildung"},"content":{"rendered":"<div class=\"row\"  id=\"row-1505629755\">\n\n\t<div id=\"col-1668183740\" class=\"col title-row small-12 large-12\"  >\n\t\t\t\t<div class=\"col-inner\"  >\n\t\t\t\n\t\t\t\n<h1><b>\u00dcberlieferungsbildung<\/b><\/h1>\n\t\t<\/div>\n\t\t\t\t\t<\/div>\n\n\t\n\n\t<div id=\"col-357308193\" class=\"col medium-6 small-12 large-6\"  >\n\t\t\t\t<div class=\"col-inner\"  >\n\t\t\t\n\t\t\t\n<p>Was soll f\u00fcr die Zukunft aufbewahrt und nutzbar sein? Archivarinnen und Archivare entscheiden, welche Unterlagen archiviert werden, z.B. auch bei Akten aus \u00f6ffentlichen Schulen, wie Sch\u00fclerakten und Personalakten.<\/p>\n<p>\nEinem \u00f6ffentlichen Archiv werden folgende Akten aus den Jahren 1990 bis 2010 angeboten:<\/p>\n<ul>\n<li>500 Sch\u00fclerinnen- und Sch\u00fclerakten. Darunter sind auch Akten von mittlerweile ber\u00fchmten Pers\u00f6nlichkeiten<\/li>\n<li>50 Personalakten von LehrerInnen  <\/li>\n<li>10 Personalakten von sonstigen MitarbeiterInnen der Schule (Sekret\u00e4rInnen, HausmeisterInnen, Mensapersonal)<\/li>\n<p><br class=\"\"><\/p>\n\t\t<\/div>\n\t\t\t\t\t<\/div>\n\n\t\n<\/div>\n<div class=\"row\"  id=\"row-893833184\">\n<div class=\"col ctrl-buttons\">\n<div class=\"ctrl-buttons-left\"><a href=\"\/archiv\/aufgaben\/\" class=\"button primary lowercase previous\" >\n\t\t<span>zur\u00fcck<\/span>\n\t<\/a>\n<\/div>\n<div class=\"ctrl-buttons-right\"><a href=\"\/archiv\/aufgaben\/ueberlieferungsbildung-2\" class=\"button primary lowercase next\" >\n\t\t<span>weiter<\/span>\n\t<\/a>\n<\/div>\n<\/p><\/div>\n<\/div>\n","protected":false},"excerpt":{"rendered":"","protected":false},"author":3,"featured_media":0,"parent":134,"menu_order":0,"comment_status":"closed","ping_status":"closed","template":"","meta":{"_acf_changed":false,"powered_cache_disable_cache":false,"footnotes":""},"class_list":["post-141","page","type-page","status-publish","hentry"],"acf":[],"_links":{"self":[{"href":"https:\/\/osadev.fh-potsdam.de\/archiv\/wp-json\/wp\/v2\/pages\/141","targetHints":{"allow":["GET"]}}],"collection":[{"href":"https:\/\/osadev.fh-potsdam.de\/archiv\/wp-json\/wp\/v2\/pages"}],"about":[{"href":"https:\/\/osadev.fh-potsdam.de\/archiv\/wp-json\/wp\/v2\/types\/page"}],"author":[{"embeddable":true,"href":"https:\/\/osadev.fh-potsdam.de\/archiv\/wp-json\/wp\/v2\/users\/3"}],"replies":[{"embeddable":true,"href":"https:\/\/osadev.fh-potsdam.de\/archiv\/wp-json\/wp\/v2\/comments?post=141"}],"version-history":[{"count":35,"href":"https:\/\/osadev.fh-potsdam.de\/archiv\/wp-json\/wp\/v2\/pages\/141\/revisions"}],"predecessor-version":[{"id":1343,"href":"https:\/\/osadev.fh-potsdam.de\/archiv\/wp-json\/wp\/v2\/pages\/141\/revisions\/1343"}],"up":[{"embeddable":true,"href":"https:\/\/osadev.fh-potsdam.de\/archiv\/wp-json\/wp\/v2\/pages\/134"}],"wp:attachment":[{"href":"https:\/\/osadev.fh-potsdam.de\/archiv\/wp-json\/wp\/v2\/media?parent=141"}],"curies":[{"name":"wp","href":"https:\/\/api.w.org\/{rel}","templated":true}]}}