{"id":150,"date":"2018-02-01T11:38:50","date_gmt":"2018-02-01T10:38:50","guid":{"rendered":"https:\/\/osadev.fh-potsdam.de\/archiv\/?page_id=150"},"modified":"2018-11-10T17:53:25","modified_gmt":"2018-11-10T16:53:25","slug":"benutzung-von-archivalien-palaeographie","status":"publish","type":"page","link":"https:\/\/osadev.fh-potsdam.de\/archiv\/aufgaben\/benutzung-von-archivalien-palaeographie\/","title":{"rendered":"Benutzung von Archivalien &#8211; Pal\u00e4ographie"},"content":{"rendered":"<div class=\"row\"  id=\"row-968115989\">\n\n\t<div id=\"col-372974142\" class=\"col title-row small-12 large-12\"  >\n\t\t\t\t<div class=\"col-inner\"  >\n\t\t\t\n\t\t\t\n<h1><b>Benutzung von Archivalien &#8211; Pal\u00e4ographie<\/b><\/h1>\n\t\t<\/div>\n\t\t\t\t\t<\/div>\n\n\t\n\n\t<div id=\"col-665755896\" class=\"col medium-8 small-12 large-8\"  >\n\t\t\t\t<div class=\"col-inner\"  >\n\t\t\t\n\t\t\t\n<p class=\"p1\"><span class=\"s1\">Das kann ich nicht lesen! <\/span><\/p>\n<p class=\"p1\"><span class=\"s1\">Die Benutzung von Archivalien aus den vergangenen Jahrhunderten setzt entsprechende Lesekompetenzen in den alten Schriften voraus. Was zun\u00e4chst als unent-schl\u00fcsselbare Hieroglyphen erscheint, wird schnell zur Routinelekt\u00fcre. Denn mit Ausdauer und Ehrgeiz lassen sich auch die schwierigsten Handschriften entziffern. Pal\u00e4ographie ist keine Geheimwissenschaft \u2013 ganz im Gegenteil: Es macht Spa\u00df!<\/span><\/p>\n<p class=\"p1\"><span class=\"s1\">Versuchen Sie einmal<span class=\"Apple-converted-space\">\u00a0 <\/span>durch Buchstabenvergleich die folgenden Sinnspr\u00fcche, Lied- und M\u00e4rchenanf\u00e4nge zu entziffern und zu erg\u00e4nzen. Sie werden sehen: <br \/> Es ist ganz einfach! <\/span><\/p>\n<p class=\"p2\"><span class=\"s1\">Sie k\u00f6nnen dazu das Alphabet der 1911 von Ludwig S\u00fctterlin entwickelten verbindlichen Schrift f\u00fcr Grundschulen verwenden. Im Jahr 1941 wurde diese von der mit einigen \u00c4nderungen bis heute g\u00fcltigen \u201eDeutschen Normalschrift\u201c abgel\u00f6st.<\/span><\/p>\n\t\t<\/div>\n\t\t\t\t\t<\/div>\n\n\t\n\n\t<div id=\"col-1248982629\" class=\"col medium-4 small-12 large-4\"  >\n\t\t\t\t<div class=\"col-inner text-center\"  >\n\t\t\t\n\t\t\t\n\t<div class=\"img has-hover x md-x lg-x y md-y lg-y\" id=\"image_857071349\">\n\t\t\t\t\t\t\t\t<div class=\"img-inner dark\" >\n\t\t\t<img loading=\"lazy\" decoding=\"async\" width=\"625\" height=\"1024\" src=\"https:\/\/osadev.fh-potsdam.de\/archiv\/wp-content\/uploads\/sites\/9\/2018\/06\/benutzung-von-archivalien-625x1024.jpg\" class=\"attachment-large size-large\" alt=\"\" srcset=\"https:\/\/osadev.fh-potsdam.de\/archiv\/wp-content\/uploads\/sites\/9\/2018\/06\/benutzung-von-archivalien-625x1024.jpg 625w, https:\/\/osadev.fh-potsdam.de\/archiv\/wp-content\/uploads\/sites\/9\/2018\/06\/benutzung-von-archivalien-183x300.jpg 183w, https:\/\/osadev.fh-potsdam.de\/archiv\/wp-content\/uploads\/sites\/9\/2018\/06\/benutzung-von-archivalien-768x1259.jpg 768w, https:\/\/osadev.fh-potsdam.de\/archiv\/wp-content\/uploads\/sites\/9\/2018\/06\/benutzung-von-archivalien.jpg 964w\" sizes=\"auto, (max-width: 625px) 100vw, 625px\" \/>\t\t\t\t\t\t\n\t\t\t\t\t<\/div>\n\t\t\t\t\t\t\t\t\n<style>\n#image_857071349 {\n  width: 100%;\n}\n<\/style>\n\t<\/div>\n\t\n\t\t<\/div>\n\t\t\t\t\t<\/div>\n\n\t\n<\/div>\n<div class=\"row\"  id=\"row-1407447041\">\n<div class=\"col ctrl-buttons\">\n<div class=\"ctrl-buttons-left\"><a href=\"\/archiv\/aufgaben\/ueberlieferungsbildung\/\" class=\"button primary lowercase previous\" >\n\t\t<span>zur\u00fcck<\/span>\n\t<\/a>\n<\/div>\n<div class=\"ctrl-buttons-right\"><a href=\"\/archiv\/aufgaben\/benutzung-von-archivalien-palaeographie\/aufgabe-1\/\" class=\"button primary lowercase next\" >\n\t\t<span>weiter<\/span>\n\t<\/a>\n<\/div>\n<\/p><\/div>\n<\/div>\n","protected":false},"excerpt":{"rendered":"","protected":false},"author":3,"featured_media":0,"parent":134,"menu_order":0,"comment_status":"closed","ping_status":"closed","template":"","meta":{"_acf_changed":false,"powered_cache_disable_cache":false,"footnotes":""},"class_list":["post-150","page","type-page","status-publish","hentry"],"acf":[],"_links":{"self":[{"href":"https:\/\/osadev.fh-potsdam.de\/archiv\/wp-json\/wp\/v2\/pages\/150","targetHints":{"allow":["GET"]}}],"collection":[{"href":"https:\/\/osadev.fh-potsdam.de\/archiv\/wp-json\/wp\/v2\/pages"}],"about":[{"href":"https:\/\/osadev.fh-potsdam.de\/archiv\/wp-json\/wp\/v2\/types\/page"}],"author":[{"embeddable":true,"href":"https:\/\/osadev.fh-potsdam.de\/archiv\/wp-json\/wp\/v2\/users\/3"}],"replies":[{"embeddable":true,"href":"https:\/\/osadev.fh-potsdam.de\/archiv\/wp-json\/wp\/v2\/comments?post=150"}],"version-history":[{"count":15,"href":"https:\/\/osadev.fh-potsdam.de\/archiv\/wp-json\/wp\/v2\/pages\/150\/revisions"}],"predecessor-version":[{"id":1230,"href":"https:\/\/osadev.fh-potsdam.de\/archiv\/wp-json\/wp\/v2\/pages\/150\/revisions\/1230"}],"up":[{"embeddable":true,"href":"https:\/\/osadev.fh-potsdam.de\/archiv\/wp-json\/wp\/v2\/pages\/134"}],"wp:attachment":[{"href":"https:\/\/osadev.fh-potsdam.de\/archiv\/wp-json\/wp\/v2\/media?parent=150"}],"curies":[{"name":"wp","href":"https:\/\/api.w.org\/{rel}","templated":true}]}}