{"id":154,"date":"2018-02-01T11:41:00","date_gmt":"2018-02-01T10:41:00","guid":{"rendered":"https:\/\/osadev.fh-potsdam.de\/archiv\/?page_id=154"},"modified":"2018-11-10T19:50:44","modified_gmt":"2018-11-10T18:50:44","slug":"erschliessung","status":"publish","type":"page","link":"https:\/\/osadev.fh-potsdam.de\/archiv\/aufgaben\/erschliessung\/","title":{"rendered":"Erschlie\u00dfung"},"content":{"rendered":"<div class=\"row\"  id=\"row-351423227\">\n\n\t<div id=\"col-1530284908\" class=\"col title-row small-12 large-12\"  >\n\t\t\t\t<div class=\"col-inner\"  >\n\t\t\t\n\t\t\t\n<h1><b>Erschlie\u00dfung<\/b><\/h1>\n\t\t<\/div>\n\t\t\t\t\t<\/div>\n\n\t\n\n\t<div id=\"col-1207614736\" class=\"col medium-6 small-12 large-6\"  >\n\t\t\t\t<div class=\"col-inner\"  >\n\t\t\t\n\t\t\t\n<p>Die Nutzung von Archivgut ist nur m\u00f6glich, wenn f\u00fcr den Forschenden gew\u00e4hrt ist, dass er das Gesuchte unter der F\u00fclle von Archivgut auch auffindet. Archivalien bestehen dazu h\u00e4ufig nicht nur aus einem Dokument, sondern aus einer Mehrzahl von St\u00fccken, die zu einem bestimmten Zweck zusammengef\u00fcgt wurden. Der Zweck dieser Zusammenstellungen kann nur erkannt werden, wenn man den \u201eProduzenten\u201c der Archivalien kennt.<\/p>\n<p>In Archiven haben sich daher im Laufe der Zeit bestimmte Standards entwickelt, nach denen die einzelnen Archivalien \u201everzeichnet\u201c, d.h. nach denen bestimmte Angaben in den Findmitteln aufgenommen werden. Mindestangaben sind neben einer eindeutigen Kennung des St\u00fcckes (\u201eSignatur\u201c) die Herkunft (\u201eProvenienz\u201c) des St\u00fcckes, der Titel und die zeitliche Erstreckung (\u201eLaufzeit\u201c).<\/p>\n\t\t<\/div>\n\t\t\t\t\t<\/div>\n\n\t\n\n\t<div id=\"col-707544520\" class=\"col medium-6 small-12 large-6\"  >\n\t\t\t\t<div class=\"col-inner text-right\"  >\n\t\t\t\n\t\t\t\n\t<div class=\"img has-hover x md-x lg-x y md-y lg-y\" id=\"image_619003099\">\n\t\t\t\t\t\t\t\t<div class=\"img-inner dark\" >\n\t\t\t<img loading=\"lazy\" decoding=\"async\" width=\"746\" height=\"1024\" src=\"https:\/\/osadev.fh-potsdam.de\/archiv\/wp-content\/uploads\/sites\/9\/2018\/06\/erschliessung-746x1024.jpg\" class=\"attachment-large size-large\" alt=\"\" srcset=\"https:\/\/osadev.fh-potsdam.de\/archiv\/wp-content\/uploads\/sites\/9\/2018\/06\/erschliessung-746x1024.jpg 746w, https:\/\/osadev.fh-potsdam.de\/archiv\/wp-content\/uploads\/sites\/9\/2018\/06\/erschliessung-218x300.jpg 218w, https:\/\/osadev.fh-potsdam.de\/archiv\/wp-content\/uploads\/sites\/9\/2018\/06\/erschliessung-768x1055.jpg 768w, https:\/\/osadev.fh-potsdam.de\/archiv\/wp-content\/uploads\/sites\/9\/2018\/06\/erschliessung.jpg 1040w\" sizes=\"auto, (max-width: 746px) 100vw, 746px\" \/>\t\t\t\t\t\t\n\t\t\t\t\t<\/div>\n\t\t\t\t\t\t\t\t\n<style>\n#image_619003099 {\n  width: 83%;\n}\n<\/style>\n\t<\/div>\n\t\n<p><small>Foto: Ulf Preu\u00df <\/small><\/p>\n\t\t<\/div>\n\t\t\t\t\n<style>\n#col-707544520 > .col-inner {\n  padding: 0px 0px 0px 0px;\n}\n<\/style>\n\t<\/div>\n\n\t\n<\/div>\n<div class=\"row\"  id=\"row-1465982347\">\n<div class=\"col ctrl-buttons\">\n<div class=\"ctrl-buttons-left\"><a href=\"\/archiv\/aufgaben\/benutzung-von-archivalien-palaeographie\/aufgabe-3\/\" class=\"button primary lowercase previous\" >\n\t\t<span>zur\u00fcck<\/span>\n\t<\/a>\n<\/div>\n<div class=\"ctrl-buttons-right\"><a href=\"\/archiv\/aufgaben\/erschliessung-2\/\" class=\"button primary lowercase next\" >\n\t\t<span>weiter<\/span>\n\t<\/a>\n<\/div>\n<\/p><\/div>\n<\/div>\n","protected":false},"excerpt":{"rendered":"","protected":false},"author":3,"featured_media":0,"parent":134,"menu_order":0,"comment_status":"closed","ping_status":"closed","template":"","meta":{"_acf_changed":false,"powered_cache_disable_cache":false,"footnotes":""},"class_list":["post-154","page","type-page","status-publish","hentry"],"acf":[],"_links":{"self":[{"href":"https:\/\/osadev.fh-potsdam.de\/archiv\/wp-json\/wp\/v2\/pages\/154","targetHints":{"allow":["GET"]}}],"collection":[{"href":"https:\/\/osadev.fh-potsdam.de\/archiv\/wp-json\/wp\/v2\/pages"}],"about":[{"href":"https:\/\/osadev.fh-potsdam.de\/archiv\/wp-json\/wp\/v2\/types\/page"}],"author":[{"embeddable":true,"href":"https:\/\/osadev.fh-potsdam.de\/archiv\/wp-json\/wp\/v2\/users\/3"}],"replies":[{"embeddable":true,"href":"https:\/\/osadev.fh-potsdam.de\/archiv\/wp-json\/wp\/v2\/comments?post=154"}],"version-history":[{"count":33,"href":"https:\/\/osadev.fh-potsdam.de\/archiv\/wp-json\/wp\/v2\/pages\/154\/revisions"}],"predecessor-version":[{"id":1264,"href":"https:\/\/osadev.fh-potsdam.de\/archiv\/wp-json\/wp\/v2\/pages\/154\/revisions\/1264"}],"up":[{"embeddable":true,"href":"https:\/\/osadev.fh-potsdam.de\/archiv\/wp-json\/wp\/v2\/pages\/134"}],"wp:attachment":[{"href":"https:\/\/osadev.fh-potsdam.de\/archiv\/wp-json\/wp\/v2\/media?parent=154"}],"curies":[{"name":"wp","href":"https:\/\/api.w.org\/{rel}","templated":true}]}}