{"id":223,"date":"2018-02-01T12:19:59","date_gmt":"2018-02-01T11:19:59","guid":{"rendered":"https:\/\/osadev.fh-potsdam.de\/archiv\/?page_id=223"},"modified":"2019-05-13T16:32:39","modified_gmt":"2019-05-13T14:32:39","slug":"stundenplan-im-ersten-semester","status":"publish","type":"page","link":"https:\/\/osadev.fh-potsdam.de\/archiv\/studienalltag\/stundenplan-im-ersten-semester\/","title":{"rendered":"Stundenplan im ersten Semester"},"content":{"rendered":"<div class=\"row\"  id=\"row-2046479699\">\n\n\t<div id=\"col-114102403\" class=\"col small-12 large-12\"  >\n\t\t\t\t<div class=\"col-inner\"  >\n\t\t\t\n\t\t\t\n<h1><b>Stundenplan im ersten Semester<\/b><\/h1>\n<p>Ein m\u00f6glicher Stundenplan f\u00fcr das erste Semester im Studiengang Archiv.<\/p>\n<p><?xml version=\"1.0\" encoding=\"UTF-8\"?><\/p>\n<div class=\"svg-row\"><svg width=\"969px\" height=\"605px\" viewBox=\"0 0 969 605\" version=\"1.1\" xmlns=\"http:\/\/www.w3.org\/2000\/svg\" xmlns:xlink=\"http:\/\/www.w3.org\/1999\/xlink\"> <title>Archiv Wochenplan<\/title> <desc>Created with Sketch.<\/desc> <defs> <rect id=\"path-1\" x=\"0\" y=\"2\" width=\"153\" height=\"129\"><\/rect> <rect id=\"path-3\" x=\"0\" y=\"2\" width=\"153\" height=\"63\"><\/rect> <rect id=\"path-5\" x=\"0\" y=\"2\" width=\"153\" height=\"63\"><\/rect> <rect id=\"path-7\" x=\"0\" y=\"2\" width=\"153\" height=\"63\"><\/rect> <rect id=\"path-9\" x=\"0\" y=\"2\" width=\"153\" height=\"129\"><\/rect> <rect id=\"path-11\" x=\"0\" y=\"2\" width=\"153\" height=\"63\"><\/rect> <rect id=\"path-13\" x=\"0\" y=\"2\" width=\"153\" height=\"129\"><\/rect> <rect id=\"path-15\" x=\"0\" y=\"2\" width=\"153\" height=\"63\"><\/rect> <rect id=\"path-17\" x=\"0\" y=\"2\" width=\"153\" height=\"63\"><\/rect> <rect id=\"path-19\" x=\"0\" y=\"2\" width=\"153\" height=\"63\"><\/rect> <rect id=\"path-21\" x=\"0\" y=\"2\" width=\"153\" height=\"63\"><\/rect> <rect id=\"path-23\" x=\"0\" y=\"5\" width=\"22\" height=\"22\"><\/rect> <rect id=\"path-25\" x=\"0\" y=\"5\" width=\"22\" height=\"22\"><\/rect> <\/defs> <g id=\"Archiv-Wochenplan\" stroke=\"none\" stroke-width=\"1\" fill=\"none\" fill-rule=\"evenodd\"> <g id=\"Line\" transform=\"translate(114.000000, 65.000000)\" stroke=\"#E1E1E1\" stroke-linecap=\"square\"> <path d=\"M0.5,1.5 L854.5,1.5\"><\/path> <\/g> <g id=\"Line\" transform=\"translate(114.000000, 153.000000)\" stroke=\"#E1E1E1\" stroke-linecap=\"square\"> <path d=\"M0.5,1.5 L854.5,1.5\"><\/path> <\/g> <g id=\"Line\" transform=\"translate(113.000000, 197.000000)\" stroke=\"#E1E1E1\" stroke-linecap=\"square\"> <path d=\"M0.5,1.5 L854.5,1.5\"><\/path> <\/g> <g id=\"Line\" transform=\"translate(113.000000, 241.000000)\" stroke=\"#E1E1E1\" stroke-linecap=\"square\"> <path d=\"M0.5,1.5 L854.5,1.5\"><\/path> <\/g> <g id=\"Line\" transform=\"translate(113.000000, 285.000000)\" stroke=\"#E1E1E1\" stroke-linecap=\"square\"> <path d=\"M0.5,1.5 L854.5,1.5\"><\/path> <\/g> <g id=\"Line\" transform=\"translate(113.000000, 329.000000)\" stroke=\"#E1E1E1\" stroke-linecap=\"square\"> <path d=\"M0.5,1.5 L854.5,1.5\"><\/path> <\/g> <g id=\"Line\" transform=\"translate(113.000000, 373.000000)\" stroke=\"#E1E1E1\" stroke-linecap=\"square\"> <path d=\"M0.5,1.5 L854.5,1.5\"><\/path> <\/g> <g id=\"Line\" transform=\"translate(113.000000, 417.000000)\" stroke=\"#E1E1E1\" stroke-linecap=\"square\"> <path d=\"M0.5,1.5 L854.5,1.5\"><\/path> <\/g> <g id=\"Line\" transform=\"translate(114.000000, 109.000000)\" stroke=\"#E1E1E1\" stroke-linecap=\"square\"> <path d=\"M0.5,1.5 L854.5,1.5\"><\/path> <\/g> <g id=\"box\/event\" transform=\"translate(163.000000, 88.000000)\"> <mask id=\"mask-2\" fill=\"white\"> <use xlink:href=\"#path-1\"><\/use> <\/mask> <use id=\"Mask\" fill=\"#FFFFFF\" fill-rule=\"evenodd\" xlink:href=\"#path-1\"><\/use> <g id=\"color\/all\" mask=\"url(#mask-2)\" fill=\"#E6DFCC\" fill-rule=\"evenodd\"> <g transform=\"translate(0.000000, 2.000000)\" id=\"Rectangle\"> <rect x=\"0\" y=\"0\" width=\"153\" height=\"129\"><\/rect> <\/g> <\/g> <g id=\"text\/dark\" mask=\"url(#mask-2)\" font-family=\"FHPSun-SemiBold, FHP Sun\" font-size=\"11\" font-weight=\"500\" letter-spacing=\"0.293333322\"> <g transform=\"translate(5.000000, 7.000000)\" id=\"Modulname\"> <text> <tspan x=\"0\" y=\"9\" fill=\"#000000\">\u00dc: Digitales <\/tspan> <tspan x=\"0\" y=\"21\" fill=\"#000000\">Medienpraktikum (14-t\u00e4gig)<\/tspan> <\/text> <\/g> <\/g> <\/g> <g id=\"box\/event\" transform=\"translate(489.000000, 88.000000)\"> <mask id=\"mask-4\" fill=\"white\"> <use xlink:href=\"#path-3\"><\/use> <\/mask> <use id=\"Mask\" fill=\"#FFFFFF\" fill-rule=\"evenodd\" xlink:href=\"#path-3\"><\/use> <g id=\"color\/all\" mask=\"url(#mask-4)\" fill=\"#E6DFCC\" fill-rule=\"evenodd\"> <g transform=\"translate(0.000000, 2.000000)\" id=\"Rectangle\"> <rect x=\"0\" y=\"0\" width=\"153\" height=\"63\"><\/rect> <\/g> <\/g> <g id=\"text\/dark\" mask=\"url(#mask-4)\" font-family=\"FHPSun-SemiBold, FHP Sun\" font-size=\"11\" font-weight=\"500\" letter-spacing=\"0.293333322\"> <g transform=\"translate(5.000000, 7.000000)\" id=\"Modulname\"> <text> <tspan x=\"0\" y=\"9\" fill=\"#000000\">V: Information, Mensch, <\/tspan> <tspan x=\"0\" y=\"21\" fill=\"#000000\">Gesellschaft<\/tspan> <\/text> <\/g> <\/g> <\/g> <g id=\"box\/event\" transform=\"translate(652.000000, 88.000000)\"> <mask id=\"mask-6\" fill=\"white\"> <use xlink:href=\"#path-5\"><\/use> <\/mask> <use id=\"Mask\" fill=\"#FFFFFF\" fill-rule=\"evenodd\" xlink:href=\"#path-5\"><\/use> <g id=\"color\/all\" mask=\"url(#mask-6)\" fill=\"#E6DFCC\" fill-rule=\"evenodd\"> <g transform=\"translate(0.000000, 2.000000)\" id=\"Rectangle\"> <rect x=\"0\" y=\"0\" width=\"153\" height=\"63\"><\/rect> <\/g> <\/g> <g id=\"text\/dark\" mask=\"url(#mask-6)\" font-family=\"FHPSun-SemiBold, FHP Sun\" font-size=\"11\" font-weight=\"500\" letter-spacing=\"0.293333322\"> <g transform=\"translate(5.000000, 7.000000)\" id=\"Modulname\"> <text> <tspan x=\"0\" y=\"9\" fill=\"#000000\">V: Archivtypologie<\/tspan> <\/text> <\/g> <\/g> <\/g> <g id=\"box\/event\" transform=\"translate(652.000000, 176.000000)\"> <mask id=\"mask-8\" fill=\"white\"> <use xlink:href=\"#path-7\"><\/use> <\/mask> <use id=\"Mask\" fill=\"#FFFFFF\" fill-rule=\"evenodd\" xlink:href=\"#path-7\"><\/use> <g id=\"color\/all\" mask=\"url(#mask-8)\" fill=\"#E6DFCC\" fill-rule=\"evenodd\"> <g transform=\"translate(0.000000, 2.000000)\" id=\"Rectangle\"> <rect x=\"0\" y=\"0\" width=\"153\" height=\"63\"><\/rect> <\/g> <\/g> <g id=\"text\/dark\" mask=\"url(#mask-8)\" font-family=\"FHPSun-SemiBold, FHP Sun\" font-size=\"11\" font-weight=\"500\" letter-spacing=\"0.293333322\"> <g transform=\"translate(5.000000, 7.000000)\" id=\"Modulname\"> <text> <tspan x=\"0\" y=\"9\" fill=\"#000000\">V: Allgemeine Grundlagen <\/tspan> <tspan x=\"0\" y=\"21\" fill=\"#000000\">Medien<\/tspan> <\/text> <\/g> <\/g> <\/g> <g id=\"box\/event\" transform=\"translate(489.000000, 176.000000)\"> <mask id=\"mask-10\" fill=\"white\"> <use xlink:href=\"#path-9\"><\/use> <\/mask> <use id=\"Mask\" fill=\"#FFFFFF\" fill-rule=\"evenodd\" xlink:href=\"#path-9\"><\/use> <g id=\"color\/all\" mask=\"url(#mask-10)\" fill=\"#E6DFCC\" fill-rule=\"evenodd\"> <g transform=\"translate(0.000000, 2.000000)\" id=\"Rectangle\"> <rect x=\"0\" y=\"0\" width=\"153\" height=\"129\"><\/rect> <\/g> <\/g> <g id=\"text\/dark\" mask=\"url(#mask-10)\" font-family=\"FHPSun-SemiBold, FHP Sun\" font-size=\"11\" font-weight=\"500\" letter-spacing=\"0.293333322\"> <g transform=\"translate(5.000000, 7.000000)\" id=\"Modulname\"> <text> <tspan x=\"0\" y=\"9\" fill=\"#000000\">Werkstatt + Tutorium<\/tspan> <\/text> <\/g> <\/g> <\/g> <g id=\"box\/event\" transform=\"translate(326.000000, 110.000000)\"> <mask id=\"mask-12\" fill=\"white\"> <use xlink:href=\"#path-11\"><\/use> <\/mask> <use id=\"Mask\" fill=\"#FFFFFF\" fill-rule=\"evenodd\" xlink:href=\"#path-11\"><\/use> <g id=\"color\/all\" mask=\"url(#mask-12)\" fill=\"#E6DFCC\" fill-rule=\"evenodd\"> <g transform=\"translate(0.000000, 2.000000)\" id=\"Rectangle\"> <rect x=\"0\" y=\"0\" width=\"153\" height=\"63\"><\/rect> <\/g> <\/g> <g id=\"text\/dark\" mask=\"url(#mask-12)\" font-family=\"FHPSun-SemiBold, FHP Sun\" font-size=\"11\" font-weight=\"500\" letter-spacing=\"0.293333322\"> <g transform=\"translate(5.000000, 7.000000)\" id=\"Modulname\"> <text> <tspan x=\"0\" y=\"9\" fill=\"#000000\">V: Bibliothekswesen in <\/tspan> <tspan x=\"0\" y=\"21\" fill=\"#000000\">Deutschland<\/tspan> <\/text> <\/g> <\/g> <\/g> <g id=\"box\/event\" transform=\"translate(815.000000, 110.000000)\"> <mask id=\"mask-14\" fill=\"white\"> <use xlink:href=\"#path-13\"><\/use> <\/mask> <use id=\"Mask\" fill=\"#FFFFFF\" fill-rule=\"evenodd\" xlink:href=\"#path-13\"><\/use> <g id=\"color\/A1\" mask=\"url(#mask-14)\" fill=\"#F39200\" fill-rule=\"evenodd\"> <g transform=\"translate(0.000000, 2.000000)\" id=\"Rectangle\"> <rect x=\"0\" y=\"0\" width=\"153\" height=\"129\"><\/rect> <\/g> <\/g> <g id=\"text\/bright\" mask=\"url(#mask-14)\" font-family=\"FHPSun-Bold, FHP Sun\" font-size=\"11\" font-weight=\"bold\" letter-spacing=\"0.293333322\"> <g transform=\"translate(5.000000, 7.000000)\" id=\"Modulname\"> <text> <tspan x=\"0\" y=\"9\" fill=\"#FFFFFF\">\u00dc: Erschlie\u00dfungs\u00fcbung (14-<\/tspan> <tspan x=\"0\" y=\"21\" fill=\"#FFFFFF\">t\u00e4gig)<\/tspan> <\/text> <\/g> <\/g> <\/g> <g id=\"box\/event\" transform=\"translate(326.000000, 198.000000)\"> <mask id=\"mask-16\" fill=\"white\"> <use xlink:href=\"#path-15\"><\/use> <\/mask> <use id=\"Mask\" fill=\"#FFFFFF\" fill-rule=\"evenodd\" xlink:href=\"#path-15\"><\/use> <g id=\"color\/A1\" mask=\"url(#mask-16)\" fill=\"#F39200\" fill-rule=\"evenodd\"> <g transform=\"translate(0.000000, 2.000000)\" id=\"Rectangle\"> <rect x=\"0\" y=\"0\" width=\"153\" height=\"63\"><\/rect> <\/g> <\/g> <g id=\"text\/bright\" mask=\"url(#mask-16)\" font-family=\"FHPSun-Bold, FHP Sun\" font-size=\"11\" font-weight=\"bold\" letter-spacing=\"0.293333322\"> <g transform=\"translate(5.000000, 7.000000)\" id=\"Modulname\"> <text> <tspan x=\"0\" y=\"9\" fill=\"#FFFFFF\">S+\u00dc: Pal\u00e4ographie I<\/tspan> <\/text> <\/g> <\/g> <\/g> <g id=\"box\/event\" transform=\"translate(163.000000, 264.000000)\"> <mask id=\"mask-18\" fill=\"white\"> <use xlink:href=\"#path-17\"><\/use> <\/mask> <use id=\"Mask\" fill=\"#FFFFFF\" fill-rule=\"evenodd\" xlink:href=\"#path-17\"><\/use> <g id=\"color\/all\" mask=\"url(#mask-18)\" fill=\"#E6DFCC\" fill-rule=\"evenodd\"> <g transform=\"translate(0.000000, 2.000000)\" id=\"Rectangle\"> <rect x=\"0\" y=\"0\" width=\"153\" height=\"63\"><\/rect> <\/g> <\/g> <g id=\"text\/dark\" mask=\"url(#mask-18)\" font-family=\"FHPSun-SemiBold, FHP Sun\" font-size=\"11\" font-weight=\"500\" letter-spacing=\"0.293333322\"> <g transform=\"translate(5.000000, 7.000000)\" id=\"Modulname\"> <text> <tspan x=\"0\" y=\"9\" fill=\"#000000\">V: IuD-Infrastrukturen\/ <\/tspan> <tspan x=\"0\" y=\"21\" fill=\"#000000\">Kulturelles Erbe im digitalen <\/tspan> <tspan x=\"0\" y=\"33\" fill=\"#000000\">Zeitalter<\/tspan> <\/text> <\/g> <\/g> <\/g> <g id=\"box\/event\" transform=\"translate(163.000000, 352.000000)\"> <mask id=\"mask-20\" fill=\"white\"> <use xlink:href=\"#path-19\"><\/use> <\/mask> <use id=\"Mask\" fill=\"#FFFFFF\" fill-rule=\"evenodd\" xlink:href=\"#path-19\"><\/use> <g id=\"color\/A1\" mask=\"url(#mask-20)\" fill=\"#F39200\" fill-rule=\"evenodd\"> <g transform=\"translate(0.000000, 2.000000)\" id=\"Rectangle\"> <rect x=\"0\" y=\"0\" width=\"153\" height=\"63\"><\/rect> <\/g> <\/g> <g id=\"text\/bright\" mask=\"url(#mask-20)\" font-family=\"FHPSun-Bold, FHP Sun\" font-size=\"11\" font-weight=\"bold\" letter-spacing=\"0.293333322\"> <g transform=\"translate(5.000000, 7.000000)\" id=\"Modulname\"> <text> <tspan x=\"0\" y=\"9\" fill=\"#FFFFFF\">V+\u00dc: Grundlagen <\/tspan> <tspan x=\"0\" y=\"21\" fill=\"#FFFFFF\">inhaltlicher Erschlie\u00dfung<\/tspan> <\/text> <\/g> <\/g> <\/g> <g id=\"box\/event\" transform=\"translate(326.000000, 352.000000)\"> <mask id=\"mask-22\" fill=\"white\"> <use xlink:href=\"#path-21\"><\/use> <\/mask> <use id=\"Mask\" fill=\"#FFFFFF\" fill-rule=\"evenodd\" xlink:href=\"#path-21\"><\/use> <g id=\"color\/A1\" mask=\"url(#mask-22)\" fill=\"#F39200\" fill-rule=\"evenodd\"> <g transform=\"translate(0.000000, 2.000000)\" id=\"Rectangle\"> <rect x=\"0\" y=\"0\" width=\"153\" height=\"63\"><\/rect> <\/g> <\/g> <g id=\"text\/bright\" mask=\"url(#mask-22)\" font-family=\"FHPSun-Bold, FHP Sun\" font-size=\"11\" font-weight=\"bold\" letter-spacing=\"0.293333322\"> <g transform=\"translate(5.000000, 7.000000)\" id=\"Modulname\"> <text> <tspan x=\"0\" y=\"9\" fill=\"#FFFFFF\">S: Erschlie\u00dfungstheorie<\/tspan> <\/text> <\/g> <\/g> <\/g> <g id=\"box\/module\" transform=\"translate(163.000000, 491.000000)\"> <mask id=\"mask-24\" fill=\"white\"> <use xlink:href=\"#path-23\"><\/use> <\/mask> <use id=\"Mask\" fill=\"#FFFFFF\" fill-rule=\"evenodd\" xlink:href=\"#path-23\"><\/use> <g id=\"color\/all\" mask=\"url(#mask-24)\" fill=\"#E6DFCC\" fill-rule=\"evenodd\"> <g transform=\"translate(0.000000, 5.000000)\" id=\"Rectangle\"> <rect x=\"0\" y=\"0\" width=\"22\" height=\"22\"><\/rect> <\/g> <\/g> <g id=\"text\/bright\" mask=\"url(#mask-24)\" font-family=\"FHPSun-Bold, FHP Sun\" font-size=\"11\" font-weight=\"bold\" letter-spacing=\"0.293333322\"> <g transform=\"translate(5.000000, 10.000000)\" id=\"Modulname\"> <text><\/text> <\/g> <\/g> <\/g> <g id=\"box\/module\" transform=\"translate(163.000000, 523.000000)\"> <mask id=\"mask-26\" fill=\"white\"> <use xlink:href=\"#path-25\"><\/use> <\/mask> <use id=\"Mask\" fill=\"#FFFFFF\" fill-rule=\"evenodd\" xlink:href=\"#path-25\"><\/use> <g id=\"color\/A1\" mask=\"url(#mask-26)\" fill=\"#F39200\" fill-rule=\"evenodd\"> <g transform=\"translate(0.000000, 5.000000)\" id=\"Rectangle\"> <rect x=\"0\" y=\"0\" width=\"22\" height=\"22\"><\/rect> <\/g> <\/g> <g id=\"text\/bright\" mask=\"url(#mask-26)\" font-family=\"FHPSun-Bold, FHP Sun\" font-size=\"11\" font-weight=\"bold\" letter-spacing=\"0.293333322\"> <g transform=\"translate(5.000000, 10.000000)\" id=\"Modulname\"> <text><\/text> <\/g> <\/g> <\/g> <g id=\"text\/colum-title\" transform=\"translate(653.000000, 492.000000)\" fill=\"#000000\" font-family=\"FHPSun-ExtraBold, FHP Sun\" font-size=\"11\" font-weight=\"600\" letter-spacing=\"0.293333322\"> <text id=\"Title\"> <tspan x=\"5\" y=\"20\"> V<\/tspan> <\/text> <\/g> <g id=\"text\/colum-title\" transform=\"translate(653.000000, 524.000000)\" fill=\"#000000\" font-family=\"FHPSun-ExtraBold, FHP Sun\" font-size=\"11\" font-weight=\"600\" letter-spacing=\"0.293333322\"> <text id=\"Title\"> <tspan x=\"5\" y=\"20\"> S<\/tspan> <\/text> <\/g> <g id=\"text\/colum-title\" transform=\"translate(653.000000, 556.000000)\" fill=\"#000000\" font-family=\"FHPSun-ExtraBold, FHP Sun\" font-size=\"11\" font-weight=\"600\" letter-spacing=\"0.293333322\"> <text id=\"Title\"> <tspan x=\"5\" y=\"20\"> \u00dc<\/tspan> <\/text> <\/g> <g id=\"text\/legende\" transform=\"translate(185.000000, 491.000000)\" fill=\"#000000\" font-family=\"FHPSun-SemiBold, FHP Sun\" font-size=\"11\" font-weight=\"500\" letter-spacing=\"0.293333322\"> <text id=\"Title\"> <tspan x=\"5\" y=\"20\">integrative Lehrveranstaltungen, d.h. f\u00fcr alle BA-Studieng\u00e4nge des Fachbereichs zusammen<\/tspan> <\/text> <\/g> <g id=\"text\/legende\" transform=\"translate(185.000000, 523.000000)\" fill=\"#000000\" font-family=\"FHPSun-SemiBold, FHP Sun\" font-size=\"11\" font-weight=\"500\" letter-spacing=\"0.293333322\"> <text id=\"Title\"> <tspan x=\"5\" y=\"20\">Lehrveranstaltungen ausschlie\u00dflich f\u00fcr den Studiengang Archiv<\/tspan> <\/text> <\/g> <g id=\"text\/legende\" transform=\"translate(675.000000, 492.000000)\" fill=\"#000000\" font-family=\"FHPSun-SemiBold, FHP Sun\" font-size=\"11\" font-weight=\"500\" letter-spacing=\"0.293333322\"> <text id=\"Title\"> <tspan x=\"5\" y=\"20\">Vorlesung<\/tspan> <\/text> <\/g> <g id=\"text\/legende\" transform=\"translate(675.000000, 524.000000)\" fill=\"#000000\" font-family=\"FHPSun-SemiBold, FHP Sun\" font-size=\"11\" font-weight=\"500\" letter-spacing=\"0.293333322\"> <text id=\"Title\"> <tspan x=\"5\" y=\"20\">Seminar<\/tspan> <\/text> <\/g> <g id=\"text\/legende\" transform=\"translate(675.000000, 556.000000)\" fill=\"#000000\" font-family=\"FHPSun-SemiBold, FHP Sun\" font-size=\"11\" font-weight=\"500\" letter-spacing=\"0.293333322\"> <text id=\"Title\"> <tspan x=\"5\" y=\"20\">\u00dcbung<\/tspan> <\/text> <\/g> <g id=\"text\/colum-title\" transform=\"translate(163.000000, 0.000000)\" fill=\"#000000\" font-family=\"FHPSun-ExtraBold, FHP Sun\" font-size=\"11\" font-weight=\"600\" letter-spacing=\"0.293333322\"> <text id=\"Title\"> <tspan x=\"5\" y=\"20\">Montag<\/tspan> <\/text> <\/g> <g id=\"text\/colum-title\" transform=\"translate(489.000000, 0.000000)\" fill=\"#000000\" font-family=\"FHPSun-ExtraBold, FHP Sun\" font-size=\"11\" font-weight=\"600\" letter-spacing=\"0.293333322\"> <text id=\"Title\"> <tspan x=\"5\" y=\"20\">Mittwoch<\/tspan> <\/text> <\/g> <g id=\"text\/colum-title\" transform=\"translate(326.000000, 0.000000)\" fill=\"#000000\" font-family=\"FHPSun-ExtraBold, FHP Sun\" font-size=\"11\" font-weight=\"600\" letter-spacing=\"0.293333322\"> <text id=\"Title\"> <tspan x=\"5\" y=\"20\">Dienstag<\/tspan> <\/text> <\/g> <g id=\"text\/colum-title\" transform=\"translate(652.000000, 0.000000)\" fill=\"#000000\" font-family=\"FHPSun-ExtraBold, FHP Sun\" font-size=\"11\" font-weight=\"600\" letter-spacing=\"0.293333322\"> <text id=\"Title\"> <tspan x=\"5\" y=\"20\">Donnerstag<\/tspan> <\/text> <\/g> <g id=\"text\/colum-title\" transform=\"translate(815.000000, 0.000000)\" fill=\"#000000\" font-family=\"FHPSun-ExtraBold, FHP Sun\" font-size=\"11\" font-weight=\"600\" letter-spacing=\"0.293333322\"> <text id=\"Title\"> <tspan x=\"5\" y=\"20\">Freitag<\/tspan> <\/text> <\/g> <rect id=\"Rectangle-4\" fill=\"#000000\" x=\"-1\" y=\"471\" width=\"969\" height=\"1\"><\/rect> <g id=\"text\/colum-title\" transform=\"translate(61.000000, 44.000000)\" fill=\"#000000\" font-family=\"FHPSun-ExtraBold, FHP Sun\" font-size=\"11\" font-weight=\"600\" letter-spacing=\"0.293333322\"> <text id=\"Title\"> <tspan x=\"5\" y=\"20\">8 Uhr<\/tspan> <\/text> <\/g> <g id=\"text\/colum-title\" transform=\"translate(61.000000, 265.000000)\" fill=\"#000000\" font-family=\"FHPSun-ExtraBold, FHP Sun\" font-size=\"11\" font-weight=\"600\" letter-spacing=\"0.293333322\"> <text id=\"Title\"> <tspan x=\"5\" y=\"20\">13 Uhr<\/tspan> <\/text> <\/g> <g id=\"text\/colum-title\" transform=\"translate(61.000000, 88.000000)\" fill=\"#000000\" font-family=\"FHPSun-ExtraBold, FHP Sun\" font-size=\"11\" font-weight=\"600\" letter-spacing=\"0.293333322\"> <text id=\"Title\"> <tspan x=\"5\" y=\"20\">9 Uhr<\/tspan> <\/text> <\/g> <g id=\"text\/colum-title\" transform=\"translate(61.000000, 309.000000)\" fill=\"#000000\" font-family=\"FHPSun-ExtraBold, FHP Sun\" font-size=\"11\" font-weight=\"600\" letter-spacing=\"0.293333322\"> <text id=\"Title\"> <tspan x=\"5\" y=\"20\">14 Uhr<\/tspan> <\/text> <\/g> <g id=\"text\/colum-title\" transform=\"translate(61.000000, 132.000000)\" fill=\"#000000\" font-family=\"FHPSun-ExtraBold, FHP Sun\" font-size=\"11\" font-weight=\"600\" letter-spacing=\"0.293333322\"> <text id=\"Title\"> <tspan x=\"5\" y=\"20\">10 Uhr<\/tspan> <\/text> <\/g> <g id=\"text\/colum-title\" transform=\"translate(61.000000, 353.000000)\" fill=\"#000000\" font-family=\"FHPSun-ExtraBold, FHP Sun\" font-size=\"11\" font-weight=\"600\" letter-spacing=\"0.293333322\"> <text id=\"Title\"> <tspan x=\"5\" y=\"20\">15 Uhr<\/tspan> <\/text> <\/g> <g id=\"text\/colum-title\" transform=\"translate(61.000000, 176.000000)\" fill=\"#000000\" font-family=\"FHPSun-ExtraBold, FHP Sun\" font-size=\"11\" font-weight=\"600\" letter-spacing=\"0.293333322\"> <text id=\"Title\"> <tspan x=\"5\" y=\"20\">11 Uhr<\/tspan> <\/text> <\/g> <g id=\"text\/colum-title\" transform=\"translate(61.000000, 396.000000)\" fill=\"#000000\" font-family=\"FHPSun-ExtraBold, FHP Sun\" font-size=\"11\" font-weight=\"600\" letter-spacing=\"0.293333322\"> <text id=\"Title\"> <tspan x=\"5\" y=\"20\">16 Uhr<\/tspan> <\/text> <\/g> <g id=\"text\/colum-title\" transform=\"translate(61.000000, 220.000000)\" fill=\"#000000\" font-family=\"FHPSun-ExtraBold, FHP Sun\" font-size=\"11\" font-weight=\"600\" letter-spacing=\"0.293333322\"> <text id=\"Title\"> <tspan x=\"5\" y=\"20\">12 Uhr<\/tspan> <\/text> <\/g> <\/g><\/svg><\/div>\n<\/p>\n\t\t<\/div>\n\t\t\t\t\t<\/div>\n\n\t\n<\/div>\n<div class=\"row\"  id=\"row-1159745048\">\n<div class=\"col ctrl-buttons\">\n<div class=\"ctrl-buttons-left\">\n<a href=\"\/archiv\/studienalltag\/\" class=\"button primary lowercase previous\" >\n\t\t<span>zur\u00fcck<\/span>\n\t<\/a>\n\n<\/div>\n<div class=\"ctrl-buttons-right\">\n<a href=\"\/archiv\/studienalltag\/weitere-infos-stundenplan\/\" class=\"button primary lowercase next\" >\n\t\t<span>weiter<\/span>\n\t<\/a>\n\n<\/div>\n<\/div>\n<\/div>\n","protected":false},"excerpt":{"rendered":"","protected":false},"author":3,"featured_media":0,"parent":219,"menu_order":0,"comment_status":"closed","ping_status":"closed","template":"","meta":{"_acf_changed":false,"powered_cache_disable_cache":false,"footnotes":""},"class_list":["post-223","page","type-page","status-publish","hentry"],"acf":[],"_links":{"self":[{"href":"https:\/\/osadev.fh-potsdam.de\/archiv\/wp-json\/wp\/v2\/pages\/223","targetHints":{"allow":["GET"]}}],"collection":[{"href":"https:\/\/osadev.fh-potsdam.de\/archiv\/wp-json\/wp\/v2\/pages"}],"about":[{"href":"https:\/\/osadev.fh-potsdam.de\/archiv\/wp-json\/wp\/v2\/types\/page"}],"author":[{"embeddable":true,"href":"https:\/\/osadev.fh-potsdam.de\/archiv\/wp-json\/wp\/v2\/users\/3"}],"replies":[{"embeddable":true,"href":"https:\/\/osadev.fh-potsdam.de\/archiv\/wp-json\/wp\/v2\/comments?post=223"}],"version-history":[{"count":17,"href":"https:\/\/osadev.fh-potsdam.de\/archiv\/wp-json\/wp\/v2\/pages\/223\/revisions"}],"predecessor-version":[{"id":1368,"href":"https:\/\/osadev.fh-potsdam.de\/archiv\/wp-json\/wp\/v2\/pages\/223\/revisions\/1368"}],"up":[{"embeddable":true,"href":"https:\/\/osadev.fh-potsdam.de\/archiv\/wp-json\/wp\/v2\/pages\/219"}],"wp:attachment":[{"href":"https:\/\/osadev.fh-potsdam.de\/archiv\/wp-json\/wp\/v2\/media?parent=223"}],"curies":[{"name":"wp","href":"https:\/\/api.w.org\/{rel}","templated":true}]}}