{"id":250,"date":"2018-02-01T12:59:17","date_gmt":"2018-02-01T11:59:17","guid":{"rendered":"https:\/\/osadev.fh-potsdam.de\/archiv\/?page_id=250"},"modified":"2018-10-26T15:48:03","modified_gmt":"2018-10-26T13:48:03","slug":"annette-b-archivarin","status":"publish","type":"page","link":"https:\/\/osadev.fh-potsdam.de\/archiv\/aussichten\/interviews-mit-absolventinnen-und-absolventen\/annette-b-archivarin\/","title":{"rendered":"Annette B. Archivarin"},"content":{"rendered":"<div class=\"row\"  id=\"row-1013412823\">\n\n\t<div id=\"col-1290591394\" class=\"col title-row-null small-12 large-12\"  >\n\t\t\t\t<div class=\"col-inner\"  >\n\t\t\t\n\t\t\t\n<h1><b>Annette B., Archivarin<\/b><\/h1>\n\t\t<\/div>\n\t\t\t\t\t<\/div>\n\n\t\n\n\t<div id=\"col-509089059\" class=\"col medium-8 small-12 large-8\"  >\n\t\t\t\t<div class=\"col-inner\"  >\n\t\t\t\n\t\t\t\n<p><b>Studienabschluss: Archiv, B.A..<\/b><\/p>\n<div class=\"accordion\">\n\t<div id=\"accordion-635473678\" class=\"accordion-item\">\n\t\t<a id=\"accordion-635473678-label\" class=\"accordion-title plain active\" href=\"#accordion-item-stellen-sie-sich-und-ihren-beruf-kurz-vor!\" aria-expanded=\"true\" aria-controls=\"accordion-635473678-content\">\n\t\t\t<button class=\"toggle\" aria-label=\"Umschalten\"><i class=\"icon-angle-down\" aria-hidden=\"true\"><\/i><\/button>\n\t\t\t<span>Stellen Sie sich und Ihren Beruf kurz vor!<\/span>\n\t\t<\/a>\n\t\t<div id=\"accordion-635473678-content\" class=\"accordion-inner\" style=\"display: block;\" aria-labelledby=\"accordion-635473678-label\">\n\t\t\t\n<p>Ich habe 2016 den Bachelorabschluss im Studiengang Archiv an der FH Potsdam gemacht. Nun arbeite ich als Archivarin im Stadtarchiv N\u00fcrnberg und bin dort f\u00fcr den Aufbau des digitalen Archivs verantwortlich.<\/p>\n\t\t<\/div>\n\t<\/div>\n\t\n\t<div id=\"accordion-2764812247\" class=\"accordion-item\">\n\t\t<a id=\"accordion-2764812247-label\" class=\"accordion-title plain\" href=\"#accordion-item-beschreiben-sie-ihre-arbeit!-wie-sieht-ein-typischer-arbeitstag-bei-ihnen-aus?\" aria-expanded=\"false\" aria-controls=\"accordion-2764812247-content\">\n\t\t\t<button class=\"toggle\" aria-label=\"Umschalten\"><i class=\"icon-angle-down\" aria-hidden=\"true\"><\/i><\/button>\n\t\t\t<span>Beschreiben Sie Ihre Arbeit! Wie sieht ein typischer Arbeitstag bei Ihnen aus?<\/span>\n\t\t<\/a>\n\t\t<div id=\"accordion-2764812247-content\" class=\"accordion-inner\" aria-labelledby=\"accordion-2764812247-label\">\n\t\t\t\n<p>Mein Aufgabengebiet umfasst die digitale Archivierung, Schriftgutverwaltung und Aussonderung von amtlichen Unterlagen. Ich bin vor allem f\u00fcr die \u00dcbernahme und Archivierung digitaler Unterlagen zust\u00e4ndig. Gelegentlich verzeichne ich aber auch Archivgut und habe dabei mit Papierakten zu tun. Meine T\u00e4tigkeiten sind zum Teil an das Projekt zum Aufbau des digitalen Archivs gebunden, etwa Anforderungen an die digitale Langzeitarchivierung zu formulieren oder eine Markterkundung f\u00fcr Archivierungssysteme durchzuf\u00fchren. Andere T\u00e4tigkeiten wie die Bewertung oder die Vorbereitung und Durchf\u00fchrung von \u00dcbernahmen geh\u00f6ren dauerhaft zu meinen Aufgaben. Daf\u00fcr besch\u00e4ftige ich mich mit organisatorischen, z.T. auch rechtlichen Aspekten sowie technischen Fragen. Einen Gro\u00dfteil der Zeit verbringe ich im B\u00fcro, gelegentlich gibt es Besprechungen mit den KollegInnen von der IT oder den MitarbeiterInnen der Dienststellen, die ihre Unterlagen an das Archiv abgeben.<\/p>\n\t\t<\/div>\n\t<\/div>\n\t\n\t<div id=\"accordion-528705059\" class=\"accordion-item\">\n\t\t<a id=\"accordion-528705059-label\" class=\"accordion-title plain\" href=\"#accordion-item-warum-haben-sie-sich-f\u00fcr-den-studiengang-archiv-entschieden?\" aria-expanded=\"false\" aria-controls=\"accordion-528705059-content\">\n\t\t\t<button class=\"toggle\" aria-label=\"Umschalten\"><i class=\"icon-angle-down\" aria-hidden=\"true\"><\/i><\/button>\n\t\t\t<span>Warum haben Sie sich f\u00fcr den Studiengang Archiv entschieden?<\/span>\n\t\t<\/a>\n\t\t<div id=\"accordion-528705059-content\" class=\"accordion-inner\" aria-labelledby=\"accordion-528705059-label\">\n\t\t\t\n<p>Vor dem Studium habe ich ein erstes Archivpraktikum gemacht und fand die Einblicke in die Welt und manche \u2013 recht aktuellen \u2013 Entwicklungen spannend, die ich bei der Erschlie\u00dfung bekommen habe. Au\u00dferdem haben eine Ausgabe der Zeitschrift \u201eArchivar\u201c mit dem Schwerpunktthema \u201eBerufsbild\u201c und insbesondere die Interviews darin mein Interesse geweckt (Archivar 2010, Heft 4 sowie zwei weitere Interviews in 2011, Heft 1). Die Entscheidung war jedoch ziemlich spontan und ungeplant.<\/p>\n\t\t<\/div>\n\t<\/div>\n\t\n\t<div id=\"accordion-3004571393\" class=\"accordion-item\">\n\t\t<a id=\"accordion-3004571393-label\" class=\"accordion-title plain\" aria-expanded=\"false\" aria-controls=\"accordion-3004571393-content\">\n\t\t\t<button class=\"toggle\" aria-label=\"Umschalten\"><i class=\"icon-angle-down\" aria-hidden=\"true\"><\/i><\/button>\n\t\t\t<span>Schildern sie ihren beruflichen Werdegang. Bzw.: Wie sind sie zu ihrem jetzigen Beruf gekommen?<\/span>\n\t\t<\/a>\n\t\t<div id=\"accordion-3004571393-content\" class=\"accordion-inner\" aria-labelledby=\"accordion-3004571393-label\">\n\t\t\t\n<p>Bevor ich Archivarin geworden bin, habe ich zun\u00e4chst Katholische Theologie, Franz\u00f6sisch und Geschichte studiert. W\u00e4hrend des Studiums an der FH Potsdam habe ich durch einen Studentenjob und Praktika Archive verschiedener Sparten kennengelernt. Mein Interesse an den informationstechnologischen Inhalten und der digitalen Archivierung hat sich w\u00e4hrend des Studiums herausgestellt. Durch meine Wahlpflichtkurse und die Abschlussarbeit habe ich mich auf die digitale Archivierung spezialisiert. In der Bachelorarbeit habe ich f\u00fcr das Stadtarchiv N\u00fcrnberg Systeme zur digitalen Langzeitarchivierung verglichen. Dadurch bin ich zu meiner jetzigen Stelle gekommen.<\/p>\n\t\t<\/div>\n\t<\/div>\n\t\n\t<div id=\"accordion-2185683304\" class=\"accordion-item\">\n\t\t<a id=\"accordion-2185683304-label\" class=\"accordion-title plain\" href=\"#accordion-item-was-fasziniert-sie-an-ihrer-t\u00e4tigkeit?\" aria-expanded=\"false\" aria-controls=\"accordion-2185683304-content\">\n\t\t\t<button class=\"toggle\" aria-label=\"Umschalten\"><i class=\"icon-angle-down\" aria-hidden=\"true\"><\/i><\/button>\n\t\t\t<span>Was fasziniert Sie an ihrer T\u00e4tigkeit?<\/span>\n\t\t<\/a>\n\t\t<div id=\"accordion-2185683304-content\" class=\"accordion-inner\" aria-labelledby=\"accordion-2185683304-label\">\n\t\t\t\n<p>Allgemein fasziniert mich der Gedanke, daf\u00fcr verantwortlich zu sein, dass Dinge, die schon mehrere Jahrhunderte \u00fcberdauert haben, weiterhin erhalten bleiben sowie zu entscheiden, was aus unserer heutigen Zeit \u00fcberliefert werden soll. An der digitalen Archivierung finde ich spannend, dass es keine fertigen L\u00f6sungen gibt, sich vieles noch entwickelt und das auch weiterhin so bleiben wird.<\/p>\n\t\t<\/div>\n\t<\/div>\n\t\n\t<div id=\"accordion-2018688664\" class=\"accordion-item\">\n\t\t<a id=\"accordion-2018688664-label\" class=\"accordion-title plain\" href=\"#accordion-item-was-erleben-sie-als-herausforderung-bei-ihrer-t\u00e4tigkeit?-bzw.-was-macht-es-evtl.-schwer?\" aria-expanded=\"false\" aria-controls=\"accordion-2018688664-content\">\n\t\t\t<button class=\"toggle\" aria-label=\"Umschalten\"><i class=\"icon-angle-down\" aria-hidden=\"true\"><\/i><\/button>\n\t\t\t<span>Was erleben Sie als Herausforderung bei Ihrer T\u00e4tigkeit? Bzw. was macht es evtl. schwer?<\/span>\n\t\t<\/a>\n\t\t<div id=\"accordion-2018688664-content\" class=\"accordion-inner\" aria-labelledby=\"accordion-2018688664-label\">\n\t\t\t\n<p>Digitale Archivierung ist nicht nur eine spannende, sondern auch eine ziemlich komplexe und oft abstrakte Sache. Wie bei jedem Studium bringt man nat\u00fcrlich nur einen Grundstock an Wissen mit, dennoch gibt es Vieles, das man sich im Laufe der Zeit erst aneignen muss.<\/p>\n\t\t<\/div>\n\t<\/div>\n\t\n\t<div id=\"accordion-1459669949\" class=\"accordion-item\">\n\t\t<a id=\"accordion-1459669949-label\" class=\"accordion-title plain\" href=\"#accordion-item-was-ist-ihrer-meinung-nach-das-wichtigste,-das-sie-w\u00e4hrend-des-studiums-f\u00fcr-ihren-aktuellen-beruf-gelernt-haben?\" aria-expanded=\"false\" aria-controls=\"accordion-1459669949-content\">\n\t\t\t<button class=\"toggle\" aria-label=\"Umschalten\"><i class=\"icon-angle-down\" aria-hidden=\"true\"><\/i><\/button>\n\t\t\t<span>Was ist Ihrer Meinung nach das Wichtigste, das Sie w\u00e4hrend des Studiums f\u00fcr Ihren aktuellen Beruf gelernt haben?<\/span>\n\t\t<\/a>\n\t\t<div id=\"accordion-1459669949-content\" class=\"accordion-inner\" aria-labelledby=\"accordion-1459669949-label\">\n\t\t\t\n<p>Von den Studieninhalten sind die Kenntnisse zur digitalen Archivierung, zu Datenbanken und XML f\u00fcr mich wichtig. Allgemein geh\u00f6ren die selbstst\u00e4ndige Einarbeitung in unbekannte Themen und der Umgang mit gro\u00dfen Mengen an Informationen zu den Dingen, die man aus dem Studium mitnehmen sollte.<\/p>\n\t\t<\/div>\n\t<\/div>\n\t\n\t<div id=\"accordion-775246586\" class=\"accordion-item\">\n\t\t<a id=\"accordion-775246586-label\" class=\"accordion-title plain\" href=\"#accordion-item-was-sollte-man-an-interessen-bzw.-f\u00e4higkeiten-f\u00fcr-dieses-berufsfeld-mitbringen,-im-studium-erwerben-oder-sich-ggf.-durch-zusatzqualifikationen-aneignen?\" aria-expanded=\"false\" aria-controls=\"accordion-775246586-content\">\n\t\t\t<button class=\"toggle\" aria-label=\"Umschalten\"><i class=\"icon-angle-down\" aria-hidden=\"true\"><\/i><\/button>\n\t\t\t<span>Was sollte man an Interessen bzw. F\u00e4higkeiten f\u00fcr dieses Berufsfeld mitbringen, im Studium erwerben oder sich ggf. durch Zusatzqualifikationen aneignen?<\/span>\n\t\t<\/a>\n\t\t<div id=\"accordion-775246586-content\" class=\"accordion-inner\" aria-labelledby=\"accordion-775246586-label\">\n\t\t\t\n<p>Anders als die Klischees \u00fcber Archivare es vermuten lassen, sollte man kommunikativ sein und an aktuellen Ereignissen und Entwicklungen interessiert sein. Eine gewisse Technikaffinit\u00e4t ist ebenfalls eine gute Voraussetzung, zumindest sollte man sich von technischen Aspekten nicht abschrecken lassen. Au\u00dferdem sollte man Geduld und Ausdauer mitbringen, da es hin und wieder auch etwas eint\u00f6nige oder langwierige Aufgaben geben kann.<\/p>\n\t\t<\/div>\n\t<\/div>\n\t\n\t<div id=\"accordion-452092654\" class=\"accordion-item\">\n\t\t<a id=\"accordion-452092654-label\" class=\"accordion-title plain\" aria-expanded=\"false\" aria-controls=\"accordion-452092654-content\">\n\t\t\t<button class=\"toggle\" aria-label=\"Umschalten\"><i class=\"icon-angle-down\" aria-hidden=\"true\"><\/i><\/button>\n\t\t\t<span>Was w\u00fcrden Sie Studieninteressierten mit auf den Weg geben? Bzw.: Welchen Rat w\u00fcrden Sie Studienanf\u00e4ngern geben, die sp\u00e4ter ebenfalls Ihren Beruf aus\u00fcben wollen?<\/span>\n\t\t<\/a>\n\t\t<div id=\"accordion-452092654-content\" class=\"accordion-inner\" aria-labelledby=\"accordion-452092654-label\">\n\t\t\t\n<p>Man sollte unvoreingenommen an die Studieninhalte herangehen und nicht von vornherein denken \u201ewof\u00fcr brauche ich das schon\u201c. Mit freiwilligen Praktika oder Studentenjobs kann man zus\u00e4tzliche praktische Erfahrung sammeln und einen recht breiten Einblick in verschiedene Archivsparten, Arten von Archivgut, T\u00e4tigkeiten und Arbeitsbedingungen bekommen. Die Archivwelt ist ziemlich vielseitig und das Studium bietet einem die M\u00f6glichkeit, Dinge auszuprobieren und herauszufinden, was einem sp\u00e4ter im Beruf wichtig ist, sowie auch \u00fcber den Tellerrand hinauszuschauen.<\/p>\n\t\t<\/div>\n\t<\/div>\n\t\n<\/div>\n\t\t<\/div>\n\t\t\t\t\t<\/div>\n\n\t\n\n\t<div id=\"col-1401476699\" class=\"col medium-4 small-12 large-4\"  >\n\t\t\t\t<div class=\"col-inner text-right\"  >\n\t\t\t\n\t\t\t\n\t<div class=\"img has-hover x md-x lg-x y md-y lg-y\" id=\"image_142328876\">\n\t\t\t\t\t\t\t\t<div class=\"img-inner dark\" >\n\t\t\t<img loading=\"lazy\" decoding=\"async\" width=\"1020\" height=\"810\" src=\"https:\/\/osadev.fh-potsdam.de\/archiv\/wp-content\/uploads\/sites\/9\/2018\/06\/Platzhalter_Desktop_wei\u00df-grau_16-02-2018_MG-e1528068680122-1024x813.png\" class=\"attachment-large size-large\" alt=\"\" srcset=\"https:\/\/osadev.fh-potsdam.de\/archiv\/wp-content\/uploads\/sites\/9\/2018\/06\/Platzhalter_Desktop_wei\u00df-grau_16-02-2018_MG-e1528068680122-1024x813.png 1024w, https:\/\/osadev.fh-potsdam.de\/archiv\/wp-content\/uploads\/sites\/9\/2018\/06\/Platzhalter_Desktop_wei\u00df-grau_16-02-2018_MG-e1528068680122-300x238.png 300w, https:\/\/osadev.fh-potsdam.de\/archiv\/wp-content\/uploads\/sites\/9\/2018\/06\/Platzhalter_Desktop_wei\u00df-grau_16-02-2018_MG-e1528068680122-768x610.png 768w, https:\/\/osadev.fh-potsdam.de\/archiv\/wp-content\/uploads\/sites\/9\/2018\/06\/Platzhalter_Desktop_wei\u00df-grau_16-02-2018_MG-e1528068680122.png 1087w\" sizes=\"auto, (max-width: 1020px) 100vw, 1020px\" \/>\t\t\t\t\t\t\n\t\t\t\t\t<\/div>\n\t\t\t\t\t\t\t\t\n<style>\n#image_142328876 {\n  width: 100%;\n}\n<\/style>\n\t<\/div>\n\t\n\t\t<\/div>\n\t\t\t\t\t<\/div>\n\n\t\n<\/div>\n<div class=\"row\"  id=\"row-1010821274\">\n<div class=\"col ctrl-buttons\">\n<div class=\"ctrl-buttons-left\"><a href=\"\/archiv\/aussichten\/interviews-mit-absolventinnen-und-absolventen\/\" class=\"button primary lowercase previous\" >\n\t\t<span>zur\u00fcck<\/span>\n\t<\/a>\n<\/div>\n<div class=\"ctrl-buttons-right\"><a href=\"\/archiv\/aussichten\/interviews-mit-absolventinnen-und-absolventen\/marco-k-archivar\/\" class=\"button primary lowercase next\" >\n\t\t<span>weiter<\/span>\n\t<\/a>\n<\/div>\n<\/p><\/div>\n<\/div>\n","protected":false},"excerpt":{"rendered":"","protected":false},"author":3,"featured_media":0,"parent":242,"menu_order":0,"comment_status":"closed","ping_status":"closed","template":"","meta":{"_acf_changed":false,"powered_cache_disable_cache":false,"footnotes":""},"class_list":["post-250","page","type-page","status-publish","hentry"],"acf":[],"_links":{"self":[{"href":"https:\/\/osadev.fh-potsdam.de\/archiv\/wp-json\/wp\/v2\/pages\/250","targetHints":{"allow":["GET"]}}],"collection":[{"href":"https:\/\/osadev.fh-potsdam.de\/archiv\/wp-json\/wp\/v2\/pages"}],"about":[{"href":"https:\/\/osadev.fh-potsdam.de\/archiv\/wp-json\/wp\/v2\/types\/page"}],"author":[{"embeddable":true,"href":"https:\/\/osadev.fh-potsdam.de\/archiv\/wp-json\/wp\/v2\/users\/3"}],"replies":[{"embeddable":true,"href":"https:\/\/osadev.fh-potsdam.de\/archiv\/wp-json\/wp\/v2\/comments?post=250"}],"version-history":[{"count":21,"href":"https:\/\/osadev.fh-potsdam.de\/archiv\/wp-json\/wp\/v2\/pages\/250\/revisions"}],"predecessor-version":[{"id":1165,"href":"https:\/\/osadev.fh-potsdam.de\/archiv\/wp-json\/wp\/v2\/pages\/250\/revisions\/1165"}],"up":[{"embeddable":true,"href":"https:\/\/osadev.fh-potsdam.de\/archiv\/wp-json\/wp\/v2\/pages\/242"}],"wp:attachment":[{"href":"https:\/\/osadev.fh-potsdam.de\/archiv\/wp-json\/wp\/v2\/media?parent=250"}],"curies":[{"name":"wp","href":"https:\/\/api.w.org\/{rel}","templated":true}]}}