{"id":254,"date":"2018-02-01T13:02:03","date_gmt":"2018-02-01T12:02:03","guid":{"rendered":"https:\/\/osadev.fh-potsdam.de\/archiv\/?page_id=254"},"modified":"2018-10-26T15:48:51","modified_gmt":"2018-10-26T13:48:51","slug":"carmen-s-archivarin","status":"publish","type":"page","link":"https:\/\/osadev.fh-potsdam.de\/archiv\/aussichten\/interviews-mit-absolventinnen-und-absolventen\/carmen-s-archivarin\/","title":{"rendered":"Carmen S., Archivarin"},"content":{"rendered":"<div class=\"row\"  id=\"row-1718570886\">\n\n\t<div id=\"col-1403864128\" class=\"col title-row-null small-12 large-12\"  >\n\t\t\t\t<div class=\"col-inner\"  >\n\t\t\t\n\t\t\t\n<h1><b>Carmen S., Archivarin<\/b><\/h1>\n\t\t<\/div>\n\t\t\t\t\t<\/div>\n\n\t\n\n\t<div id=\"col-2069405276\" class=\"col medium-8 small-12 large-8\"  >\n\t\t\t\t<div class=\"col-inner\"  >\n\t\t\t\n\t\t\t\n<p><b>Studienabschluss: Archiv, B.A., Informationswissenschaften, M.A.<\/b><\/p>\n<div class=\"accordion\">\n\t<div id=\"accordion-3837144033\" class=\"accordion-item\">\n\t\t<a id=\"accordion-3837144033-label\" class=\"accordion-title plain active\" href=\"#accordion-item-stellen-sie-sich-und-ihren-beruf-kurz-vor!\" aria-expanded=\"true\" aria-controls=\"accordion-3837144033-content\">\n\t\t\t<button class=\"toggle\" aria-label=\"Umschalten\"><i class=\"icon-angle-down\" aria-hidden=\"true\"><\/i><\/button>\n\t\t\t<span>Stellen Sie sich und Ihren Beruf kurz vor!<\/span>\n\t\t<\/a>\n\t\t<div id=\"accordion-3837144033-content\" class=\"accordion-inner\" style=\"display: block;\" aria-labelledby=\"accordion-3837144033-label\">\n\t\t\t\n<p>Ich bin seit April 2017 im Landesarchiv Berlin als Archivarin t\u00e4tig.<\/p>\n\t\t<\/div>\n\t<\/div>\n\t\n\t<div id=\"accordion-3556811209\" class=\"accordion-item\">\n\t\t<a id=\"accordion-3556811209-label\" class=\"accordion-title plain\" href=\"#accordion-item-beschreiben-sie-ihre-arbeit!-wie-sieht-ein-typischer-arbeitstag-bei-ihnen-aus?\" aria-expanded=\"false\" aria-controls=\"accordion-3556811209-content\">\n\t\t\t<button class=\"toggle\" aria-label=\"Umschalten\"><i class=\"icon-angle-down\" aria-hidden=\"true\"><\/i><\/button>\n\t\t\t<span>Beschreiben Sie Ihre Arbeit! Wie sieht ein typischer Arbeitstag bei Ihnen aus?<\/span>\n\t\t<\/a>\n\t\t<div id=\"accordion-3556811209-content\" class=\"accordion-inner\" aria-labelledby=\"accordion-3556811209-label\">\n\t\t\t\n<p>Meine T\u00e4tigkeit im Landesarchiv Berlin dreht sich um die Konzeption, Strategiebildung und Umsetzung der Erschlie\u00dfung, Bewertung und Zug\u00e4nglichmachung der bisher kaum erschlossenen West-Berliner Best\u00e4nde. Dar\u00fcber hinaus bin ich im Benutzerservice sowie in der Anfragenbearbeitung t\u00e4tig.<\/p>\n\t\t<\/div>\n\t<\/div>\n\t\n\t<div id=\"accordion-964912311\" class=\"accordion-item\">\n\t\t<a id=\"accordion-964912311-label\" class=\"accordion-title plain\" href=\"#accordion-item-warum-haben-sie-sich-f\u00fcr-den-studiengang-archiv-entschieden?\" aria-expanded=\"false\" aria-controls=\"accordion-964912311-content\">\n\t\t\t<button class=\"toggle\" aria-label=\"Umschalten\"><i class=\"icon-angle-down\" aria-hidden=\"true\"><\/i><\/button>\n\t\t\t<span>Warum haben Sie sich f\u00fcr den Studiengang Archiv entschieden?<\/span>\n\t\t<\/a>\n\t\t<div id=\"accordion-964912311-content\" class=\"accordion-inner\" aria-labelledby=\"accordion-964912311-label\">\n\t\t\t\n<p>Nach meiner FaMI-Ausbildung wollte ich meinen Karriereweg weitergehen, weil ich wusste, dass ich mehr drauf habe, als \u201enur\u201c FaMI. Dar\u00fcber hinaus hatte ich Lust zu studieren und auf den geistigen\/intellektuellen Austausch.<\/p>\n\t\t<\/div>\n\t<\/div>\n\t\n\t<div id=\"accordion-2627179980\" class=\"accordion-item\">\n\t\t<a id=\"accordion-2627179980-label\" class=\"accordion-title plain\" aria-expanded=\"false\" aria-controls=\"accordion-2627179980-content\">\n\t\t\t<button class=\"toggle\" aria-label=\"Umschalten\"><i class=\"icon-angle-down\" aria-hidden=\"true\"><\/i><\/button>\n\t\t\t<span>Schildern sie ihren beruflichen Werdegang. Bzw.: Wie sind sie zu ihrem jetzigen Beruf gekommen?<\/span>\n\t\t<\/a>\n\t\t<div id=\"accordion-2627179980-content\" class=\"accordion-inner\" aria-labelledby=\"accordion-2627179980-label\">\n\t\t\t\n<p>Nach dem Abitur habe ich die Ausbildung zur Fachangestellten f\u00fcr Medien- und Informationsdienste, Fachrichtung Archiv im S\u00e4chsischen Staatsarchiv absolviert. Danach das BA Studium an der FH Potsdam. Anschlie\u00dfend der Beginn des Masterstudiums Informationswissenschaften, ebenfalls an der FH Potsdam. Den letzten Teil meines Studiums habe ich \u201edual\u201c absolviert, d.h. als Arbeitnehmerin (als studentische Mitarbeiterin an der Berlin Brandenburgischen Akademie der Wissenschaften im DFG-Projekt \u201eDigitaler Wissensspeicher\u201c) und Studentin.<\/p>\n\t\t<\/div>\n\t<\/div>\n\t\n\t<div id=\"accordion-2329623458\" class=\"accordion-item\">\n\t\t<a id=\"accordion-2329623458-label\" class=\"accordion-title plain\" href=\"#accordion-item-was-fasziniert-sie-an-ihrer-t\u00e4tigkeit?\" aria-expanded=\"false\" aria-controls=\"accordion-2329623458-content\">\n\t\t\t<button class=\"toggle\" aria-label=\"Umschalten\"><i class=\"icon-angle-down\" aria-hidden=\"true\"><\/i><\/button>\n\t\t\t<span>Was fasziniert Sie an ihrer T\u00e4tigkeit?<\/span>\n\t\t<\/a>\n\t\t<div id=\"accordion-2329623458-content\" class=\"accordion-inner\" aria-labelledby=\"accordion-2329623458-label\">\n\t\t\t\n<p>Dass es kein \u201ebullshit\u201c-Job ist. Die gesellschaftliche und politische Relevanz von Archiven als Ged\u00e4chtniseinrichtungen und v.a. als Institutionen der Demokratie. Archive nehmen eine Verantwortung innerhalb unserer Gesellschaft ein, die oftmals untersch\u00e4tzt wird. Sie sind (in einer demokratischen Gesellschaftsform, wie sie in der BRD vorhanden ist) Institutionen der Partizipation und Transparenz des politischen und gesellschaftlichen Handelns. Die Vielseitigkeit der Aufgaben und der damit einhergehenden Verantwortung machen den Beruf f\u00fcr mich spannend, faszinierend und sinnvoll. Ich leiste einen Beitrag f\u00fcr unsere Gesellschaft.<\/p>\n\t\t<\/div>\n\t<\/div>\n\t\n\t<div id=\"accordion-3749691902\" class=\"accordion-item\">\n\t\t<a id=\"accordion-3749691902-label\" class=\"accordion-title plain\" href=\"#accordion-item-was-erleben-sie-als-herausforderung-bei-ihrer-t\u00e4tigkeit?-bzw.-was-macht-es-evtl.-schwer?\" aria-expanded=\"false\" aria-controls=\"accordion-3749691902-content\">\n\t\t\t<button class=\"toggle\" aria-label=\"Umschalten\"><i class=\"icon-angle-down\" aria-hidden=\"true\"><\/i><\/button>\n\t\t\t<span>Was erleben Sie als Herausforderung bei Ihrer T\u00e4tigkeit? Bzw. was macht es evtl. schwer?<\/span>\n\t\t<\/a>\n\t\t<div id=\"accordion-3749691902-content\" class=\"accordion-inner\" aria-labelledby=\"accordion-3749691902-label\">\n\t\t\t\n<p>Die unattraktive Darstellung des Berufsbildes und die damit einhergehende mangelnde Wertsch\u00e4tzung und Sichtbarkeit des Berufes. Z.T. die Innovationsfeindlichkeit innerhalb des Berufsstandes.<\/p>\n\t\t<\/div>\n\t<\/div>\n\t\n\t<div id=\"accordion-879034028\" class=\"accordion-item\">\n\t\t<a id=\"accordion-879034028-label\" class=\"accordion-title plain\" href=\"#accordion-item-was-ist-ihrer-meinung-nach-das-wichtigste,-das-sie-w\u00e4hrend-des-studiums-f\u00fcr-ihren-aktuellen-beruf-gelernt-haben?\" aria-expanded=\"false\" aria-controls=\"accordion-879034028-content\">\n\t\t\t<button class=\"toggle\" aria-label=\"Umschalten\"><i class=\"icon-angle-down\" aria-hidden=\"true\"><\/i><\/button>\n\t\t\t<span>Was ist Ihrer Meinung nach das Wichtigste, das Sie w\u00e4hrend des Studiums f\u00fcr Ihren aktuellen Beruf gelernt haben?<\/span>\n\t\t<\/a>\n\t\t<div id=\"accordion-879034028-content\" class=\"accordion-inner\" aria-labelledby=\"accordion-879034028-label\">\n\t\t\t\n<p>Digitale Archivierung, XML und \u00d6ffentlichkeitsarbeit.<\/p>\n\t\t<\/div>\n\t<\/div>\n\t\n\t<div id=\"accordion-2449445835\" class=\"accordion-item\">\n\t\t<a id=\"accordion-2449445835-label\" class=\"accordion-title plain\" href=\"#accordion-item-gibt-es-etwas-im-studium,-das-ihnen-besonders-in-erinnerung-geblieben-ist?\" aria-expanded=\"false\" aria-controls=\"accordion-2449445835-content\">\n\t\t\t<button class=\"toggle\" aria-label=\"Umschalten\"><i class=\"icon-angle-down\" aria-hidden=\"true\"><\/i><\/button>\n\t\t\t<span>Gibt es etwas im Studium, das Ihnen besonders in Erinnerung geblieben ist?<\/span>\n\t\t<\/a>\n\t\t<div id=\"accordion-2449445835-content\" class=\"accordion-inner\" aria-labelledby=\"accordion-2449445835-label\">\n\t\t\t\n<p>Der InfoVis-Reading- Group-Kurs bei Marian D\u00f6rk. Augen- und Kopf\u00f6ffnend! Innovation, Kreativit\u00e4t und Interdisziplinarit\u00e4t die neue Denkans\u00e4tze gef\u00f6rdert hat. Der Kurs war anspruchsvoll und herausfordernd, aber man war immer motiviert und die nat\u00fcrliche Neugierde wurde angesprochen.<\/p>\n\t\t<\/div>\n\t<\/div>\n\t\n\t<div id=\"accordion-3717321828\" class=\"accordion-item\">\n\t\t<a id=\"accordion-3717321828-label\" class=\"accordion-title plain\" href=\"#accordion-item-was-sollte-man-an-interessen-bzw.-f\u00e4higkeiten-f\u00fcr-dieses-berufsfeld-mitbringen,-im-studium-erwerben-oder-sich-ggf.-durch-zusatzqualifikationen-aneignen?\" aria-expanded=\"false\" aria-controls=\"accordion-3717321828-content\">\n\t\t\t<button class=\"toggle\" aria-label=\"Umschalten\"><i class=\"icon-angle-down\" aria-hidden=\"true\"><\/i><\/button>\n\t\t\t<span>Was sollte man an Interessen bzw. F\u00e4higkeiten f\u00fcr dieses Berufsfeld mitbringen, im Studium erwerben oder sich ggf. durch Zusatzqualifikationen aneignen?<\/span>\n\t\t<\/a>\n\t\t<div id=\"accordion-3717321828-content\" class=\"accordion-inner\" aria-labelledby=\"accordion-3717321828-label\">\n\t\t\t\n<p>Pr\u00e4sentations- und Kommunikationsf\u00e4higkeiten sind unheimlich wichtig. Genauso wie Konflikt- und Projektmanagement. Dar\u00fcber hinaus ist ein solider Grundstock an Fachwissen und an historischen Zusammenh\u00e4ngen wichtig. Nicht zuletzt finde ich Kreativit\u00e4t, Neugierde und Engagement wichtige Eigenschaften, die man sich behalten und\/oder erwerben soll(te).<\/p>\n\t\t<\/div>\n\t<\/div>\n\t\n\t<div id=\"accordion-4084062688\" class=\"accordion-item\">\n\t\t<a id=\"accordion-4084062688-label\" class=\"accordion-title plain\" aria-expanded=\"false\" aria-controls=\"accordion-4084062688-content\">\n\t\t\t<button class=\"toggle\" aria-label=\"Umschalten\"><i class=\"icon-angle-down\" aria-hidden=\"true\"><\/i><\/button>\n\t\t\t<span>Was w\u00fcrden Sie Studieninteressierten mit auf den Weg geben? Bzw.: Welchen Rat w\u00fcrden Sie Studienanf\u00e4ngern geben, die sp\u00e4ter ebenfalls Ihren Beruf aus\u00fcben wollen?<\/span>\n\t\t<\/a>\n\t\t<div id=\"accordion-4084062688-content\" class=\"accordion-inner\" aria-labelledby=\"accordion-4084062688-label\">\n\t\t\t\n<p>Seid keine grauen, sch\u00fcchternen, schweigenden M\u00e4uschen! Seid motiviert, kommunikativ, selbstbewusst und kompetent.<\/p>\n\t\t<\/div>\n\t<\/div>\n\t\n<\/div>\n\t\t<\/div>\n\t\t\t\t\t<\/div>\n\n\t\n\n\t<div id=\"col-707996573\" class=\"col medium-4 small-12 large-4\"  >\n\t\t\t\t<div class=\"col-inner text-right\"  >\n\t\t\t\n\t\t\t\n\t<div class=\"img has-hover x md-x lg-x y md-y lg-y\" id=\"image_1091561016\">\n\t\t\t\t\t\t\t\t<div class=\"img-inner dark\" >\n\t\t\t<img loading=\"lazy\" decoding=\"async\" width=\"682\" height=\"1024\" src=\"https:\/\/osadev.fh-potsdam.de\/archiv\/wp-content\/uploads\/sites\/9\/2018\/04\/5_Carmen_S_OSA-A-682x1024.jpg\" class=\"attachment-large size-large\" alt=\"\" srcset=\"https:\/\/osadev.fh-potsdam.de\/archiv\/wp-content\/uploads\/sites\/9\/2018\/04\/5_Carmen_S_OSA-A-682x1024.jpg 682w, https:\/\/osadev.fh-potsdam.de\/archiv\/wp-content\/uploads\/sites\/9\/2018\/04\/5_Carmen_S_OSA-A-200x300.jpg 200w, https:\/\/osadev.fh-potsdam.de\/archiv\/wp-content\/uploads\/sites\/9\/2018\/04\/5_Carmen_S_OSA-A-768x1152.jpg 768w, https:\/\/osadev.fh-potsdam.de\/archiv\/wp-content\/uploads\/sites\/9\/2018\/04\/5_Carmen_S_OSA-A.jpg 1181w\" sizes=\"auto, (max-width: 682px) 100vw, 682px\" \/>\t\t\t\t\t\t\n\t\t\t\t\t<\/div>\n\t\t\t\t\t\t\t\t\n<style>\n#image_1091561016 {\n  width: 100%;\n}\n<\/style>\n\t<\/div>\n\t\n<p style=\"text-align:right;margin-top:-10px;font-size:12px;\">Quelle: privat<\/p>\n\t\t<\/div>\n\t\t\t\t\t<\/div>\n\n\t\n<\/div>\n<div class=\"row\"  id=\"row-621360291\">\n<div class=\"col ctrl-buttons\">\n<div class=\"ctrl-buttons-left\"><a href=\"\/archiv\/aussichten\/interviews-mit-absolventinnen-und-absolventen\/christine-h-archivarin\/\" class=\"button primary lowercase previous\" >\n\t\t<span>zur\u00fcck<\/span>\n\t<\/a>\n<\/div>\n<div class=\"ctrl-buttons-right\"><a href=\"\/archiv\/aussichten\/interviews-mit-absolventinnen-und-absolventen\/lennart-m-archivar\/\" class=\"button primary lowercase next\" >\n\t\t<span>weiter<\/span>\n\t<\/a>\n<\/div>\n<\/p><\/div>\n<\/div>\n","protected":false},"excerpt":{"rendered":"","protected":false},"author":3,"featured_media":0,"parent":242,"menu_order":0,"comment_status":"closed","ping_status":"closed","template":"","meta":{"_acf_changed":false,"powered_cache_disable_cache":false,"footnotes":""},"class_list":["post-254","page","type-page","status-publish","hentry"],"acf":[],"_links":{"self":[{"href":"https:\/\/osadev.fh-potsdam.de\/archiv\/wp-json\/wp\/v2\/pages\/254","targetHints":{"allow":["GET"]}}],"collection":[{"href":"https:\/\/osadev.fh-potsdam.de\/archiv\/wp-json\/wp\/v2\/pages"}],"about":[{"href":"https:\/\/osadev.fh-potsdam.de\/archiv\/wp-json\/wp\/v2\/types\/page"}],"author":[{"embeddable":true,"href":"https:\/\/osadev.fh-potsdam.de\/archiv\/wp-json\/wp\/v2\/users\/3"}],"replies":[{"embeddable":true,"href":"https:\/\/osadev.fh-potsdam.de\/archiv\/wp-json\/wp\/v2\/comments?post=254"}],"version-history":[{"count":21,"href":"https:\/\/osadev.fh-potsdam.de\/archiv\/wp-json\/wp\/v2\/pages\/254\/revisions"}],"predecessor-version":[{"id":1168,"href":"https:\/\/osadev.fh-potsdam.de\/archiv\/wp-json\/wp\/v2\/pages\/254\/revisions\/1168"}],"up":[{"embeddable":true,"href":"https:\/\/osadev.fh-potsdam.de\/archiv\/wp-json\/wp\/v2\/pages\/242"}],"wp:attachment":[{"href":"https:\/\/osadev.fh-potsdam.de\/archiv\/wp-json\/wp\/v2\/media?parent=254"}],"curies":[{"name":"wp","href":"https:\/\/api.w.org\/{rel}","templated":true}]}}