{"id":258,"date":"2018-02-01T13:03:37","date_gmt":"2018-02-01T12:03:37","guid":{"rendered":"https:\/\/osadev.fh-potsdam.de\/archiv\/?page_id=258"},"modified":"2018-10-26T15:48:46","modified_gmt":"2018-10-26T13:48:46","slug":"christine-h-archivarin","status":"publish","type":"page","link":"https:\/\/osadev.fh-potsdam.de\/archiv\/aussichten\/interviews-mit-absolventinnen-und-absolventen\/christine-h-archivarin\/","title":{"rendered":"Christine H., Archivarin"},"content":{"rendered":"<div class=\"row\"  id=\"row-2050671023\">\n\n\t<div id=\"col-269833472\" class=\"col title-row-null small-12 large-12\"  >\n\t\t\t\t<div class=\"col-inner\"  >\n\t\t\t\n\t\t\t\n<h1><b>Christine H., Archivarin<\/b><\/h1>\n\t\t<\/div>\n\t\t\t\t\t<\/div>\n\n\t\n\n\t<div id=\"col-2013586699\" class=\"col medium-8 small-12 large-8\"  >\n\t\t\t\t<div class=\"col-inner\"  >\n\t\t\t\n\t\t\t\n<p><b>Studienabschluss: Archiv, B.A.<\/b><\/p>\n<div class=\"accordion\">\n\t<div id=\"accordion-2802605573\" class=\"accordion-item\">\n\t\t<a id=\"accordion-2802605573-label\" class=\"accordion-title plain active\" href=\"#accordion-item-stellen-sie-sich-und-ihren-beruf-kurz-vor!\" aria-expanded=\"true\" aria-controls=\"accordion-2802605573-content\">\n\t\t\t<button class=\"toggle\" aria-label=\"Umschalten\"><i class=\"icon-angle-down\" aria-hidden=\"true\"><\/i><\/button>\n\t\t\t<span>Stellen Sie sich und Ihren Beruf kurz vor!<\/span>\n\t\t<\/a>\n\t\t<div id=\"accordion-2802605573-content\" class=\"accordion-inner\" style=\"display: block;\" aria-labelledby=\"accordion-2802605573-label\">\n\t\t\t\n<p>Ich bin seit Fr\u00fchjahr 2014, unmittelbar im Anschluss an meinen Studienabschluss an der Fachhochschule Potsdam (B.A. Archiv) im Wintersemester 2013\/14, als Archivarin besch\u00e4ftigt. Meine derzeitige Stelle beim Staatsarchiv der Freien und Hansestadt Hamburg ist dabei bereits meine zweite Stelle. Zuvor war ich zun\u00e4chst 1 \u00bd Jahre in Koblenz beim dortigen Landeshauptarchiv t\u00e4tig.<\/p>\n\t\t<\/div>\n\t<\/div>\n\t\n\t<div id=\"accordion-4238068516\" class=\"accordion-item\">\n\t\t<a id=\"accordion-4238068516-label\" class=\"accordion-title plain\" href=\"#accordion-item-beschreiben-sie-ihre-arbeit!-wie-sieht-ein-typischer-arbeitstag-bei-ihnen-aus?\" aria-expanded=\"false\" aria-controls=\"accordion-4238068516-content\">\n\t\t\t<button class=\"toggle\" aria-label=\"Umschalten\"><i class=\"icon-angle-down\" aria-hidden=\"true\"><\/i><\/button>\n\t\t\t<span>Beschreiben Sie Ihre Arbeit! Wie sieht ein typischer Arbeitstag bei Ihnen aus?<\/span>\n\t\t<\/a>\n\t\t<div id=\"accordion-4238068516-content\" class=\"accordion-inner\" aria-labelledby=\"accordion-4238068516-label\">\n\t\t\t\n<p>Ich bin im Staatsarchiv Hamburg f\u00fcr die Betreuung bestimmter Beh\u00f6rden der Freien und Hansestadt Hamburg und der von diesen in das Staatsarchiv gelangten Archivbest\u00e4nden zust\u00e4ndig. Der damit verbundene Aufgabenbereich ist vielf\u00e4ltig und umfasst zum einen die \u00dcberlieferungsbildung, durch Bewertung von Schriftgut und die anschlie\u00dfende \u00dcbernahme der archivw\u00fcrdigen Unterlagen in das Staatsarchiv. Dazu ist unter anderem auch die Pflege von Kontakten zu den verschiedenen Hamburger Beh\u00f6rden n\u00f6tig, die verpflichtet sind, ihre nicht mehr ben\u00f6tigten Unterlagen dem Staatsarchiv anzubieten. Weiterhin bin ich dann f\u00fcr die archivische Erschlie\u00dfung der \u00fcbernommenen Unterlagen zust\u00e4ndig. Dies geschieht durch Erfassung des Archivgutes in der Archivdatenbank. Schlie\u00dflich beantworte ich auch schriftliche Anfragen von Archivnutzern zu den von mir betreuten Best\u00e4nden und bin ca. alle 6-8 Wochen auch einmal im Beratungsdienst im Lesesaal eingesetzt. Einen typischen Arbeitstag kann ich deshalb schwer beschreiben, weil es wirklich davon abh\u00e4ngt, was ich gerade mache. Wenn aber keine besonderen Termine anliegen, sitze ich meist im B\u00fcro.<\/p>\n\t\t<\/div>\n\t<\/div>\n\t\n\t<div id=\"accordion-1851341026\" class=\"accordion-item\">\n\t\t<a id=\"accordion-1851341026-label\" class=\"accordion-title plain\" href=\"#accordion-item-warum-haben-sie-sich-f\u00fcr-den-studiengang-archiv-entschieden?\" aria-expanded=\"false\" aria-controls=\"accordion-1851341026-content\">\n\t\t\t<button class=\"toggle\" aria-label=\"Umschalten\"><i class=\"icon-angle-down\" aria-hidden=\"true\"><\/i><\/button>\n\t\t\t<span>Warum haben Sie sich f\u00fcr den Studiengang Archiv entschieden?<\/span>\n\t\t<\/a>\n\t\t<div id=\"accordion-1851341026-content\" class=\"accordion-inner\" aria-labelledby=\"accordion-1851341026-label\">\n\t\t\t\n<p>Ich habe mich f\u00fcr diesen Studiengang entschieden, weil mir zuvor durch mehrere Praktika in Archiven klar geworden ist, dass mein berufliches Ziel eine T\u00e4tigkeit als Archivarin ist und ich mir deshalb auf diesem Wege die f\u00fcr diesen Beruf erforderlichen Qualifikationen aneignen wollte.<\/p>\n\t\t<\/div>\n\t<\/div>\n\t\n\t<div id=\"accordion-563525254\" class=\"accordion-item\">\n\t\t<a id=\"accordion-563525254-label\" class=\"accordion-title plain\" aria-expanded=\"false\" aria-controls=\"accordion-563525254-content\">\n\t\t\t<button class=\"toggle\" aria-label=\"Umschalten\"><i class=\"icon-angle-down\" aria-hidden=\"true\"><\/i><\/button>\n\t\t\t<span>Schildern sie ihren beruflichen Werdegang. Bzw.: Wie sind sie zu ihrem jetzigen Beruf gekommen?<\/span>\n\t\t<\/a>\n\t\t<div id=\"accordion-563525254-content\" class=\"accordion-inner\" aria-labelledby=\"accordion-563525254-label\">\n\t\t\t\n<p>Mein Weg ins Archiv war ein etwas l\u00e4ngerer. Ein gewisses Interesse an Geschichte war schon immer da, bereits zu Schulzeiten. Ich wollte dieses Interesse auch gerne in irgendeiner Form in einen Beruf einbringen. Einen konkreten Berufswunsch hatte ich aber lange Zeit nicht. Ich habe dann nach dem Abitur zun\u00e4chst ein Magisterstudium mit den beiden Hauptf\u00e4chern Slawistik und Geschichte aufgenommen und nach ein paar Jahren schlie\u00dflich auch erfolgreich abgeschlossen. Gegen Ende dieses Studiums habe ich dann begonnen, mich verst\u00e4rkt f\u00fcr meinen jetzigen Beruf zu interessieren. Im Anschluss habe ich einige Praktika in verschiedenen Archiven gemacht. Danach war ich mir dann sicher, den richtigen Beruf gefunden zu haben.<\/p>\n\t\t<\/div>\n\t<\/div>\n\t\n\t<div id=\"accordion-1831974430\" class=\"accordion-item\">\n\t\t<a id=\"accordion-1831974430-label\" class=\"accordion-title plain\" href=\"#accordion-item-was-fasziniert-sie-an-ihrer-t\u00e4tigkeit?\" aria-expanded=\"false\" aria-controls=\"accordion-1831974430-content\">\n\t\t\t<button class=\"toggle\" aria-label=\"Umschalten\"><i class=\"icon-angle-down\" aria-hidden=\"true\"><\/i><\/button>\n\t\t\t<span>Was fasziniert Sie an ihrer T\u00e4tigkeit?<\/span>\n\t\t<\/a>\n\t\t<div id=\"accordion-1831974430-content\" class=\"accordion-inner\" aria-labelledby=\"accordion-1831974430-label\">\n\t\t\t\n<p>Mich fasziniert vor allem der direkte Kontakt zu historischen Quellen. Au\u00dferdem die Tatsache, dass man es als ArchivarIn durch seine Bewertungst\u00e4tigkeit in gewisser Weise in der Hand hat, welche Quellen k\u00fcnftigen Generationen \u00fcber unsere Gegenwart sp\u00e4ter einmal zur Verf\u00fcgung stehen werden. Unterlagen, die als nicht archivw\u00fcrdig bewertet und daraufhin vernichtet werden, sind unwiederbringlich weg.<\/p>\n\t\t<\/div>\n\t<\/div>\n\t\n\t<div id=\"accordion-1829501722\" class=\"accordion-item\">\n\t\t<a id=\"accordion-1829501722-label\" class=\"accordion-title plain\" href=\"#accordion-item-was-erleben-sie-als-herausforderung-bei-ihrer-t\u00e4tigkeit?-bzw.-was-macht-es-evtl.-schwer?\" aria-expanded=\"false\" aria-controls=\"accordion-1829501722-content\">\n\t\t\t<button class=\"toggle\" aria-label=\"Umschalten\"><i class=\"icon-angle-down\" aria-hidden=\"true\"><\/i><\/button>\n\t\t\t<span>Was erleben Sie als Herausforderung bei Ihrer T\u00e4tigkeit? Bzw. was macht es evtl. schwer?<\/span>\n\t\t<\/a>\n\t\t<div id=\"accordion-1829501722-content\" class=\"accordion-inner\" aria-labelledby=\"accordion-1829501722-label\">\n\t\t\t\n<p>Als Herausforderung erlebe ich unter anderem die Beratungst\u00e4tigkeit im Lesesaal. Man muss da sehr spontan auf das Anliegen des jeweiligen Benutzers eingehen k\u00f6nnen. Und man wei\u00df ja leider nicht vorher, wen man als n\u00e4chstes vor sich sitzen hat, zu welchem Thema der Benutzer forschen m\u00f6chte und welche Fragen er mitbringt. Und Zeit, um zun\u00e4chst noch zu recherchieren oder bei Kollegen r\u00fcckzufragen, ist dann auch nicht. Deshalb f\u00e4llt mir die Beantwortung schriftlicher Anfragen leichter, weil man sich dann zur Not ein paar Tage f\u00fcr Recherchen nehmen kann. Sicherlich haben aber die Kollegen, die schon lange Jahre oder auch Jahrzehnte im Staatsarchiv t\u00e4tig sind, insofern einen Vorteil, weil viele Benutzerfragen f\u00fcr sie nicht mehr neu sind und weil sie die Best\u00e4nde des Staatsarchivs besser kennen und deshalb eher wissen, in welchem Bestand ein Benutzer Quellen erwarten kann, die eventuell Antworten auf seine Forschungsfragen geben k\u00f6nnten.<\/p>\n\t\t<\/div>\n\t<\/div>\n\t\n\t<div id=\"accordion-619153793\" class=\"accordion-item\">\n\t\t<a id=\"accordion-619153793-label\" class=\"accordion-title plain\" href=\"#accordion-item-was-ist-ihrer-meinung-nach-das-wichtigste,-das-sie-w\u00e4hrend-des-studiums-f\u00fcr-ihren-aktuellen-beruf-gelernt-haben?\" aria-expanded=\"false\" aria-controls=\"accordion-619153793-content\">\n\t\t\t<button class=\"toggle\" aria-label=\"Umschalten\"><i class=\"icon-angle-down\" aria-hidden=\"true\"><\/i><\/button>\n\t\t\t<span>Was ist Ihrer Meinung nach das Wichtigste, das Sie w\u00e4hrend des Studiums f\u00fcr Ihren aktuellen Beruf gelernt haben?<\/span>\n\t\t<\/a>\n\t\t<div id=\"accordion-619153793-content\" class=\"accordion-inner\" aria-labelledby=\"accordion-619153793-label\">\n\t\t\t\n<p>Fachliche Kompetenzen und Methoden, wie z. B. zur Schriftgutbewertung oder zur Erschlie\u00dfung von Archivgut<\/p>\n\t\t<\/div>\n\t<\/div>\n\t\n\t<div id=\"accordion-3972176238\" class=\"accordion-item\">\n\t\t<a id=\"accordion-3972176238-label\" class=\"accordion-title plain\" href=\"#accordion-item-was-sollte-man-an-interessen-bzw.-f\u00e4higkeiten-f\u00fcr-dieses-berufsfeld-mitbringen,-im-studium-erwerben-oder-sich-ggf.-durch-zusatzqualifikationen-aneignen?\" aria-expanded=\"false\" aria-controls=\"accordion-3972176238-content\">\n\t\t\t<button class=\"toggle\" aria-label=\"Umschalten\"><i class=\"icon-angle-down\" aria-hidden=\"true\"><\/i><\/button>\n\t\t\t<span>Was sollte man an Interessen bzw. F\u00e4higkeiten f\u00fcr dieses Berufsfeld mitbringen, im Studium erwerben oder sich ggf. durch Zusatzqualifikationen aneignen?<\/span>\n\t\t<\/a>\n\t\t<div id=\"accordion-3972176238-content\" class=\"accordion-inner\" aria-labelledby=\"accordion-3972176238-label\">\n\t\t\t\n<p>Geschichtsinteresse kann f\u00fcr die T\u00e4tigkeit sicher nicht schaden, reicht alleine aber nicht. Da Punkte wie die Archivierung digitaler Unterlagen oder die Digitalisierung von Archivgut immer wichtiger werden, ist zumindest Interesse an modernen Informationstechnologien auch von Vorteil. Bei meinem vielf\u00e4ltigen Aufgabenfeld ist es au\u00dferdem wichtig, sich selber und die eigene Arbeit organisieren zu k\u00f6nnen (Wann mache ich was, was hat Priorit\u00e4t und was kann gegebenenfalls warten?). Manchmal sind auch Fremdsprachenkenntnisse hilfreich, wenn man es z. B. mit Archivbenutzern zu tun hat, die kein Deutsch sprechen.<\/p>\n\t\t<\/div>\n\t<\/div>\n\t\n\t<div id=\"accordion-911868610\" class=\"accordion-item\">\n\t\t<a id=\"accordion-911868610-label\" class=\"accordion-title plain\" aria-expanded=\"false\" aria-controls=\"accordion-911868610-content\">\n\t\t\t<button class=\"toggle\" aria-label=\"Umschalten\"><i class=\"icon-angle-down\" aria-hidden=\"true\"><\/i><\/button>\n\t\t\t<span>Was w\u00fcrden Sie Studieninteressierten mit auf den Weg geben? Bzw.: Welchen Rat w\u00fcrden Sie Studienanf\u00e4ngern geben, die sp\u00e4ter ebenfalls Ihren Beruf aus\u00fcben wollen?<\/span>\n\t\t<\/a>\n\t\t<div id=\"accordion-911868610-content\" class=\"accordion-inner\" aria-labelledby=\"accordion-911868610-label\">\n\t\t\t\n<p>Ich denke, man sollte sich schon vor Studienbeginn m\u00f6glichst genau \u00fcber den angestrebten Beruf informieren, wenn m\u00f6glich eventuell auch durch ein Praktikum. Mir hat es w\u00e4hrend des Studiums sehr geholfen, schon relativ genau zu wissen, auf welche T\u00e4tigkeit das sp\u00e4ter mal hinausl\u00e4uft.<\/p>\n<p>(Ganz abgesehen von meiner speziellen Situation: Ich h\u00e4tte mich sicher nicht noch f\u00fcr ein zweites Studium entschieden, wenn ich dabei nicht eine ganz konkrete Zukunftsperspektive vor Augen gehabt h\u00e4tte.) Vor allem, wenn man dann im Studium auch mal in einer Vorlesung sitzt, die nicht ganz so interessant, aber leider trotzdem eine Pflichtveranstaltung ist.<\/p>\n\t\t<\/div>\n\t<\/div>\n\t\n<\/div>\n\t\t<\/div>\n\t\t\t\t\t<\/div>\n\n\t\n\n\t<div id=\"col-1260368594\" class=\"col medium-4 small-12 large-4\"  >\n\t\t\t\t<div class=\"col-inner\"  >\n\t\t\t\n\t\t\t\n\t<div class=\"img has-hover x md-x lg-x y md-y lg-y\" id=\"image_1055732171\">\n\t\t\t\t\t\t\t\t<div class=\"img-inner dark\" >\n\t\t\t<img loading=\"lazy\" decoding=\"async\" width=\"784\" height=\"1016\" src=\"https:\/\/osadev.fh-potsdam.de\/archiv\/wp-content\/uploads\/sites\/9\/2018\/04\/5_Christine_H_OSA-A.jpg\" class=\"attachment-large size-large\" alt=\"\" srcset=\"https:\/\/osadev.fh-potsdam.de\/archiv\/wp-content\/uploads\/sites\/9\/2018\/04\/5_Christine_H_OSA-A.jpg 784w, https:\/\/osadev.fh-potsdam.de\/archiv\/wp-content\/uploads\/sites\/9\/2018\/04\/5_Christine_H_OSA-A-231x300.jpg 231w, https:\/\/osadev.fh-potsdam.de\/archiv\/wp-content\/uploads\/sites\/9\/2018\/04\/5_Christine_H_OSA-A-768x995.jpg 768w\" sizes=\"auto, (max-width: 784px) 100vw, 784px\" \/>\t\t\t\t\t\t\n\t\t\t\t\t<\/div>\n\t\t\t\t\t\t\t\t\n<style>\n#image_1055732171 {\n  width: 100%;\n}\n<\/style>\n\t<\/div>\n\t\n<p style=\"text-align:right;margin-top:-10px;font-size:12px;\">Quelle: privat<\/p>\n\t\t<\/div>\n\t\t\t\t\t<\/div>\n\n\t\n<\/div>\n<div class=\"row\"  id=\"row-917139805\">\n<div class=\"col ctrl-buttons\">\n<div class=\"ctrl-buttons-left\"><a href=\"\/archiv\/aussichten\/interviews-mit-absolventinnen-und-absolventen\/marco-k-archivar\/\" class=\"button primary lowercase previous\" >\n\t\t<span>zur\u00fcck<\/span>\n\t<\/a>\n<\/div>\n<div class=\"ctrl-buttons-right\"><a href=\"\/archiv\/aussichten\/interviews-mit-absolventinnen-und-absolventen\/carmen-s-archivarin\/\" class=\"button primary lowercase next\" >\n\t\t<span>weiter<\/span>\n\t<\/a>\n<\/div>\n<\/p><\/div>\n<\/div>\n","protected":false},"excerpt":{"rendered":"","protected":false},"author":3,"featured_media":0,"parent":242,"menu_order":0,"comment_status":"closed","ping_status":"closed","template":"","meta":{"_acf_changed":false,"powered_cache_disable_cache":false,"footnotes":""},"class_list":["post-258","page","type-page","status-publish","hentry"],"acf":[],"_links":{"self":[{"href":"https:\/\/osadev.fh-potsdam.de\/archiv\/wp-json\/wp\/v2\/pages\/258","targetHints":{"allow":["GET"]}}],"collection":[{"href":"https:\/\/osadev.fh-potsdam.de\/archiv\/wp-json\/wp\/v2\/pages"}],"about":[{"href":"https:\/\/osadev.fh-potsdam.de\/archiv\/wp-json\/wp\/v2\/types\/page"}],"author":[{"embeddable":true,"href":"https:\/\/osadev.fh-potsdam.de\/archiv\/wp-json\/wp\/v2\/users\/3"}],"replies":[{"embeddable":true,"href":"https:\/\/osadev.fh-potsdam.de\/archiv\/wp-json\/wp\/v2\/comments?post=258"}],"version-history":[{"count":17,"href":"https:\/\/osadev.fh-potsdam.de\/archiv\/wp-json\/wp\/v2\/pages\/258\/revisions"}],"predecessor-version":[{"id":1167,"href":"https:\/\/osadev.fh-potsdam.de\/archiv\/wp-json\/wp\/v2\/pages\/258\/revisions\/1167"}],"up":[{"embeddable":true,"href":"https:\/\/osadev.fh-potsdam.de\/archiv\/wp-json\/wp\/v2\/pages\/242"}],"wp:attachment":[{"href":"https:\/\/osadev.fh-potsdam.de\/archiv\/wp-json\/wp\/v2\/media?parent=258"}],"curies":[{"name":"wp","href":"https:\/\/api.w.org\/{rel}","templated":true}]}}