{"id":263,"date":"2018-02-01T13:05:17","date_gmt":"2018-02-01T12:05:17","guid":{"rendered":"https:\/\/osadev.fh-potsdam.de\/archiv\/?page_id=263"},"modified":"2018-10-26T15:49:04","modified_gmt":"2018-10-26T13:49:04","slug":"julia-m-referatsleiterin-digitalisierung","status":"publish","type":"page","link":"https:\/\/osadev.fh-potsdam.de\/archiv\/aussichten\/interviews-mit-absolventinnen-und-absolventen\/julia-m-referatsleiterin-digitalisierung\/","title":{"rendered":"Julia M., Referatsleiterin Digitalisierung"},"content":{"rendered":"<div class=\"row\"  id=\"row-1320978382\">\n\n\t<div id=\"col-587077288\" class=\"col title-row-null small-12 large-12\"  >\n\t\t\t\t<div class=\"col-inner\"  >\n\t\t\t\n\t\t\t\n<h1><b>Julia M., Referatsleiterin Digitalisierung<\/b><\/h1>\n\t\t<\/div>\n\t\t\t\t\t<\/div>\n\n\t\n\n\t<div id=\"col-157660462\" class=\"col medium-8 small-12 large-8\"  >\n\t\t\t\t<div class=\"col-inner\"  >\n\t\t\t\n\t\t\t\n<p><b>Studienabschluss: Archiv, B.A., Informationswissenschaften, M.A.<\/b><\/p>\n<div class=\"accordion\">\n\t<div id=\"accordion-188440994\" class=\"accordion-item\">\n\t\t<a id=\"accordion-188440994-label\" class=\"accordion-title plain active\" href=\"#accordion-item-stellen-sie-sich-und-ihren-beruf-kurz-vor!\" aria-expanded=\"true\" aria-controls=\"accordion-188440994-content\">\n\t\t\t<button class=\"toggle\" aria-label=\"Umschalten\"><i class=\"icon-angle-down\" aria-hidden=\"true\"><\/i><\/button>\n\t\t\t<span>Stellen Sie sich und Ihren Beruf kurz vor!<\/span>\n\t\t<\/a>\n\t\t<div id=\"accordion-188440994-content\" class=\"accordion-inner\" style=\"display: block;\" aria-labelledby=\"accordion-188440994-label\">\n\t\t\t\n<p>Ich arbeite im Brandenburgischen Landeshauptarchiv (BLHA) in Potsdam. Seit 2016 bin ich dort als Referatsleiterin f\u00fcr alle Fragen zust\u00e4ndig, die sich mit der Digitalisierung und der digitalen Repr\u00e4sentation von Archivgut besch\u00e4ftigen.<\/p>\n\t\t<\/div>\n\t<\/div>\n\t\n\t<div id=\"accordion-383398657\" class=\"accordion-item\">\n\t\t<a id=\"accordion-383398657-label\" class=\"accordion-title plain\" href=\"#accordion-item-beschreiben-sie-ihre-arbeit!-wie-sieht-ein-typischer-arbeitstag-bei-ihnen-aus?\" aria-expanded=\"false\" aria-controls=\"accordion-383398657-content\">\n\t\t\t<button class=\"toggle\" aria-label=\"Umschalten\"><i class=\"icon-angle-down\" aria-hidden=\"true\"><\/i><\/button>\n\t\t\t<span>Beschreiben Sie Ihre Arbeit! Wie sieht ein typischer Arbeitstag bei Ihnen aus?<\/span>\n\t\t<\/a>\n\t\t<div id=\"accordion-383398657-content\" class=\"accordion-inner\" aria-labelledby=\"accordion-383398657-label\">\n\t\t\t\n<p>Das Referat wurde mit meiner Einstellung neu geschaffen. Ich baue diesen Bereich auf und das ist sehr vielseitig und abwechslungsreich, d.h. einen \u201etypischen\u201c Arbeitstag gibt es in dem Sinne f\u00fcr mich nicht.<\/p>\n<p>Hauptaufgabe ist f\u00fcr mich im Moment die Erarbeitung eines Digitalisierungskonzepts f\u00fcr das BLHA, daf\u00fcr denke ich &#8211; grob gesprochen &#8211; \u00fcber die Vergabe von Dateinamen, die Anschaffung von Scannern, Speicherorte und Workflows nach. Daneben besch\u00e4ftigten mich die vielen aktuellen Aufgaben aus dem Tagesgesch\u00e4ft: das k\u00f6nnen Besprechungen zu anstehenden Digitalisierungsprojekten, Auftragsvergaben, aber auch so konkrete Dinge wie die M\u00f6belausstattung der Digitalisierungswerkstatt sein.<\/p>\n<p>Das Digitalisierungslabor der Fachhochschule Potsdam ist \u00fcbrigens f\u00fcr mein Referat ein wichtiger Kooperationspartner, mit dem Abschluss eines Forschungsvertrags Ende 2016 ist es dem BLHA und der Fachhochschule Potsdam gelungen, die Zusammenarbeit zu festigen, was mich sehr freut.<\/p>\n\t\t<\/div>\n\t<\/div>\n\t\n\t<div id=\"accordion-3429462766\" class=\"accordion-item\">\n\t\t<a id=\"accordion-3429462766-label\" class=\"accordion-title plain\" href=\"#accordion-item-warum-haben-sie-sich-f\u00fcr-den-studiengang-archiv-entschieden?\" aria-expanded=\"false\" aria-controls=\"accordion-3429462766-content\">\n\t\t\t<button class=\"toggle\" aria-label=\"Umschalten\"><i class=\"icon-angle-down\" aria-hidden=\"true\"><\/i><\/button>\n\t\t\t<span>Warum haben Sie sich f\u00fcr den Studiengang Archiv entschieden?<\/span>\n\t\t<\/a>\n\t\t<div id=\"accordion-3429462766-content\" class=\"accordion-inner\" aria-labelledby=\"accordion-3429462766-label\">\n\t\t\t\n<p>Meine Entscheidung f\u00fcr das Archivstudium kam ein bisschen auf Umwegen. Aber Ausgangspunkt war mein Interesse f\u00fcr Geschichte im Allgemeinen und die Regionalgeschichte Potsdams im Besonderen. <br \/>Das Archivstudium bot aus meiner Sicht einen ganz praktischen Zugang dazu, ohne sich wie im Geschichtsstudium zu sehr auf einen Schwerpunkt spezialisieren zu m\u00fcssen. Im Studium habe ich dann gelernt, dass die Archivlandschaft noch vielf\u00e4ltiger ist, als ich zu Beginn annahm, und somit auch die Aufgaben, die sich mit der Bewahrung von Archivgut verkn\u00fcpfen.<\/p>\n\t\t<\/div>\n\t<\/div>\n\t\n\t<div id=\"accordion-116554205\" class=\"accordion-item\">\n\t\t<a id=\"accordion-116554205-label\" class=\"accordion-title plain\" aria-expanded=\"false\" aria-controls=\"accordion-116554205-content\">\n\t\t\t<button class=\"toggle\" aria-label=\"Umschalten\"><i class=\"icon-angle-down\" aria-hidden=\"true\"><\/i><\/button>\n\t\t\t<span>Schildern sie ihren beruflichen Werdegang. Bzw.: Wie sind sie zu ihrem jetzigen Beruf gekommen?<\/span>\n\t\t<\/a>\n\t\t<div id=\"accordion-116554205-content\" class=\"accordion-inner\" aria-labelledby=\"accordion-116554205-label\">\n\t\t\t\n<p>Die Studienzeit habe ich intensiv genutzt, um mich in der Archivwelt umzusehen, vor allem auch im Ausland: Ich hatte die M\u00f6glichkeit in Prag (Tschechien) und Sibiu (Rum\u00e4nien) ein Praktikum zu absolvieren. Meinen Berufseinstieg habe ich mit einer Projektstelle im Geheimen Staatsarchiv gemacht. Nach einer weiteren Besch\u00e4ftigung in der Berlinischen Galerie, Abteilung K\u00fcnstler-Archive, hatte ich das gro\u00dfe Gl\u00fcck meine jetzige Stelle zu bekommen. \u201eGro\u00dfes Gl\u00fcck\u201c deshalb, weil meine jetzige T\u00e4tigkeit inhaltlich so ziemlich genau meiner Ausbildung als Informationswissenschaftlerin, also dem Masterstudium an der Fachhochschule Potsdam, entspricht.<\/p>\n\t\t<\/div>\n\t<\/div>\n\t\n\t<div id=\"accordion-2093709072\" class=\"accordion-item\">\n\t\t<a id=\"accordion-2093709072-label\" class=\"accordion-title plain\" href=\"#accordion-item-was-fasziniert-sie-an-ihrer-t\u00e4tigkeit?\" aria-expanded=\"false\" aria-controls=\"accordion-2093709072-content\">\n\t\t\t<button class=\"toggle\" aria-label=\"Umschalten\"><i class=\"icon-angle-down\" aria-hidden=\"true\"><\/i><\/button>\n\t\t\t<span>Was fasziniert Sie an ihrer T\u00e4tigkeit?<\/span>\n\t\t<\/a>\n\t\t<div id=\"accordion-2093709072-content\" class=\"accordion-inner\" aria-labelledby=\"accordion-2093709072-label\">\n\t\t\t\n<p>Zum einem fasziniert mich &#8211; wie wohl die meisten der Archivare und Archivarinnen, nehme ich an, &#8211; der viel beschworene \u201eZauber des Originals\u201c. Auch wenn es vielleicht etwas abgedroschen klingt, aber sobald man ein spannendes Dokument in der Hand h\u00e4lt, ist er da! Meine Aufgabe im Archiv besteht ja im Wesentlichen darin, Zugang zu genau diesen Originalen zu schaffen, nicht nur f\u00fcr die Bearbeitung im Lesesaal, sondern auch f\u00fcr die Online-Bereitstellung. Die Digitalisierung bietet durch Metadaten und Images eine Vielzahl an M\u00f6glichkeiten, das Archivgut noch besser zu verkn\u00fcpfen und damit noch intensiver nutzbar zu machen. Diese M\u00f6glichkeiten f\u00fcr das BLHA zu entwickeln und umzusetzen, das begeistert mich an meiner T\u00e4tigkeit.<\/p>\n\t\t<\/div>\n\t<\/div>\n\t\n\t<div id=\"accordion-2089472645\" class=\"accordion-item\">\n\t\t<a id=\"accordion-2089472645-label\" class=\"accordion-title plain\" href=\"#accordion-item-was-erleben-sie-als-herausforderung-bei-ihrer-t\u00e4tigkeit?-bzw.-was-macht-es-evtl.-schwer?\" aria-expanded=\"false\" aria-controls=\"accordion-2089472645-content\">\n\t\t\t<button class=\"toggle\" aria-label=\"Umschalten\"><i class=\"icon-angle-down\" aria-hidden=\"true\"><\/i><\/button>\n\t\t\t<span>Was erleben Sie als Herausforderung bei Ihrer T\u00e4tigkeit? Bzw. was macht es evtl. schwer?<\/span>\n\t\t<\/a>\n\t\t<div id=\"accordion-2089472645-content\" class=\"accordion-inner\" aria-labelledby=\"accordion-2089472645-label\">\n\t\t\t\n<p>F\u00fcr die Fragestellungen der Digitalisierung gibt es keine Standardantworten. Daf\u00fcr ist die Aufgabe zu komplex, aber auch zu jung im Vergleich zu anderen Aufgaben wie z.B. der Erschlie\u00dfung im Archiv. Es gibt auch immer noch Vorbehalte gegen\u00fcber der Online- Repr\u00e4sentation von Schriftgut, diese sind z.T. berechtigt, z.T. auch nicht. Die Herausforderung ist, die Skeptiker mit einem guten Ergebnis zu \u00fcberzeugen.<\/p>\n\t\t<\/div>\n\t<\/div>\n\t\n\t<div id=\"accordion-2072836576\" class=\"accordion-item\">\n\t\t<a id=\"accordion-2072836576-label\" class=\"accordion-title plain\" href=\"#accordion-item-was-ist-ihrer-meinung-nach-das-wichtigste,-das-sie-w\u00e4hrend-des-studiums-f\u00fcr-ihren-aktuellen-beruf-gelernt-haben?\" aria-expanded=\"false\" aria-controls=\"accordion-2072836576-content\">\n\t\t\t<button class=\"toggle\" aria-label=\"Umschalten\"><i class=\"icon-angle-down\" aria-hidden=\"true\"><\/i><\/button>\n\t\t\t<span>Was ist Ihrer Meinung nach das Wichtigste, das Sie w\u00e4hrend des Studiums f\u00fcr Ihren aktuellen Beruf gelernt haben?<\/span>\n\t\t<\/a>\n\t\t<div id=\"accordion-2072836576-content\" class=\"accordion-inner\" aria-labelledby=\"accordion-2072836576-label\">\n\t\t\t\n<p>Bezogen auf meine heutige Aufgabe waren es vor allem die Seminare und Vorlesungen, in denen es um Datenbanken, Webtechnologie, Digitalisierung, Metadaten usw. ging. Auch wenn XML, Access, OAIS und Co. vielleicht nicht die Themen sind, die man als erstes mit einem Archiv in Verbindung bringt, wurden in diesen Seminaren die Grundlagen gelegt, die ich heute f\u00fcr meine Arbeit brauche. Doch ohne ein Verst\u00e4ndnis f\u00fcr die Kernaufgaben, Verwaltungsgeschichte, historischen Zusammenh\u00e4nge, Kenntnisse in den Hilfswissenschaften, Techniken des Projektmanagements, Diskussionen \u00fcber die Wissensgesellschaft u.a. h\u00e4tten die technischen Kenntnisse \u00fcber die Informationsbereitstellung keinen fachlichen Unterbau. Es geh\u00f6rt am Ende doch alles zusammen.<\/p>\n\t\t<\/div>\n\t<\/div>\n\t\n\t<div id=\"accordion-4201905766\" class=\"accordion-item\">\n\t\t<a id=\"accordion-4201905766-label\" class=\"accordion-title plain\" href=\"#accordion-item-gibt-es-etwas-im-studium,-das-ihnen-besonders-in-erinnerung-geblieben-ist?\" aria-expanded=\"false\" aria-controls=\"accordion-4201905766-content\">\n\t\t\t<button class=\"toggle\" aria-label=\"Umschalten\"><i class=\"icon-angle-down\" aria-hidden=\"true\"><\/i><\/button>\n\t\t\t<span>Gibt es etwas im Studium, das Ihnen besonders in Erinnerung geblieben ist?<\/span>\n\t\t<\/a>\n\t\t<div id=\"accordion-4201905766-content\" class=\"accordion-inner\" aria-labelledby=\"accordion-4201905766-label\">\n\t\t\t\n<p>Weil es mir besonders viel Spa\u00df gemacht hat, denke ich oft an das Pal\u00e4ografie-Seminar im Studium. Das war gut. Auch die Projekte, die im archivp\u00e4dagogischen Bereich oder im Interflex Programm stattfanden, waren lehrreich &#8211; nicht nur bez\u00fcglich der Inhalte, sondern auch was die Zusammenarbeit in einer Arbeitsgruppe angeht. <br \/>Als 2009 das Archiv in K\u00f6ln eingest\u00fcrzt ist, sind wir mit einer Gruppe von Studierenden hingefahren, um dort im Erstversorgungszentrum eine Woche lang bei der Grobreinigung und Erstverzeichnung der geborgenen Akten zu helfen. Das bleibt unvergessen, denn so traurig der Anlass war, so einmalig war er auch.<\/p>\n\t\t<\/div>\n\t<\/div>\n\t\n\t<div id=\"accordion-1440272111\" class=\"accordion-item\">\n\t\t<a id=\"accordion-1440272111-label\" class=\"accordion-title plain\" href=\"#accordion-item-was-sollte-man-an-interessen-bzw.-f\u00e4higkeiten-f\u00fcr-dieses-berufsfeld-mitbringen,-im-studium-erwerben-oder-sich-ggf.-durch-zusatzqualifikationen-aneignen?\" aria-expanded=\"false\" aria-controls=\"accordion-1440272111-content\">\n\t\t\t<button class=\"toggle\" aria-label=\"Umschalten\"><i class=\"icon-angle-down\" aria-hidden=\"true\"><\/i><\/button>\n\t\t\t<span>Was sollte man an Interessen bzw. F\u00e4higkeiten f\u00fcr dieses Berufsfeld mitbringen, im Studium erwerben oder sich ggf. durch Zusatzqualifikationen aneignen?<\/span>\n\t\t<\/a>\n\t\t<div id=\"accordion-1440272111-content\" class=\"accordion-inner\" aria-labelledby=\"accordion-1440272111-label\">\n\t\t\t\n<p>Wenn man so will, ist Archivgut eine Vielzahl von Informationen, die organisiert, strukturiert und verkn\u00fcpft werden sollen. Diese Aufgabe hat im Grunde kein Ende, da die \u00dcbernahme von Akten in das Archiv eine anhaltende, gesetzlich verankerte Aufgabe ist. In Anbetracht dessen ist es sicher eine gute Voraussetzung, wenn man Freude am strukturierten und vernetzten Denken und Arbeiten hat und eine gewisse Sensibilit\u00e4t f\u00fcr den unwiederbringlichen Wert der Originale mitbringt, mit denen man es zu tun haben wird &#8211; egal ob Urkunde oder Verwaltungsvorgang. Alles Weitere ergibt sich.<\/p>\n\t\t<\/div>\n\t<\/div>\n\t\n\t<div id=\"accordion-1260005089\" class=\"accordion-item\">\n\t\t<a id=\"accordion-1260005089-label\" class=\"accordion-title plain\" aria-expanded=\"false\" aria-controls=\"accordion-1260005089-content\">\n\t\t\t<button class=\"toggle\" aria-label=\"Umschalten\"><i class=\"icon-angle-down\" aria-hidden=\"true\"><\/i><\/button>\n\t\t\t<span>Was w\u00fcrden Sie Studieninteressierten mit auf den Weg geben? Bzw.: Welchen Rat w\u00fcrden Sie Studienanf\u00e4ngern geben, die sp\u00e4ter ebenfalls Ihren Beruf aus\u00fcben wollen?<\/span>\n\t\t<\/a>\n\t\t<div id=\"accordion-1260005089-content\" class=\"accordion-inner\" aria-labelledby=\"accordion-1260005089-label\">\n\t\t\t\n<p>Die Archivsparten und Aufgaben im Archivwesen sind so vielf\u00e4ltig, dass es sich lohnt, w\u00e4hrend des Studiums bzw. im Rahmen von Praktika und Projekten in m\u00f6glichst viele Bereiche reinzuschnuppern, um herauszufinden, in welchem Bereich man sp\u00e4ter arbeiten will.<\/p>\n\t\t<\/div>\n\t<\/div>\n\t\n<\/div>\n\t\t<\/div>\n\t\t\t\t\t<\/div>\n\n\t\n\n\t<div id=\"col-1649488613\" class=\"col medium-4 small-12 large-4\"  >\n\t\t\t\t<div class=\"col-inner\"  >\n\t\t\t\n\t\t\t\n\t<div class=\"img has-hover x md-x lg-x y md-y lg-y\" id=\"image_1922856578\">\n\t\t\t\t\t\t\t\t<div class=\"img-inner dark\" >\n\t\t\t<img loading=\"lazy\" decoding=\"async\" width=\"360\" height=\"246\" src=\"https:\/\/osadev.fh-potsdam.de\/archiv\/wp-content\/uploads\/sites\/9\/2018\/04\/5_Julia_M_OSA-A.jpg\" class=\"attachment-large size-large\" alt=\"\" srcset=\"https:\/\/osadev.fh-potsdam.de\/archiv\/wp-content\/uploads\/sites\/9\/2018\/04\/5_Julia_M_OSA-A.jpg 360w, https:\/\/osadev.fh-potsdam.de\/archiv\/wp-content\/uploads\/sites\/9\/2018\/04\/5_Julia_M_OSA-A-300x205.jpg 300w\" sizes=\"auto, (max-width: 360px) 100vw, 360px\" \/>\t\t\t\t\t\t\n\t\t\t\t\t<\/div>\n\t\t\t\t\t\t\t\t\n<style>\n#image_1922856578 {\n  width: 100%;\n}\n<\/style>\n\t<\/div>\n\t\n<p style=\"text-align:right;margin-top:-10px;font-size:12px;\">Quelle: privat<\/p>\n\t\t<\/div>\n\t\t\t\t\t<\/div>\n\n\t\n<\/div>\n<div class=\"row\"  id=\"row-726143438\">\n<div class=\"col ctrl-buttons\">\n<div class=\"ctrl-buttons-left\"><a href=\"\/archiv\/aussichten\/interviews-mit-absolventinnen-und-absolventen\/lennart-m-archivar\/\" class=\"button primary lowercase previous\" >\n\t\t<span>zur\u00fcck<\/span>\n\t<\/a>\n<\/div>\n<div class=\"ctrl-buttons-right\"><a href=\"\/archiv\/aussichten\/interviews-mit-absolventinnen-und-absolventen\/masterstudium\/\" class=\"button primary lowercase next\" >\n\t\t<span>weiter<\/span>\n\t<\/a>\n<\/div>\n<\/p><\/div>\n<\/div>\n","protected":false},"excerpt":{"rendered":"","protected":false},"author":3,"featured_media":0,"parent":242,"menu_order":0,"comment_status":"closed","ping_status":"closed","template":"","meta":{"_acf_changed":false,"powered_cache_disable_cache":false,"footnotes":""},"class_list":["post-263","page","type-page","status-publish","hentry"],"acf":[],"_links":{"self":[{"href":"https:\/\/osadev.fh-potsdam.de\/archiv\/wp-json\/wp\/v2\/pages\/263","targetHints":{"allow":["GET"]}}],"collection":[{"href":"https:\/\/osadev.fh-potsdam.de\/archiv\/wp-json\/wp\/v2\/pages"}],"about":[{"href":"https:\/\/osadev.fh-potsdam.de\/archiv\/wp-json\/wp\/v2\/types\/page"}],"author":[{"embeddable":true,"href":"https:\/\/osadev.fh-potsdam.de\/archiv\/wp-json\/wp\/v2\/users\/3"}],"replies":[{"embeddable":true,"href":"https:\/\/osadev.fh-potsdam.de\/archiv\/wp-json\/wp\/v2\/comments?post=263"}],"version-history":[{"count":18,"href":"https:\/\/osadev.fh-potsdam.de\/archiv\/wp-json\/wp\/v2\/pages\/263\/revisions"}],"predecessor-version":[{"id":1170,"href":"https:\/\/osadev.fh-potsdam.de\/archiv\/wp-json\/wp\/v2\/pages\/263\/revisions\/1170"}],"up":[{"embeddable":true,"href":"https:\/\/osadev.fh-potsdam.de\/archiv\/wp-json\/wp\/v2\/pages\/242"}],"wp:attachment":[{"href":"https:\/\/osadev.fh-potsdam.de\/archiv\/wp-json\/wp\/v2\/media?parent=263"}],"curies":[{"name":"wp","href":"https:\/\/api.w.org\/{rel}","templated":true}]}}