{"id":284,"date":"2018-02-01T14:39:31","date_gmt":"2018-02-01T13:39:31","guid":{"rendered":"https:\/\/osadev.fh-potsdam.de\/archiv\/?page_id=284"},"modified":"2019-11-03T19:23:47","modified_gmt":"2019-11-03T18:23:47","slug":"mein-fazit","status":"publish","type":"page","link":"https:\/\/osadev.fh-potsdam.de\/archiv\/mein-fazit\/","title":{"rendered":"Mein Fazit"},"content":{"rendered":"<div class=\"row\"  id=\"row-1208634523\">\n\n\t<div id=\"col-1170245338\" class=\"col medium-5 small-12 large-5\"  >\n\t\t\t\t<div class=\"col-inner\"  >\n\t\t\t\n\t\t\t\n<h1>Schl\u00fcsselkompetenzen<\/h1>\n<p>Aus der Perspektive von Lehrenden im Studiengang Archiv sind die folgenden sechs Kompetenzen g\u00fcnstig f\u00fcr ein erfolgreiches Studium im Studiengang Archiv.<\/p>\n<p>Klicken Sie auf die Puzzleteile, um sich die Erl\u00e4uterungen anzeigen zu lassen!<\/p>\n\t\t<\/div>\n\t\t\t\t\t<\/div>\n\n\t\n\n\t<div id=\"col-1739915838\" class=\"col infobox-col medium-3 small-12 large-3\"  >\n\t\t\t\t<div class=\"col-inner\"  >\n\t\t\t\n\t\t\t\n<div class=\"row\"  id=\"row-1526341342\">\n\n\t<div id=\"col-698840770\" class=\"col offenheit infobox small-12 large-12\"  >\n\t\t\t\t<div class=\"col-inner\"  >\n\t\t\t\n\t\t\t\n<div class=\"close\">x<\/div>\n<p><b>Offenheit<\/b><\/p>\n<p>Kann es im Archiv \u00fcberhaupt etwas Neues geben? Manchen mag es verwundern, dass ausgerechnet Offenheit f\u00fcr Neues eine der wichtigsten Eigenschaften f\u00fcr ArchivarInnen ist.<\/p>\n<p>Tats\u00e4chlich begegnen uns jedoch kaum irgendwo vielf\u00e4ltigere Zeugnisse menschlichen Handelns als im Archiv. F\u00fcr den Umgang mit diesen Unterlagen ist Offenheit eine Grundvoraussetzung. Und ebenso ist Offenheit erforderlich f\u00fcr die Anwendung immer wieder neuer Methoden, um die Dokumente der Vergangenheit zu erhalten und der Nachwelt zu vermitteln.<\/p>\n\t\t<\/div>\n\t\t\t\t\t<\/div>\n\n\t\n\n\t<div id=\"col-769975580\" class=\"col strukturieren-organisieren infobox small-12 large-12\"  >\n\t\t\t\t<div class=\"col-inner\"  >\n\t\t\t\n\t\t\t\n<div class=\"close\">x<\/div>\n<p><b>Analytisches Denken<\/b><\/p>\n<p>Analysieren im Archiv hei\u00dft, die archivierten Dokumente verstehen zu k\u00f6nnen, um sie den NutzerInnen zu vermitteln. ArchivarInnen interpretieren die Quellen, wenn sie selbst Texte zur Geschichte verfassen. Die Analyse der Herkunft, Struktur und Beschaffenheit der Dokumente dient auch dazu, archivische Methoden zu entwickeln. Im Archiv hat man es mit einer enormen Menge an Zeugnissen zu tun &#8211; undenkbar, sich mit jedem einzelnen Foto, jeder Akte, Urkunde oder jeder Datei befassen zu k\u00f6nnen. Daher entwickeln ArchivarInnen Methoden, die sie auf viele Archivalien gleicherma\u00dfen anwenden k\u00f6nnen.<\/p>\n\t\t<\/div>\n\t\t\t\t\t<\/div>\n\n\t\n\n\t<div id=\"col-98739554\" class=\"col it-affinitaet infobox small-12 large-12\"  >\n\t\t\t\t<div class=\"col-inner\"  >\n\t\t\t\n\t\t\t\n<div class=\"close\">x<\/div>\n<p><b>Kommunikation &amp; Service<\/b><\/p>\n<p>Der Informations- und Beratungsservice ist das Aush\u00e4ngeschild eines Archivs. Je besser es mit den NutzerInnen kommuniziert und ihnen hilft, ihre Anfragen zu konkretisieren, desto besser sind die Rechercheergebnisse. Aufgabe von ArchivarInnen ist es, Informationen allgemein verst\u00e4ndlich darzustellen, und zwar m\u00fcndlich wie schriftlich. Twitter, Whatsapp, Instragram u.a. Nachrichten-diente belegen zwar t\u00e4glich, dass Grammatik, Orthographie oder gar gut lesbarer Stil f\u00fcr viele nicht mehr angesagt sind. Eine gute Ausdrucksf\u00e4higkeit in Wort und Schrift ist jedoch die Basis der aktiven und erfolgreichen Kommunikation, und zwar sowohl im pers\u00f6nlichen Gespr\u00e4ch als auch in der digitalen Welt. Denn Pr\u00e4zision und Transparenz zeichnen Archive als Informationsdienstleister und kompetente Partner aus.<\/p>\n\t\t<\/div>\n\t\t\t\t\t<\/div>\n\n\t\n\n\t<div id=\"col-452889266\" class=\"col kommunikation-service infobox small-12 large-12\"  >\n\t\t\t\t<div class=\"col-inner\"  >\n\t\t\t\n\t\t\t\n<div class=\"close\">x<\/div>\n<p><b>IT-Affinit\u00e4t<\/b><\/p>\n<p>Computer in Archiven? Aber ja, bei der t\u00e4glichen Arbeit und im Digitalen Archiv. Archive sind im Digitalen Zeitalter doppelt betroffen: Zum einen sind digitale Dokumente zu archivieren, zum anderen arbeiten ArchivarInnen st\u00e4ndig mit verschiedenen IT-Anwendungen.<\/p>\n<p>Notwendig ist, dass man digitale Archivalien genauso analysieren und verstehen kann wie analoge. Gleichzeitig muss man wissen, wie man mit digitalen Hilfsmitteln umgehen kann und welche am besten geeignet sind, z.B. f\u00fcr die Erschlie\u00dfung, Digitalisierung und digitale Archivierung sowie f\u00fcr die digitale Bereitstellung im Internet.<\/p>\n\t\t<\/div>\n\t\t\t\t\t<\/div>\n\n\t\n\n\t<div id=\"col-1596566834\" class=\"col wissenschaft-gesellschaft-politik infobox small-12 large-12\"  >\n\t\t\t\t<div class=\"col-inner\"  >\n\t\t\t\n\t\t\t\n<div class=\"close\">x<\/div>\n<p><b>Geschichte, Politik &amp; Gesellschaft<\/b><\/p>\n<p>ArchivarInnen sollten in der Lage sein, sich von Geschichte, Politik, Gesellschaft sowie von sozialen Entwicklungen ein eigenes Bild zu machen. Dazu geh\u00f6rt ein aktives Interesse an wissenschaftlicher Literatur, Kunst und Kultur, aber auch an der aktuellen Medienberichterstattung. Die F\u00e4higkeit, sich ein kritisches Urteil zu bilden, darum geht es auch bei der Quellenarbeit im Archiv. Und hierf\u00fcr ben\u00f6tigt man umfassendes Hintergrundwissen, Analysef\u00e4higkeit und die Leidenschaft, auf historische Spurensuche zu gehen. Archivalien k\u00f6nnen nur dann zum Sprechen gebracht werden, wenn man sie befragt. Und um zielf\u00fchrende Fragen stellen und die f\u00fcr die k\u00fcnftige Forschung wesentlichen Archivalien erkennen zu k\u00f6nnen, muss man die Vergangenheit kennen, um die Gegenwart zu verstehen und die Zukunft mitzugestalten.<\/p>\n\t\t<\/div>\n\t\t\t\t\t<\/div>\n\n\t\n\n\t<div id=\"col-513695102\" class=\"col abstraktes-analytisches-denken infobox small-12 large-12\"  >\n\t\t\t\t<div class=\"col-inner\"  >\n\t\t\t\n\t\t\t\n<div class=\"close\">x<\/div>\n<p><b>Strukturieren &amp; Organisieren<\/b><\/p>\n<p>\u201eOrdnen ist etwas f\u00fcr Pedanten.\u201c Gilt dies auch f\u00fcr die T\u00e4tigkeit von ArchivarInnen?<\/p>\n<p>Keineswegs, denn sie besch\u00e4ftigen sich weniger mit formalem Ordnen, sondern damit, Zusammenh\u00e4nge zwischen verschiedenen Unterlagen erkennbar zu machen. Jedes Schriftzeugnis entsteht in einem Zusammenhang. Diesen sichtbar zu machen, ist eine Grundlage kritischer Erkenntnis und hilft den ForscherInnen, ihren Weg durch das Dickicht der \u00dcberlieferung zu finden.<\/p>\n<p>Strukturiert zu denken, ist daher ebenso eine Voraussetzung f\u00fcr archivarisches Arbeiten wie die F\u00e4higkeit, vielf\u00e4ltige T\u00e4tigkeiten organisiert durchzuf\u00fchren.<\/p>\n\t\t<\/div>\n\t\t\t\t\t<\/div>\n\n\t\n<\/div>\n\t\t<\/div>\n\t\t\t\t\t<\/div>\n\n\t\n\n\t<div id=\"col-463028733\" class=\"col medium-7 small-12 large-7\"  >\n\t\t\t\t<div class=\"col-inner\"  >\n\t\t\t\n\t\t\t\n<p><!-- Image Map Generated by http:\/\/www.image-map.net\/ --><br \/>\n<img decoding=\"async\" src=\"https:\/\/osa.fh-potsdam.de\/archiv\/wp-content\/uploads\/sites\/9\/2018\/04\/fazit-1.jpg\" usemap=\"#image-map\"><\/p>\n<map name=\"image-map\">\n<area target=\"\" alt=\"\" title=\"\" href=\"#offenheit\" coords=\"45,56,58,81,46,87,43,100,55,110,70,107,80,125,93,124,149,86,135,62,157,46,137,35,126,38,122,20,108,16,73,34\" shape=\"poly\">\n<area target=\"\" alt=\"\" title=\"\" href=\"#strukturieren-organisieren\" coords=\"235,203,215,217,198,210,187,218,190,242,189,262,207,271,208,289,231,293,238,285,260,293,285,257,268,248,272,239,286,238,293,244,307,223,258,208\" shape=\"poly\">\n<area target=\"\" alt=\"\" title=\"\" href=\"#it-affinitaet\" coords=\"309,225,296,243,282,239,274,239,269,247,285,256,271,279,307,288,315,274,327,276,334,280,334,292,328,297,368,313,393,281,396,251,367,238,369,226,356,220,348,226,344,234\" shape=\"poly\">\n<area target=\"\" alt=\"\" title=\"\" href=\"#wissenschaft-gesellschaft-politik\" coords=\"270,282,225,344,229,371,320,404,319,380,343,349,354,359,363,359,370,353,370,344,359,338,348,336,358,311,327,298,331,291,332,283,322,277,314,277,308,288\" shape=\"poly\">\n<area target=\"\" alt=\"\" title=\"\" href=\"#abstraktes-analytisches-denken\" coords=\"341,352,322,376,320,404,341,425,408,429,429,403,457,403,464,382,460,369,454,345,419,327,426,311,412,308,404,321,358,314,351,330,363,338,371,346,368,358,355,362\" shape=\"poly\">\n<area target=\"\" alt=\"\" title=\"\" href=\"#kommunikation-service\" coords=\"458,216,529,235,531,250,527,260,533,272,536,281,530,289,523,291,513,288,501,321,428,298,421,279,433,260,421,263,418,242,429,233,446,240\" shape=\"poly\">\n<\/map>\n\t\t<\/div>\n\t\t\t\t\t<\/div>\n\n\t\n<\/div>\n<div class=\"row\"  id=\"row-1311594947\">\n<div class=\"col ctrl-buttons\">\n<div class=\"ctrl-buttons-left\">\n<a href=\"\/archiv\/aussichten\/interviews-mit-absolventinnen-und-absolventen\/masterstudium\/\" class=\"button primary lowercase previous\" >\n\t\t<span>zur\u00fcck<\/span>\n\t<\/a>\n\n<\/div>\n<div class=\"ctrl-buttons-right\">\n<a href=\"\/archiv\/mein-fazit\/archiv-studieren\/\" class=\"button primary lowercase next\" >\n\t\t<span>weiter<\/span>\n\t<\/a>\n\n<\/div>\n<\/div>\n<\/div>\n","protected":false},"excerpt":{"rendered":"","protected":false},"author":3,"featured_media":0,"parent":0,"menu_order":0,"comment_status":"closed","ping_status":"closed","template":"","meta":{"_acf_changed":false,"powered_cache_disable_cache":false,"footnotes":""},"class_list":["post-284","page","type-page","status-publish","hentry"],"acf":[],"_links":{"self":[{"href":"https:\/\/osadev.fh-potsdam.de\/archiv\/wp-json\/wp\/v2\/pages\/284","targetHints":{"allow":["GET"]}}],"collection":[{"href":"https:\/\/osadev.fh-potsdam.de\/archiv\/wp-json\/wp\/v2\/pages"}],"about":[{"href":"https:\/\/osadev.fh-potsdam.de\/archiv\/wp-json\/wp\/v2\/types\/page"}],"author":[{"embeddable":true,"href":"https:\/\/osadev.fh-potsdam.de\/archiv\/wp-json\/wp\/v2\/users\/3"}],"replies":[{"embeddable":true,"href":"https:\/\/osadev.fh-potsdam.de\/archiv\/wp-json\/wp\/v2\/comments?post=284"}],"version-history":[{"count":37,"href":"https:\/\/osadev.fh-potsdam.de\/archiv\/wp-json\/wp\/v2\/pages\/284\/revisions"}],"predecessor-version":[{"id":1386,"href":"https:\/\/osadev.fh-potsdam.de\/archiv\/wp-json\/wp\/v2\/pages\/284\/revisions\/1386"}],"wp:attachment":[{"href":"https:\/\/osadev.fh-potsdam.de\/archiv\/wp-json\/wp\/v2\/media?parent=284"}],"curies":[{"name":"wp","href":"https:\/\/api.w.org\/{rel}","templated":true}]}}