{"id":293,"date":"2018-02-01T14:58:27","date_gmt":"2018-02-01T13:58:27","guid":{"rendered":"https:\/\/osadev.fh-potsdam.de\/archiv\/?page_id=293"},"modified":"2022-11-26T13:36:54","modified_gmt":"2022-11-26T12:36:54","slug":"archiv-studieren","status":"publish","type":"page","link":"https:\/\/osadev.fh-potsdam.de\/archiv\/mein-fazit\/archiv-studieren\/","title":{"rendered":"Archiv studieren?"},"content":{"rendered":"<div class=\"row\"  id=\"row-284672309\">\n\n\t<div id=\"col-1691775730\" class=\"col title-row small-12 large-12\"  >\n\t\t\t\t<div class=\"col-inner\"  >\n\t\t\t\n\t\t\t\n<h1><b>Archiv studieren?<\/b><\/h1>\n\t\t<\/div>\n\t\t\t\t\t<\/div>\n\n\t\n\n\t<div id=\"col-58348227\" class=\"col medium-6 small-12 large-6\"  >\n\t\t\t\t<div class=\"col-inner\"  >\n\t\t\t\n\t\t\t\n<p><strong>Sie sind sich sicher, dass Archiv der richtige Studiengang f\u00fcr Sie ist?<br \/>\n<\/strong>Hier finden Sie <a href=\"https:\/\/www.fh-potsdam.de\/studium-weiterbildung\/studiengaenge\/archiv-b#section-2674\" target=\"_blank\" rel=\"noopener noreferrer\"><u>Hinweise zur Bewerbung<\/u><\/a>:<\/p>\n<p style=\"margin: 0;\"><strong>Sie sind sich noch nicht sicher, ob Archiv der richtige Studiengang f\u00fcr<br \/>\nSie ist?<br \/>\n<\/strong>Hier finden Sie weitere Informationen zum Studiengang auf den Seiten des <u><a href=\"https:\/\/www.fh-potsdam.de\/studieren\/fachbereiche\/informationswissenschaften\/\" target=\"_blank\" rel=\"noopener noreferrer\">Fachbereichs Informationswissenschaften<\/a>\u00a0<\/u>der Fachhochschule Potsdam: Im Fachbereich Informationswissenschaften gibt es noch weitere<br \/>\nBachelor-Studieng\u00e4nge. Hier k\u00f6nnen Sie sich informieren.<\/p>\n<ul>\n<li><a href=\"https:\/\/www.fh-potsdam.de\/studium-weiterbildung\/studiengaenge\/informations-und-datenmanagement-b\" target=\"_blank\" rel=\"noopener noreferrer\"><u>Informations- und Datenmanagement, B.A.<\/u><\/a><\/li>\n<li><a href=\"https:\/\/www.fh-potsdam.de\/studieren\/fachbereiche\/informationswissenschaften\/studium\/studiengaenge\/bibliothekswissenschaft-ba\/\" target=\"_blank\" rel=\"noopener noreferrer\"><u>Bibliothekswissenschaft, <\/u><u>B.A<\/u>.<\/a><\/li>\n<\/ul>\n<p><strong>Sie w\u00fcrden sich gern pers\u00f6nlich beraten lassen?<br \/>\n<\/strong>In der <a href=\"https:\/\/www.fh-potsdam.de\/studium-weiterbildung\/studienberatung\/studienfachberatung\" target=\"_blank\" rel=\"noopener noreferrer\"><u>Studienfachberatung<\/u><\/a> und in der <a href=\"https:\/\/www.fh-potsdam.de\/studium-weiterbildung\/studienberatung\" target=\"_blank\" rel=\"noopener noreferrer\"><u>allgemeinen Studienberatung <\/u><\/a>gibt es die M\u00f6glichkeit zu einem pers\u00f6nlichen Beratungsgespr\u00e4ch.<\/p>\n\t\t<\/div>\n\t\t\t\t\t<\/div>\n\n\t\n\n\t<div id=\"col-1883076875\" class=\"col medium-6 small-12 large-6\"  >\n\t\t\t\t<div class=\"col-inner\"  >\n\t\t\t\n\t\t\t\n<p>Was raten Sie Studieninteressierten, die noch unsicher sind, ob Archiv das richtige Fach f\u00fcr sie ist?<\/p>\n<div class=\"row interview-1\"  id=\"row-1770246006\">\n\n\t<div id=\"col-525430893\" class=\"col small-12 large-12\"  >\n\t\t\t\t<div class=\"col-inner\"  >\n\t\t\t\n\t\t\t\n<div class=\"video video-fit mb\" style=\"padding-top:56.25%;\"><div style=\"width: 640px;\" class=\"wp-video\"><video class=\"wp-video-shortcode\" id=\"video-293-1\" width=\"640\" height=\"360\" preload=\"metadata\" controls=\"controls\"><source type=\"video\/mp4\" src=\"https:\/\/osa.fh-potsdam.de\/video\/ec\/OSA\/FB5_Karin%20Schwarz_7.mp4?_=1\" \/><a href=\"https:\/\/osa.fh-potsdam.de\/video\/ec\/OSA\/FB5_Karin%20Schwarz_7.mp4\">https:\/\/osa.fh-potsdam.de\/video\/ec\/OSA\/FB5_Karin%20Schwarz_7.mp4<\/a><\/video><\/div>\n<\/div>\n\t\t<\/div>\n\t\t\t\t\t<\/div>\n\n\t\n<\/div>\n<div class=\"row interview-2\"  id=\"row-408936613\">\n\n\t<div id=\"col-1457583786\" class=\"col small-12 large-12\"  >\n\t\t\t\t<div class=\"col-inner\"  >\n\t\t\t\n\t\t\t\n<div class=\"video video-fit mb\" style=\"padding-top:56.25%;\"><div style=\"width: 640px;\" class=\"wp-video\"><video class=\"wp-video-shortcode\" id=\"video-293-2\" width=\"640\" height=\"360\" preload=\"metadata\" controls=\"controls\"><source type=\"video\/mp4\" src=\"https:\/\/osa.fh-potsdam.de\/video\/ec\/OSA\/FB5_Herr_Scholz_6.mp4?_=2\" \/><a href=\"https:\/\/osa.fh-potsdam.de\/video\/ec\/OSA\/FB5_Herr_Scholz_6.mp4\">https:\/\/osa.fh-potsdam.de\/video\/ec\/OSA\/FB5_Herr_Scholz_6.mp4<\/a><\/video><\/div>\n<\/div>\n\t\t<\/div>\n\t\t\t\t\t<\/div>\n\n\t\n<\/div>\n<div class=\"row row-small\"  id=\"row-1491309199\">\n\n\t<div id=\"col-374153185\" class=\"col medium-7 small-12 large-7\"  >\n\t\t\t\t<div class=\"col-inner\"  >\n\t\t\t\n\t\t\t\n<p class=\"interview-1\"><strong>Prof. Dr. Karin Schwarz<\/strong><br \/>\nProfessorin f\u00fcr Archivwissenschaft<\/p>\n<p class=\"interview-2\"><strong>Prof. Dr. Michael Scholz<\/strong><br \/>\nProfessor f\u00fcr Archivwissenschaft<\/p>\n\t\t<\/div>\n\t\t\t\t\t<\/div>\n\n\t\n\n\t<div id=\"col-1656676908\" class=\"col medium-5 small-12 large-5\"  >\n\t\t\t\t<div class=\"col-inner text-right\"  >\n\t\t\t\n\t\t\t\n<div class=\"row row-collapse\"  id=\"row-269695624\">\n\n\t<div id=\"col-1194170419\" class=\"col medium-6 small-6 large-6\"  >\n\t\t\t\t<div class=\"col-inner\"  >\n\t\t\t\n\t\t\t\n<div class=\"interview-1-toggle interview-first\"><img loading=\"lazy\" decoding=\"async\" class=\"attachment-large size-large\" src=\"https:\/\/osa.fh-potsdam.de\/archiv\/wp-content\/uploads\/sites\/9\/2018\/04\/m-scholz.jpg\" sizes=\"auto, (max-width: 473px) 100vw, 473px\" srcset=\"https:\/\/osa.fh-potsdam.de\/archiv\/wp-content\/uploads\/sites\/9\/2018\/04\/m-scholz.jpg 473w, https:\/\/osa.fh-potsdam.de\/archiv\/wp-content\/uploads\/sites\/9\/2018\/04\/m-scholz-300x168.jpg 300w\" alt=\"\" width=\"473\" height=\"265\" \/><\/div>\n\t\t<\/div>\n\t\t\t\t\t<\/div>\n\n\t\n\n\t<div id=\"col-1670610561\" class=\"col medium-6 small-6 large-6\"  >\n\t\t\t\t<div class=\"col-inner\"  >\n\t\t\t\n\t\t\t\n<div class=\"interview-2-toggle interview-second\"><img loading=\"lazy\" decoding=\"async\" class=\"attachment-large size-large\" src=\"https:\/\/osa.fh-potsdam.de\/archiv\/wp-content\/uploads\/sites\/9\/2018\/04\/k-schwarz.jpg\" sizes=\"auto, (max-width: 473px) 100vw, 473px\" srcset=\"https:\/\/osa.fh-potsdam.de\/archiv\/wp-content\/uploads\/sites\/9\/2018\/04\/k-schwarz.jpg 473w, https:\/\/osa.fh-potsdam.de\/archiv\/wp-content\/uploads\/sites\/9\/2018\/04\/k-schwarz-300x168.jpg 300w\" alt=\"\" width=\"473\" height=\"265\" \/><\/div>\n\t\t<\/div>\n\t\t\t\t\t<\/div>\n\n\t\n<\/div>\n\t\t<\/div>\n\t\t\t\t\t<\/div>\n\n\t\n<\/div>\n\t\t<\/div>\n\t\t\t\t\t<\/div>\n\n\t\n<\/div>\n<div class=\"row\"  id=\"row-665030096\">\n<div class=\"col ctrl-buttons\">\n<div class=\"ctrl-buttons-left\"><a href=\"\/archiv\/mein-fazit\/\" class=\"button primary lowercase previous\" >\n\t\t<span>zur\u00fcck<\/span>\n\t<\/a>\n<\/div>\n<div class=\"ctrl-buttons-right\"><a href=\"\/archiv\/mein-fazit\/feedback-osa\/\" class=\"button primary lowercase next\" >\n\t\t<span>weiter<\/span>\n\t<\/a>\n<\/div>\n<\/div>\n<\/div>\n","protected":false},"excerpt":{"rendered":"","protected":false},"author":11,"featured_media":0,"parent":284,"menu_order":0,"comment_status":"closed","ping_status":"closed","template":"","meta":{"_acf_changed":false,"powered_cache_disable_cache":false,"footnotes":""},"class_list":["post-293","page","type-page","status-publish","hentry"],"acf":[],"_links":{"self":[{"href":"https:\/\/osadev.fh-potsdam.de\/archiv\/wp-json\/wp\/v2\/pages\/293","targetHints":{"allow":["GET"]}}],"collection":[{"href":"https:\/\/osadev.fh-potsdam.de\/archiv\/wp-json\/wp\/v2\/pages"}],"about":[{"href":"https:\/\/osadev.fh-potsdam.de\/archiv\/wp-json\/wp\/v2\/types\/page"}],"author":[{"embeddable":true,"href":"https:\/\/osadev.fh-potsdam.de\/archiv\/wp-json\/wp\/v2\/users\/11"}],"replies":[{"embeddable":true,"href":"https:\/\/osadev.fh-potsdam.de\/archiv\/wp-json\/wp\/v2\/comments?post=293"}],"version-history":[{"count":50,"href":"https:\/\/osadev.fh-potsdam.de\/archiv\/wp-json\/wp\/v2\/pages\/293\/revisions"}],"predecessor-version":[{"id":1440,"href":"https:\/\/osadev.fh-potsdam.de\/archiv\/wp-json\/wp\/v2\/pages\/293\/revisions\/1440"}],"up":[{"embeddable":true,"href":"https:\/\/osadev.fh-potsdam.de\/archiv\/wp-json\/wp\/v2\/pages\/284"}],"wp:attachment":[{"href":"https:\/\/osadev.fh-potsdam.de\/archiv\/wp-json\/wp\/v2\/media?parent=293"}],"curies":[{"name":"wp","href":"https:\/\/api.w.org\/{rel}","templated":true}]}}