{"id":75,"date":"2018-02-01T10:32:14","date_gmt":"2018-02-01T09:32:14","guid":{"rendered":"https:\/\/osadev.fh-potsdam.de\/archiv\/?page_id=75"},"modified":"2019-11-03T19:19:26","modified_gmt":"2019-11-03T18:19:26","slug":"studium","status":"publish","type":"page","link":"https:\/\/osadev.fh-potsdam.de\/archiv\/studium\/","title":{"rendered":"Studium"},"content":{"rendered":"<div class=\"row\"  id=\"row-337818550\">\n\n\t<div id=\"col-1499896862\" class=\"col title-row small-12 large-12\"  >\n\t\t\t\t<div class=\"col-inner\"  >\n\t\t\t\n\t\t\t\n<h1><b>Archiv \u2013 Was ist das eigentlich?<\/b><\/h1>\n\t\t<\/div>\n\t\t\t\t\t<\/div>\n\n\t\n\n\t<div id=\"col-1594266189\" class=\"col medium-5 small-12 large-5\"  >\n\t\t\t\t<div class=\"col-inner\"  >\n\t\t\t\n\t\t\t\n<p>\u201eDas finde ich im Archiv!\u201c Historische Spurensuche beginnt im Archiv. Hier k\u00f6nnen Geheimnisse gel\u00fcftet und neue Erkenntnisse gewonnen werden. Archive speichern vergangenes Wissen und bilden damit die Grundlage f\u00fcr das Wissen der Gegenwart. Damit Archivrecherchen erfolgreich sind, ist jedoch qualifiziert ausgebildetes Personal notwendig. Welche Fachkompetenzen vermittelt also dieser Studiengang?<\/p>\n<p>Die Studierenden lernen, Unterlagen, die f\u00fcr ihren urspr\u00fcnglichen Zweck nicht mehr ben\u00f6tigt werden, zu bewerten. D.h. sie w\u00e4hlen aus, was dauerhaft f\u00fcr Forschung und Bildung erhalten wird. Dabei kann es sich um Papier handeln, aber auch um audiovisuelle Medien und zunehmend um digitale Unterlagen.<\/p>\n<p>Archive sind nicht nur der reale oder virtuelle Raum, in denen Dokumente gelagert werden, sondern Einrichtungen, die diese nach fachlichen Gesichtspunkten erschlie\u00dfen und sich dabei Methoden aus verschiedenen Disziplinen bedienen. Auf diese Weise werden historische Zeugnisse vom Mittelalter bis zur Zeitgeschichte der \u00d6ffentlichkeit f\u00fcr die individuelle Nutzung und durch die Historische Bildungs- und \u00d6ffentlichkeitsarbeit zur Verf\u00fcgung gestellt.<\/p>\n\t\t<\/div>\n\t\t\t\t\t<\/div>\n\n\t\n\n\t<div id=\"col-442373789\" class=\"col infobox-col medium-7 small-12 large-7\"  >\n\t\t\t\t<div class=\"col-inner\"  >\n\t\t\t\n\t\t\t\n<div class=\"row\"  id=\"row-1952905251\">\n\n\t<div id=\"col-513828770\" class=\"col box-1 infobox small-12 large-12\"  >\n\t\t\t\t<div class=\"col-inner\"  >\n\t\t\t\n\t\t\t\n<div class=\"close\">x<\/div>\n<p><b>Zeichen<\/b><\/p>\n<p>Zeichen bilden die Grundbausteine der Wissenstreppe. Sie k\u00f6nnen Buchstaben, Ziffern oder Symbole sein. Daten bestehen aus Zeichen die nach syntaktischen Regeln zusammengesetzt sind. Auf diese Weise werden aus Buchstaben W\u00f6rter, Wortgruppen und S\u00e4tze und aus Ziffern Zahlen- oder Datumsangaben. Zeichen stellen immer eine Kodierung dar. Buchstaben repr\u00e4sentieren beispielsweise die Laute unserer Sprache.<\/p>\n\t\t<\/div>\n\t\t\t\t\t<\/div>\n\n\t\n\n\t<div id=\"col-1604549469\" class=\"col box-2 infobox small-12 large-12\"  >\n\t\t\t\t<div class=\"col-inner\"  >\n\t\t\t\n\t\t\t\n<div class=\"close\">x<\/div>\n<p><b>Daten<\/b><\/p>\n<p>Daten sind von Rechnern verarbeitbare Zeichenketten, Symbole oder Muster, die bestimmten Regeln (Syntax) gen\u00fcgen aber noch keine Bedeutung haben. Beispielsweise kann man aus einer Ziffernfolge nicht erkennen, ob es sich um ein Datum, das Alter einer Person oder eine Telefonnummer handelt.<\/p>\n\t\t<\/div>\n\t\t\t\t\t<\/div>\n\n\t\n\n\t<div id=\"col-1299697441\" class=\"col box-3 infobox small-12 large-12\"  >\n\t\t\t\t<div class=\"col-inner\"  >\n\t\t\t\n\t\t\t\n<div class=\"close\">x<\/div>\n<p><b>Informationen<\/b><\/p>\n<p> Erst durch das Hinzuf\u00fcgen einer Beschreibung bzw. durch die Interpretation der Daten (Semantik) entstehen Informationen, \u2028die ein Mensch verstehen und interpretieren kann.<\/p>\n\t\t<\/div>\n\t\t\t\t\t<\/div>\n\n\t\n\n\t<div id=\"col-1194697465\" class=\"col box-4 infobox small-12 large-12\"  >\n\t\t\t\t<div class=\"col-inner\"  >\n\t\t\t\n\t\t\t\n<div class=\"close\">x<\/div>\n<p><b>Wissen<\/b><\/p>\n<p>Durch das Vernetzen verschiedener Informationen, die Anwendung von Informationen (Pragmatik) f\u00fcr eine bestimmte Probleml\u00f6sung oder eine Kontextualisierung von Informationen ist der Mensch in \u2028der Lage, Wissen zu erzeugen.<\/p>\n\t\t<\/div>\n\t\t\t\t\t<\/div>\n\n\t\n\n\t<div id=\"col-1875353614\" class=\"col box-5 infobox small-12 large-12\"  >\n\t\t\t\t<div class=\"col-inner\"  >\n\t\t\t\n\t\t\t\n<div class=\"close\">x<\/div>\n<p><b>Syntax<\/b><\/p>\n<p>In der Zeichenlehre (Semiotik) beschreibt die Syntax Regeln f\u00fcr \u2028die Anordnung und die Beziehung von Zeichen, z.B. dass eine Datumsangabe in der Form Tag.Monat.Jahr (01.01.2011) erfolgt. \u2028In der nat\u00fcrlichen Sprache beschreibt die Syntax (in dem Fall als Grammatik bezeichnet) den Aufbau und die Gliederung eines Satzes (Satzlehre). Die Syntax unterliegt Konventionen die, z.B. in jeder Sprache, vereinbart werden m\u00fcssen.<\/p>\n\t\t<\/div>\n\t\t\t\t\t<\/div>\n\n\t\n\n\t<div id=\"col-1840646867\" class=\"col box-6 infobox small-12 large-12\"  >\n\t\t\t\t<div class=\"col-inner\"  >\n\t\t\t\n\t\t\t\n<div class=\"close\">x<\/div>\n<p><b>Semantik<\/b><\/p>\n<p>Die Semantik beschreibt als Teil der Semiotik allgemein die Bedeutung von Zeichen oder als Teilgebiet der Linguistik die Bedeutung sprachlicher Zeichen. Die Bedeutung oder der Sinngehalt von Zeichen muss erlernt oder vereinbart werden und kann in verschiedenen Kontexten unterschiedlich sein.<\/p>\n\t\t<\/div>\n\t\t\t\t\t<\/div>\n\n\t\n\n\t<div id=\"col-1851061768\" class=\"col box-7 infobox small-12 large-12\"  >\n\t\t\t\t<div class=\"col-inner\"  >\n\t\t\t\n\t\t\t\n<div class=\"close\">x<\/div>\n<p><b>Kontext<\/b><\/p>\n<p> Der Kontext stellt einen Zusammenhang dar, aus dem heraus entweder die Bedeutung eines Zeichens oder eines Satzes abgeleitet werden kann oder er erweitert den Bezugsrahmen einer Information, indem sie mit anderen Information in Beziehung gesetzt wird. Ein anschauliches Beispiel ist die Verlinkung von Dokumenten in einem Hypertext (Webseite).<\/p>\n\t\t<\/div>\n\t\t\t\t\t<\/div>\n\n\t\n<\/div>\n\t\t<\/div>\n\t\t\t\t\t<\/div>\n\n\t\n\n\t<div id=\"col-1080157418\" class=\"col medium-7 small-12 large-7\"  >\n\t\t\t\t<div class=\"col-inner\"  >\n\t\t\t\n\t\t\t\n\t<div class=\"img has-hover x md-x lg-x y md-y lg-y\" id=\"image_1516140388\">\n\t\t\t\t\t\t\t\t<div class=\"img-inner dark\" >\n\t\t\t<img loading=\"lazy\" decoding=\"async\" width=\"600\" height=\"357\" src=\"https:\/\/osadev.fh-potsdam.de\/archiv\/wp-content\/uploads\/sites\/9\/2018\/04\/1_1_Eingangsbild_Studium_A_4.jpg\" class=\"attachment-large size-large\" alt=\"\" srcset=\"https:\/\/osadev.fh-potsdam.de\/archiv\/wp-content\/uploads\/sites\/9\/2018\/04\/1_1_Eingangsbild_Studium_A_4.jpg 600w, https:\/\/osadev.fh-potsdam.de\/archiv\/wp-content\/uploads\/sites\/9\/2018\/04\/1_1_Eingangsbild_Studium_A_4-300x179.jpg 300w\" sizes=\"auto, (max-width: 600px) 100vw, 600px\" \/>\t\t\t\t\t\t\n\t\t\t\t\t<\/div>\n\t\t\t\t\t\t\t\t\n<style>\n#image_1516140388 {\n  width: 100%;\n}\n<\/style>\n\t<\/div>\n\t\n\t\t<\/div>\n\t\t\t\t\t<\/div>\n\n\t\n<\/div>\n<div class=\"row\"  id=\"row-1401698482\">\n<div class=\"col ctrl-buttons\">\n<div class=\"ctrl-buttons-left\">\n<a href=\"\/archiv\/willkommen\/erwartungscheck\/\" class=\"button primary lowercase previous\" >\n\t\t<span>zur\u00fcck<\/span>\n\t<\/a>\n\n<\/div>\n<div class=\"ctrl-buttons-right\">\n<a href=\"\/archiv\/studium\/videointerviews\/\" class=\"button primary lowercase next\" >\n\t\t<span>weiter<\/span>\n\t<\/a>\n\n<\/div>\n<\/div>\n<\/div>\n","protected":false},"excerpt":{"rendered":"","protected":false},"author":3,"featured_media":0,"parent":0,"menu_order":0,"comment_status":"closed","ping_status":"closed","template":"","meta":{"_acf_changed":false,"powered_cache_disable_cache":false,"footnotes":""},"class_list":["post-75","page","type-page","status-publish","hentry"],"acf":[],"_links":{"self":[{"href":"https:\/\/osadev.fh-potsdam.de\/archiv\/wp-json\/wp\/v2\/pages\/75","targetHints":{"allow":["GET"]}}],"collection":[{"href":"https:\/\/osadev.fh-potsdam.de\/archiv\/wp-json\/wp\/v2\/pages"}],"about":[{"href":"https:\/\/osadev.fh-potsdam.de\/archiv\/wp-json\/wp\/v2\/types\/page"}],"author":[{"embeddable":true,"href":"https:\/\/osadev.fh-potsdam.de\/archiv\/wp-json\/wp\/v2\/users\/3"}],"replies":[{"embeddable":true,"href":"https:\/\/osadev.fh-potsdam.de\/archiv\/wp-json\/wp\/v2\/comments?post=75"}],"version-history":[{"count":26,"href":"https:\/\/osadev.fh-potsdam.de\/archiv\/wp-json\/wp\/v2\/pages\/75\/revisions"}],"predecessor-version":[{"id":1384,"href":"https:\/\/osadev.fh-potsdam.de\/archiv\/wp-json\/wp\/v2\/pages\/75\/revisions\/1384"}],"wp:attachment":[{"href":"https:\/\/osadev.fh-potsdam.de\/archiv\/wp-json\/wp\/v2\/media?parent=75"}],"curies":[{"name":"wp","href":"https:\/\/api.w.org\/{rel}","templated":true}]}}