{"id":755,"date":"2018-04-25T04:28:04","date_gmt":"2018-04-25T02:28:04","guid":{"rendered":"https:\/\/osadev.fh-potsdam.de\/archiv\/?page_id=755"},"modified":"2018-10-26T15:48:55","modified_gmt":"2018-10-26T13:48:55","slug":"lennart-m-archivar","status":"publish","type":"page","link":"https:\/\/osadev.fh-potsdam.de\/archiv\/aussichten\/interviews-mit-absolventinnen-und-absolventen\/lennart-m-archivar\/","title":{"rendered":"Lennart M., Archivar"},"content":{"rendered":"<div class=\"row\"  id=\"row-563255644\">\n\n\t<div id=\"col-1064629184\" class=\"col title-row-null small-12 large-12\"  >\n\t\t\t\t<div class=\"col-inner\"  >\n\t\t\t\n\t\t\t\n<h1><b>Lennart M., Archivar<\/b><\/h1>\n\t\t<\/div>\n\t\t\t\t\t<\/div>\n\n\t\n\n\t<div id=\"col-1578251845\" class=\"col medium-8 small-12 large-8\"  >\n\t\t\t\t<div class=\"col-inner\"  >\n\t\t\t\n\t\t\t\n<p><b>Studienabschluss: Archiv, B.A., Informationswissenschaften, M.A.<\/b><\/p>\n<div class=\"accordion\">\n\t<div id=\"accordion-1784114877\" class=\"accordion-item\">\n\t\t<a id=\"accordion-1784114877-label\" class=\"accordion-title plain active\" href=\"#accordion-item-stellen-sie-sich-und-ihren-beruf-kurz-vor!\" aria-expanded=\"true\" aria-controls=\"accordion-1784114877-content\">\n\t\t\t<button class=\"toggle\" aria-label=\"Umschalten\"><i class=\"icon-angle-down\" aria-hidden=\"true\"><\/i><\/button>\n\t\t\t<span>Stellen Sie sich und Ihren Beruf kurz vor!<\/span>\n\t\t<\/a>\n\t\t<div id=\"accordion-1784114877-content\" class=\"accordion-inner\" style=\"display: block;\" aria-labelledby=\"accordion-1784114877-label\">\n\t\t\t\n<p>Ich arbeite als Archivar im h\u00f6heren Kirchendienst im Bistumsarchiv in M\u00fcnster.<\/p>\n\t\t<\/div>\n\t<\/div>\n\t\n\t<div id=\"accordion-1261103622\" class=\"accordion-item\">\n\t\t<a id=\"accordion-1261103622-label\" class=\"accordion-title plain\" href=\"#accordion-item-beschreiben-sie-ihre-arbeit!-wie-sieht-ein-typischer-arbeitstag-bei-ihnen-aus?\" aria-expanded=\"false\" aria-controls=\"accordion-1261103622-content\">\n\t\t\t<button class=\"toggle\" aria-label=\"Umschalten\"><i class=\"icon-angle-down\" aria-hidden=\"true\"><\/i><\/button>\n\t\t\t<span>Beschreiben Sie Ihre Arbeit! Wie sieht ein typischer Arbeitstag bei Ihnen aus?<\/span>\n\t\t<\/a>\n\t\t<div id=\"accordion-1261103622-content\" class=\"accordion-inner\" aria-labelledby=\"accordion-1261103622-label\">\n\t\t\t\n<p>Ich bin verantwortlich f\u00fcr die Pfarrarchive im Bistum. Deshalb fahre ich fast jede Woche raus in die Pfarreien und berate die Pfarrsekret\u00e4rinnen, wie Sie ihr Schriftgut organisieren k\u00f6nnen, was kassiert werden kann und was f\u00fcr die dauerhafte Archivierung nach M\u00fcnster \u00fcbernommen werden soll. Au\u00dferdem bin ich f\u00fcr s\u00e4mtliche Fragen der Digitalisierung und digitalen Langzeitarchivierung verantwortlich.<\/p>\n\t\t<\/div>\n\t<\/div>\n\t\n\t<div id=\"accordion-2207118661\" class=\"accordion-item\">\n\t\t<a id=\"accordion-2207118661-label\" class=\"accordion-title plain\" href=\"#accordion-item-warum-haben-sie-sich-f\u00fcr-den-studiengang-archiv-entschieden?\" aria-expanded=\"false\" aria-controls=\"accordion-2207118661-content\">\n\t\t\t<button class=\"toggle\" aria-label=\"Umschalten\"><i class=\"icon-angle-down\" aria-hidden=\"true\"><\/i><\/button>\n\t\t\t<span>Warum haben Sie sich f\u00fcr den Studiengang Archiv entschieden?<\/span>\n\t\t<\/a>\n\t\t<div id=\"accordion-2207118661-content\" class=\"accordion-inner\" aria-labelledby=\"accordion-2207118661-label\">\n\t\t\t\n<p>Ich wollte gerne etwas mit Geschichte machen, ohne Lehrer oder arbeitslos zu werden. Die Berufsberatung der Arbeitsagentur brachte mich dann auf die Idee, in Potsdam Archiv zu studieren. Da ich keine bessere Idee hatte, fing ich dort auch an zu studieren und stellte dann im Studium und in den Praktika fest, dass dies die richtige Branche f\u00fcr mich ist.<\/p>\n\t\t<\/div>\n\t<\/div>\n\t\n\t<div id=\"accordion-4053710022\" class=\"accordion-item\">\n\t\t<a id=\"accordion-4053710022-label\" class=\"accordion-title plain\" aria-expanded=\"false\" aria-controls=\"accordion-4053710022-content\">\n\t\t\t<button class=\"toggle\" aria-label=\"Umschalten\"><i class=\"icon-angle-down\" aria-hidden=\"true\"><\/i><\/button>\n\t\t\t<span>Schildern sie ihren beruflichen Werdegang. Bzw.: Wie sind sie zu ihrem jetzigen Beruf gekommen?<\/span>\n\t\t<\/a>\n\t\t<div id=\"accordion-4053710022-content\" class=\"accordion-inner\" aria-labelledby=\"accordion-4053710022-label\">\n\t\t\t\n<p>Nach Bachelor und Master in Potsdam habe ich ein Semester lang an der FH in der Lehre und im Digitalisierungslabor gearbeitet, bevor ich f\u00fcr die Stelle in M\u00fcnster angenommen wurde. Diese ist meine erste Vollzeitstelle.<\/p>\n\t\t<\/div>\n\t<\/div>\n\t\n\t<div id=\"accordion-3737902359\" class=\"accordion-item\">\n\t\t<a id=\"accordion-3737902359-label\" class=\"accordion-title plain\" href=\"#accordion-item-was-fasziniert-sie-an-ihrer-t\u00e4tigkeit?\" aria-expanded=\"false\" aria-controls=\"accordion-3737902359-content\">\n\t\t\t<button class=\"toggle\" aria-label=\"Umschalten\"><i class=\"icon-angle-down\" aria-hidden=\"true\"><\/i><\/button>\n\t\t\t<span>Was fasziniert Sie an ihrer T\u00e4tigkeit?<\/span>\n\t\t<\/a>\n\t\t<div id=\"accordion-3737902359-content\" class=\"accordion-inner\" aria-labelledby=\"accordion-3737902359-label\">\n\t\t\t\n<p>Die T\u00e4tigkeit ist sehr abwechslungsreich und ich komme ganz unstereotypisch mit vielen Menschen in Kontakt, denen ich bei Ihrer Arbeit oder ihrem Recherchevorhaben helfen kann.<\/p>\n\t\t<\/div>\n\t<\/div>\n\t\n\t<div id=\"accordion-1638726193\" class=\"accordion-item\">\n\t\t<a id=\"accordion-1638726193-label\" class=\"accordion-title plain\" href=\"#accordion-item-was-erleben-sie-als-herausforderung-bei-ihrer-t\u00e4tigkeit?-bzw.-was-macht-es-evtl.-schwer?\" aria-expanded=\"false\" aria-controls=\"accordion-1638726193-content\">\n\t\t\t<button class=\"toggle\" aria-label=\"Umschalten\"><i class=\"icon-angle-down\" aria-hidden=\"true\"><\/i><\/button>\n\t\t\t<span>Was erleben Sie als Herausforderung bei Ihrer T\u00e4tigkeit? Bzw. was macht es evtl. schwer?<\/span>\n\t\t<\/a>\n\t\t<div id=\"accordion-1638726193-content\" class=\"accordion-inner\" aria-labelledby=\"accordion-1638726193-label\">\n\t\t\t\n<p>Ich empfinde das geringe Ansehen des Berufszweiges als Last, da es mir aufgrund der Reaktionen schwer f\u00e4llt, mit Stolz \u00fcber meine Stelle zu reden, auch wenn ich diese gerne aus\u00fcbe.<\/p>\n\t\t<\/div>\n\t<\/div>\n\t\n\t<div id=\"accordion-1825640089\" class=\"accordion-item\">\n\t\t<a id=\"accordion-1825640089-label\" class=\"accordion-title plain\" href=\"#accordion-item-was-ist-ihrer-meinung-nach-das-wichtigste,-das-sie-w\u00e4hrend-des-studiums-f\u00fcr-ihren-aktuellen-beruf-gelernt-haben?\" aria-expanded=\"false\" aria-controls=\"accordion-1825640089-content\">\n\t\t\t<button class=\"toggle\" aria-label=\"Umschalten\"><i class=\"icon-angle-down\" aria-hidden=\"true\"><\/i><\/button>\n\t\t\t<span>Was ist Ihrer Meinung nach das Wichtigste, das Sie w\u00e4hrend des Studiums f\u00fcr Ihren aktuellen Beruf gelernt haben?<\/span>\n\t\t<\/a>\n\t\t<div id=\"accordion-1825640089-content\" class=\"accordion-inner\" aria-labelledby=\"accordion-1825640089-label\">\n\t\t\t\n<p>Die wichtigste erlernte F\u00e4higkeit ist f\u00fcr mich das selbstst\u00e4ndige Arbeiten, das f\u00fcr mich und die Kollegen, f\u00fcr die ich verantwortlich bin, jeden Tag von gro\u00dfer Bedeutung ist.<\/p>\n\t\t<\/div>\n\t<\/div>\n\t\n\t<div id=\"accordion-2365815791\" class=\"accordion-item\">\n\t\t<a id=\"accordion-2365815791-label\" class=\"accordion-title plain\" href=\"#accordion-item-was-sollte-man-an-interessen-bzw.-f\u00e4higkeiten-f\u00fcr-dieses-berufsfeld-mitbringen,-im-studium-erwerben-oder-sich-ggf.-durch-zusatzqualifikationen-aneignen?\" aria-expanded=\"false\" aria-controls=\"accordion-2365815791-content\">\n\t\t\t<button class=\"toggle\" aria-label=\"Umschalten\"><i class=\"icon-angle-down\" aria-hidden=\"true\"><\/i><\/button>\n\t\t\t<span>Was sollte man an Interessen bzw. F\u00e4higkeiten f\u00fcr dieses Berufsfeld mitbringen, im Studium erwerben oder sich ggf. durch Zusatzqualifikationen aneignen?<\/span>\n\t\t<\/a>\n\t\t<div id=\"accordion-2365815791-content\" class=\"accordion-inner\" aria-labelledby=\"accordion-2365815791-label\">\n\t\t\t\n<p>Generell sollte man das Interesse an Schriftgut mitbringen, sich das Denken in beh\u00f6rdlichen Strukturen erarbeiten und m\u00f6glichst viele der Weiterbildungsm\u00f6glichkeiten des Fachbereiches mitnehmen. Mir hat das sehr geholfen.<\/p>\n\t\t<\/div>\n\t<\/div>\n\t\n\t<div id=\"accordion-1318439916\" class=\"accordion-item\">\n\t\t<a id=\"accordion-1318439916-label\" class=\"accordion-title plain\" aria-expanded=\"false\" aria-controls=\"accordion-1318439916-content\">\n\t\t\t<button class=\"toggle\" aria-label=\"Umschalten\"><i class=\"icon-angle-down\" aria-hidden=\"true\"><\/i><\/button>\n\t\t\t<span>Was w\u00fcrden Sie Studieninteressierten mit auf den Weg geben? Bzw.: Welchen Rat w\u00fcrden Sie Studienanf\u00e4ngern geben, die sp\u00e4ter ebenfalls Ihren Beruf aus\u00fcben wollen?<\/span>\n\t\t<\/a>\n\t\t<div id=\"accordion-1318439916-content\" class=\"accordion-inner\" aria-labelledby=\"accordion-1318439916-label\">\n\t\t\t\n<p>Ich rate die Praktika m\u00f6glichst auf verschiedene Sparten aufzuteilen, da sich diese unterscheiden k\u00f6nnen und man die richtige f\u00fcr sich herausfinden muss. Weiterhin rate ich dazu, im Studium auch unbedingt die Lehrangebote in den Blockwochen wahrzunehmen.<\/p>\n\t\t<\/div>\n\t<\/div>\n\t\n<\/div>\n\t\t<\/div>\n\t\t\t\t\t<\/div>\n\n\t\n\n\t<div id=\"col-1739140308\" class=\"col medium-4 small-12 large-4\"  >\n\t\t\t\t<div class=\"col-inner\"  >\n\t\t\t\n\t\t\t\n\t<div class=\"img has-hover x md-x lg-x y md-y lg-y\" id=\"image_1551284942\">\n\t\t\t\t\t\t\t\t<div class=\"img-inner dark\" >\n\t\t\t<img loading=\"lazy\" decoding=\"async\" width=\"645\" height=\"960\" src=\"https:\/\/osadev.fh-potsdam.de\/archiv\/wp-content\/uploads\/sites\/9\/2018\/04\/5_Lennart_M_OSA-A.jpg\" class=\"attachment-large size-large\" alt=\"\" srcset=\"https:\/\/osadev.fh-potsdam.de\/archiv\/wp-content\/uploads\/sites\/9\/2018\/04\/5_Lennart_M_OSA-A.jpg 645w, https:\/\/osadev.fh-potsdam.de\/archiv\/wp-content\/uploads\/sites\/9\/2018\/04\/5_Lennart_M_OSA-A-202x300.jpg 202w\" sizes=\"auto, (max-width: 645px) 100vw, 645px\" \/>\t\t\t\t\t\t\n\t\t\t\t\t<\/div>\n\t\t\t\t\t\t\t\t\n<style>\n#image_1551284942 {\n  width: 100%;\n}\n<\/style>\n\t<\/div>\n\t\n<p style=\"text-align:right;margin-top:-10px;font-size:12px;\">Quelle: privat<\/p>\n\t\t<\/div>\n\t\t\t\t\t<\/div>\n\n\t\n<\/div>\n<div class=\"row\"  id=\"row-1589869259\">\n<div class=\"col ctrl-buttons\">\n<div class=\"ctrl-buttons-left\"><a href=\"\/archiv\/aussichten\/interviews-mit-absolventinnen-und-absolventen\/carmen-s-archivarin\/\" class=\"button primary lowercase previous\" >\n\t\t<span>zur\u00fcck<\/span>\n\t<\/a>\n<\/div>\n<div class=\"ctrl-buttons-right\"><a href=\"\/archiv\/aussichten\/interviews-mit-absolventinnen-und-absolventen\/julia-m-referatsleiterin-digitalisierung\/\" class=\"button primary lowercase next\" >\n\t\t<span>weiter<\/span>\n\t<\/a>\n<\/div>\n<\/p><\/div>\n<\/div>\n","protected":false},"excerpt":{"rendered":"","protected":false},"author":1,"featured_media":0,"parent":242,"menu_order":0,"comment_status":"closed","ping_status":"closed","template":"","meta":{"_acf_changed":false,"powered_cache_disable_cache":false,"footnotes":""},"class_list":["post-755","page","type-page","status-publish","hentry"],"acf":[],"_links":{"self":[{"href":"https:\/\/osadev.fh-potsdam.de\/archiv\/wp-json\/wp\/v2\/pages\/755","targetHints":{"allow":["GET"]}}],"collection":[{"href":"https:\/\/osadev.fh-potsdam.de\/archiv\/wp-json\/wp\/v2\/pages"}],"about":[{"href":"https:\/\/osadev.fh-potsdam.de\/archiv\/wp-json\/wp\/v2\/types\/page"}],"author":[{"embeddable":true,"href":"https:\/\/osadev.fh-potsdam.de\/archiv\/wp-json\/wp\/v2\/users\/1"}],"replies":[{"embeddable":true,"href":"https:\/\/osadev.fh-potsdam.de\/archiv\/wp-json\/wp\/v2\/comments?post=755"}],"version-history":[{"count":8,"href":"https:\/\/osadev.fh-potsdam.de\/archiv\/wp-json\/wp\/v2\/pages\/755\/revisions"}],"predecessor-version":[{"id":1169,"href":"https:\/\/osadev.fh-potsdam.de\/archiv\/wp-json\/wp\/v2\/pages\/755\/revisions\/1169"}],"up":[{"embeddable":true,"href":"https:\/\/osadev.fh-potsdam.de\/archiv\/wp-json\/wp\/v2\/pages\/242"}],"wp:attachment":[{"href":"https:\/\/osadev.fh-potsdam.de\/archiv\/wp-json\/wp\/v2\/media?parent=755"}],"curies":[{"name":"wp","href":"https:\/\/api.w.org\/{rel}","templated":true}]}}