{"id":759,"date":"2018-04-25T08:08:39","date_gmt":"2018-04-25T06:08:39","guid":{"rendered":"https:\/\/osadev.fh-potsdam.de\/archiv\/?page_id=759"},"modified":"2018-10-26T15:48:07","modified_gmt":"2018-10-26T13:48:07","slug":"marco-k-archivar","status":"publish","type":"page","link":"https:\/\/osadev.fh-potsdam.de\/archiv\/aussichten\/interviews-mit-absolventinnen-und-absolventen\/marco-k-archivar\/","title":{"rendered":"Marco K., Archivar"},"content":{"rendered":"<div class=\"row\"  id=\"row-179855719\">\n\n\t<div id=\"col-424635491\" class=\"col title-row-null small-12 large-12\"  >\n\t\t\t\t<div class=\"col-inner\"  >\n\t\t\t\n\t\t\t\n<h1><b>Marco K., Archivar<\/b><\/h1>\n\t\t<\/div>\n\t\t\t\t\t<\/div>\n\n\t\n\n\t<div id=\"col-367571833\" class=\"col medium-8 small-12 large-8\"  >\n\t\t\t\t<div class=\"col-inner\"  >\n\t\t\t\n\t\t\t\n<p><b>Studienabschluss: Archiv, B.A.<\/b><\/p>\n<div class=\"accordion\">\n\t<div id=\"accordion-147525660\" class=\"accordion-item\">\n\t\t<a id=\"accordion-147525660-label\" class=\"accordion-title plain active\" href=\"#accordion-item-stellen-sie-sich-und-ihren-beruf-kurz-vor!\" aria-expanded=\"true\" aria-controls=\"accordion-147525660-content\">\n\t\t\t<button class=\"toggle\" aria-label=\"Umschalten\"><i class=\"icon-angle-down\" aria-hidden=\"true\"><\/i><\/button>\n\t\t\t<span>Stellen Sie sich und Ihren Beruf kurz vor!<\/span>\n\t\t<\/a>\n\t\t<div id=\"accordion-147525660-content\" class=\"accordion-inner\" style=\"display: block;\" aria-labelledby=\"accordion-147525660-label\">\n\t\t\t\n<p>Ich bin Absolvent des Bachelorstudiengangs Archiv am Fachbereich Informationswissenschaften der Fachhochschule Potsdam. Nach dem Abschluss 2014 arbeitete ich f\u00fcr ein Jahr als Archivar und stellvertretender Archivleiter im Archiv der Kirchenprovinz Sachsen in Magdeburg. Seit September 2015 bin ich als Archivar und stellvertretender Leiter im Landeskirchenarchiv Dresden angestellt.<\/p>\n\t\t<\/div>\n\t<\/div>\n\t\n\t<div id=\"accordion-3867961268\" class=\"accordion-item\">\n\t\t<a id=\"accordion-3867961268-label\" class=\"accordion-title plain\" href=\"#accordion-item-beschreiben-sie-ihre-arbeit!-wie-sieht-ein-typischer-arbeitstag-bei-ihnen-aus?\" aria-expanded=\"false\" aria-controls=\"accordion-3867961268-content\">\n\t\t\t<button class=\"toggle\" aria-label=\"Umschalten\"><i class=\"icon-angle-down\" aria-hidden=\"true\"><\/i><\/button>\n\t\t\t<span>Beschreiben Sie Ihre Arbeit! Wie sieht ein typischer Arbeitstag bei Ihnen aus?<\/span>\n\t\t<\/a>\n\t\t<div id=\"accordion-3867961268-content\" class=\"accordion-inner\" aria-labelledby=\"accordion-3867961268-label\">\n\t\t\t\n<p>Einen \u201egeregelten\u201c Arbeitsablauf gibt es in kleineren Archiven (mit wenig Personal) nicht wirklich. Neben den \u201eStandardaufgaben\u201c wie Recherchen, Erschlie\u00dfung, Benutzerbetreuung oder \u00d6ffentlichkeitsarbeit bin ich z.B. auch f\u00fcr einen Teil der Archivpflege f\u00fcr s\u00e4chsische Kirchgemeinden, die Koordinierung der Sicherungsverfilmung von Kirchenb\u00fcchern oder die Betreuung von Praktikanten zust\u00e4ndig.<\/p>\n\t\t<\/div>\n\t<\/div>\n\t\n\t<div id=\"accordion-1872962752\" class=\"accordion-item\">\n\t\t<a id=\"accordion-1872962752-label\" class=\"accordion-title plain\" href=\"#accordion-item-warum-haben-sie-sich-f\u00fcr-den-studiengang-archiv-entschieden?\" aria-expanded=\"false\" aria-controls=\"accordion-1872962752-content\">\n\t\t\t<button class=\"toggle\" aria-label=\"Umschalten\"><i class=\"icon-angle-down\" aria-hidden=\"true\"><\/i><\/button>\n\t\t\t<span>Warum haben Sie sich f\u00fcr den Studiengang Archiv entschieden?<\/span>\n\t\t<\/a>\n\t\t<div id=\"accordion-1872962752-content\" class=\"accordion-inner\" aria-labelledby=\"accordion-1872962752-label\">\n\t\t\t\n<p>Die Entscheidung f\u00fcr den Studiengang Archiv ist bei mir aus meiner Berufst\u00e4tigkeit als Fachangestellter f\u00fcr Medien- und Informationsdienste (FaMI) Fachrichtung Archiv entstanden. Nach dem Abitur sollte \u201eIrgendwas\u201c mit Geschichte kommen. Durch einen Zeitungsartikel wurde ich auf das Berufsbild des FaMI aufmerksam. Nach dreij\u00e4hriger Ausbildung und drei Jahren Arbeit als FaMI war die Entscheidung f\u00fcr die Weiterentwicklung durch das Studium \u201enur\u201c ein kleiner Schritt.<\/p>\n\t\t<\/div>\n\t<\/div>\n\t\n\t<div id=\"accordion-3206691781\" class=\"accordion-item\">\n\t\t<a id=\"accordion-3206691781-label\" class=\"accordion-title plain\" aria-expanded=\"false\" aria-controls=\"accordion-3206691781-content\">\n\t\t\t<button class=\"toggle\" aria-label=\"Umschalten\"><i class=\"icon-angle-down\" aria-hidden=\"true\"><\/i><\/button>\n\t\t\t<span>Schildern sie ihren beruflichen Werdegang. Bzw.: Wie sind sie zu ihrem jetzigen Beruf gekommen?<\/span>\n\t\t<\/a>\n\t\t<div id=\"accordion-3206691781-content\" class=\"accordion-inner\" aria-labelledby=\"accordion-3206691781-label\">\n\t\t\t\n<p>Durch das \u201eErlernen des Handwerks von der Pike auf\u201c verlief meine berufliche Entwicklung sehr linear. Drei Jahre FaMI-Ausbildung und drei Jahre Arbeit als FaMI im Archivverbund Bautzen. Im Anschluss daran das Studium an der FH Potsdam und seit September 2014 als Archivar im Archiv der Kirchenprovinz Sachsen bzw. seit September 2015 als Archivar im Landeskirchenarchiv Dresden.<\/p>\n\t\t<\/div>\n\t<\/div>\n\t\n\t<div id=\"accordion-255707202\" class=\"accordion-item\">\n\t\t<a id=\"accordion-255707202-label\" class=\"accordion-title plain\" href=\"#accordion-item-was-fasziniert-sie-an-ihrer-t\u00e4tigkeit?\" aria-expanded=\"false\" aria-controls=\"accordion-255707202-content\">\n\t\t\t<button class=\"toggle\" aria-label=\"Umschalten\"><i class=\"icon-angle-down\" aria-hidden=\"true\"><\/i><\/button>\n\t\t\t<span>Was fasziniert Sie an ihrer T\u00e4tigkeit?<\/span>\n\t\t<\/a>\n\t\t<div id=\"accordion-255707202-content\" class=\"accordion-inner\" aria-labelledby=\"accordion-255707202-label\">\n\t\t\t\n<p>Das eigentlich faszinierende an meiner T\u00e4tigkeit begr\u00fcndet sich darin, dass ich immer in Archiven mit wenig Personal angestellt war bzw. bin. Das setzt eine extrem hohe Flexibilit\u00e4t bei den Aufgaben voraus. Dadurch kommt keine Routine auf, jeder Tag oder jeder Benutzer ist anders. Eine weitere faszinierende Angelegenheit ist das Feld der elektronischen Archivierung, das f\u00fcr alle Beteiligten einen laufenden Lernprozess darstellt.<\/p>\n\t\t<\/div>\n\t<\/div>\n\t\n\t<div id=\"accordion-3278947406\" class=\"accordion-item\">\n\t\t<a id=\"accordion-3278947406-label\" class=\"accordion-title plain\" href=\"#accordion-item-was-erleben-sie-als-herausforderung-bei-ihrer-t\u00e4tigkeit?-bzw.-was-macht-es-evtl.-schwer?\" aria-expanded=\"false\" aria-controls=\"accordion-3278947406-content\">\n\t\t\t<button class=\"toggle\" aria-label=\"Umschalten\"><i class=\"icon-angle-down\" aria-hidden=\"true\"><\/i><\/button>\n\t\t\t<span>Was erleben Sie als Herausforderung bei Ihrer T\u00e4tigkeit? Bzw. was macht es evtl. schwer?<\/span>\n\t\t<\/a>\n\t\t<div id=\"accordion-3278947406-content\" class=\"accordion-inner\" aria-labelledby=\"accordion-3278947406-label\">\n\t\t\t\n<p>Durch die Vielfalt der Aufgaben in kleineren Archiven ist eine entsprechende Arbeitsorganisation als Voraussetzung f\u00fcr ein geordnetes, schnelles und erfolgreiches Arbeiten essentiell. Die Bereitschaft sich permanent an neuen Aufgaben zu messen und weiterzuentwickeln, macht den Beruf zu einer anhaltenden Herausforderung.<\/p>\n\t\t<\/div>\n\t<\/div>\n\t\n\t<div id=\"accordion-1411898648\" class=\"accordion-item\">\n\t\t<a id=\"accordion-1411898648-label\" class=\"accordion-title plain\" href=\"#accordion-item-was-ist-ihrer-meinung-nach-das-wichtigste,-das-sie-w\u00e4hrend-des-studiums-f\u00fcr-ihren-aktuellen-beruf-gelernt-haben?\" aria-expanded=\"false\" aria-controls=\"accordion-1411898648-content\">\n\t\t\t<button class=\"toggle\" aria-label=\"Umschalten\"><i class=\"icon-angle-down\" aria-hidden=\"true\"><\/i><\/button>\n\t\t\t<span>Was ist Ihrer Meinung nach das Wichtigste, das Sie w\u00e4hrend des Studiums f\u00fcr Ihren aktuellen Beruf gelernt haben?<\/span>\n\t\t<\/a>\n\t\t<div id=\"accordion-1411898648-content\" class=\"accordion-inner\" aria-labelledby=\"accordion-1411898648-label\">\n\t\t\t\n<p>Aufgrund der Ausbildung als FaMI waren mir die \u201eklassischen\u201c Arbeitsfelder bereits bekannt. Wirklich neu f\u00fcr mich waren die Themen rund um die elektronische Archivierung, das Verst\u00e4ndnis \u00fcber den Aufbau und die Funktionsweise von Dokumentenmanagementsystemen oder Datenbanken. Gerade kleinere Archive stehen diesem Umbruch etwas skeptisch gegen\u00fcber bzw. k\u00f6nnen aufgrund fehlender personeller oder finanzieller Ressourcen diesen Umbruch nicht so vollziehen wie gr\u00f6\u00dfere Archive. Aber das gelernte Handwerkszeug durch das Studium erm\u00f6glicht es mir, diesen Schritt mitzugehen.<\/p>\n\t\t<\/div>\n\t<\/div>\n\t\n\t<div id=\"accordion-1479257912\" class=\"accordion-item\">\n\t\t<a id=\"accordion-1479257912-label\" class=\"accordion-title plain\" href=\"#accordion-item-gibt-es-etwas-im-studium,-das-ihnen-besonders-in-erinnerung-geblieben-ist?\" aria-expanded=\"false\" aria-controls=\"accordion-1479257912-content\">\n\t\t\t<button class=\"toggle\" aria-label=\"Umschalten\"><i class=\"icon-angle-down\" aria-hidden=\"true\"><\/i><\/button>\n\t\t\t<span>Gibt es etwas im Studium, das Ihnen besonders in Erinnerung geblieben ist?<\/span>\n\t\t<\/a>\n\t\t<div id=\"accordion-1479257912-content\" class=\"accordion-inner\" aria-labelledby=\"accordion-1479257912-label\">\n\t\t\t\n<p>Es gibt f\u00fcr mich nicht DAS besondere Ereignis w\u00e4hrend des Studiums, sondern das gesamte Studium an der Fachhochschule Potsdam war etwas Besonderes. Sicher k\u00f6nnte ich hier von den t\u00e4glichen K\u00e4mpfen und Annehmlichkeiten eines Studenten der Fachhochschule Potsdam berichten, aber das wirklich besondere waren letztendlich die Professorinnen und Professoren sowie die Kommilitoninnen und Kommilitonen. Durch die intensive Zusammenarbeit sind Beziehungen entstanden, die \u00fcber das Studium hinaus bestehen und einen regelm\u00e4\u00dfigen Informationsaustausch erm\u00f6glichen.<br \/>Ein kleines Highlight war sicher meine Mithilfe am Aufbau des Archivs der Fachhochschule Potsdam.<\/p>\n\t\t<\/div>\n\t<\/div>\n\t\n\t<div id=\"accordion-1656112142\" class=\"accordion-item\">\n\t\t<a id=\"accordion-1656112142-label\" class=\"accordion-title plain\" href=\"#accordion-item-was-sollte-man-an-interessen-bzw.-f\u00e4higkeiten-f\u00fcr-dieses-berufsfeld-mitbringen,-im-studium-erwerben-oder-sich-ggf.-durch-zusatzqualifikationen-aneignen?\" aria-expanded=\"false\" aria-controls=\"accordion-1656112142-content\">\n\t\t\t<button class=\"toggle\" aria-label=\"Umschalten\"><i class=\"icon-angle-down\" aria-hidden=\"true\"><\/i><\/button>\n\t\t\t<span>Was sollte man an Interessen bzw. F\u00e4higkeiten f\u00fcr dieses Berufsfeld mitbringen, im Studium erwerben oder sich ggf. durch Zusatzqualifikationen aneignen?<\/span>\n\t\t<\/a>\n\t\t<div id=\"accordion-1656112142-content\" class=\"accordion-inner\" aria-labelledby=\"accordion-1656112142-label\">\n\t\t\t\n<p>Neben dem Interesse f\u00fcr Geschichte bzw. je nach Archivsparte auch Interesse f\u00fcr Literatur, Musik, Filme, Kunst etc. sollte man eine hohe Sozialkompetenz besitzen. Egal ob im Umgang mit Nutzern, Vorgesetzten oder dem jeweiligen Archivtr\u00e4ger ist die Kommunikation sehr wichtig. Die Bereitschaft sich permanent weiterzuentwickeln, egal ob durch den t\u00e4glichen Arbeitsalltag oder durch Schulungen, sollte eine Grundvoraussetzung sein.<\/p>\n\t\t<\/div>\n\t<\/div>\n\t\n\t<div id=\"accordion-106508500\" class=\"accordion-item\">\n\t\t<a id=\"accordion-106508500-label\" class=\"accordion-title plain\" aria-expanded=\"false\" aria-controls=\"accordion-106508500-content\">\n\t\t\t<button class=\"toggle\" aria-label=\"Umschalten\"><i class=\"icon-angle-down\" aria-hidden=\"true\"><\/i><\/button>\n\t\t\t<span>Was w\u00fcrden Sie Studieninteressierten mit auf den Weg geben? Bzw.: Welchen Rat w\u00fcrden Sie Studienanf\u00e4ngern geben, die sp\u00e4ter ebenfalls Ihren Beruf aus\u00fcben wollen?<\/span>\n\t\t<\/a>\n\t\t<div id=\"accordion-106508500-content\" class=\"accordion-inner\" aria-labelledby=\"accordion-106508500-label\">\n\t\t\t\n<p>Ob der Beruf auch f\u00fcr Jeden etwas ist, kann bzw. sollte man im Vorfeld des Studiums durch ein, am besten aber mehrere l\u00e4ngere Praktika (verschiedene Archivsparten) herausfinden.<\/p>\n<p>Wichtig ist, dass der Archiv-Beruf weiter von Klischees befreit wird. Es gibt sicherlich (noch) ArchivarInnen mit \u00c4rmelschonern, Mantel und Brille im Keller, aber das ist eine seltene Ausnahme geworden. Ich nutze gern jede M\u00f6glichkeit, die Arbeit als ArchivarIn anderen Leuten nahe zu bringen und zu zeigen, dass man als ArchivarIn mehr macht als nur zu lesen.<\/p>\n\t\t<\/div>\n\t<\/div>\n\t\n<\/div>\n\t\t<\/div>\n\t\t\t\t\t<\/div>\n\n\t\n\n\t<div id=\"col-1858520146\" class=\"col medium-4 small-12 large-4\"  >\n\t\t\t\t<div class=\"col-inner\"  >\n\t\t\t\n\t\t\t\n\t<div class=\"img has-hover x md-x lg-x y md-y lg-y\" id=\"image_1976662938\">\n\t\t\t\t\t\t\t\t<div class=\"img-inner dark\" >\n\t\t\t<img loading=\"lazy\" decoding=\"async\" width=\"850\" height=\"1024\" src=\"https:\/\/osadev.fh-potsdam.de\/archiv\/wp-content\/uploads\/sites\/9\/2018\/04\/5_Marco_K_OSA-A-850x1024.jpg\" class=\"attachment-large size-large\" alt=\"\" srcset=\"https:\/\/osadev.fh-potsdam.de\/archiv\/wp-content\/uploads\/sites\/9\/2018\/04\/5_Marco_K_OSA-A-850x1024.jpg 850w, https:\/\/osadev.fh-potsdam.de\/archiv\/wp-content\/uploads\/sites\/9\/2018\/04\/5_Marco_K_OSA-A-249x300.jpg 249w, https:\/\/osadev.fh-potsdam.de\/archiv\/wp-content\/uploads\/sites\/9\/2018\/04\/5_Marco_K_OSA-A-768x925.jpg 768w, https:\/\/osadev.fh-potsdam.de\/archiv\/wp-content\/uploads\/sites\/9\/2018\/04\/5_Marco_K_OSA-A.jpg 922w\" sizes=\"auto, (max-width: 850px) 100vw, 850px\" \/>\t\t\t\t\t\t\n\t\t\t\t\t<\/div>\n\t\t\t\t\t\t\t\t\n<style>\n#image_1976662938 {\n  width: 100%;\n}\n<\/style>\n\t<\/div>\n\t\n<p style=\"text-align:right;margin-top:-10px;font-size:12px;\">Quelle: privat<\/p>\n\t\t<\/div>\n\t\t\t\t\t<\/div>\n\n\t\n<\/div>\n<div class=\"row\"  id=\"row-238429624\">\n<div class=\"col ctrl-buttons\">\n<div class=\"ctrl-buttons-left\"><a href=\"\/archiv\/aussichten\/interviews-mit-absolventinnen-und-absolventen\/annette-b-archivarin\/\" class=\"button primary lowercase previous\" >\n\t\t<span>zur\u00fcck<\/span>\n\t<\/a>\n<\/div>\n<div class=\"ctrl-buttons-right\"><a href=\"\/archiv\/aussichten\/interviews-mit-absolventinnen-und-absolventen\/christine-h-archivarin\/\" class=\"button primary lowercase next\" >\n\t\t<span>weiter<\/span>\n\t<\/a>\n<\/div>\n<\/p><\/div>\n<\/div>\n","protected":false},"excerpt":{"rendered":"","protected":false},"author":1,"featured_media":0,"parent":242,"menu_order":0,"comment_status":"closed","ping_status":"closed","template":"","meta":{"_acf_changed":false,"powered_cache_disable_cache":false,"footnotes":""},"class_list":["post-759","page","type-page","status-publish","hentry"],"acf":[],"_links":{"self":[{"href":"https:\/\/osadev.fh-potsdam.de\/archiv\/wp-json\/wp\/v2\/pages\/759","targetHints":{"allow":["GET"]}}],"collection":[{"href":"https:\/\/osadev.fh-potsdam.de\/archiv\/wp-json\/wp\/v2\/pages"}],"about":[{"href":"https:\/\/osadev.fh-potsdam.de\/archiv\/wp-json\/wp\/v2\/types\/page"}],"author":[{"embeddable":true,"href":"https:\/\/osadev.fh-potsdam.de\/archiv\/wp-json\/wp\/v2\/users\/1"}],"replies":[{"embeddable":true,"href":"https:\/\/osadev.fh-potsdam.de\/archiv\/wp-json\/wp\/v2\/comments?post=759"}],"version-history":[{"count":9,"href":"https:\/\/osadev.fh-potsdam.de\/archiv\/wp-json\/wp\/v2\/pages\/759\/revisions"}],"predecessor-version":[{"id":1166,"href":"https:\/\/osadev.fh-potsdam.de\/archiv\/wp-json\/wp\/v2\/pages\/759\/revisions\/1166"}],"up":[{"embeddable":true,"href":"https:\/\/osadev.fh-potsdam.de\/archiv\/wp-json\/wp\/v2\/pages\/242"}],"wp:attachment":[{"href":"https:\/\/osadev.fh-potsdam.de\/archiv\/wp-json\/wp\/v2\/media?parent=759"}],"curies":[{"name":"wp","href":"https:\/\/api.w.org\/{rel}","templated":true}]}}