{"id":87,"date":"2018-02-01T10:40:10","date_gmt":"2018-02-01T09:40:10","guid":{"rendered":"https:\/\/osadev.fh-potsdam.de\/archiv\/?page_id=87"},"modified":"2020-07-31T14:32:57","modified_gmt":"2020-07-31T12:32:57","slug":"studienbereiche","status":"publish","type":"page","link":"https:\/\/osadev.fh-potsdam.de\/archiv\/studium\/studienbereiche\/","title":{"rendered":"Studienbereiche"},"content":{"rendered":"<div class=\"row\"  id=\"row-1973768038\">\n\n\t<div id=\"col-544937525\" class=\"col title-row small-12 large-12\"  >\n\t\t\t\t<div class=\"col-inner\"  >\n\t\t\t\n\t\t\t\n<h1><b>Studienbereiche<\/b><\/h1>\n\t\t<\/div>\n\t\t\t\t\t<\/div>\n\n\t\n\n\t<div id=\"col-1566870875\" class=\"col medium-4 small-12 large-4\"  >\n\t\t\t\t<div class=\"col-inner\"  >\n\t\t\t\n\t\t\t\n<p>Der Studiengang Archiv umfasst die folgenden Studienbereiche:<\/p>\n<p>Klicken Sie auf die Felder, um sich die Erl\u00e4uterungen zu den Studienbereichen anzeigen zu lassen!<\/p>\n<p><strong>Hinweis<\/strong><br \/>Im Modulhandbuch k\u00f6nnen Sie sich ausf\u00fchrlich \u00fcber die Module und die Studieninhalte informieren:<br \/><a style=\"text-decoration:underline\" href=\"https:\/\/www.fh-potsdam.de\/fileadmin\/user_upload\/fb-informationswissenschaften\/dokumente\/studium\/modulbeschreibung\/archiv_ba\/FHP-FB5_Modulhandbuch_Archiv-BA_ab_WS_2016-17.pdf\" target=\"_blank\" rel=\"noopener noreferrer\">Link zum Modulhandbuch (pdf)<\/a><\/p>\n\t\t<\/div>\n\t\t\t\t\t<\/div>\n\n\t\n\n\t<div id=\"col-211658100\" class=\"col medium-8 small-12 large-8\"  >\n\t\t\t\t<div class=\"col-inner\"  >\n\t\t\t\n\t\t\t\n<div class=\"row row-collapse studienbereiche\"  id=\"row-757875193\">\n\n\t<div id=\"col-1544233908\" class=\"col medium-6 small-12 large-6\"  >\n\t\t\t\t<div class=\"col-inner\"  >\n\t\t\t\n\t\t\t\n\n\t<a class=\"plain\" href=\"\/archiv\/studium\/studienbereiche\/ueberlieferungsbildung-und-benutzung-von-archivalien\/\" >\t<div class=\"icon-box featured-box icon-box-left text-left is-large\"  >\n\t\t\t\t\t<div class=\"icon-box-img\" style=\"width: 122px\">\n\t\t\t\t<div class=\"icon\">\n\t\t\t\t\t<div class=\"icon-inner\" >\n\t\t\t\t\t\t<img loading=\"lazy\" decoding=\"async\" width=\"300\" height=\"246\" src=\"https:\/\/osadev.fh-potsdam.de\/archiv\/wp-content\/uploads\/sites\/9\/2018\/04\/2_1_U\u0308berlieferungsbildung-und-Benutzung-von-Archivalien-300x246.jpg\" class=\"attachment-medium size-medium\" alt=\"\" srcset=\"https:\/\/osadev.fh-potsdam.de\/archiv\/wp-content\/uploads\/sites\/9\/2018\/04\/2_1_U\u0308berlieferungsbildung-und-Benutzung-von-Archivalien-300x246.jpg 300w, https:\/\/osadev.fh-potsdam.de\/archiv\/wp-content\/uploads\/sites\/9\/2018\/04\/2_1_U\u0308berlieferungsbildung-und-Benutzung-von-Archivalien.jpg 600w\" sizes=\"auto, (max-width: 300px) 100vw, 300px\" \/>\t\t\t\t\t<\/div>\n\t\t\t\t<\/div>\n\t\t\t<\/div>\n\t\t\t\t<div class=\"icon-box-text last-reset\">\n\t\t\t\t\t\t\t\t\t\n<p style=\"text-align: left;\">\u00dcberlieferungsbildung<br \/> und Benutzung von Archivalien<\/p>\n\t\t<\/div>\n\t<\/div>\n\t<\/a>\n\t\n\t\t<\/div>\n\t\t\t\t\t<\/div>\n\n\t\n\n\t<div id=\"col-1826980290\" class=\"col medium-6 small-12 large-6\"  >\n\t\t\t\t<div class=\"col-inner\"  >\n\t\t\t\n\t\t\t\n\n\t<a class=\"plain\" href=\"\/archiv\/studium\/studienbereiche\/digitale-archivierung-und-dauerhafte-erhaltung\/\" >\t<div class=\"icon-box featured-box icon-box-left text-left is-large\"  >\n\t\t\t\t\t<div class=\"icon-box-img\" style=\"width: 115px\">\n\t\t\t\t<div class=\"icon\">\n\t\t\t\t\t<div class=\"icon-inner\" >\n\t\t\t\t\t\t<img loading=\"lazy\" decoding=\"async\" width=\"300\" height=\"246\" src=\"https:\/\/osadev.fh-potsdam.de\/archiv\/wp-content\/uploads\/sites\/9\/2018\/04\/2_2_Digitale-Archivierung-und-dauerhafte-Erhaltung-300x246.jpg\" class=\"attachment-medium size-medium\" alt=\"\" srcset=\"https:\/\/osadev.fh-potsdam.de\/archiv\/wp-content\/uploads\/sites\/9\/2018\/04\/2_2_Digitale-Archivierung-und-dauerhafte-Erhaltung-300x246.jpg 300w, https:\/\/osadev.fh-potsdam.de\/archiv\/wp-content\/uploads\/sites\/9\/2018\/04\/2_2_Digitale-Archivierung-und-dauerhafte-Erhaltung.jpg 600w\" sizes=\"auto, (max-width: 300px) 100vw, 300px\" \/>\t\t\t\t\t<\/div>\n\t\t\t\t<\/div>\n\t\t\t<\/div>\n\t\t\t\t<div class=\"icon-box-text last-reset\">\n\t\t\t\t\t\t\t\t\t\n<p style=\"text-align: left;\">Digitale Archivierung und dauerhafte Erhaltung<\/p>\n\t\t<\/div>\n\t<\/div>\n\t<\/a>\n\t\n\t\t<\/div>\n\t\t\t\t\t<\/div>\n\n\t\n\n\t<div id=\"col-2078722262\" class=\"col medium-6 small-12 large-6\"  >\n\t\t\t\t<div class=\"col-inner\"  >\n\t\t\t\n\t\t\t\n\n\t<a class=\"plain\" href=\"\/archiv\/studium\/studienbereiche\/praesentation-und-vermittlung-historischer-quellen\/\" >\t<div class=\"icon-box featured-box icon-box-left text-left is-large\"  >\n\t\t\t\t\t<div class=\"icon-box-img\" style=\"width: 120px\">\n\t\t\t\t<div class=\"icon\">\n\t\t\t\t\t<div class=\"icon-inner\" >\n\t\t\t\t\t\t<img loading=\"lazy\" decoding=\"async\" width=\"300\" height=\"243\" src=\"https:\/\/osadev.fh-potsdam.de\/archiv\/wp-content\/uploads\/sites\/9\/2018\/04\/2_3_Pra\u0308sentation-und-Vermittlung-historischer-Quellen-300x243.jpg\" class=\"attachment-medium size-medium\" alt=\"\" srcset=\"https:\/\/osadev.fh-potsdam.de\/archiv\/wp-content\/uploads\/sites\/9\/2018\/04\/2_3_Pra\u0308sentation-und-Vermittlung-historischer-Quellen-300x243.jpg 300w, https:\/\/osadev.fh-potsdam.de\/archiv\/wp-content\/uploads\/sites\/9\/2018\/04\/2_3_Pra\u0308sentation-und-Vermittlung-historischer-Quellen.jpg 600w\" sizes=\"auto, (max-width: 300px) 100vw, 300px\" \/>\t\t\t\t\t<\/div>\n\t\t\t\t<\/div>\n\t\t\t<\/div>\n\t\t\t\t<div class=\"icon-box-text last-reset\">\n\t\t\t\t\t\t\t\t\t\n<p style=\"text-align: left;\">Pr\u00e4sentation und Vermittlung historischer Quellen<\/p>\n\t\t<\/div>\n\t<\/div>\n\t<\/a>\n\t\n\t\t<\/div>\n\t\t\t\t\t<\/div>\n\n\t\n\n\t<div id=\"col-1173158938\" class=\"col medium-6 small-12 large-6\"  >\n\t\t\t\t<div class=\"col-inner\"  >\n\t\t\t\n\t\t\t\n\n\t<a class=\"plain\" href=\"\/archiv\/studium\/studienbereiche\/informationswissenschaften-und-informationssysteme\/\" >\t<div class=\"icon-box featured-box icon-box-left text-left is-large\"  >\n\t\t\t\t\t<div class=\"icon-box-img\" style=\"width: 103px\">\n\t\t\t\t<div class=\"icon\">\n\t\t\t\t\t<div class=\"icon-inner\" >\n\t\t\t\t\t\t<img loading=\"lazy\" decoding=\"async\" width=\"300\" height=\"235\" src=\"https:\/\/osadev.fh-potsdam.de\/archiv\/wp-content\/uploads\/sites\/9\/2018\/04\/2_4_Informationswissenschaften-und-Informationssysteme-300x235.jpg\" class=\"attachment-medium size-medium\" alt=\"\" srcset=\"https:\/\/osadev.fh-potsdam.de\/archiv\/wp-content\/uploads\/sites\/9\/2018\/04\/2_4_Informationswissenschaften-und-Informationssysteme-300x235.jpg 300w, https:\/\/osadev.fh-potsdam.de\/archiv\/wp-content\/uploads\/sites\/9\/2018\/04\/2_4_Informationswissenschaften-und-Informationssysteme.jpg 600w\" sizes=\"auto, (max-width: 300px) 100vw, 300px\" \/>\t\t\t\t\t<\/div>\n\t\t\t\t<\/div>\n\t\t\t<\/div>\n\t\t\t\t<div class=\"icon-box-text last-reset\">\n\t\t\t\t\t\t\t\t\t\n<p style=\"text-align: left;\">Informations-wissenschaften <br \/>und Informationssysteme<\/p>\n\t\t<\/div>\n\t<\/div>\n\t<\/a>\n\t\n\t\t<\/div>\n\t\t\t\t\t<\/div>\n\n\t\n\n\t<div id=\"col-1674801393\" class=\"col medium-6 small-12 large-6\"  >\n\t\t\t\t<div class=\"col-inner\"  >\n\t\t\t\n\t\t\t\n\n\t<a class=\"plain\" href=\"\/archiv\/studium\/studienbereiche\/querschnittsthemen-geschichte-recht-management\/\" >\t<div class=\"icon-box featured-box icon-box-left text-left is-large\"  >\n\t\t\t\t\t<div class=\"icon-box-img\" style=\"width: 117px\">\n\t\t\t\t<div class=\"icon\">\n\t\t\t\t\t<div class=\"icon-inner\" >\n\t\t\t\t\t\t<img loading=\"lazy\" decoding=\"async\" width=\"300\" height=\"220\" src=\"https:\/\/osadev.fh-potsdam.de\/archiv\/wp-content\/uploads\/sites\/9\/2018\/04\/2_5_Querschnittsthemen-300x220.jpg\" class=\"attachment-medium size-medium\" alt=\"\" srcset=\"https:\/\/osadev.fh-potsdam.de\/archiv\/wp-content\/uploads\/sites\/9\/2018\/04\/2_5_Querschnittsthemen-300x220.jpg 300w, https:\/\/osadev.fh-potsdam.de\/archiv\/wp-content\/uploads\/sites\/9\/2018\/04\/2_5_Querschnittsthemen.jpg 600w\" sizes=\"auto, (max-width: 300px) 100vw, 300px\" \/>\t\t\t\t\t<\/div>\n\t\t\t\t<\/div>\n\t\t\t<\/div>\n\t\t\t\t<div class=\"icon-box-text last-reset\">\n\t\t\t\t\t\t\t\t\t\n<p style=\"text-align: left;\">Querschnittsthemen<\/p>\n\t\t<\/div>\n\t<\/div>\n\t<\/a>\n\t\n\t\t<\/div>\n\t\t\t\t\t<\/div>\n\n\t\n\n\t<div id=\"col-299723707\" class=\"col medium-6 small-12 large-6\"  >\n\t\t\t\t<div class=\"col-inner\"  >\n\t\t\t\n\t\t\t\n\n\t<a class=\"plain\" href=\"\/archiv\/studium\/studienbereiche\/wahlpflicht-und-spezialisierung\/\" >\t<div class=\"icon-box featured-box icon-box-left text-left is-large\"  >\n\t\t\t\t\t<div class=\"icon-box-img\" style=\"width: 120px\">\n\t\t\t\t<div class=\"icon\">\n\t\t\t\t\t<div class=\"icon-inner\" >\n\t\t\t\t\t\t<img loading=\"lazy\" decoding=\"async\" width=\"300\" height=\"246\" src=\"https:\/\/osadev.fh-potsdam.de\/archiv\/wp-content\/uploads\/sites\/9\/2018\/04\/2_6_Wahlpflicht-und-Spezialisierung-300x246.jpg\" class=\"attachment-medium size-medium\" alt=\"\" srcset=\"https:\/\/osadev.fh-potsdam.de\/archiv\/wp-content\/uploads\/sites\/9\/2018\/04\/2_6_Wahlpflicht-und-Spezialisierung-300x246.jpg 300w, https:\/\/osadev.fh-potsdam.de\/archiv\/wp-content\/uploads\/sites\/9\/2018\/04\/2_6_Wahlpflicht-und-Spezialisierung.jpg 600w\" sizes=\"auto, (max-width: 300px) 100vw, 300px\" \/>\t\t\t\t\t<\/div>\n\t\t\t\t<\/div>\n\t\t\t<\/div>\n\t\t\t\t<div class=\"icon-box-text last-reset\">\n\t\t\t\t\t\t\t\t\t\n<p style=\"text-align: left;\">Wahlpflicht und Spezialisierung<\/p>\n\t\t<\/div>\n\t<\/div>\n\t<\/a>\n\t\n\t\t<\/div>\n\t\t\t\t\t<\/div>\n\n\t\n<\/div>\n\t\t<\/div>\n\t\t\t\t\t<\/div>\n\n\t\n<\/div>\n<div class=\"row\"  id=\"row-140692114\">\n<div class=\"col ctrl-buttons\">\n<div class=\"ctrl-buttons-left\"><a href=\"\/archiv\/studium\/studienverlauf\/\" class=\"button primary lowercase previous\" >\n\t\t<span>zur\u00fcck<\/span>\n\t<\/a>\n<\/div>\n<div class=\"ctrl-buttons-right\"><a href=\"\/archiv\/studium\/studienbereiche\/ueberlieferungsbildung-und-benutzung-von-archivalien\/\" class=\"button primary lowercase next\" >\n\t\t<span>weiter<\/span>\n\t<\/a>\n<\/div>\n<\/p><\/div>\n<\/div>\n","protected":false},"excerpt":{"rendered":"","protected":false},"author":11,"featured_media":0,"parent":75,"menu_order":0,"comment_status":"closed","ping_status":"closed","template":"","meta":{"_acf_changed":false,"powered_cache_disable_cache":false,"footnotes":""},"class_list":["post-87","page","type-page","status-publish","hentry"],"acf":[],"_links":{"self":[{"href":"https:\/\/osadev.fh-potsdam.de\/archiv\/wp-json\/wp\/v2\/pages\/87","targetHints":{"allow":["GET"]}}],"collection":[{"href":"https:\/\/osadev.fh-potsdam.de\/archiv\/wp-json\/wp\/v2\/pages"}],"about":[{"href":"https:\/\/osadev.fh-potsdam.de\/archiv\/wp-json\/wp\/v2\/types\/page"}],"author":[{"embeddable":true,"href":"https:\/\/osadev.fh-potsdam.de\/archiv\/wp-json\/wp\/v2\/users\/11"}],"replies":[{"embeddable":true,"href":"https:\/\/osadev.fh-potsdam.de\/archiv\/wp-json\/wp\/v2\/comments?post=87"}],"version-history":[{"count":30,"href":"https:\/\/osadev.fh-potsdam.de\/archiv\/wp-json\/wp\/v2\/pages\/87\/revisions"}],"predecessor-version":[{"id":1421,"href":"https:\/\/osadev.fh-potsdam.de\/archiv\/wp-json\/wp\/v2\/pages\/87\/revisions\/1421"}],"up":[{"embeddable":true,"href":"https:\/\/osadev.fh-potsdam.de\/archiv\/wp-json\/wp\/v2\/pages\/75"}],"wp:attachment":[{"href":"https:\/\/osadev.fh-potsdam.de\/archiv\/wp-json\/wp\/v2\/media?parent=87"}],"curies":[{"name":"wp","href":"https:\/\/api.w.org\/{rel}","templated":true}]}}