{"id":870,"date":"2018-04-25T11:46:00","date_gmt":"2018-04-25T09:46:00","guid":{"rendered":"https:\/\/osadev.fh-potsdam.de\/archiv\/?page_id=870"},"modified":"2018-10-26T15:39:00","modified_gmt":"2018-10-26T13:39:00","slug":"wahlpflicht-und-spezialisierung","status":"publish","type":"page","link":"https:\/\/osadev.fh-potsdam.de\/archiv\/studium\/studienbereiche\/wahlpflicht-und-spezialisierung\/","title":{"rendered":"Wahlpflicht und Spezialisierung"},"content":{"rendered":"<div class=\"row\"  id=\"row-100823036\">\n\n\t<div id=\"col-1909298538\" class=\"col title-row small-12 large-12\"  >\n\t\t\t\t<div class=\"col-inner\"  >\n\t\t\t\n\t\t\t\n<h1><b>Wahlpflicht und Spezialisierung<\/b><\/h1>\n\t\t<\/div>\n\t\t\t\t\t<\/div>\n\n\t\n<\/div>\n<div class=\"row\"  id=\"row-1766928962\">\n\n\t<div id=\"col-431128688\" class=\"col medium-6 small-12 large-6\"  >\n\t\t\t\t<div class=\"col-inner\"  >\n\t\t\t\n\t\t\t\n<p>Die Arbeit in Archiven ist vielf\u00e4ltig und erfordert breite Fachkenntnisse. Moderne Archivarinnen und Archivare sind deshalb Generalisten, die in allen Bereichen ihres Faches Kenntnisse und Fertigkeiten besitzen.Dennoch entwickeln sich w\u00e4hrend des Studiums besondere Interessen, die in Wahlpflichtmodulen vertieft werden k\u00f6nnen.<\/p>\n<p>F\u00fcr Studierende mit besonderen historischen Interessen und denjenigen, die sich eher den Quellen des \u201eanalogen\u201c Zeitalters zuwenden wollen, bieten Wahlpflichtmodule zur Vermittlung historischer Quellen, zur Erhaltung von materialgebundenen Archivalien und zur Vertiefung der Historischen Hilfswissenschaften die M\u00f6glichkeit, speziellere Kenntnisse f\u00fcr die Arbeit in historisch ausgerichteten Archiven zu erwerben.<\/p>\n<p>Studierende, die sich tiefer mit den Entwicklungen in der digitalen Welt auseinandersetzen oder die Verbindungen zu anderen informationswissenschaftlichen Bereichen suchen, stehen Wahlpflichtmodule zu dokumentarischen Methoden, zu digitalen Unterlagen sowie zur Informationsvisualisierung zur Verf\u00fcgung. Die Spezialisierung baut auf einem breiten Grundwissen auf und muss noch keine Entscheidung f\u00fcr Ihren sp\u00e4teren Berufsweg bedeuten.<\/p>\n\t\t<\/div>\n\t\t\t\t\t<\/div>\n\n\t\n\n\t<div id=\"col-2099901949\" class=\"col medium-6 small-12 large-6\"  >\n\t\t\t\t<div class=\"col-inner\"  >\n\t\t\t\n\t\t\t\n\t<div class=\"img has-hover x md-x lg-x y md-y lg-y\" id=\"image_1093923853\">\n\t\t\t\t\t\t\t\t<div class=\"img-inner dark\" >\n\t\t\t<img loading=\"lazy\" decoding=\"async\" width=\"600\" height=\"491\" src=\"https:\/\/osadev.fh-potsdam.de\/archiv\/wp-content\/uploads\/sites\/9\/2018\/04\/2_6_Wahlpflicht-und-Spezialisierung.jpg\" class=\"attachment-large size-large\" alt=\"\" srcset=\"https:\/\/osadev.fh-potsdam.de\/archiv\/wp-content\/uploads\/sites\/9\/2018\/04\/2_6_Wahlpflicht-und-Spezialisierung.jpg 600w, https:\/\/osadev.fh-potsdam.de\/archiv\/wp-content\/uploads\/sites\/9\/2018\/04\/2_6_Wahlpflicht-und-Spezialisierung-300x246.jpg 300w\" sizes=\"auto, (max-width: 600px) 100vw, 600px\" \/>\t\t\t\t\t\t\n\t\t\t\t\t<\/div>\n\t\t\t\t\t\t\t\t\n<style>\n#image_1093923853 {\n  width: 100%;\n}\n<\/style>\n\t<\/div>\n\t\n\t\t<\/div>\n\t\t\t\t\t<\/div>\n\n\t\n<\/div>\n<div class=\"row\"  id=\"row-1595227706\">\n<div class=\"col ctrl-buttons\">\n<div class=\"ctrl-buttons-left\"><a href=\"\/archiv\/studium\/studienbereiche\/querschnittsthemen-geschichte-recht-management\/\" class=\"button primary lowercase previous\" >\n\t\t<span>zur\u00fcck<\/span>\n\t<\/a>\n<\/div>\n<div class=\"ctrl-buttons-right\"><a href=\"\/archiv\/aufgaben\/\" class=\"button primary lowercase next\" >\n\t\t<span>weiter<\/span>\n\t<\/a>\n<\/div>\n<\/p><\/div>\n<\/div>\n","protected":false},"excerpt":{"rendered":"","protected":false},"author":1,"featured_media":0,"parent":87,"menu_order":0,"comment_status":"closed","ping_status":"closed","template":"","meta":{"_acf_changed":false,"powered_cache_disable_cache":false,"footnotes":""},"class_list":["post-870","page","type-page","status-publish","hentry"],"acf":[],"_links":{"self":[{"href":"https:\/\/osadev.fh-potsdam.de\/archiv\/wp-json\/wp\/v2\/pages\/870","targetHints":{"allow":["GET"]}}],"collection":[{"href":"https:\/\/osadev.fh-potsdam.de\/archiv\/wp-json\/wp\/v2\/pages"}],"about":[{"href":"https:\/\/osadev.fh-potsdam.de\/archiv\/wp-json\/wp\/v2\/types\/page"}],"author":[{"embeddable":true,"href":"https:\/\/osadev.fh-potsdam.de\/archiv\/wp-json\/wp\/v2\/users\/1"}],"replies":[{"embeddable":true,"href":"https:\/\/osadev.fh-potsdam.de\/archiv\/wp-json\/wp\/v2\/comments?post=870"}],"version-history":[{"count":5,"href":"https:\/\/osadev.fh-potsdam.de\/archiv\/wp-json\/wp\/v2\/pages\/870\/revisions"}],"predecessor-version":[{"id":1145,"href":"https:\/\/osadev.fh-potsdam.de\/archiv\/wp-json\/wp\/v2\/pages\/870\/revisions\/1145"}],"up":[{"embeddable":true,"href":"https:\/\/osadev.fh-potsdam.de\/archiv\/wp-json\/wp\/v2\/pages\/87"}],"wp:attachment":[{"href":"https:\/\/osadev.fh-potsdam.de\/archiv\/wp-json\/wp\/v2\/media?parent=870"}],"curies":[{"name":"wp","href":"https:\/\/api.w.org\/{rel}","templated":true}]}}