{"id":98,"date":"2018-02-01T10:56:20","date_gmt":"2018-02-01T09:56:20","guid":{"rendered":"https:\/\/osadev.fh-potsdam.de\/archiv\/?page_id=98"},"modified":"2018-10-26T15:38:32","modified_gmt":"2018-10-26T13:38:32","slug":"ueberlieferungsbildung-und-benutzung-von-archivalien","status":"publish","type":"page","link":"https:\/\/osadev.fh-potsdam.de\/archiv\/studium\/studienbereiche\/ueberlieferungsbildung-und-benutzung-von-archivalien\/","title":{"rendered":"\u00dcberlieferungsbildung und Benutzung von Archivalien"},"content":{"rendered":"<div class=\"row\"  id=\"row-2147115029\">\n\n\t<div id=\"col-2075703269\" class=\"col title-row small-12 large-12\"  >\n\t\t\t\t<div class=\"col-inner\"  >\n\t\t\t\n\t\t\t\n<h1><b>\u00dcberlieferungsbildung und Benutzung von Archivalien<\/b><\/h1>\n\t\t<\/div>\n\t\t\t\t\t<\/div>\n\n\t\n\n\t<div id=\"col-1435164110\" class=\"col medium-6 small-12 large-6\"  >\n\t\t\t\t<div class=\"col-inner\"  >\n\t\t\t\n\t\t\t\n<p class=\"p1\"><span class=\"s1\">Archive sind Orte der Erinnerung. Mit den Dokumenten in Archiven (Archivalien) kann man in der Gegenwart die Vergangenheit nachvollziehen, analysieren und f\u00fcr die Zukunft daraus lernen. Archive wachsen best\u00e4ndig an, da immer wieder Dokumente, die einen historischen oder rechtlichen Wert haben ins Archiv \u00fcbernommen werden. Archivarinnen und Archivare betreiben \u201e\u00dcberlieferungsbildung\u201c. Das hei\u00dft, sie w\u00e4hlen aus der immensen Menge an Akten, Daten aus Datenbanken, Webseiten, Fotos, Filmen, Briefen, Aufzeichnungen und sonstigen einzigartigen Unterlagen den Teil aus, der archivw\u00fcrdig ist. Als kulturelles Erbe oder zur Sicherung rechtlicher Belange werden diese Archivalien im Archiv \u00fcberliefert. <\/span><\/p>\n<p class=\"p1\"><span class=\"s1\">Erst die M\u00f6glichkeit der Benutzung von Archivalien gibt dem Archiv seinen Sinn. Daher unterst\u00fctzen Archivarinnen und Archivare die Benutzung. Zumeist gibt es in Archiven Leses\u00e4le. Auch die Online Benutzung von digitalisierten und digitalen Archivalien verbreitet sich immer mehr. WissenschaftlerInnen, HistorikerInnen, GenealogenInnen, Fachleute, JournalistenInnen, Sch\u00fclerInnen, Studierende und historisch interessierte B\u00fcrgerInnen nutzen Archive. Archivarinnen und Archivare schaffen g\u00fcnstige Bedingungen f\u00fcr die Benutzung, ber\u00fccksichtigen aber auch gleichzeitig rechtliche Grenzen, die z.B. durch das Archivrecht, den Datenschutz oder das Urheberrecht gesetzt werden. <\/span><\/p>\n<p class=\"p2\"><span class=\"s1\">Sie setzen sich in diesem Studienbereich mit den Kriterien f\u00fcr die \u00dcberlieferungsbildung sowie mit den zielgruppen- und bestandsspezifischen Anforderungen an den Benutzungsbetrieb von Archiven auseinander.<\/span><\/p>\n\t\t<\/div>\n\t\t\t\t\t<\/div>\n\n\t\n\n\t<div id=\"col-603756420\" class=\"col medium-6 small-12 large-6\"  >\n\t\t\t\t<div class=\"col-inner\"  >\n\t\t\t\n\t\t\t\n\t<div class=\"img has-hover x md-x lg-x y md-y lg-y\" id=\"image_423139927\">\n\t\t\t\t\t\t\t\t<div class=\"img-inner dark\" >\n\t\t\t<img loading=\"lazy\" decoding=\"async\" width=\"600\" height=\"491\" src=\"https:\/\/osadev.fh-potsdam.de\/archiv\/wp-content\/uploads\/sites\/9\/2018\/04\/2_1_U\u0308berlieferungsbildung-und-Benutzung-von-Archivalien.jpg\" class=\"attachment-large size-large\" alt=\"\" srcset=\"https:\/\/osadev.fh-potsdam.de\/archiv\/wp-content\/uploads\/sites\/9\/2018\/04\/2_1_U\u0308berlieferungsbildung-und-Benutzung-von-Archivalien.jpg 600w, https:\/\/osadev.fh-potsdam.de\/archiv\/wp-content\/uploads\/sites\/9\/2018\/04\/2_1_U\u0308berlieferungsbildung-und-Benutzung-von-Archivalien-300x246.jpg 300w\" sizes=\"auto, (max-width: 600px) 100vw, 600px\" \/>\t\t\t\t\t\t\n\t\t\t\t\t<\/div>\n\t\t\t\t\t\t\t\t\n<style>\n#image_423139927 {\n  width: 100%;\n}\n<\/style>\n\t<\/div>\n\t\n\t\t<\/div>\n\t\t\t\t\n<style>\n#col-603756420 > .col-inner {\n  padding: 0px 0px 0px 0px;\n}\n<\/style>\n\t<\/div>\n\n\t\n<\/div>\n<div class=\"row\"  id=\"row-1854532026\">\n<div class=\"col ctrl-buttons\">\n<div class=\"ctrl-buttons-left\"><a href=\"\/archiv\/studium\/studienbereiche\/\" class=\"button primary lowercase previous\" >\n\t\t<span>zur\u00fcck<\/span>\n\t<\/a>\n<\/div>\n<div class=\"ctrl-buttons-right\"><a href=\"\/archiv\/studium\/studienbereiche\/digitale-archivierung-und-dauerhafte-erhaltung\/\" class=\"button primary lowercase next\" >\n\t\t<span>weiter<\/span>\n\t<\/a>\n<\/div>\n<\/p><\/div>\n<\/div>\n","protected":false},"excerpt":{"rendered":"","protected":false},"author":3,"featured_media":0,"parent":87,"menu_order":0,"comment_status":"closed","ping_status":"closed","template":"","meta":{"_acf_changed":false,"powered_cache_disable_cache":false,"footnotes":""},"class_list":["post-98","page","type-page","status-publish","hentry"],"acf":[],"_links":{"self":[{"href":"https:\/\/osadev.fh-potsdam.de\/archiv\/wp-json\/wp\/v2\/pages\/98","targetHints":{"allow":["GET"]}}],"collection":[{"href":"https:\/\/osadev.fh-potsdam.de\/archiv\/wp-json\/wp\/v2\/pages"}],"about":[{"href":"https:\/\/osadev.fh-potsdam.de\/archiv\/wp-json\/wp\/v2\/types\/page"}],"author":[{"embeddable":true,"href":"https:\/\/osadev.fh-potsdam.de\/archiv\/wp-json\/wp\/v2\/users\/3"}],"replies":[{"embeddable":true,"href":"https:\/\/osadev.fh-potsdam.de\/archiv\/wp-json\/wp\/v2\/comments?post=98"}],"version-history":[{"count":17,"href":"https:\/\/osadev.fh-potsdam.de\/archiv\/wp-json\/wp\/v2\/pages\/98\/revisions"}],"predecessor-version":[{"id":1140,"href":"https:\/\/osadev.fh-potsdam.de\/archiv\/wp-json\/wp\/v2\/pages\/98\/revisions\/1140"}],"up":[{"embeddable":true,"href":"https:\/\/osadev.fh-potsdam.de\/archiv\/wp-json\/wp\/v2\/pages\/87"}],"wp:attachment":[{"href":"https:\/\/osadev.fh-potsdam.de\/archiv\/wp-json\/wp\/v2\/media?parent=98"}],"curies":[{"name":"wp","href":"https:\/\/api.w.org\/{rel}","templated":true}]}}