{"id":103,"date":"2018-02-01T10:58:26","date_gmt":"2018-02-01T09:58:26","guid":{"rendered":"https:\/\/osadev.fh-potsdam.de\/informations-datenmanagement\/?page_id=103"},"modified":"2018-11-23T22:54:08","modified_gmt":"2018-11-23T21:54:08","slug":"datenmodellierung-und-datenmanagement","status":"publish","type":"page","link":"https:\/\/osadev.fh-potsdam.de\/informations-datenmanagement\/studium\/studienbereiche\/datenmodellierung-und-datenmanagement\/","title":{"rendered":"Datenmodellierung und Datenmanagement"},"content":{"rendered":"<div class=\"row\"  id=\"row-565258605\">\n\n\t<div id=\"col-2133818007\" class=\"col title-row small-12 large-12\"  >\n\t\t\t\t<div class=\"col-inner\"  >\n\t\t\t\n\t\t\t\n<h1><b>Datenmodellierung und Datenmanagement<br \/>\n<\/b><\/h1>\n\t\t<\/div>\n\t\t\t\t\t<\/div>\n\n\t\n<\/div>\n<div class=\"row\"  id=\"row-668138755\">\n\n\t<div id=\"col-1137023633\" class=\"col no-acc-numbers medium-6 small-12 large-6\"  >\n\t\t\t\t<div class=\"col-inner\"  >\n\t\t\t\n\t\t\t\n<p class=\"p1\"><span class=\"s1\">Der Umgang mit Daten geh\u00f6rt im digitalen Zeitalter der Smartphones und globalen Vernetzung zu den grundlegenden Kulturtechniken und ist uns in allen Bereichen des gesellschaftlichen Lebens vertraut. Jeder benutzt heute digitale Datentr\u00e4ger und speichert oder verschickt t\u00e4glich digital kodierte Nachrichten, Bilder oder Dokumente.<\/span><\/p>\n<p class=\"p2\"><span class=\"s1\">Auf der Grundlage einer richtigen Datenverwaltung ist es zudem m\u00f6glich, Daten auszuwerten und zu analysieren (Data Mining) oder zu visualisieren (Daten- und Informationsvisualisierung). <\/span><\/p>\n<div class=\"accordion\">\n\t<div id=\"accordion-3717909214\" class=\"accordion-item\">\n\t\t<a id=\"accordion-3717909214-label\" class=\"accordion-title plain\" href=\"#accordion-item-daten\" aria-expanded=\"false\" aria-controls=\"accordion-3717909214-content\">\n\t\t\t<button class=\"toggle\" aria-label=\"Umschalten\"><i class=\"icon-angle-down\" aria-hidden=\"true\"><\/i><\/button>\n\t\t\t<span>Daten<\/span>\n\t\t<\/a>\n\t\t<div id=\"accordion-3717909214-content\" class=\"accordion-inner\" aria-labelledby=\"accordion-3717909214-label\">\n\t\t\t\n<p class=\"p1\"><span class=\"s1\">Daten sind Zeichen oder Symbole, die durch die Art der Kodierung (z.B. bin\u00e4r) maschinell verarbeitet werden k\u00f6nnen. Sie k\u00f6nnen Zahlen, Buchstaben, Texte, Bilder, Messwerte, Koordinaten oder audio-visuelle Inhalte repr\u00e4sentieren und werden in strukturierter Weise beispielsweise in Dateien und Dateiordnern oder in Datenbanken verwaltet. Um Daten sinnvoll verwalten und verarbeiten zu k\u00f6nnen, m\u00fcssen Ordnungsstrukturen entwickelt werden, die sogenannten Datenmodelle.<\/span><\/p>\n\t\t<\/div>\n\t<\/div>\n\t\n\t<div id=\"accordion-2568829213\" class=\"accordion-item\">\n\t\t<a id=\"accordion-2568829213-label\" class=\"accordion-title plain\" href=\"#accordion-item-datenmodellierung\" aria-expanded=\"false\" aria-controls=\"accordion-2568829213-content\">\n\t\t\t<button class=\"toggle\" aria-label=\"Umschalten\"><i class=\"icon-angle-down\" aria-hidden=\"true\"><\/i><\/button>\n\t\t\t<span>Datenmodellierung<\/span>\n\t\t<\/a>\n\t\t<div id=\"accordion-2568829213-content\" class=\"accordion-inner\" aria-labelledby=\"accordion-2568829213-label\">\n\t\t\t\n<p class=\"p1\"><span class=\"s1\">Ein Datenmodell wird f\u00fcr eine bestimmte Dom\u00e4ne (ein Wissensgebiet) entwickelt. Hier handelt es sich prim\u00e4r um eine thematisch und strukturell abgegrenzte Datensammlung. W\u00e4hrend des Studiums lernen Sie Methoden der Dom\u00e4nen-Analyse kennen sowie wesentliche Modellierungstechniken. <\/span><\/p>\n\t\t<\/div>\n\t<\/div>\n\t\n\t<div id=\"accordion-3588722602\" class=\"accordion-item\">\n\t\t<a id=\"accordion-3588722602-label\" class=\"accordion-title plain\" href=\"#accordion-item-cloudtechnologie\" aria-expanded=\"false\" aria-controls=\"accordion-3588722602-content\">\n\t\t\t<button class=\"toggle\" aria-label=\"Umschalten\"><i class=\"icon-angle-down\" aria-hidden=\"true\"><\/i><\/button>\n\t\t\t<span>Cloudtechnologie<\/span>\n\t\t<\/a>\n\t\t<div id=\"accordion-3588722602-content\" class=\"accordion-inner\" aria-labelledby=\"accordion-3588722602-label\">\n\t\t\t\n<p class=\"p2\"><span class=\"s1\">Das Datenmanagement vollzieht sich heute zum gr\u00f6\u00dften Teil unsichtbar f\u00fcr den Datenkonsumenten. Informationssysteme oder Internetdienste benutzen dazu eine vorhandene Dateninfrastruktur, um Daten geoordnet abzulegen und sie sp\u00e4ter wieder nutzbar zu machen. Diese f\u00fcr den Nutzer meist unsichtbaren Dienstleistungen wie Rechen-, Speicher- oder Datenbankkapazit\u00e4ten werden heute auch als Cloud-Technologien bezeichnet.<\/span><\/p>\n\t\t<\/div>\n\t<\/div>\n\t\n\t<div id=\"accordion-152334781\" class=\"accordion-item\">\n\t\t<a id=\"accordion-152334781-label\" class=\"accordion-title plain\" href=\"#accordion-item-datenintegration\" aria-expanded=\"false\" aria-controls=\"accordion-152334781-content\">\n\t\t\t<button class=\"toggle\" aria-label=\"Umschalten\"><i class=\"icon-angle-down\" aria-hidden=\"true\"><\/i><\/button>\n\t\t\t<span>Datenintegration<\/span>\n\t\t<\/a>\n\t\t<div id=\"accordion-152334781-content\" class=\"accordion-inner\" aria-labelledby=\"accordion-152334781-label\">\n\t\t\t\n<p>Eine weitere wichtige Aufgabe des Datenmanagements besteht darin, Daten so aufzubereiten, zu speichern und zu modellieren, dass Sie in verschiedenen anderen Systemen wieder verwendet werden k\u00f6nnen. Dazu ben\u00f6tigen die Systeme sogenannte Schnittstellen und Datentransformationsprozesse die konzipiert und programmiert werden m\u00fcssen.<\/p>\n\t\t<\/div>\n\t<\/div>\n\t\n<\/div>\n\t\t<\/div>\n\t\t\t\t\t<\/div>\n\n\t\n\n\t<div id=\"col-1854800571\" class=\"col medium-6 small-12 large-6\"  >\n\t\t\t\t<div class=\"col-inner\"  >\n\t\t\t\n\t\t\t\n\t<div class=\"img has-hover x md-x lg-x y md-y lg-y\" id=\"image_2083839629\">\n\t\t\t\t\t\t\t\t<div class=\"img-inner dark\" >\n\t\t\t<img loading=\"lazy\" decoding=\"async\" width=\"1020\" height=\"824\" src=\"https:\/\/osadev.fh-potsdam.de\/informations-datenmanagement\/wp-content\/uploads\/sites\/8\/2018\/04\/2_2_Datenbank_wrb_IuD-1024x827.jpg\" class=\"attachment-large size-large\" alt=\"\" srcset=\"https:\/\/osadev.fh-potsdam.de\/informations-datenmanagement\/wp-content\/uploads\/sites\/8\/2018\/04\/2_2_Datenbank_wrb_IuD-1024x827.jpg 1024w, https:\/\/osadev.fh-potsdam.de\/informations-datenmanagement\/wp-content\/uploads\/sites\/8\/2018\/04\/2_2_Datenbank_wrb_IuD-300x242.jpg 300w, https:\/\/osadev.fh-potsdam.de\/informations-datenmanagement\/wp-content\/uploads\/sites\/8\/2018\/04\/2_2_Datenbank_wrb_IuD-768x620.jpg 768w\" sizes=\"auto, (max-width: 1020px) 100vw, 1020px\" \/>\t\t\t\t\t\t\n\t\t\t\t\t<\/div>\n\t\t\t\t\t\t\t\t\n<style>\n#image_2083839629 {\n  width: 100%;\n}\n<\/style>\n\t<\/div>\n\t\n\t\t<\/div>\n\t\t\t\t\t<\/div>\n\n\t\n<\/div>\n<div class=\"row\"  id=\"row-1737280189\">\n<div class=\"col ctrl-buttons\">\n<div class=\"ctrl-buttons-left\"><a href=\"\/informations-datenmanagement\/studium\/studienbereiche\/informations-und-wissensmanagement-content-und-dokumentenmanagement\/\" class=\"button primary lowercase previous\" >\n\t\t<span>zur\u00fcck<\/span>\n\t<\/a>\n<\/div>\n<div class=\"ctrl-buttons-right\"><a href=\"\/informations-datenmanagement\/studium\/studienbereiche\/information-retrieval-data-und-textmining-inhaltserschliessung-bilddokumentation\/\" class=\"button primary lowercase next\" >\n\t\t<span>weiter<\/span>\n\t<\/a>\n<\/div>\n<\/div>\n<\/div>\n","protected":false},"excerpt":{"rendered":"","protected":false},"author":3,"featured_media":0,"parent":87,"menu_order":0,"comment_status":"closed","ping_status":"closed","template":"","meta":{"_acf_changed":false,"powered_cache_disable_cache":false,"footnotes":""},"class_list":["post-103","page","type-page","status-publish","hentry"],"acf":[],"_links":{"self":[{"href":"https:\/\/osadev.fh-potsdam.de\/informations-datenmanagement\/wp-json\/wp\/v2\/pages\/103","targetHints":{"allow":["GET"]}}],"collection":[{"href":"https:\/\/osadev.fh-potsdam.de\/informations-datenmanagement\/wp-json\/wp\/v2\/pages"}],"about":[{"href":"https:\/\/osadev.fh-potsdam.de\/informations-datenmanagement\/wp-json\/wp\/v2\/types\/page"}],"author":[{"embeddable":true,"href":"https:\/\/osadev.fh-potsdam.de\/informations-datenmanagement\/wp-json\/wp\/v2\/users\/3"}],"replies":[{"embeddable":true,"href":"https:\/\/osadev.fh-potsdam.de\/informations-datenmanagement\/wp-json\/wp\/v2\/comments?post=103"}],"version-history":[{"count":15,"href":"https:\/\/osadev.fh-potsdam.de\/informations-datenmanagement\/wp-json\/wp\/v2\/pages\/103\/revisions"}],"predecessor-version":[{"id":1243,"href":"https:\/\/osadev.fh-potsdam.de\/informations-datenmanagement\/wp-json\/wp\/v2\/pages\/103\/revisions\/1243"}],"up":[{"embeddable":true,"href":"https:\/\/osadev.fh-potsdam.de\/informations-datenmanagement\/wp-json\/wp\/v2\/pages\/87"}],"wp:attachment":[{"href":"https:\/\/osadev.fh-potsdam.de\/informations-datenmanagement\/wp-json\/wp\/v2\/media?parent=103"}],"curies":[{"name":"wp","href":"https:\/\/api.w.org\/{rel}","templated":true}]}}