{"id":107,"date":"2018-02-01T11:00:07","date_gmt":"2018-02-01T10:00:07","guid":{"rendered":"https:\/\/osadev.fh-potsdam.de\/informations-datenmanagement\/?page_id=107"},"modified":"2018-11-23T22:54:29","modified_gmt":"2018-11-23T21:54:29","slug":"information-retrieval-data-und-textmining-inhaltserschliessung-bilddokumentation","status":"publish","type":"page","link":"https:\/\/osadev.fh-potsdam.de\/informations-datenmanagement\/studium\/studienbereiche\/information-retrieval-data-und-textmining-inhaltserschliessung-bilddokumentation\/","title":{"rendered":"Information Retrieval, Data- und Textmining, Inhaltserschlie\u00dfung, Bilddokumentation"},"content":{"rendered":"<div class=\"row\"  id=\"row-2125548425\">\n\n\t<div id=\"col-505495043\" class=\"col title-row small-12 large-12\"  >\n\t\t\t\t<div class=\"col-inner\"  >\n\t\t\t\n\t\t\t\n<h1><b>Information Retrieval, Data- und Textmining, Inhaltserschlie\u00dfung,<br \/>\nBilddokumentation<\/b><\/h1>\n\t\t<\/div>\n\t\t\t\t\t<\/div>\n\n\t\n<\/div>\n<div class=\"row\"  id=\"row-1476007775\">\n\n\t<div id=\"col-334237672\" class=\"col no-acc-numbers medium-6 small-12 large-6\"  >\n\t\t\t\t<div class=\"col-inner\"  >\n\t\t\t\n\t\t\t\n<p>Sp\u00e4testens seitdem die erste indexierende Web-Suchmaschine Altavista im Jahre 1995 an den Start ging, ist Informationsrecherche im Internet alltagstauglich geworden. Mittels Suchmaschinen ist heute jeder an jedem Ort und zu jeder Zeit in der Lage, relevante und gr\u00f6\u00dftenteils personalisierte Informationen zu \u201eergoogeln\u201c und das in allen medialen Formen \u2013 Text, Bild, Karten, Audio, Video etc. Damit Suchanfragen maschinell \u201everstanden\u201c werden k\u00f6nnen, Informationen gefunden werden und nutzergerecht aufbereitet werden k\u00f6nnen, sind komplexe Algorithmen erforderlich, die f\u00fcr den Nutzer weitgehend unsichtbar ausgef\u00fchrt werden.<\/p>\n<div class=\"accordion\">\n\t<div id=\"accordion-609755537\" class=\"accordion-item\">\n\t\t<a id=\"accordion-609755537-label\" class=\"accordion-title plain\" href=\"#accordion-item-information-retrieval\" aria-expanded=\"false\" aria-controls=\"accordion-609755537-content\">\n\t\t\t<button class=\"toggle\" aria-label=\"Umschalten\"><i class=\"icon-angle-down\" aria-hidden=\"true\"><\/i><\/button>\n\t\t\t<span>Information Retrieval<\/span>\n\t\t<\/a>\n\t\t<div id=\"accordion-609755537-content\" class=\"accordion-inner\" aria-labelledby=\"accordion-609755537-label\">\n\t\t\t\n<p>Wie m\u00fcssen Daten und Informationen beschaffen sein, damit sie wiedergefunden werden? Wie funktionieren Suchmaschinen? Wie k\u00f6nnen Objekte in Bildern erkannt werden oder wie erkennt ein Programm welches Musikst\u00fcck gerade gespielt wird? Das sind nur einige Fragestellungen auf die im Themenbereich Information Retrieval eingegangen wird.<\/p>\n\t\t<\/div>\n\t<\/div>\n\t\n\t<div id=\"accordion-2537276919\" class=\"accordion-item\">\n\t\t<a id=\"accordion-2537276919-label\" class=\"accordion-title plain\" href=\"#accordion-item-data-,-text--und-webmining\" aria-expanded=\"false\" aria-controls=\"accordion-2537276919-content\">\n\t\t\t<button class=\"toggle\" aria-label=\"Umschalten\"><i class=\"icon-angle-down\" aria-hidden=\"true\"><\/i><\/button>\n\t\t\t<span>Data-, Text- und Webmining<\/span>\n\t\t<\/a>\n\t\t<div id=\"accordion-2537276919-content\" class=\"accordion-inner\" aria-labelledby=\"accordion-2537276919-label\">\n\t\t\t\n<p class=\"p2\"><span class=\"s1\">Gigantische Datenmengen, riesige Dokumentsammlungen, Webseiten (man sch\u00e4tzt die Zahl der bei Google indexierten Webseiten auf ca. 25 Milliarden) oder Videoplattformen (2013 wurden pro Minute ca. 100 Stunden Videomaterial auf YouTube hochgeladen) bieten v\u00f6llig neue M\u00f6glichkeiten, wie im Bergbau (Informations-)sch\u00e4tze aus einer gro\u00dfen Menge von Daten zu gewinnen. Verfahren zur Analyse, Extraktion und Auswertung von Daten und Texten lernen Sie in den Themengebieten Data- bzw. Textmining kennen.<\/span><\/p>\n\t\t<\/div>\n\t<\/div>\n\t\n\t<div id=\"accordion-2785915705\" class=\"accordion-item\">\n\t\t<a id=\"accordion-2785915705-label\" class=\"accordion-title plain\" href=\"#accordion-item-inhaltserschlie\u00dfung\" aria-expanded=\"false\" aria-controls=\"accordion-2785915705-content\">\n\t\t\t<button class=\"toggle\" aria-label=\"Umschalten\"><i class=\"icon-angle-down\" aria-hidden=\"true\"><\/i><\/button>\n\t\t\t<span>Inhaltserschlie\u00dfung<\/span>\n\t\t<\/a>\n\t\t<div id=\"accordion-2785915705-content\" class=\"accordion-inner\" aria-labelledby=\"accordion-2785915705-label\">\n\t\t\t\n<p class=\"p2\"><span class=\"s1\">Stellen Sie sich folgende Situationen vor: Sie suchen Informationen \u00fcber den Strau\u00df, den gr\u00f6\u00dften lebenden Vogel der Erde. Zu Ihrem gro\u00dfen Erstaunen bekommen Sie eine Trefferliste mit Angaben zu den Blumenstr\u00e4u\u00dfen oder mit einer Biographie vom deutschen Politiker Franz Josef Strau\u00df. Oder Sie brauchen die technischen Daten von einem Fahrstuhl und bekommen keine Information, obwohl Ihre Kollegin alles gefunden hat, weil sie nach \u201eAufzug\u201c gesucht hat. In beiden F\u00e4llen haben wir mit der sprachlichen Ph\u00e4nomenen zu tun, die Zugang zu den Daten erschweren. Folgende Situation ist Ihnen sicherlich auch bekannt: Sie suchen nach einem bestimmten Thema und finden tausende unn\u00f6tige Treffer, wo Ihr Suchbegriff in einem anderen Kontext vorkommt. Genau mit diesen Problemfeldern befasst sich Inhaltserschlie\u00dfung. W\u00e4hrend des Studiums entwickeln Sie sichere Vorstellungen \u00fcber die Funktionsweise der nat\u00fcrlichen Sprache sowie \u00fcber die wesentlichen Sprachph\u00e4nomene. Sie erlernen Methoden, mit denen Sie einen reibungslosen inhaltlichen Zugang zu Daten schaffen k\u00f6nnen. Nach dem Studium werden Sie in der Lage sein, diverse Begriffssysteme, die als Instrumente in der Inhaltserschlie\u00dfung benutzt werden, selbst zu entwickeln, und zwar sowohl klassische \u2013 Klassifikationen und Thesauri \u2013 als auch moderne \u2013 Ontologien. <\/span><\/p>\n\t\t<\/div>\n\t<\/div>\n\t\n\t<div id=\"accordion-75331842\" class=\"accordion-item\">\n\t\t<a id=\"accordion-75331842-label\" class=\"accordion-title plain\" href=\"#accordion-item-bilddokumentation\" aria-expanded=\"false\" aria-controls=\"accordion-75331842-content\">\n\t\t\t<button class=\"toggle\" aria-label=\"Umschalten\"><i class=\"icon-angle-down\" aria-hidden=\"true\"><\/i><\/button>\n\t\t\t<span>Bilddokumentation<\/span>\n\t\t<\/a>\n\t\t<div id=\"accordion-75331842-content\" class=\"accordion-inner\" aria-labelledby=\"accordion-75331842-label\">\n\t\t\t\n<p><span class=\"s1\">Die Bilddokumentation wird hier beispielhaft als eines unserer Studienangebote zur dokumentarischen Erschlie\u00dfung vorgestellt. Die gro\u00dfen Bilderdatenbanken werden heutzutage nicht nur von Presseagenturen betrieben, viele gro\u00dfe und kleine Einrichtungen unterhalten Foto- und audiovisuelle Sammlungen. Wie strukturiert man diese Best\u00e4nde, wie werden sie aufbereitet, um dem Nutzer einen schnellen, vollst\u00e4ndigen und ballastfreien Zugang zu den Bildern zu gew\u00e4hren? Mit dieser Fragestellung befasst sich die Bilddokumentation. Im Rahmen dieses Kurses reflektieren Sie das Medium \u201eBild\u201c und alle Ebenen der Bilderschlie\u00dfung, von formalen Daten \u00fcber inhaltsdeutende Angaben bis zur Sacherschlie\u00dfung. Sie lernen bestehende Erschlie\u00dfungsmethoden und Erschlie\u00dfungsinstrumente sowie aktuelle textbasierte und visuelle Retrievalsysteme kennen.<\/span><\/p>\n\t\t<\/div>\n\t<\/div>\n\t\n<\/div>\n\t\t<\/div>\n\t\t\t\t\t<\/div>\n\n\t\n\n\t<div id=\"col-2129452802\" class=\"col medium-6 small-12 large-6\"  >\n\t\t\t\t<div class=\"col-inner\"  >\n\t\t\t\n\t\t\t\n\t<div class=\"img has-hover x md-x lg-x y md-y lg-y\" id=\"image_752414236\">\n\t\t\t\t\t\t\t\t<div class=\"img-inner dark\" >\n\t\t\t<img loading=\"lazy\" decoding=\"async\" width=\"1020\" height=\"721\" src=\"https:\/\/osadev.fh-potsdam.de\/informations-datenmanagement\/wp-content\/uploads\/sites\/8\/2018\/04\/2_3_Suchmaschine_3_IuD-e1527238941217-1024x724.jpg\" class=\"attachment-large size-large\" alt=\"\" srcset=\"https:\/\/osadev.fh-potsdam.de\/informations-datenmanagement\/wp-content\/uploads\/sites\/8\/2018\/04\/2_3_Suchmaschine_3_IuD-e1527238941217-1024x724.jpg 1024w, https:\/\/osadev.fh-potsdam.de\/informations-datenmanagement\/wp-content\/uploads\/sites\/8\/2018\/04\/2_3_Suchmaschine_3_IuD-e1527238941217-300x212.jpg 300w, https:\/\/osadev.fh-potsdam.de\/informations-datenmanagement\/wp-content\/uploads\/sites\/8\/2018\/04\/2_3_Suchmaschine_3_IuD-e1527238941217-768x543.jpg 768w\" sizes=\"auto, (max-width: 1020px) 100vw, 1020px\" \/>\t\t\t\t\t\t\n\t\t\t\t\t<\/div>\n\t\t\t\t\t\t\t\t\n<style>\n#image_752414236 {\n  width: 100%;\n}\n<\/style>\n\t<\/div>\n\t\n\t\t<\/div>\n\t\t\t\t\n<style>\n#col-2129452802 > .col-inner {\n  padding: 0 0px 0px 0px;\n}\n<\/style>\n\t<\/div>\n\n\t\n<\/div>\n<div class=\"row\"  id=\"row-971603659\">\n<div class=\"col ctrl-buttons\">\n<div class=\"ctrl-buttons-left\"><a href=\"\/informations-datenmanagement\/studium\/studienbereiche\/datenmodellierung-und-datenmanagement\/\" class=\"button primary lowercase previous\" >\n\t\t<span>zur\u00fcck<\/span>\n\t<\/a>\n<\/div>\n<div class=\"ctrl-buttons-right\"><a href=\"\/informations-datenmanagement\/studium\/studienbereiche\/informations-internet-und-webtechnologien\/\" class=\"button primary lowercase next\" >\n\t\t<span>weiter<\/span>\n\t<\/a>\n<\/div>\n<\/div>\n<\/div>\n","protected":false},"excerpt":{"rendered":"","protected":false},"author":3,"featured_media":0,"parent":87,"menu_order":0,"comment_status":"closed","ping_status":"closed","template":"","meta":{"_acf_changed":false,"powered_cache_disable_cache":false,"footnotes":""},"class_list":["post-107","page","type-page","status-publish","hentry"],"acf":[],"_links":{"self":[{"href":"https:\/\/osadev.fh-potsdam.de\/informations-datenmanagement\/wp-json\/wp\/v2\/pages\/107","targetHints":{"allow":["GET"]}}],"collection":[{"href":"https:\/\/osadev.fh-potsdam.de\/informations-datenmanagement\/wp-json\/wp\/v2\/pages"}],"about":[{"href":"https:\/\/osadev.fh-potsdam.de\/informations-datenmanagement\/wp-json\/wp\/v2\/types\/page"}],"author":[{"embeddable":true,"href":"https:\/\/osadev.fh-potsdam.de\/informations-datenmanagement\/wp-json\/wp\/v2\/users\/3"}],"replies":[{"embeddable":true,"href":"https:\/\/osadev.fh-potsdam.de\/informations-datenmanagement\/wp-json\/wp\/v2\/comments?post=107"}],"version-history":[{"count":14,"href":"https:\/\/osadev.fh-potsdam.de\/informations-datenmanagement\/wp-json\/wp\/v2\/pages\/107\/revisions"}],"predecessor-version":[{"id":1245,"href":"https:\/\/osadev.fh-potsdam.de\/informations-datenmanagement\/wp-json\/wp\/v2\/pages\/107\/revisions\/1245"}],"up":[{"embeddable":true,"href":"https:\/\/osadev.fh-potsdam.de\/informations-datenmanagement\/wp-json\/wp\/v2\/pages\/87"}],"wp:attachment":[{"href":"https:\/\/osadev.fh-potsdam.de\/informations-datenmanagement\/wp-json\/wp\/v2\/media?parent=107"}],"curies":[{"name":"wp","href":"https:\/\/api.w.org\/{rel}","templated":true}]}}