{"id":227,"date":"2018-02-01T12:22:58","date_gmt":"2018-02-01T11:22:58","guid":{"rendered":"https:\/\/osadev.fh-potsdam.de\/informations-datenmanagement\/?page_id=227"},"modified":"2019-11-03T18:44:07","modified_gmt":"2019-11-03T17:44:07","slug":"weitere-infos-stundenplan","status":"publish","type":"page","link":"https:\/\/osadev.fh-potsdam.de\/informations-datenmanagement\/studienalltag\/weitere-infos-stundenplan\/","title":{"rendered":"Weitere Infos zum Stundenplan"},"content":{"rendered":"<div class=\"row\"  id=\"row-972350975\">\n\n\t<div id=\"col-1496234192\" class=\"col medium-6 small-12 large-6\"  >\n\t\t\t\t<div class=\"col-inner\"  >\n\t\t\t\n\t\t\t\n<h1><b>Weitere Infos zum Stundenplan<\/b><\/h1>\n<p>Im ersten Semester haben Sie ein Arbeitspensum von 22 Semesterwochenstunden (SWS). Eine Semesterwochenstunde entspricht 45 min Lehrveranstaltung pro Woche.<\/p>\n<p>Die Lehrveranstaltungen lassen sich im Wesentlichen unterscheiden in Vorlesung, Seminar und \u00dcbung. I.d.R. reicht der alleinige Besuch der Lehrveranstaltungen jedoch NICHT aus, um alle Inhalte zu verstehen.<\/p>\n<p>Es geh\u00f6rt zum Studieren, Inhalte selbstst\u00e4ndig vor- und nachzuarbeiten und sich diese dadurch anzueignen. Das bedeutet beispielsweise, dass regelm\u00e4\u00dfig Texte bzw. Literatur zu lesen sind, \u00dcbungsaufgaben zu l\u00f6sen sind, etc. F\u00fcr dieses selbst\u00e4ndige Vor- und Nacharbeiten sollten Sie etwa 10 bis 15 Stunden pro Woche einplanen.<\/p>\n<p>Dadurch wird nachvollziehbar, warum ein Studium, trotz der vielen L\u00fccken, die der Stundenplan auf den ersten Blick aufweist, im Grunde einer Vollzeitbesch\u00e4ftigung entspricht. Die meisten Module schlie\u00dfen mit einer sogenannten Modulabschlusspr\u00fcfung ab. Dies kann z.B. eine Klausur, eine m\u00fcndliche Pr\u00fcfung oder eine Hausarbeit sein. Auch in der vorlesungsfreien Zeit (Semesterferien) muss viel Zeit f\u00fcr die Vorbereitung auf diese Modulabschlusspr\u00fcfungen oder f\u00fcr das Schreiben von Berichten eingeplant werden.<\/p>\n\t\t<\/div>\n\t\t\t\t\t<\/div>\n\n\t\n\n\t<div id=\"col-1793168801\" class=\"col medium-6 small-12 large-6\"  >\n\t\t\t\t<div class=\"col-inner\"  >\n\t\t\t\n\t\t\t\n\t<div class=\"img has-hover x md-x lg-x y md-y lg-y\" id=\"image_877063571\">\n\t\t<a class=\"image-lightbox lightbox-gallery\" title=\"\" href=\"\">\t\t\t\t\t\t<div class=\"img-inner dark\" >\n\t\t\t\t\t\t\t\t\t\n\t\t\t\t\t<\/div>\n\t\t\t\t\t\t<\/a>\t\t\n<style>\n#image_877063571 {\n  width: 100%;\n}\n<\/style>\n\t<\/div>\n\t\n\t\t<\/div>\n\t\t\t\t\t<\/div>\n\n\t\n<\/div>\n<div class=\"row\"  id=\"row-8819380\">\n<div class=\"col ctrl-buttons\">\n<div class=\"ctrl-buttons-left\">\n<a href=\"\/informations-datenmanagement\/studienalltag\/stundenplan-im-ersten-semester\/\" class=\"button primary lowercase previous\" >\n\t\t<span>zur\u00fcck<\/span>\n\t<\/a>\n\n<\/div>\n<div class=\"ctrl-buttons-right\">\n<a href=\"\/informations-datenmanagement\/studienalltag\/tipps\/\" class=\"button primary lowercase next\" >\n\t\t<span>weiter<\/span>\n\t<\/a>\n\n<\/div>\n<\/div>\n<\/div>\n","protected":false},"excerpt":{"rendered":"","protected":false},"author":3,"featured_media":0,"parent":219,"menu_order":0,"comment_status":"closed","ping_status":"closed","template":"","meta":{"_acf_changed":false,"powered_cache_disable_cache":false,"footnotes":""},"class_list":["post-227","page","type-page","status-publish","hentry"],"acf":[],"_links":{"self":[{"href":"https:\/\/osadev.fh-potsdam.de\/informations-datenmanagement\/wp-json\/wp\/v2\/pages\/227","targetHints":{"allow":["GET"]}}],"collection":[{"href":"https:\/\/osadev.fh-potsdam.de\/informations-datenmanagement\/wp-json\/wp\/v2\/pages"}],"about":[{"href":"https:\/\/osadev.fh-potsdam.de\/informations-datenmanagement\/wp-json\/wp\/v2\/types\/page"}],"author":[{"embeddable":true,"href":"https:\/\/osadev.fh-potsdam.de\/informations-datenmanagement\/wp-json\/wp\/v2\/users\/3"}],"replies":[{"embeddable":true,"href":"https:\/\/osadev.fh-potsdam.de\/informations-datenmanagement\/wp-json\/wp\/v2\/comments?post=227"}],"version-history":[{"count":12,"href":"https:\/\/osadev.fh-potsdam.de\/informations-datenmanagement\/wp-json\/wp\/v2\/pages\/227\/revisions"}],"predecessor-version":[{"id":1269,"href":"https:\/\/osadev.fh-potsdam.de\/informations-datenmanagement\/wp-json\/wp\/v2\/pages\/227\/revisions\/1269"}],"up":[{"embeddable":true,"href":"https:\/\/osadev.fh-potsdam.de\/informations-datenmanagement\/wp-json\/wp\/v2\/pages\/219"}],"wp:attachment":[{"href":"https:\/\/osadev.fh-potsdam.de\/informations-datenmanagement\/wp-json\/wp\/v2\/media?parent=227"}],"curies":[{"name":"wp","href":"https:\/\/api.w.org\/{rel}","templated":true}]}}