{"id":250,"date":"2018-02-01T12:59:17","date_gmt":"2018-02-01T11:59:17","guid":{"rendered":"https:\/\/osadev.fh-potsdam.de\/informations-datenmanagement\/?page_id=250"},"modified":"2018-11-23T22:47:08","modified_gmt":"2018-11-23T21:47:08","slug":"bianca-r-dokumentarin","status":"publish","type":"page","link":"https:\/\/osadev.fh-potsdam.de\/informations-datenmanagement\/aussichten\/interviews-mit-absolventinnen-und-absolventen\/bianca-r-dokumentarin\/","title":{"rendered":"Bianca R., Dokumentarin"},"content":{"rendered":"<div class=\"row\"  id=\"row-730873029\">\n\n\t<div id=\"col-1335738847\" class=\"col title-row-null small-12 large-12\"  >\n\t\t\t\t<div class=\"col-inner\"  >\n\t\t\t\n\t\t\t\n<h1><b>Bianca R., Dokumentarin<\/b><\/h1>\n\t\t<\/div>\n\t\t\t\t\t<\/div>\n\n\t\n\n\t<div id=\"col-2084211218\" class=\"col medium-8 small-12 large-8\"  >\n\t\t\t\t<div class=\"col-inner\"  >\n\t\t\t\n\t\t\t\n<p><b>Studienabschluss: Information und Dokumentation, B.A.<\/b><\/p>\n<div class=\"accordion\">\n\t<div id=\"accordion-4236922591\" class=\"accordion-item\">\n\t\t<a id=\"accordion-4236922591-label\" class=\"accordion-title plain active\" href=\"#accordion-item-stellen-sie-sich-und-ihren-beruf-kurz-vor!\" aria-expanded=\"true\" aria-controls=\"accordion-4236922591-content\">\n\t\t\t<button class=\"toggle\" aria-label=\"Umschalten\"><i class=\"icon-angle-down\" aria-hidden=\"true\"><\/i><\/button>\n\t\t\t<span>Stellen Sie sich und Ihren Beruf kurz vor!<\/span>\n\t\t<\/a>\n\t\t<div id=\"accordion-4236922591-content\" class=\"accordion-inner\" style=\"display: block;\" aria-labelledby=\"accordion-4236922591-label\">\n\t\t\t\n<p>Mein Name ist Bianca R. und ich habe an der Fachhochschule Potsdam von 2010 bis 2014 Information und Dokumentation studiert. Nach dem Studium wurde ich als feste Mitarbeiterin bei der DIN Software GmbH als Dokumentarin angestellt.<\/p>\n\t\t<\/div>\n\t<\/div>\n\t\n\t<div id=\"accordion-2805164935\" class=\"accordion-item\">\n\t\t<a id=\"accordion-2805164935-label\" class=\"accordion-title plain\" href=\"#accordion-item-beschreiben-sie-ihre-arbeit!-wie-sieht-ein-typischer-arbeitstag-bei-ihnen-aus?\" aria-expanded=\"false\" aria-controls=\"accordion-2805164935-content\">\n\t\t\t<button class=\"toggle\" aria-label=\"Umschalten\"><i class=\"icon-angle-down\" aria-hidden=\"true\"><\/i><\/button>\n\t\t\t<span>Beschreiben Sie Ihre Arbeit! Wie sieht ein typischer Arbeitstag bei Ihnen aus?<\/span>\n\t\t<\/a>\n\t\t<div id=\"accordion-2805164935-content\" class=\"accordion-inner\" aria-labelledby=\"accordion-2805164935-label\">\n\t\t\t\n<p>Der Arbeitsschwerpunkt liegt bei der Erstellung und Bereitstellung von Normeninformationen f\u00fcr unsere Kunden. Daf\u00fcr werden nationale und internationale Normen und Technische Regeln inhaltlich und formal erschlossen. Das geschieht sowohl intellektuell als auch mit Hilfe automatisch gest\u00fctzter Extraktionsverfahren. Ein besonderes Augenmerk wird dabei auf die Vergabe von Deskriptoren gelegt.<br \/>Auch bei automatischen Verfahren werden die Deskriptoren und alle anderen Daten von den Dokumentaren intellektuell gepr\u00fcft, um ein hohes Ma\u00df an Datenqualit\u00e4t zu erreichen. Neben diesen Routinearbeiten werden verschiedene Projekte bearbeitet. Dazu z\u00e4hlen u.a. Projekte, die mittels Text Mining oder semantischer Technologien realisiert werden.<\/p>\n\t\t<\/div>\n\t<\/div>\n\t\n\t<div id=\"accordion-3717350943\" class=\"accordion-item\">\n\t\t<a id=\"accordion-3717350943-label\" class=\"accordion-title plain\" href=\"#accordion-item-warum-haben-sie-sich-f\u00fcr-den-studiengang-information-und-dokumentation-entschieden?\" aria-expanded=\"false\" aria-controls=\"accordion-3717350943-content\">\n\t\t\t<button class=\"toggle\" aria-label=\"Umschalten\"><i class=\"icon-angle-down\" aria-hidden=\"true\"><\/i><\/button>\n\t\t\t<span>Warum haben Sie sich f\u00fcr den Studiengang Information und Dokumentation entschieden?<\/span>\n\t\t<\/a>\n\t\t<div id=\"accordion-3717350943-content\" class=\"accordion-inner\" aria-labelledby=\"accordion-3717350943-label\">\n\t\t\t\n<p>Vor dem Studium habe ich eine Ausbildung zur Fachangestellten f\u00fcr Medien- und Informationsdienste, Fachrichtung Bibliothek gemacht. Da mir der Arbeitshintergrund gefiel und ich \u201emehr\u201c wollte, bin ich auf das Studium der Informationswissenschaften gesto\u00dfen. Ich habe die M\u00f6glichkeit gesehen, auf diesem Weg meine beruflichen Interessen zu erweitern und mir spezialisierteres Wissen anzueignen.<\/p>\n\t\t<\/div>\n\t<\/div>\n\t\n\t<div id=\"accordion-5193904\" class=\"accordion-item\">\n\t\t<a id=\"accordion-5193904-label\" class=\"accordion-title plain\" href=\"#accordion-item-schildern-sie-ihren-beruflichen-werdegang.-wie-sind-sie-zu-ihrem-jetzigen-beruf-gekommen?\" aria-expanded=\"false\" aria-controls=\"accordion-5193904-content\">\n\t\t\t<button class=\"toggle\" aria-label=\"Umschalten\"><i class=\"icon-angle-down\" aria-hidden=\"true\"><\/i><\/button>\n\t\t\t<span>Schildern sie ihren beruflichen Werdegang. Wie sind sie zu ihrem jetzigen Beruf gekommen?<\/span>\n\t\t<\/a>\n\t\t<div id=\"accordion-5193904-content\" class=\"accordion-inner\" aria-labelledby=\"accordion-5193904-label\">\n\t\t\t\n<p>Zu meinem jetzigen Beruf bin ich durch das Praxissemester gekommen. Nach dem Praxissemester bekam ich die M\u00f6glichkeit, bei der DIN Software GmbH als studentische Mitarbeiterin zu arbeiten. Im Rahmen dessen habe ich dort meine Bachelorarbeit geschrieben und wurde nach Abschluss des Studiums als fester Mitarbeiterin abgestellt.<\/p>\n\t\t<\/div>\n\t<\/div>\n\t\n\t<div id=\"accordion-1438445365\" class=\"accordion-item\">\n\t\t<a id=\"accordion-1438445365-label\" class=\"accordion-title plain\" href=\"#accordion-item-was-fasziniert-sie-an-ihrer-t\u00e4tigkeit?\" aria-expanded=\"false\" aria-controls=\"accordion-1438445365-content\">\n\t\t\t<button class=\"toggle\" aria-label=\"Umschalten\"><i class=\"icon-angle-down\" aria-hidden=\"true\"><\/i><\/button>\n\t\t\t<span>Was fasziniert Sie an ihrer T\u00e4tigkeit?<\/span>\n\t\t<\/a>\n\t\t<div id=\"accordion-1438445365-content\" class=\"accordion-inner\" aria-labelledby=\"accordion-1438445365-label\">\n\t\t\t\n<p>Ich finde es toll, mit verschiedenen Technologien arbeiten zu k\u00f6nnen. Ich habe die M\u00f6glichkeit, die technologischen Entwicklungen auf unserem Fachgebiet hautnah mitzuerleben \u2013 angefangen bei halbautomatisierten Textextraktionen bis hin zu semantischen Systemen. Auch unsere vorrangige Arbeitsquelle, die Normen und technischen Regeln, sind hochinteressant.<\/p>\n\t\t<\/div>\n\t<\/div>\n\t\n\t<div id=\"accordion-699567046\" class=\"accordion-item\">\n\t\t<a id=\"accordion-699567046-label\" class=\"accordion-title plain\" href=\"#accordion-item-was-erleben-sie-als-herausforderung-bei-ihrer-t\u00e4tigkeit?-bzw.-was-macht-es-evtl.-schwer?\" aria-expanded=\"false\" aria-controls=\"accordion-699567046-content\">\n\t\t\t<button class=\"toggle\" aria-label=\"Umschalten\"><i class=\"icon-angle-down\" aria-hidden=\"true\"><\/i><\/button>\n\t\t\t<span>Was erleben Sie als Herausforderung bei Ihrer T\u00e4tigkeit? Bzw. was macht es evtl. schwer?<\/span>\n\t\t<\/a>\n\t\t<div id=\"accordion-699567046-content\" class=\"accordion-inner\" aria-labelledby=\"accordion-699567046-label\">\n\t\t\t\n<p>Herausfordernd sind nat\u00fcrlich neue Gro\u00dfprojekte, die in das Unternehmen eingef\u00fchrt werden. Auf der einen Seite kann es nat\u00fcrlich Konflikte mit anderen auszuf\u00fchrenden Arbeiten geben, auf der anderen Seite kann man sich neue Themen von Grund auf aneignen. Herausforderungen gehen mit der Aneignung neuen Wissens einher und sind daher f\u00fcr die weiteren Arbeiten im Unternehmen wichtig.<\/p>\n\t\t<\/div>\n\t<\/div>\n\t\n\t<div id=\"accordion-906197597\" class=\"accordion-item\">\n\t\t<a id=\"accordion-906197597-label\" class=\"accordion-title plain\" href=\"#accordion-item-was-ist-ihrer-meinung-nach-das-wichtigste,-das-sie-w\u00e4hrend-des-studiums-f\u00fcr-ihren-aktuellen-beruf-gelernt-haben?\" aria-expanded=\"false\" aria-controls=\"accordion-906197597-content\">\n\t\t\t<button class=\"toggle\" aria-label=\"Umschalten\"><i class=\"icon-angle-down\" aria-hidden=\"true\"><\/i><\/button>\n\t\t\t<span>Was ist Ihrer Meinung nach das Wichtigste, das Sie w\u00e4hrend des Studiums f\u00fcr Ihren aktuellen Beruf gelernt haben?<\/span>\n\t\t<\/a>\n\t\t<div id=\"accordion-906197597-content\" class=\"accordion-inner\" aria-labelledby=\"accordion-906197597-label\">\n\t\t\t\n<p>F\u00fcr mich waren die Kurse zu den Grundlagen der inhaltlichen Erschlie\u00dfung f\u00fcr meinen jetzigen Beruf sehr wichtig. In meinem Beruf ist es n\u00f6tig, komplexe Sachverhalte mit pr\u00e4gnanten Worten wiedergeben zu k\u00f6nnen. Auch von den Erweiterungskursen in den Bereichen Text Mining und Semantische Technologien profitiere ich bei meiner Arbeit sehr.<\/p>\n\t\t<\/div>\n\t<\/div>\n\t\n\t<div id=\"accordion-3878546204\" class=\"accordion-item\">\n\t\t<a id=\"accordion-3878546204-label\" class=\"accordion-title plain\" href=\"#accordion-item-was-sollte-man-an-interessen-bzw.-f\u00e4higkeiten-f\u00fcr-dieses-berufsfeld-mitbringen,-im-studium-erwerben-oder-sich-ggf.-durch-zusatzqualifikationen-aneignen?\" aria-expanded=\"false\" aria-controls=\"accordion-3878546204-content\">\n\t\t\t<button class=\"toggle\" aria-label=\"Umschalten\"><i class=\"icon-angle-down\" aria-hidden=\"true\"><\/i><\/button>\n\t\t\t<span>Was sollte man an Interessen bzw. F\u00e4higkeiten f\u00fcr dieses Berufsfeld mitbringen, im Studium erwerben oder sich ggf. durch Zusatzqualifikationen aneignen?<\/span>\n\t\t<\/a>\n\t\t<div id=\"accordion-3878546204-content\" class=\"accordion-inner\" aria-labelledby=\"accordion-3878546204-label\">\n\t\t\t\n<p>Man sollte auf jeden Fall Interesse an computergest\u00fctzten Prozessen haben, komplexe Programme nutzen wollen\/k\u00f6nnen und sich auch vor einfachen Programmierungen nicht scheuen.<\/p>\n\t\t<\/div>\n\t<\/div>\n\t\n\t<div id=\"accordion-537268309\" class=\"accordion-item\">\n\t\t<a id=\"accordion-537268309-label\" class=\"accordion-title plain\" href=\"#accordion-item-was-w\u00fcrden-sie-studieninteressierten-mit-auf-den-weg-geben?-welchen-rat-w\u00fcrden-sie-studienanf\u00e4ngern-geben,-die-sp\u00e4ter-ebenfalls-ihren-beruf-aus\u00fcben-wollen?\" aria-expanded=\"false\" aria-controls=\"accordion-537268309-content\">\n\t\t\t<button class=\"toggle\" aria-label=\"Umschalten\"><i class=\"icon-angle-down\" aria-hidden=\"true\"><\/i><\/button>\n\t\t\t<span>Was w\u00fcrden Sie Studieninteressierten mit auf den Weg geben? Welchen Rat w\u00fcrden Sie Studienanf\u00e4ngern geben, die sp\u00e4ter ebenfalls Ihren Beruf aus\u00fcben wollen?<\/span>\n\t\t<\/a>\n\t\t<div id=\"accordion-537268309-content\" class=\"accordion-inner\" aria-labelledby=\"accordion-537268309-label\">\n\t\t\t\n<p>Das Wichtigste ist, sich vor Beginn des Studiums ausf\u00fchrlich \u00fcber den Studiengang und die beruflichen M\u00f6glichkeiten zu informieren. Auch ein Blick ins Vorlesungsverzeichnis kann hier hilfreich sein. W\u00e4hrend des Studiums ist es wichtig, dass man versucht, \u00fcber das Angebot der Wahlpflicht- und Erweiterungskurse f\u00fcr sich selbst einen Schwerpunkt zu finden, der einen sp\u00e4ter vielleicht auch von der Masse abhebt und somit T\u00fcre in die Arbeitswelt \u00f6ffnet.<\/p>\n\t\t<\/div>\n\t<\/div>\n\t\n<\/div>\n\t\t<\/div>\n\t\t\t\t\t<\/div>\n\n\t\n\n\t<div id=\"col-1593604502\" class=\"col medium-4 small-12 large-4\"  >\n\t\t\t\t<div class=\"col-inner text-right\"  >\n\t\t\t\n\t\t\t\n\t<div class=\"img has-hover x md-x lg-x y md-y lg-y\" id=\"image_1935719356\">\n\t\t\t\t\t\t\t\t<div class=\"img-inner dark\" >\n\t\t\t<img loading=\"lazy\" decoding=\"async\" width=\"1044\" height=\"1398\" src=\"https:\/\/osadev.fh-potsdam.de\/informations-datenmanagement\/wp-content\/uploads\/sites\/8\/2018\/04\/5_Bianca-R_IuD_Portrait.jpg\" class=\"attachment-original size-original\" alt=\"\" srcset=\"https:\/\/osadev.fh-potsdam.de\/informations-datenmanagement\/wp-content\/uploads\/sites\/8\/2018\/04\/5_Bianca-R_IuD_Portrait.jpg 1044w, https:\/\/osadev.fh-potsdam.de\/informations-datenmanagement\/wp-content\/uploads\/sites\/8\/2018\/04\/5_Bianca-R_IuD_Portrait-224x300.jpg 224w, https:\/\/osadev.fh-potsdam.de\/informations-datenmanagement\/wp-content\/uploads\/sites\/8\/2018\/04\/5_Bianca-R_IuD_Portrait-768x1028.jpg 768w, https:\/\/osadev.fh-potsdam.de\/informations-datenmanagement\/wp-content\/uploads\/sites\/8\/2018\/04\/5_Bianca-R_IuD_Portrait-765x1024.jpg 765w\" sizes=\"auto, (max-width: 1044px) 100vw, 1044px\" \/>\t\t\t\t\t\t\t<div class=\"overlay\" style=\"background-color: rgba(0, 0, 0, 0)\"><\/div>\n\t\t\t\t\t\t\n\t\t\t\t\t<\/div>\n\t\t\t\t\t\t\t\t\n<style>\n#image_1935719356 {\n  width: 100%;\n}\n<\/style>\n\t<\/div>\n\t\n<p style=\"text-align:right;margin-top:-10px;font-size:12px;\">Quelle: privat<\/p>\n\t\t<\/div>\n\t\t\t\t\t<\/div>\n\n\t\n<\/div>\n<div class=\"row\"  id=\"row-702302408\">\n<div class=\"col ctrl-buttons\">\n<div class=\"ctrl-buttons-left\"><a href=\"\/informations-datenmanagement\/aussichten\/interviews-mit-absolventinnen-und-absolventen\/\" class=\"button primary lowercase previous\" >\n\t\t<span>zur\u00fcck<\/span>\n\t<\/a>\n<\/div>\n<div class=\"ctrl-buttons-right\"><a href=\"\/informations-datenmanagement\/aussichten\/interviews-mit-absolventinnen-und-absolventen\/carolin-p-it-beraterin\/\" class=\"button primary lowercase next\" >\n\t\t<span>weiter<\/span>\n\t<\/a>\n<\/div>\n<\/div>\n<\/div>\n","protected":false},"excerpt":{"rendered":"","protected":false},"author":3,"featured_media":0,"parent":242,"menu_order":0,"comment_status":"closed","ping_status":"closed","template":"","meta":{"_acf_changed":false,"powered_cache_disable_cache":false,"footnotes":""},"class_list":["post-250","page","type-page","status-publish","hentry"],"acf":[],"_links":{"self":[{"href":"https:\/\/osadev.fh-potsdam.de\/informations-datenmanagement\/wp-json\/wp\/v2\/pages\/250","targetHints":{"allow":["GET"]}}],"collection":[{"href":"https:\/\/osadev.fh-potsdam.de\/informations-datenmanagement\/wp-json\/wp\/v2\/pages"}],"about":[{"href":"https:\/\/osadev.fh-potsdam.de\/informations-datenmanagement\/wp-json\/wp\/v2\/types\/page"}],"author":[{"embeddable":true,"href":"https:\/\/osadev.fh-potsdam.de\/informations-datenmanagement\/wp-json\/wp\/v2\/users\/3"}],"replies":[{"embeddable":true,"href":"https:\/\/osadev.fh-potsdam.de\/informations-datenmanagement\/wp-json\/wp\/v2\/comments?post=250"}],"version-history":[{"count":21,"href":"https:\/\/osadev.fh-potsdam.de\/informations-datenmanagement\/wp-json\/wp\/v2\/pages\/250\/revisions"}],"predecessor-version":[{"id":1216,"href":"https:\/\/osadev.fh-potsdam.de\/informations-datenmanagement\/wp-json\/wp\/v2\/pages\/250\/revisions\/1216"}],"up":[{"embeddable":true,"href":"https:\/\/osadev.fh-potsdam.de\/informations-datenmanagement\/wp-json\/wp\/v2\/pages\/242"}],"wp:attachment":[{"href":"https:\/\/osadev.fh-potsdam.de\/informations-datenmanagement\/wp-json\/wp\/v2\/media?parent=250"}],"curies":[{"name":"wp","href":"https:\/\/api.w.org\/{rel}","templated":true}]}}