{"id":254,"date":"2018-02-01T13:02:03","date_gmt":"2018-02-01T12:02:03","guid":{"rendered":"https:\/\/osadev.fh-potsdam.de\/informations-datenmanagement\/?page_id=254"},"modified":"2018-11-23T22:47:32","modified_gmt":"2018-11-23T21:47:32","slug":"carolin-p-it-beraterin","status":"publish","type":"page","link":"https:\/\/osadev.fh-potsdam.de\/informations-datenmanagement\/aussichten\/interviews-mit-absolventinnen-und-absolventen\/carolin-p-it-beraterin\/","title":{"rendered":"Carolin P., IT-Beraterin"},"content":{"rendered":"<div class=\"row\"  id=\"row-836667007\">\n\n\t<div id=\"col-1833125443\" class=\"col title-row-null small-12 large-12\"  >\n\t\t\t\t<div class=\"col-inner\"  >\n\t\t\t\n\t\t\t\n<h1><b>Carolin P., IT-Beraterin<\/b><\/h1>\n\t\t<\/div>\n\t\t\t\t\t<\/div>\n\n\t\n\n\t<div id=\"col-1514172399\" class=\"col medium-8 small-12 large-8\"  >\n\t\t\t\t<div class=\"col-inner\"  >\n\t\t\t\n\t\t\t\n<p><b>Studienabschluss: Information und Dokumentation, B.A., Informationswissenschaften, M.A.<\/b><\/p>\n<div class=\"accordion\">\n\t<div id=\"accordion-2229425205\" class=\"accordion-item\">\n\t\t<a id=\"accordion-2229425205-label\" class=\"accordion-title plain active\" href=\"#accordion-item-stellen-sie-sich-und-ihren-beruf-kurz-vor!\" aria-expanded=\"true\" aria-controls=\"accordion-2229425205-content\">\n\t\t\t<button class=\"toggle\" aria-label=\"Umschalten\"><i class=\"icon-angle-down\" aria-hidden=\"true\"><\/i><\/button>\n\t\t\t<span>Stellen Sie sich und Ihren Beruf kurz vor!<\/span>\n\t\t<\/a>\n\t\t<div id=\"accordion-2229425205-content\" class=\"accordion-inner\" style=\"display: block;\" aria-labelledby=\"accordion-2229425205-label\">\n\t\t\t\n<p>Ich wohne in Berlin und bin 30 Jahre jung. Ich arbeite als IT-Beraterin und als IT-Pr\u00fcferin bei einer bekannten Wirtschaftspr\u00fcfungsgesellschaft.<\/p>\n\t\t<\/div>\n\t<\/div>\n\t\n\t<div id=\"accordion-908557782\" class=\"accordion-item\">\n\t\t<a id=\"accordion-908557782-label\" class=\"accordion-title plain\" href=\"#accordion-item-beschreiben-sie-ihre-arbeit!-wie-sieht-ein-typischer-arbeitstag-bei-ihnen-aus?\" aria-expanded=\"false\" aria-controls=\"accordion-908557782-content\">\n\t\t\t<button class=\"toggle\" aria-label=\"Umschalten\"><i class=\"icon-angle-down\" aria-hidden=\"true\"><\/i><\/button>\n\t\t\t<span>Beschreiben Sie Ihre Arbeit! Wie sieht ein typischer Arbeitstag bei Ihnen aus?<\/span>\n\t\t<\/a>\n\t\t<div id=\"accordion-908557782-content\" class=\"accordion-inner\" aria-labelledby=\"accordion-908557782-label\">\n\t\t\t\n<p>Einen typischen Arbeitstag gibt es in meinem Beruf kaum. Da man immer projektbezogen arbeitet, \u00e4ndert sich auch der Alltag in jedem Projekt \u2013 je nachdem, ob man f\u00fcr interne oder externe Projekte eingesetzt wird und f\u00fcr diese in eine andere Stadt reisen muss. Von der klassischen 4-Tage- Beraterwoche (Montag bis Donnerstag au\u00dferhalb beim Kunden und Freitag ins B\u00fcro) bis hin zu richtigem B\u00fcrofeeling (Vorbereitung oder Nachbereitung von Projekten und interne Auftr\u00e4ge) ist alles dabei. Projekte k\u00f6nnen sehr kurz sein (Tage oder Wochen) bis hin zu langfristigen Projekten \u00fcber Jahre. Allerdings muss man erw\u00e4hnen, dass man die meiste Zeit jedoch vor dem Laptop verbringt, egal ob man auf Reisen ist oder im B\u00fcro sitzt. Lediglich Schulungen, Workshops, Meetings oder Telefonkonferenzen brechen den Alltag dahingehend auf.<\/p>\n\t\t<\/div>\n\t<\/div>\n\t\n\t<div id=\"accordion-2467250168\" class=\"accordion-item\">\n\t\t<a id=\"accordion-2467250168-label\" class=\"accordion-title plain\" href=\"#accordion-item-warum-haben-sie-sich-f\u00fcr-den-studiengang-information-und-dokumentation-entschieden?\" aria-expanded=\"false\" aria-controls=\"accordion-2467250168-content\">\n\t\t\t<button class=\"toggle\" aria-label=\"Umschalten\"><i class=\"icon-angle-down\" aria-hidden=\"true\"><\/i><\/button>\n\t\t\t<span>Warum haben Sie sich f\u00fcr den Studiengang Information und Dokumentation entschieden?<\/span>\n\t\t<\/a>\n\t\t<div id=\"accordion-2467250168-content\" class=\"accordion-inner\" aria-labelledby=\"accordion-2467250168-label\">\n\t\t\t\n<p>Ich hatte privat Interesse an Computern und dem Internet, h\u00e4tte mir aber nie vorstellen k\u00f6nnen, eine klassische Informatikausbildung zu absolvieren. Da ich den Wunsch hatte unbedingt nach Berlin zu ziehen, schaute ich, welche M\u00f6glichkeiten es dort und im Umkreis gibt. Dabei fiel mir das Bachelorstudium Information und Dokumentation auf, da es sich nach einer guten Mischung aus IT und Wirtschaft anh\u00f6rte. Durch mein wirtschaftliches Fachabitur war ich auch f\u00fcr diesen Bereich offen. Sehr viel konnte ich mir zu anfangs darunter jedoch gar nicht vorstellen.<\/p>\n\t\t<\/div>\n\t<\/div>\n\t\n\t<div id=\"accordion-446965019\" class=\"accordion-item\">\n\t\t<a id=\"accordion-446965019-label\" class=\"accordion-title plain\" href=\"#accordion-item-schildern-sie-ihren-beruflichen-werdegang.-wie-sind-sie-zu-ihrem-jetzigen-beruf-gekommen?\" aria-expanded=\"false\" aria-controls=\"accordion-446965019-content\">\n\t\t\t<button class=\"toggle\" aria-label=\"Umschalten\"><i class=\"icon-angle-down\" aria-hidden=\"true\"><\/i><\/button>\n\t\t\t<span>Schildern sie ihren beruflichen Werdegang. Wie sind sie zu ihrem jetzigen Beruf gekommen?<\/span>\n\t\t<\/a>\n\t\t<div id=\"accordion-446965019-content\" class=\"accordion-inner\" aria-labelledby=\"accordion-446965019-label\">\n\t\t\t\n<p>Vor meinem Studium habe ich eine Ausbildung absolviert und einen Auslandsaufenthalt genossen. Beides hatte gar nichts mit meinem jetzigen Beruf zu tun. Nach dem erfolgreichen Abschluss des Masters Informationswissenschaften, ebenfalls an der FH Potsdam, ist dies nun seit etwas \u00fcber 2 Jahren meine erste Berufserfahrung. Ich habe mich ganz klassisch \u00fcber die Website beworben, ein Bewerbungsgespr\u00e4ch gef\u00fchrt und wurde anschlie\u00dfend eingestellt.<\/p>\n\t\t<\/div>\n\t<\/div>\n\t\n\t<div id=\"accordion-3540223601\" class=\"accordion-item\">\n\t\t<a id=\"accordion-3540223601-label\" class=\"accordion-title plain\" href=\"#accordion-item-was-fasziniert-sie-an-ihrer-t\u00e4tigkeit?\" aria-expanded=\"false\" aria-controls=\"accordion-3540223601-content\">\n\t\t\t<button class=\"toggle\" aria-label=\"Umschalten\"><i class=\"icon-angle-down\" aria-hidden=\"true\"><\/i><\/button>\n\t\t\t<span>Was fasziniert Sie an ihrer T\u00e4tigkeit?<\/span>\n\t\t<\/a>\n\t\t<div id=\"accordion-3540223601-content\" class=\"accordion-inner\" aria-labelledby=\"accordion-3540223601-label\">\n\t\t\t\n<p>In kurzer Zeit lernt man so viele neue und interessante Menschen kennen. Zugleich bekommt man Einblicke in viele andere Unternehmen, die man sonst nicht bekommen w\u00fcrde. Die Lernkurven sind eigentlich immer sehr hoch, da man sehr selbst\u00e4ndig agiert und sich daher viel Wissen in kurzer Zeit aneignen muss.<\/p>\n\t\t<\/div>\n\t<\/div>\n\t\n\t<div id=\"accordion-2158824403\" class=\"accordion-item\">\n\t\t<a id=\"accordion-2158824403-label\" class=\"accordion-title plain\" href=\"#accordion-item-was-erleben-sie-als-herausforderung-bei-ihrer-t\u00e4tigkeit?-was-macht-es-evtl.-schwer?\" aria-expanded=\"false\" aria-controls=\"accordion-2158824403-content\">\n\t\t\t<button class=\"toggle\" aria-label=\"Umschalten\"><i class=\"icon-angle-down\" aria-hidden=\"true\"><\/i><\/button>\n\t\t\t<span>Was erleben Sie als Herausforderung bei Ihrer T\u00e4tigkeit? Was macht es evtl. schwer?<\/span>\n\t\t<\/a>\n\t\t<div id=\"accordion-2158824403-content\" class=\"accordion-inner\" aria-labelledby=\"accordion-2158824403-label\">\n\t\t\t\n<p>Nat\u00fcrlich bewegt man sich pl\u00f6tzlich in einem ganz anderen Umfeld, vom Studium direkt in die reale Gesch\u00e4ftswelt. Das war eigentlich die gr\u00f6\u00dfte Herausforderung f\u00fcr mich und ist es ab und zu immer noch.<\/p>\n\t\t<\/div>\n\t<\/div>\n\t\n\t<div id=\"accordion-3683742403\" class=\"accordion-item\">\n\t\t<a id=\"accordion-3683742403-label\" class=\"accordion-title plain\" href=\"#accordion-item-was-ist-ihrer-meinung-nach-das-wichtigste,-das-sie-w\u00e4hrend-des-studiums-f\u00fcr-ihren-aktuellen-beruf-gelernt-haben?\" aria-expanded=\"false\" aria-controls=\"accordion-3683742403-content\">\n\t\t\t<button class=\"toggle\" aria-label=\"Umschalten\"><i class=\"icon-angle-down\" aria-hidden=\"true\"><\/i><\/button>\n\t\t\t<span>Was ist Ihrer Meinung nach das Wichtigste, das Sie w\u00e4hrend des Studiums f\u00fcr Ihren aktuellen Beruf gelernt haben?<\/span>\n\t\t<\/a>\n\t\t<div id=\"accordion-3683742403-content\" class=\"accordion-inner\" aria-labelledby=\"accordion-3683742403-label\">\n\t\t\t\n<p>Definitiv das eigene Zeitmanagement zu verbessern und eine selbst\u00e4ndige sowie im Team funktionierende Arbeitsweise aufzubauen.<\/p>\n\t\t<\/div>\n\t<\/div>\n\t\n\t<div id=\"accordion-1398860425\" class=\"accordion-item\">\n\t\t<a id=\"accordion-1398860425-label\" class=\"accordion-title plain\" href=\"#accordion-item-gibt-es-etwas-im-studium,-das-ihnen-besonders-in-erinnerung-geblieben-ist?\" aria-expanded=\"false\" aria-controls=\"accordion-1398860425-content\">\n\t\t\t<button class=\"toggle\" aria-label=\"Umschalten\"><i class=\"icon-angle-down\" aria-hidden=\"true\"><\/i><\/button>\n\t\t\t<span>Gibt es etwas im Studium, das Ihnen besonders in Erinnerung geblieben ist?<\/span>\n\t\t<\/a>\n\t\t<div id=\"accordion-1398860425-content\" class=\"accordion-inner\" aria-labelledby=\"accordion-1398860425-label\">\n\t\t\t\n<p>Eigentlich bleiben einem nach dem Studium nur die Menschen und kleinen Momente in Erinnerung. Das fachlich Gelernte r\u00fcckt durch den ersten Job etwas in den Hintergrund, da man dort geradezu anfangs fachlich meist neu ausgerichtet wird, je nachdem f\u00fcr welche Projekte man eingesetzt wird.<\/p>\n\t\t<\/div>\n\t<\/div>\n\t\n\t<div id=\"accordion-966609882\" class=\"accordion-item\">\n\t\t<a id=\"accordion-966609882-label\" class=\"accordion-title plain\" href=\"#accordion-item-was-sollte-man-an-interessen-bzw.-f\u00e4higkeiten-f\u00fcr-dieses-berufsfeld-mitbringen,-im-studium-erwerben-oder-sich-ggf.-durch-zusatzqualifikationen-aneignen?\" aria-expanded=\"false\" aria-controls=\"accordion-966609882-content\">\n\t\t\t<button class=\"toggle\" aria-label=\"Umschalten\"><i class=\"icon-angle-down\" aria-hidden=\"true\"><\/i><\/button>\n\t\t\t<span>Was sollte man an Interessen bzw. F\u00e4higkeiten f\u00fcr dieses Berufsfeld mitbringen, im Studium erwerben oder sich ggf. durch Zusatzqualifikationen aneignen?<\/span>\n\t\t<\/a>\n\t\t<div id=\"accordion-966609882-content\" class=\"accordion-inner\" aria-labelledby=\"accordion-966609882-label\">\n\t\t\t\n<p>Es schadet nicht, wenn man sich neben den Grundlagen und Spezialisierungen innerhalb des Studiums vielleicht noch das ein oder andere Thema selbst beibringt und sich somit einen Spezialistenstatus w\u00e4hrend des Studiums erarbeitet. Was genau das sein kann, ist nicht zu verallgemeinern: Das Erlernen einer Software (ein bestimmtes ECM, \u2026) oder einer Programmiersprache sowie weitreichendes Wissen \u00fcber ein aktuelles Fachthema (Datenschutz, Informationssicherheit, \u2026) oder eine bestimmte Technologie (Cloud, \u2026). Somit erh\u00f6hen sich die Chancen f\u00fcr Projekte schnell, um als unverzichtbarer Experte eingesetzt zu werden. Wenn man das Gef\u00fchl hat, nicht sicher genug im Pr\u00e4sentieren zu sein oder nicht genug M\u00f6glichkeiten erh\u00e4lt, dies im Studium zu \u00fcben (mehr als 1-mal im Jahr), sollte man versuchen, nebenher Gelegenheiten zu finden, sich darin zu st\u00e4rken. Kommunikative F\u00e4higkeiten und ein offenes Auftreten sind die grundlegenden Social Skills in diesem Beruf.<\/p>\n\t\t<\/div>\n\t<\/div>\n\t\n\t<div id=\"accordion-2727173496\" class=\"accordion-item\">\n\t\t<a id=\"accordion-2727173496-label\" class=\"accordion-title plain\" href=\"#accordion-item-was-w\u00fcrden-sie-studieninteressierten-mit-auf-den-weg-geben?-welchen-rat-w\u00fcrden-sie-studienanf\u00e4ngern-geben,-die-sp\u00e4ter-ebenfalls-ihren-beruf-aus\u00fcben-wollen?\" aria-expanded=\"false\" aria-controls=\"accordion-2727173496-content\">\n\t\t\t<button class=\"toggle\" aria-label=\"Umschalten\"><i class=\"icon-angle-down\" aria-hidden=\"true\"><\/i><\/button>\n\t\t\t<span>Was w\u00fcrden Sie Studieninteressierten mit auf den Weg geben? Welchen Rat w\u00fcrden Sie Studienanf\u00e4ngern geben, die sp\u00e4ter ebenfalls Ihren Beruf aus\u00fcben wollen?<\/span>\n\t\t<\/a>\n\t\t<div id=\"accordion-2727173496-content\" class=\"accordion-inner\" aria-labelledby=\"accordion-2727173496-label\">\n\t\t\t\n<p>Nutze das Studium als optimale Gelegenheit zu lernen und dabei gleichzeitig Fehler machen zu d\u00fcrfen. Versuche von allen Dingen so viel wie m\u00f6glich mitzunehmen, aber erkenne und setze auch fr\u00fchzeitig deine Priorit\u00e4ten. Es ist wichtiger, seine Richtung zu erkennen und darin gut zu werden, als \u00fcberall eine gute Note zu haben und am Ende doch nichts zu wissen. Und noch ein Tipp: Nutze die Zeit und gehe w\u00e4hrend deines Studiums ins Ausland, diese Erfahrung wird dir so viel f\u00fcr dein Leben bringen und noch hast du genug Zeit dazu.<\/p>\n\t\t<\/div>\n\t<\/div>\n\t\n<\/div>\n\t\t<\/div>\n\t\t\t\t\t<\/div>\n\n\t\n\n\t<div id=\"col-637868823\" class=\"col medium-4 small-12 large-4\"  >\n\t\t\t\t<div class=\"col-inner\"  >\n\t\t\t\n\t\t\t\n\t<div class=\"img has-hover x md-x lg-x y md-y lg-y\" id=\"image_1573387639\">\n\t\t\t\t\t\t\t\t<div class=\"img-inner dark\" >\n\t\t\t<img loading=\"lazy\" decoding=\"async\" width=\"1020\" height=\"657\" src=\"https:\/\/osadev.fh-potsdam.de\/informations-datenmanagement\/wp-content\/uploads\/sites\/8\/2018\/06\/Platzhalter_Desktop_wei\u00df-grau_16-02-2018_MG-1024x660.png\" class=\"attachment-large size-large\" alt=\"\" \/>\t\t\t\t\t\t\n\t\t\t\t\t<\/div>\n\t\t\t\t\t\t\t\t\n<style>\n#image_1573387639 {\n  width: 100%;\n}\n<\/style>\n\t<\/div>\n\t\n\t\t<\/div>\n\t\t\t\t\t<\/div>\n\n\t\n<\/div>\n<div class=\"row\"  id=\"row-2006828315\">\n<div class=\"col ctrl-buttons\">\n<div class=\"ctrl-buttons-left\"><a href=\"\/informations-datenmanagement\/aussichten\/interviews-mit-absolventinnen-und-absolventen\/bianca-r-dokumentarin\/\" class=\"button primary lowercase previous\" >\n\t\t<span>zur\u00fcck<\/span>\n\t<\/a>\n<\/div>\n<div class=\"ctrl-buttons-right\"><a href=\"\/informations-datenmanagement\/aussichten\/interviews-mit-absolventinnen-und-absolventen\/elisabeth-t-bibliothekarin\/\" class=\"button primary lowercase next\" >\n\t\t<span>weiter<\/span>\n\t<\/a>\n<\/div>\n<\/div>\n<\/div>\n","protected":false},"excerpt":{"rendered":"","protected":false},"author":3,"featured_media":0,"parent":242,"menu_order":0,"comment_status":"closed","ping_status":"closed","template":"","meta":{"_acf_changed":false,"powered_cache_disable_cache":false,"footnotes":""},"class_list":["post-254","page","type-page","status-publish","hentry"],"acf":[],"_links":{"self":[{"href":"https:\/\/osadev.fh-potsdam.de\/informations-datenmanagement\/wp-json\/wp\/v2\/pages\/254","targetHints":{"allow":["GET"]}}],"collection":[{"href":"https:\/\/osadev.fh-potsdam.de\/informations-datenmanagement\/wp-json\/wp\/v2\/pages"}],"about":[{"href":"https:\/\/osadev.fh-potsdam.de\/informations-datenmanagement\/wp-json\/wp\/v2\/types\/page"}],"author":[{"embeddable":true,"href":"https:\/\/osadev.fh-potsdam.de\/informations-datenmanagement\/wp-json\/wp\/v2\/users\/3"}],"replies":[{"embeddable":true,"href":"https:\/\/osadev.fh-potsdam.de\/informations-datenmanagement\/wp-json\/wp\/v2\/comments?post=254"}],"version-history":[{"count":19,"href":"https:\/\/osadev.fh-potsdam.de\/informations-datenmanagement\/wp-json\/wp\/v2\/pages\/254\/revisions"}],"predecessor-version":[{"id":1218,"href":"https:\/\/osadev.fh-potsdam.de\/informations-datenmanagement\/wp-json\/wp\/v2\/pages\/254\/revisions\/1218"}],"up":[{"embeddable":true,"href":"https:\/\/osadev.fh-potsdam.de\/informations-datenmanagement\/wp-json\/wp\/v2\/pages\/242"}],"wp:attachment":[{"href":"https:\/\/osadev.fh-potsdam.de\/informations-datenmanagement\/wp-json\/wp\/v2\/media?parent=254"}],"curies":[{"name":"wp","href":"https:\/\/api.w.org\/{rel}","templated":true}]}}