{"id":284,"date":"2018-02-01T14:39:31","date_gmt":"2018-02-01T13:39:31","guid":{"rendered":"https:\/\/osadev.fh-potsdam.de\/informations-datenmanagement\/?page_id=284"},"modified":"2018-11-23T22:50:27","modified_gmt":"2018-11-23T21:50:27","slug":"mein-fazit","status":"publish","type":"page","link":"https:\/\/osadev.fh-potsdam.de\/informations-datenmanagement\/mein-fazit\/","title":{"rendered":"Mein Fazit"},"content":{"rendered":"<div class=\"row\"  id=\"row-1250940797\">\n\n\t<div id=\"col-1555055118\" class=\"col title-row small-12 large-12\"  >\n\t\t\t\t<div class=\"col-inner\"  >\n\t\t\t\n\t\t\t\n<h1>Schl\u00fcsselkompetenzen<\/h1>\n\t\t<\/div>\n\t\t\t\t\t<\/div>\n\n\t\n\n\t<div id=\"col-1458826658\" class=\"col medium-4 small-12 large-4\"  >\n\t\t\t\t<div class=\"col-inner\"  >\n\t\t\t\n\t\t\t\n<p>Aus der Perspektive von Lehrenden im Studiengang Informations- und Datenmanagement sind die folgenden sechs Kompetenzen g\u00fcnstig f\u00fcr ein erfolgreiches Studium im Studiengang Informations- und Datenmanagement.<\/p>\n<p>Klicken Sie auf die Puzzleteile, um sich die Erl\u00e4uterungen anzeigen zu lassen!<\/p>\n\t\t<\/div>\n\t\t\t\t\t<\/div>\n\n\t\n\n\t<div id=\"col-1303141722\" class=\"col infobox-col medium-4 small-12 large-4\"  >\n\t\t\t\t<div class=\"col-inner\"  >\n\t\t\t\n\t\t\t\n<div class=\"row\"  id=\"row-776987140\">\n\n\t<div id=\"col-182713745\" class=\"col offenheit infobox small-12 large-12\"  >\n\t\t\t\t<div class=\"col-inner\"  >\n\t\t\t\n\t\t\t\n<div class=\"close\">x<\/div>\n<p><b>Offenheit<\/b><\/p>\n<p>Offen f\u00fcr andere Fachgebiete und Methoden zu sein, ist im Studiengang Informations- und Datenmanagement besonders wichtig, weil der Studiengang ein sogenanntes Querschnittsfach darstellt. Absolventinnen und Absolventen des Studiengangs arbeiten als Dienstleister h\u00e4ufig an\/ in Schnittstellenpositionen, z.B. zwischen Mensch und Maschine oder zwischen IT und Kunden. Hier gilt es, die Sprache der anderen Fachwissenschaften zu verstehen und sich auch in andere methodische Herangehensweisen hineinzudenken. Deshalb ist bereits im Studium eine Offenheit f\u00fcr andere Fachgebiete und Methoden zu entwickeln. Kenntnisse und Fertigkeiten im Umgang mit Hard- und Software werden heute sowohl im Studium wie auch in allen Bereichen der beruflichen Praxis als selbstverst\u00e4ndlich vorausgesetzt. Ein gewisses Ma\u00df an Offenheit, Neugier und Experimentierfreudigkeit ist daher auch im Umgang mit IT gefragt!<\/p>\n\t\t<\/div>\n\t\t\t\t\t<\/div>\n\n\t\n\n\t<div id=\"col-63773899\" class=\"col strukturieren-organisieren infobox small-12 large-12\"  >\n\t\t\t\t<div class=\"col-inner\"  >\n\t\t\t\n\t\t\t\n<div class=\"close\">x<\/div>\n<p><b>Ordnen, Strukturieren, Organisieren<\/b><\/p>\n<p>Gro\u00dfe Mengen von Informationen f\u00fcr Nutzer effizient zug\u00e4nglich zu machen, erfordert die Anwendung von bew\u00e4hrten und neueren Methoden des Ordnens und Strukturierens, die im Studium vermittelt werden. Es handelt sich oft um T\u00e4tigkeiten, die eines systematischen und planvollen Vorgehens bed\u00fcrfen. Dies erfordert i.d.R. genaues und konzentriertes Arbeiten. Zudem ist f\u00fcr die genannten T\u00e4tigkeiten auch ein gewisse Sorgfalt und Durchhalteverm\u00f6gen erforderlich.<\/p>\n\t\t<\/div>\n\t\t\t\t\t<\/div>\n\n\t\n\n\t<div id=\"col-274267483\" class=\"col it-affinitaet infobox small-12 large-12\"  >\n\t\t\t\t<div class=\"col-inner\"  >\n\t\t\t\n\t\t\t\n<div class=\"close\">x<\/div>\n<p><b>IT-Affinit\u00e4t<\/b><\/p>\n<p> Informationen werden heute in umfangreichem Ma\u00dfe digital erzeugt, verarbeitet und bereitgestellt. Daraus ergibt sich, dass Informationstechnologien im Studiengang Informations- und Datenmanagement eine wichtige Rolle spielen. Sie sollten daher ein grundlegendes Interesse f\u00fcr IT-Anwendungen mitbringen, da Sie eine Reihe von Systemen und Tools kennen- und nutzen kennen lernen werden. Da die Entwicklung in diesem Bereich sehr schnell voranschreitet, sollten Sie auch Lust haben, hier immer mal wieder Neues zu erkunden und auszutesten. Im Umgang mit Technik sowie Hard- und Softwareanwendungen sollten Sie daher keine Ber\u00fchrungs\u00e4ngste haben. <\/p>\n\t\t<\/div>\n\t\t\t\t\t<\/div>\n\n\t\n\n\t<div id=\"col-774317419\" class=\"col kommunikation-service infobox small-12 large-12\"  >\n\t\t\t\t<div class=\"col-inner\"  >\n\t\t\t\n\t\t\t\n<div class=\"close\">x<\/div>\n<p><b>Sozialkompetenz<\/b><\/p>\n<p>Das Arbeitsleben ist heute durch zunehmende Arbeitsteilung und Zusammenarbeit gekennzeichnet. Die Digitalisierung wird diese Entwicklung weiter verst\u00e4rken und neue Formen der Kollaboration er\u00f6ffnen. Viele Aufgaben werden in Teamarbeit erledigt. Damit diese Zusammenarbeit erfolgreich ist und keine zus\u00e4tzliche Belastung darstellt, erwarten Arbeitgeber soziale Kompetenzen von ihren Besch\u00e4ftigten. Zur sozialen Kompetenz z\u00e4hlen u.a. die F\u00e4higkeiten, sich kooperativ zu verhalten, + angemessen zu kommunizieren und mit Konflikten umgehen zu k\u00f6nnen. Durch Gruppenarbeiten und spezifische Seminare werden Sie im Laufe ihres Studiums zahlreiche Gelegenheiten haben, Ihre sozialen Kompetenzen zu entwickeln.<\/p>\n\t\t<\/div>\n\t\t\t\t\t<\/div>\n\n\t\n\n\t<div id=\"col-1602504479\" class=\"col wissenschaft-gesellschaft-politik infobox small-12 large-12\"  >\n\t\t\t\t<div class=\"col-inner\"  >\n\t\t\t\n\t\t\t\n<div class=\"close\">x<\/div>\n<p><b>Sprachen<\/b><\/p>\n<p>Sprache ist die Grundlage der menschlichen Kommunikation. In den Informationswissenschaften werden zudem Daten, Informationen und Wissen durch die nat\u00fcrliche Sprache repr\u00e4sentiert. Dokumentarische Methoden wie Erschlie\u00dfen, Klassifizieren oder Information Retrieval sind ebenfalls textbasiert. Daher ist eine solide Beherrschung der deutschen Sprache erforderlich. Wer sich heute \u00fcber die aktuellen Entwicklungen seiner Disziplin auf dem Laufenden halten will, kommt an der regelm\u00e4\u00dfigen Lekt\u00fcre internationaler, englischsprachiger Fachzeitschriften nicht vorbei. Zudem gilt Englisch als die Verst\u00e4ndigungssprache in der Wirtschaft und in vielen international agierenden Unternehmen. Sie werden daher im Studium regelm\u00e4\u00dfig englischsprachige Literatur und Software nutzen und im Modul Fachenglisch diese Fremdsprachenf\u00e4higkeiten erweitern.<\/p>\n\t\t<\/div>\n\t\t\t\t\t<\/div>\n\n\t\n\n\t<div id=\"col-191372213\" class=\"col abstraktes-analytisches-denken infobox small-12 large-12\"  >\n\t\t\t\t<div class=\"col-inner\"  >\n\t\t\t\n\t\t\t\n<div class=\"close\">x<\/div>\n<p><b>Abstraktes und analytisches Denken<\/b><\/p>\n<p> Im Informations- und Datenmanagement geht es vorrangig um die maschinelle Verarbeitung von Daten und Informationen. Diese beschreiben dabei in abstrakter Form Zust\u00e4nde und Prozesse der Realwelt, z.B. wird die Temperatur durch eine Zahl dargestellt oder ein Objekt, z.B. ein Stuhl wird durch die Zeichenkette S-T-U-H-L repr\u00e4sentiert. Daraus ist ersichtlich, dass wir in der Regel nicht mit den realen Objekten arbeiten, sondern \u201enur\u201c mit abstrakten Repr\u00e4sentationen realer Objekte. Da alle Prozesse im Rechner oder im Netz virtuell ablaufen, sollten Sie offen f\u00fcr ein analytisches und abstraktes Denken sein. Zudem sollten Sie bereit sein, sich in abstrakte Modelle und Methoden des Daten- Informations- und Wissensmanagements einzuarbeiten.<\/p>\n\t\t<\/div>\n\t\t\t\t\t<\/div>\n\n\t\n<\/div>\n\t\t<\/div>\n\t\t\t\t\t<\/div>\n\n\t\n\n\t<div id=\"col-23370295\" class=\"col medium-8 small-12 large-8\"  >\n\t\t\t\t<div class=\"col-inner\"  >\n\t\t\t\n\t\t\t\n<p><!-- Image Map Generated by http:\/\/www.image-map.net\/ --><br \/>\n<img decoding=\"async\" src=\"https:\/\/osa.fh-potsdam.de\/informations-datenmanagement\/wp-content\/uploads\/sites\/8\/2018\/04\/fazit.jpg\" usemap=\"#image-map\"><\/p>\n<map name=\"image-map\">\n<area target=\"\" alt=\"\" title=\"\" href=\"#offenheit\" coords=\"45,56,58,81,46,87,43,100,55,110,70,107,80,125,93,124,149,86,135,62,157,46,137,35,126,38,122,20,108,16,73,34\" shape=\"poly\">\n<area target=\"\" alt=\"\" title=\"\" href=\"#strukturieren-organisieren\" coords=\"235,203,215,217,198,210,187,218,190,242,189,262,207,271,208,289,231,293,238,285,260,293,285,257,268,248,272,239,286,238,293,244,307,223,258,208\" shape=\"poly\">\n<area target=\"\" alt=\"\" title=\"\" href=\"#it-affinitaet\" coords=\"309,225,296,243,282,239,274,239,269,247,285,256,271,279,307,288,315,274,327,276,334,280,334,292,328,297,368,313,393,281,396,251,367,238,369,226,356,220,348,226,344,234\" shape=\"poly\">\n<area target=\"\" alt=\"\" title=\"\" href=\"#wissenschaft-gesellschaft-politik\" coords=\"270,282,225,344,229,371,320,404,319,380,343,349,354,359,363,359,370,353,370,344,359,338,348,336,358,311,327,298,331,291,332,283,322,277,314,277,308,288\" shape=\"poly\">\n<area target=\"\" alt=\"\" title=\"\" href=\"#abstraktes-analytisches-denken\" coords=\"341,352,322,376,320,404,341,425,408,429,429,403,457,403,464,382,460,369,454,345,419,327,426,311,412,308,404,321,358,314,351,330,363,338,371,346,368,358,355,362\" shape=\"poly\">\n<area target=\"\" alt=\"\" title=\"\" href=\"#kommunikation-service\" coords=\"458,216,529,235,531,250,527,260,533,272,536,281,530,289,523,291,513,288,501,321,428,298,421,279,433,260,421,263,418,242,429,233,446,240\" shape=\"poly\">\n<\/map>\n\t\t<\/div>\n\t\t\t\t\t<\/div>\n\n\t\n<\/div>\n<div class=\"row\"  id=\"row-526269237\">\n<div class=\"col ctrl-buttons\">\n<div class=\"ctrl-buttons-left\"><a href=\"\/informations-datenmanagement\/aussichten\/interviews-mit-absolventinnen-und-absolventen\/masterstudium\/\" class=\"button primary lowercase previous\" >\n\t\t<span>zur\u00fcck<\/span>\n\t<\/a>\n<\/div>\n<div class=\"ctrl-buttons-right\"><a href=\"\/informations-datenmanagement\/mein-fazit\/informations-und-datenmanagement-studieren\/\" class=\"button primary lowercase next\" >\n\t\t<span>weiter<\/span>\n\t<\/a>\n<\/div>\n<\/div>\n<\/div>\n","protected":false},"excerpt":{"rendered":"","protected":false},"author":3,"featured_media":0,"parent":0,"menu_order":0,"comment_status":"closed","ping_status":"closed","template":"","meta":{"_acf_changed":false,"powered_cache_disable_cache":false,"footnotes":""},"class_list":["post-284","page","type-page","status-publish","hentry"],"acf":[],"_links":{"self":[{"href":"https:\/\/osadev.fh-potsdam.de\/informations-datenmanagement\/wp-json\/wp\/v2\/pages\/284","targetHints":{"allow":["GET"]}}],"collection":[{"href":"https:\/\/osadev.fh-potsdam.de\/informations-datenmanagement\/wp-json\/wp\/v2\/pages"}],"about":[{"href":"https:\/\/osadev.fh-potsdam.de\/informations-datenmanagement\/wp-json\/wp\/v2\/types\/page"}],"author":[{"embeddable":true,"href":"https:\/\/osadev.fh-potsdam.de\/informations-datenmanagement\/wp-json\/wp\/v2\/users\/3"}],"replies":[{"embeddable":true,"href":"https:\/\/osadev.fh-potsdam.de\/informations-datenmanagement\/wp-json\/wp\/v2\/comments?post=284"}],"version-history":[{"count":32,"href":"https:\/\/osadev.fh-potsdam.de\/informations-datenmanagement\/wp-json\/wp\/v2\/pages\/284\/revisions"}],"predecessor-version":[{"id":1229,"href":"https:\/\/osadev.fh-potsdam.de\/informations-datenmanagement\/wp-json\/wp\/v2\/pages\/284\/revisions\/1229"}],"wp:attachment":[{"href":"https:\/\/osadev.fh-potsdam.de\/informations-datenmanagement\/wp-json\/wp\/v2\/media?parent=284"}],"curies":[{"name":"wp","href":"https:\/\/api.w.org\/{rel}","templated":true}]}}