{"id":75,"date":"2018-02-01T10:32:14","date_gmt":"2018-02-01T09:32:14","guid":{"rendered":"https:\/\/osadev.fh-potsdam.de\/informations-datenmanagement\/?page_id=75"},"modified":"2020-01-19T13:56:16","modified_gmt":"2020-01-19T12:56:16","slug":"studium","status":"publish","type":"page","link":"https:\/\/osadev.fh-potsdam.de\/informations-datenmanagement\/studium\/","title":{"rendered":"Studium"},"content":{"rendered":"<div class=\"row\"  id=\"row-169490612\">\n\n\t<div id=\"col-2011872452\" class=\"col title-row small-12 large-12\"  >\n\t\t\t\t<div class=\"col-inner\"  >\n\t\t\t\n\t\t\t\n<h1><b>Informations- und Datenmanagement \u2013 Was ist das eigentlich?<\/b><\/h1>\n\t\t<\/div>\n\t\t\t\t\t<\/div>\n\n\t\n\n\t<div id=\"col-2109602048\" class=\"col medium-6 small-12 large-6\"  >\n\t\t\t\t<div class=\"col-inner\"  >\n\t\t\t\n\t\t\t\n<p>Im Studiengang Informations- und Datenmanagement (kurz: IuD) spielt das Management von Daten, Informationen und Wissen eine besondere Rolle. Die Bedeutung dieser Begriffe spiegelt sich im Alltag in h\u00e4ufig verwendeten Begriffen wie beispielsweise Datenbank, Informationssystem oder Wissensgesellschaft wider.<\/p>\n<p>W\u00e4hrend unter Management ganz allgemein die Verwaltung, Organisation, Planung, Steuerung und Optimierung von Objekten und Prozessen verstanden wird, stellt sich die Frage nach dem Zusammenhang von Daten, Informationen und Wissen. Dazu gibt es in den Informationswissenschaften ein einfaches Modell &#8211; das Konzept der Wissenstreppe.<\/p>\n<p><strong>Klicken Sie auf die Begriffe, um sich die Erl\u00e4uterungen anzeigen zu lassen!<\/strong><\/p>\n<p>Im Studiengang IuD werden daher vor allem Kenntnisse und Fertigkeiten vermittelt, um auf der Grundlage von Daten Informationen und mithilfe von Informationen Wissen zu erzeugen und nachhaltig nutzbar zu machen.<\/p>\n\t\t<\/div>\n\t\t\t\t\t<\/div>\n\n\t\n\n\t<div id=\"col-200045680\" class=\"col infobox-col infobox-col-desktop medium-6 small-12 large-6\"  >\n\t\t\t\t<div class=\"col-inner\"  >\n\t\t\t\n\t\t\t\n<div class=\"row\"  id=\"row-1086555681\">\n\n\t<div id=\"col-776352842\" class=\"col box-1 infobox small-12 large-12\"  >\n\t\t\t\t<div class=\"col-inner\"  >\n\t\t\t\n\t\t\t\n<div class=\"close\">x<\/div>\n<p><b>Zeichen<\/b><\/p>\n<p>Zeichen bilden die Grundbausteine der Wissenstreppe. Sie k\u00f6nnen Buchstaben, Ziffern oder Symbole sein. Daten bestehen aus Zeichen die nach syntaktischen Regeln zusammengesetzt sind. Auf diese Weise werden aus Buchstaben W\u00f6rter, Wortgruppen und S\u00e4tze und aus Ziffern Zahlen- oder Datumsangaben. Zeichen stellen immer eine Kodierung dar. Buchstaben repr\u00e4sentieren beispielsweise die Laute unserer Sprache.<\/p>\n\t\t<\/div>\n\t\t\t\t\t<\/div>\n\n\t\n\n\t<div id=\"col-377675643\" class=\"col box-2 infobox small-12 large-12\"  >\n\t\t\t\t<div class=\"col-inner\"  >\n\t\t\t\n\t\t\t\n<div class=\"close\">x<\/div>\n<p><b>Daten<\/b><\/p>\n<p>Daten sind von Rechnern verarbeitbare Zeichenketten, Symbole oder Muster, die bestimmten Regeln (Syntax) gen\u00fcgen aber noch keine Bedeutung haben. Beispielsweise kann man aus einer Ziffernfolge nicht erkennen, ob es sich um ein Datum, das Alter einer Person oder eine Telefonnummer handelt. <\/p>\n\t\t<\/div>\n\t\t\t\t\t<\/div>\n\n\t\n\n\t<div id=\"col-642160241\" class=\"col box-3 infobox small-12 large-12\"  >\n\t\t\t\t<div class=\"col-inner\"  >\n\t\t\t\n\t\t\t\n<div class=\"close\">x<\/div>\n<p><b>Syntax<\/b><\/p>\n<p>In der Zeichenlehre (Semiotik) beschreibt die Syntax Regeln f\u00fcr die Anordnung und die Beziehung von Zeichen, z.B. dass eine Datumsangabe in der Form Tag.Monat.Jahr (01.01.2011) erfolgt. In der nat\u00fcrlichen Sprache beschreibt die Syntax (in dem Fall als Grammatik bezeichnet) den Aufbau und die Gliederung eines Satzes (Satzlehre). Die Syntax unterliegt Konventionen die, z.B. in jeder Sprache, vereinbart werden m\u00fcssen.<\/p>\n\t\t<\/div>\n\t\t\t\t\t<\/div>\n\n\t\n\n\t<div id=\"col-542215829\" class=\"col box-4 infobox small-12 large-12\"  >\n\t\t\t\t<div class=\"col-inner\"  >\n\t\t\t\n\t\t\t\n<div class=\"close\">x<\/div>\n<p><b>Information<\/b><\/p>\n<p>Erst durch das Hinzuf\u00fcgen einer Beschreibung bzw. durch die Interpretation der Daten (Semantik) entstehen Informationen, die ein Mensch verstehen und interpretieren kann. <\/p>\n\t\t<\/div>\n\t\t\t\t\t<\/div>\n\n\t\n\n\t<div id=\"col-1481828567\" class=\"col box-5 infobox small-12 large-12\"  >\n\t\t\t\t<div class=\"col-inner\"  >\n\t\t\t\n\t\t\t\n<div class=\"close\">x<\/div>\n<p><b>Semantik<\/b><\/p>\n<p>Die Semantik beschreibt als Teil der Semiotik allgemein die Bedeutung von Zeichen oder als Teilgebiet der Linguistik die Bedeutung sprachlicher Zeichen. Die Bedeutung oder der Sinngehalt von Zeichen muss erlernt oder vereinbart werden und kann in verschiedenen Kontexten unterschiedlich sein.<\/p>\n\t\t<\/div>\n\t\t\t\t\t<\/div>\n\n\t\n\n\t<div id=\"col-1542825618\" class=\"col box-6 infobox small-12 large-12\"  >\n\t\t\t\t<div class=\"col-inner\"  >\n\t\t\t\n\t\t\t\n<div class=\"close\">x<\/div>\n<p><b>Wissen<\/b><\/p>\n<p>Durch das Vernetzen verschiedener Informationen, die Anwendung von Informationen (Pragmatik) f\u00fcr eine bestimmte Probleml\u00f6sung oder eine Kontextualisierung von Informationen ist der Mensch in der Lage, Wissen zu erzeugen.<\/p>\n\t\t<\/div>\n\t\t\t\t\t<\/div>\n\n\t\n\n\t<div id=\"col-1867588659\" class=\"col box-7 infobox small-12 large-12\"  >\n\t\t\t\t<div class=\"col-inner\"  >\n\t\t\t\n\t\t\t\n<div class=\"close\">x<\/div>\n<p><b>Kontext<\/b><\/p>\n<p>Der Kontext stellt einen Zusammenhang dar, aus dem heraus entweder die Bedeutung eines Zeichens oder eines Satzes abgeleitet werden kann oder er erweitert den Bezugsrahmen einer Information, indem sie mit anderen Information in Beziehung gesetzt wird. Ein anschauliches Beispiel ist die Verlinkung von Dokumenten in einem Hypertext (Webseite).<\/p>\n\t\t<\/div>\n\t\t\t\t\t<\/div>\n\n\t\n<\/div>\n\t\t<\/div>\n\t\t\t\t\t<\/div>\n\n\t\n\n\t<div id=\"col-943584322\" class=\"col medium-6 small-12 large-6\"  >\n\t\t\t\t<div class=\"col-inner\"  >\n\t\t\t\n\t\t\t\n<p><img decoding=\"async\" class=\"image-map-mobile\" src=\"\/informations-datenmanagement\/wp-content\/uploads\/sites\/8\/2018\/04\/2_0_Wissenstreppe_3_map.jpg\" usemap=\"#image-map\" \/><\/p>\n<map name=\"image-map\">\n<area alt=\"\" title=\"\" href=\"#box-1\" coords=\"12,247,115,277\" shape=\"rect\">\n<area alt=\"\" title=\"\" href=\"#box-2\" coords=\"217,246,114,216\" shape=\"rect\">\n<area  alt=\"\" title=\"\" href=\"#box-3\" coords=\"219,278,115,247\" shape=\"rect\">\n<area  alt=\"\" title=\"\" href=\"#box-4\" coords=\"218,185,317,215\" shape=\"rect\">\n<area \" alt=\"\" title=\"\" href=\"#box-5\" coords=\"320,280,219,216\" shape=\"rect\">\n<area  alt=\"\" title=\"\" href=\"#box-6\" coords=\"319,155,419,185\" shape=\"rect\">\n<area  alt=\"\" title=\"\" href=\"#box-7\" coords=\"420,277,319,185\" shape=\"rect\">\n<\/map>\n\t\t<\/div>\n\t\t\t\t\t<\/div>\n\n\t\n<\/div>\n<div class=\"row\"  id=\"row-1112809337\">\n<div class=\"col ctrl-buttons\">\n<div class=\"ctrl-buttons-left\"><a href=\"\/informations-datenmanagement\/willkommen\/erwartungscheck\/\" class=\"button primary lowercase previous\" >\n\t\t<span>zur\u00fcck<\/span>\n\t<\/a>\n<\/div>\n<div class=\"ctrl-buttons-right\"><a href=\"\/informations-datenmanagement\/studium\/videointerviews\/\" class=\"button primary lowercase next\" >\n\t\t<span>weiter<\/span>\n\t<\/a>\n<\/div>\n<\/div>\n<\/div>\n","protected":false},"excerpt":{"rendered":"","protected":false},"author":3,"featured_media":0,"parent":0,"menu_order":0,"comment_status":"closed","ping_status":"closed","template":"","meta":{"_acf_changed":false,"powered_cache_disable_cache":false,"footnotes":""},"class_list":["post-75","page","type-page","status-publish","hentry"],"acf":[],"_links":{"self":[{"href":"https:\/\/osadev.fh-potsdam.de\/informations-datenmanagement\/wp-json\/wp\/v2\/pages\/75","targetHints":{"allow":["GET"]}}],"collection":[{"href":"https:\/\/osadev.fh-potsdam.de\/informations-datenmanagement\/wp-json\/wp\/v2\/pages"}],"about":[{"href":"https:\/\/osadev.fh-potsdam.de\/informations-datenmanagement\/wp-json\/wp\/v2\/types\/page"}],"author":[{"embeddable":true,"href":"https:\/\/osadev.fh-potsdam.de\/informations-datenmanagement\/wp-json\/wp\/v2\/users\/3"}],"replies":[{"embeddable":true,"href":"https:\/\/osadev.fh-potsdam.de\/informations-datenmanagement\/wp-json\/wp\/v2\/comments?post=75"}],"version-history":[{"count":40,"href":"https:\/\/osadev.fh-potsdam.de\/informations-datenmanagement\/wp-json\/wp\/v2\/pages\/75\/revisions"}],"predecessor-version":[{"id":1300,"href":"https:\/\/osadev.fh-potsdam.de\/informations-datenmanagement\/wp-json\/wp\/v2\/pages\/75\/revisions\/1300"}],"wp:attachment":[{"href":"https:\/\/osadev.fh-potsdam.de\/informations-datenmanagement\/wp-json\/wp\/v2\/media?parent=75"}],"curies":[{"name":"wp","href":"https:\/\/api.w.org\/{rel}","templated":true}]}}