{"id":755,"date":"2018-04-25T04:28:04","date_gmt":"2018-04-25T02:28:04","guid":{"rendered":"https:\/\/osadev.fh-potsdam.de\/informations-datenmanagement\/?page_id=755"},"modified":"2019-11-03T18:47:43","modified_gmt":"2019-11-03T17:47:43","slug":"patrick-p-wordpress-entwickler","status":"publish","type":"page","link":"https:\/\/osadev.fh-potsdam.de\/informations-datenmanagement\/aussichten\/interviews-mit-absolventinnen-und-absolventen\/patrick-p-wordpress-entwickler\/","title":{"rendered":"Patrick P., WordPress-Entwickler"},"content":{"rendered":"<div class=\"row\"  id=\"row-1616026459\">\n\n\t<div id=\"col-1833372403\" class=\"col title-row-null small-12 large-12\"  >\n\t\t\t\t<div class=\"col-inner\"  >\n\t\t\t\n\t\t\t\n<h1><b>Patrick P., WordPress-Entwickler<\/b><\/h1>\n\t\t<\/div>\n\t\t\t\t\t<\/div>\n\n\t\n\n\t<div id=\"col-402068238\" class=\"col medium-8 small-12 large-8\"  >\n\t\t\t\t<div class=\"col-inner\"  >\n\t\t\t\n\t\t\t\n<p><b>Studienabschluss: Information und Dokumentation B.A.<\/b><\/p>\n<div class=\"accordion\">\n\t<div id=\"accordion-3022988726\" class=\"accordion-item\">\n\t\t<a id=\"accordion-3022988726-label\" class=\"accordion-title plain active\" href=\"#accordion-item-stellen-sie-sich-und-ihren-beruf-kurz-vor!\" aria-expanded=\"true\" aria-controls=\"accordion-3022988726-content\">\n\t\t\t<button class=\"toggle\" aria-label=\"Umschalten\"><i class=\"icon-angle-down\" aria-hidden=\"true\"><\/i><\/button>\n\t\t\t<span>Stellen Sie sich und Ihren Beruf kurz vor!<\/span>\n\t\t<\/a>\n\t\t<div id=\"accordion-3022988726-content\" class=\"accordion-inner\" style=\"display: block;\" aria-labelledby=\"accordion-3022988726-label\">\n\t\t\t\n<p>Ich arbeite als Webentwickler mit Spezialisierung auf das Content-Management- System WordPress. Neben der Entwicklung von klassischen Websites, Portalen und Online Shops, geh\u00f6rt auch die komplette Programmierung von Plugins und Themes in meinen Aufgabenbereich. Zus\u00e4tzlich zur Entwicklung bin ich Ansprechpartner f\u00fcr technische Suchmaschinenoptimierung und Auswahl, Einrichtung und Verwendung von Servertechnologien.<\/p>\n\t\t<\/div>\n\t<\/div>\n\t\n\t<div id=\"accordion-2391586587\" class=\"accordion-item\">\n\t\t<a id=\"accordion-2391586587-label\" class=\"accordion-title plain\" href=\"#accordion-item-beschreiben-sie-ihre-arbeit!-wie-sieht-ein-typischer-arbeitstag-bei-ihnen-aus?\" aria-expanded=\"false\" aria-controls=\"accordion-2391586587-content\">\n\t\t\t<button class=\"toggle\" aria-label=\"Umschalten\"><i class=\"icon-angle-down\" aria-hidden=\"true\"><\/i><\/button>\n\t\t\t<span>Beschreiben Sie Ihre Arbeit! Wie sieht ein typischer Arbeitstag bei Ihnen aus?<\/span>\n\t\t<\/a>\n\t\t<div id=\"accordion-2391586587-content\" class=\"accordion-inner\" aria-labelledby=\"accordion-2391586587-label\">\n\t\t\t\n<p>Einen typischen Arbeitstag gibt es in einer Online Agentur selten. Die T\u00e4tigkeiten sind sehr vielseitig. So arbeite ich entweder an bestehenden Projekten und k\u00fcmmere mich um die Erweiterung oder Wartung der Websites, oder ich plane und entwickle vollst\u00e4ndige neue Projekte mit meinem Team. Gelegentlich arbeite und schule ich auch direkt vor Ort beim Kunden oder gebe interne Workshops f\u00fcr Kunden zum Umgang und der Arbeit mit WordPress.<\/p>\n\t\t<\/div>\n\t<\/div>\n\t\n\t<div id=\"accordion-2382038763\" class=\"accordion-item\">\n\t\t<a id=\"accordion-2382038763-label\" class=\"accordion-title plain\" href=\"#accordion-item-warum-haben-sie-sich-f\u00fcr-den-studiengang-information-und-dokumentation-entschieden?\" aria-expanded=\"false\" aria-controls=\"accordion-2382038763-content\">\n\t\t\t<button class=\"toggle\" aria-label=\"Umschalten\"><i class=\"icon-angle-down\" aria-hidden=\"true\"><\/i><\/button>\n\t\t\t<span>Warum haben Sie sich f\u00fcr den Studiengang Information und Dokumentation entschieden?<\/span>\n\t\t<\/a>\n\t\t<div id=\"accordion-2382038763-content\" class=\"accordion-inner\" aria-labelledby=\"accordion-2382038763-label\">\n\t\t\t\n<p>Die Mischung macht\u2018s. Ein reines Informatikstudium kam f\u00fcr mich weniger in Frage (trotz meines IT lastigen Schwerpunkts). Die vielf\u00e4ltigen Einsatzm\u00f6glichkeiten und beruflichen Perspektiven in Kombination mit Themenbereichen wie Inhaltliche Erschlie\u00dfung und Semantische Technologien weckten mein Interesse. Der bewusste Einsatz, das Management, die Aufbereitung und effiziente Nutzung von Informationen ist eine Kernkompetenz die in der allgemeinen Wirtschaft gro\u00dfe Nachfrage hat. Dass konnte ich schon w\u00e4hrend der ersten Semester dank einiger Werkstudenten-Jobs erfahren.<\/p>\n\t\t<\/div>\n\t<\/div>\n\t\n\t<div id=\"accordion-2023256074\" class=\"accordion-item\">\n\t\t<a id=\"accordion-2023256074-label\" class=\"accordion-title plain\" href=\"#accordion-item-schildern-sie-ihren-beruflichen-werdegang.-wie-sind-sie-zu-ihrem-jetzigen-beruf-gekommen?\" aria-expanded=\"false\" aria-controls=\"accordion-2023256074-content\">\n\t\t\t<button class=\"toggle\" aria-label=\"Umschalten\"><i class=\"icon-angle-down\" aria-hidden=\"true\"><\/i><\/button>\n\t\t\t<span>Schildern sie ihren beruflichen Werdegang. Wie sind sie zu ihrem jetzigen Beruf gekommen?<\/span>\n\t\t<\/a>\n\t\t<div id=\"accordion-2023256074-content\" class=\"accordion-inner\" aria-labelledby=\"accordion-2023256074-label\">\n\t\t\t\n<p>Ich arbeitete schon w\u00e4hrend des Studiums vor allem in IT-und Webunternehmen und konnte so schnell einen Einblick in moderne Webentwicklung, Webdesign und Online Marketing gewinnen. Ich arbeitete w\u00e4hrend der letzten beiden Semester als Werkstudent bei der imwebsein GmbH und entschied mich dann meine Bachelorarbeit dort zu schreiben. Der Abschluss meiner Arbeit f\u00fchrte dann direkt in eine feste Anstellung.<\/p>\n\t\t<\/div>\n\t<\/div>\n\t\n\t<div id=\"accordion-1820724797\" class=\"accordion-item\">\n\t\t<a id=\"accordion-1820724797-label\" class=\"accordion-title plain\" href=\"#accordion-item-was-fasziniert-sie-an-ihrer-t\u00e4tigkeit?\" aria-expanded=\"false\" aria-controls=\"accordion-1820724797-content\">\n\t\t\t<button class=\"toggle\" aria-label=\"Umschalten\"><i class=\"icon-angle-down\" aria-hidden=\"true\"><\/i><\/button>\n\t\t\t<span>Was fasziniert Sie an ihrer T\u00e4tigkeit?<\/span>\n\t\t<\/a>\n\t\t<div id=\"accordion-1820724797-content\" class=\"accordion-inner\" aria-labelledby=\"accordion-1820724797-label\">\n\t\t\t\n<p>Die vielf\u00e4ltigen M\u00f6glichkeiten von WordPress sind enorm. Durch die Flexibilit\u00e4t und die vielen kreativen Ans\u00e4tze lassen sich gro\u00dfe Projekte auch mit kleinen Teams durchf\u00fchren. Die Webagentur mit 40 &#8211; 50 Mitarbeitern bekommt durch die gro\u00dfartige Community von WordPress zunehmend mehr Konkurrenz von kleinen Agenturen &#8211; das wirkt sich direkt auf meine Arbeit aus. So bekommen wir vermehrt auch Anfragen von gr\u00f6\u00dferen Unternehmen und haben t\u00e4glich mit neuen Herausforderung zu k\u00e4mpfen &#8211; das spornt an und fasziniert.<\/p>\n\t\t<\/div>\n\t<\/div>\n\t\n\t<div id=\"accordion-2628622045\" class=\"accordion-item\">\n\t\t<a id=\"accordion-2628622045-label\" class=\"accordion-title plain\" href=\"#accordion-item-was-erleben-sie-als-herausforderung-bei-ihrer-t\u00e4tigkeit?-was-macht-es-evtl.-schwer?\" aria-expanded=\"false\" aria-controls=\"accordion-2628622045-content\">\n\t\t\t<button class=\"toggle\" aria-label=\"Umschalten\"><i class=\"icon-angle-down\" aria-hidden=\"true\"><\/i><\/button>\n\t\t\t<span>Was erleben Sie als Herausforderung bei Ihrer T\u00e4tigkeit? Was macht es evtl. schwer?<\/span>\n\t\t<\/a>\n\t\t<div id=\"accordion-2628622045-content\" class=\"accordion-inner\" aria-labelledby=\"accordion-2628622045-label\">\n\t\t\t\n<p>Der IT-Bereich hat eine enorme Geschwindigkeit, speziell der Bereich der Webentwicklung. T\u00e4glich gibt es neue Tools, Frameworks und Ans\u00e4tze mit denen man sich auseinandersetzen muss (oder sollte), das kann schnell zur \u00dcberforderung f\u00fchren. Mit der Zeit lernt man, Informationen besser zu selektieren und Trends zu bewerten, um nicht in der Informationsflut unterzugehen.<\/p>\n\t\t<\/div>\n\t<\/div>\n\t\n\t<div id=\"accordion-1668335672\" class=\"accordion-item\">\n\t\t<a id=\"accordion-1668335672-label\" class=\"accordion-title plain\" href=\"#accordion-item-was-ist-ihrer-meinung-nach-das-wichtigste,-das-sie-w\u00e4hrend-des-studiums-f\u00fcr-ihren-aktuellen-beruf-gelernt-haben?\" aria-expanded=\"false\" aria-controls=\"accordion-1668335672-content\">\n\t\t\t<button class=\"toggle\" aria-label=\"Umschalten\"><i class=\"icon-angle-down\" aria-hidden=\"true\"><\/i><\/button>\n\t\t\t<span>Was ist Ihrer Meinung nach das Wichtigste, das Sie w\u00e4hrend des Studiums f\u00fcr Ihren aktuellen Beruf gelernt haben?<\/span>\n\t\t<\/a>\n\t\t<div id=\"accordion-1668335672-content\" class=\"accordion-inner\" aria-labelledby=\"accordion-1668335672-label\">\n\t\t\t\n<p>Das Bewusstsein f\u00fcr Schnittstellen. Das meine ich nicht bezogen auf die IT, sondern f\u00fcr die Informationswissenschaft allgemein. Viele Studenten neigen dazu \u201eDokumentar Jobs\u201c oder \u201eInformationswissenschaftler Jobs\u201c im Internet zu suchen und bekommen Angst wenn die Jobportale nicht voll mit tollen Angeboten sind. Dabei wissen viele Unternehmen nicht, welchen Wert ein Mitarbeiter mit einer informationswissenschaftlichen Ausbildung f\u00fcr Ihr Unternehmen hat. Hier gilt es \u00dcberzeugungsarbeit zu leisten und seinen Wert kompetent zu vermitteln.<\/p>\n\t\t<\/div>\n\t<\/div>\n\t\n\t<div id=\"accordion-434289665\" class=\"accordion-item\">\n\t\t<a id=\"accordion-434289665-label\" class=\"accordion-title plain\" href=\"#accordion-item-gibt-es-etwas-im-studium,-das-ihnen-besonders-in-erinnerung-geblieben-ist?\" aria-expanded=\"false\" aria-controls=\"accordion-434289665-content\">\n\t\t\t<button class=\"toggle\" aria-label=\"Umschalten\"><i class=\"icon-angle-down\" aria-hidden=\"true\"><\/i><\/button>\n\t\t\t<span>Gibt es etwas im Studium, das Ihnen besonders in Erinnerung geblieben ist?<\/span>\n\t\t<\/a>\n\t\t<div id=\"accordion-434289665-content\" class=\"accordion-inner\" aria-labelledby=\"accordion-434289665-label\">\n\t\t\t\n<p>Im Laufe des Studiums gab es ein Modul, in dem diverse Praktikumsstellen besucht wurden, das gab einen tollen Einblick in die praktische Arbeit und f\u00fcr einige sicher eine gute Perspektive f\u00fcr die zuk\u00fcnftige Arbeit.<\/p>\n\t\t<\/div>\n\t<\/div>\n\t\n\t<div id=\"accordion-2936586172\" class=\"accordion-item\">\n\t\t<a id=\"accordion-2936586172-label\" class=\"accordion-title plain\" href=\"#accordion-item-was-sollte-man-an-interessen-bzw.-f\u00e4higkeiten-f\u00fcr-dieses-berufsfeld-mitbringen,-im-studium-erwerben-oder-sich-ggf.-durch-zusatzqualifikationen-aneignen?\" aria-expanded=\"false\" aria-controls=\"accordion-2936586172-content\">\n\t\t\t<button class=\"toggle\" aria-label=\"Umschalten\"><i class=\"icon-angle-down\" aria-hidden=\"true\"><\/i><\/button>\n\t\t\t<span>Was sollte man an Interessen bzw. F\u00e4higkeiten f\u00fcr dieses Berufsfeld mitbringen, im Studium erwerben oder sich ggf. durch Zusatzqualifikationen aneignen?<\/span>\n\t\t<\/a>\n\t\t<div id=\"accordion-2936586172-content\" class=\"accordion-inner\" aria-labelledby=\"accordion-2936586172-label\">\n\t\t\t\n<p>Ich halte eine Kernkompetenz oder ein gesundes Interesse an einem Bereich, der nicht informationswissenschaftlicher Natur ist, f\u00fcr \u00e4u\u00dferst sinnvoll. Im Laufe des Studiums hat sich gezeigt, dass Wissen aus einem fachfremden Bereich (Medizin, Informatik, Ingenieurwissenschaft) sehr wertvoll f\u00fcr das Finden von Praktika und das sp\u00e4tere Arbeitsleben ist. Wer diese Kenntnisse mit dem informationswissenschaftlichen Studium kombiniert, kann auf eine umfangreiche Auswahl an potenziellen Arbeitgebern zur\u00fcckgreifen.<\/p>\n\t\t<\/div>\n\t<\/div>\n\t\n\t<div id=\"accordion-1190657624\" class=\"accordion-item\">\n\t\t<a id=\"accordion-1190657624-label\" class=\"accordion-title plain\" href=\"#accordion-item-was-w\u00fcrden-sie-studieninteressierten-mit-auf-den-weg-geben?-welchen-rat-w\u00fcrden-sie-studienanf\u00e4ngern-geben,-die-sp\u00e4ter-ebenfalls-ihren-beruf-aus\u00fcben-wollen?\" aria-expanded=\"false\" aria-controls=\"accordion-1190657624-content\">\n\t\t\t<button class=\"toggle\" aria-label=\"Umschalten\"><i class=\"icon-angle-down\" aria-hidden=\"true\"><\/i><\/button>\n\t\t\t<span>Was w\u00fcrden Sie Studieninteressierten mit auf den Weg geben? Welchen Rat w\u00fcrden Sie Studienanf\u00e4ngern geben, die sp\u00e4ter ebenfalls Ihren Beruf aus\u00fcben wollen?<\/span>\n\t\t<\/a>\n\t\t<div id=\"accordion-1190657624-content\" class=\"accordion-inner\" aria-labelledby=\"accordion-1190657624-label\">\n\t\t\t\n<p>Nutzt die M\u00f6glichkeit von Werkstudenten-Jobs. Ich meine nicht \u201ejobben\u201c, sondern sucht euch Werkstudenten-Jobs, die euch weiter bringen und habt den Mut, auch mal zu k\u00fcndigen und woanders hinein zu sehen. Habt ihr etwas gefunden, das euch wirklich gef\u00e4llt, bleibt dabei und baut eure Kenntnisse neben dem Studium aus. Nutzt die beiden Praktika sinnvoll, bestenfalls bei unterschiedlichen Unternehmen in unterschiedlichen Bereichen.<\/p>\n<p>Um in meinem Beruf zu arbeiten w\u00fcrde ich noch folgendes erg\u00e4nzen: Mietet euch einen kleinen Webspace, arbeitet an eigenen Projekten und vernetzt euch mit Gleichgesinnten. Das nimmt die Angst vor der \u201eProgrammierung\u201c und es hilft euch die notwendige Probleml\u00f6ser-Einstellung zu entwickeln.<\/p>\n\t\t<\/div>\n\t<\/div>\n\t\n<\/div>\n\t\t<\/div>\n\t\t\t\t\t<\/div>\n\n\t\n\n\t<div id=\"col-1070973731\" class=\"col medium-4 small-12 large-4\"  >\n\t\t\t\t<div class=\"col-inner\"  >\n\t\t\t\n\t\t\t\n\t<div class=\"img has-hover x md-x lg-x y md-y lg-y\" id=\"image_978534758\">\n\t\t\t\t\t\t\t\t<div class=\"img-inner dark\" >\n\t\t\t<img loading=\"lazy\" decoding=\"async\" width=\"500\" height=\"547\" src=\"https:\/\/osadev.fh-potsdam.de\/informations-datenmanagement\/wp-content\/uploads\/sites\/8\/2018\/04\/5_Patrick-P_IuD_Portrait.png\" class=\"attachment-large size-large\" alt=\"\" srcset=\"https:\/\/osadev.fh-potsdam.de\/informations-datenmanagement\/wp-content\/uploads\/sites\/8\/2018\/04\/5_Patrick-P_IuD_Portrait.png 500w, https:\/\/osadev.fh-potsdam.de\/informations-datenmanagement\/wp-content\/uploads\/sites\/8\/2018\/04\/5_Patrick-P_IuD_Portrait-274x300.png 274w\" sizes=\"auto, (max-width: 500px) 100vw, 500px\" \/>\t\t\t\t\t\t\n\t\t\t\t\t<\/div>\n\t\t\t\t\t\t\t\t\n<style>\n#image_978534758 {\n  width: 100%;\n}\n<\/style>\n\t<\/div>\n\t\n<p style=\"text-align:right;margin-top:-10px;font-size:12px;\">Quelle: privat<\/p>\n\t\t<\/div>\n\t\t\t\t\t<\/div>\n\n\t\n<\/div>\n<div class=\"row\"  id=\"row-2101191678\">\n<div class=\"col ctrl-buttons\">\n<div class=\"ctrl-buttons-left\"><a href=\"\/informations-datenmanagement\/aussichten\/interviews-mit-absolventinnen-und-absolventen\/michael-p-wissenschaftlicher-mitarbeiter\/\" class=\"button primary lowercase previous\" >\n\t\t<span>zur\u00fcck<\/span>\n\t<\/a>\n<\/div>\n<div class=\"ctrl-buttons-right\"><a href=\"\/informations-datenmanagement\/aussichten\/interviews-mit-absolventinnen-und-absolventen\/ute-s-museumsangestellte\/\" class=\"button primary lowercase next\" >\n\t\t<span>weiter<\/span>\n\t<\/a>\n<\/div>\n<\/div>\n<\/div>\n","protected":false},"excerpt":{"rendered":"","protected":false},"author":1,"featured_media":0,"parent":242,"menu_order":0,"comment_status":"closed","ping_status":"closed","template":"","meta":{"_acf_changed":false,"powered_cache_disable_cache":false,"footnotes":""},"class_list":["post-755","page","type-page","status-publish","hentry"],"acf":[],"_links":{"self":[{"href":"https:\/\/osadev.fh-potsdam.de\/informations-datenmanagement\/wp-json\/wp\/v2\/pages\/755","targetHints":{"allow":["GET"]}}],"collection":[{"href":"https:\/\/osadev.fh-potsdam.de\/informations-datenmanagement\/wp-json\/wp\/v2\/pages"}],"about":[{"href":"https:\/\/osadev.fh-potsdam.de\/informations-datenmanagement\/wp-json\/wp\/v2\/types\/page"}],"author":[{"embeddable":true,"href":"https:\/\/osadev.fh-potsdam.de\/informations-datenmanagement\/wp-json\/wp\/v2\/users\/1"}],"replies":[{"embeddable":true,"href":"https:\/\/osadev.fh-potsdam.de\/informations-datenmanagement\/wp-json\/wp\/v2\/comments?post=755"}],"version-history":[{"count":9,"href":"https:\/\/osadev.fh-potsdam.de\/informations-datenmanagement\/wp-json\/wp\/v2\/pages\/755\/revisions"}],"predecessor-version":[{"id":1272,"href":"https:\/\/osadev.fh-potsdam.de\/informations-datenmanagement\/wp-json\/wp\/v2\/pages\/755\/revisions\/1272"}],"up":[{"embeddable":true,"href":"https:\/\/osadev.fh-potsdam.de\/informations-datenmanagement\/wp-json\/wp\/v2\/pages\/242"}],"wp:attachment":[{"href":"https:\/\/osadev.fh-potsdam.de\/informations-datenmanagement\/wp-json\/wp\/v2\/media?parent=755"}],"curies":[{"name":"wp","href":"https:\/\/api.w.org\/{rel}","templated":true}]}}