{"id":759,"date":"2018-04-25T08:08:39","date_gmt":"2018-04-25T06:08:39","guid":{"rendered":"https:\/\/osadev.fh-potsdam.de\/informations-datenmanagement\/?page_id=759"},"modified":"2018-11-23T22:49:48","modified_gmt":"2018-11-23T21:49:48","slug":"ute-s-museumsangestellte","status":"publish","type":"page","link":"https:\/\/osadev.fh-potsdam.de\/informations-datenmanagement\/aussichten\/interviews-mit-absolventinnen-und-absolventen\/ute-s-museumsangestellte\/","title":{"rendered":"Ute S., Museumsangestellte"},"content":{"rendered":"<div class=\"row\"  id=\"row-1733644348\">\n\n\t<div id=\"col-265921538\" class=\"col title-row-null small-12 large-12\"  >\n\t\t\t\t<div class=\"col-inner\"  >\n\t\t\t\n\t\t\t\n<h1><b>Ute S., Museumsangestellte<\/b><\/h1>\n\t\t<\/div>\n\t\t\t\t\t<\/div>\n\n\t\n\n\t<div id=\"col-467493422\" class=\"col medium-8 small-12 large-8\"  >\n\t\t\t\t<div class=\"col-inner\"  >\n\t\t\t\n\t\t\t\n<p><b>Studienabschluss: Information und Dokumentation, B.A.<\/b><\/p>\n<div class=\"accordion\">\n\t<div id=\"accordion-1153306011\" class=\"accordion-item\">\n\t\t<a id=\"accordion-1153306011-label\" class=\"accordion-title plain active\" href=\"#accordion-item-stellen-sie-ihren-beruf-kurz-vor!\" aria-expanded=\"true\" aria-controls=\"accordion-1153306011-content\">\n\t\t\t<button class=\"toggle\" aria-label=\"Umschalten\"><i class=\"icon-angle-down\" aria-hidden=\"true\"><\/i><\/button>\n\t\t\t<span>Stellen Sie Ihren Beruf kurz vor!<\/span>\n\t\t<\/a>\n\t\t<div id=\"accordion-1153306011-content\" class=\"accordion-inner\" style=\"display: block;\" aria-labelledby=\"accordion-1153306011-label\">\n\t\t\t\n<p>Ich arbeite in der Gem\u00e4ldegalerie Berlin, Stiftung Preu\u00dfischer Kulturbesitz als Museumsangestellte. Die Betreuung des Fotoarchivs f\u00e4llt in meinen Aufgabenbereich.<\/p>\n\t\t<\/div>\n\t<\/div>\n\t\n\t<div id=\"accordion-439734648\" class=\"accordion-item\">\n\t\t<a id=\"accordion-439734648-label\" class=\"accordion-title plain\" href=\"#accordion-item-was-sind-ihre-aufgabenbereiche?\" aria-expanded=\"false\" aria-controls=\"accordion-439734648-content\">\n\t\t\t<button class=\"toggle\" aria-label=\"Umschalten\"><i class=\"icon-angle-down\" aria-hidden=\"true\"><\/i><\/button>\n\t\t\t<span>Was sind Ihre Aufgabenbereiche?<\/span>\n\t\t<\/a>\n\t\t<div id=\"accordion-439734648-content\" class=\"accordion-inner\" aria-labelledby=\"accordion-439734648-label\">\n\t\t\t\n<p>Zu meinen Aufgaben geh\u00f6ren u.a.:<\/p>\n<ul>\n<li>Bearbeitung und Abwicklung von hausinternen (Kuratoren, wissenschaftliche Mitarbeiter usw.) und externen Fotoanfragen (Forscher, Wissenschaftler, Studenten),<\/li>\n<li>Inventarisierung und systematische Ablage des Fotomaterials (d.h. Sortieren der Fotoaufnahmen nach Art des Fotomaterials und Vergeben von sog. Katalognummern),<\/li>\n<li>Bestandserhaltung der analogen Fotos,<\/li>\n<li>Verwaltung der digitalen bzw. digitalisierten Fotos mithilfe der Museumsdatenbank (Scannen analoger Fotos, Eingabe von Metadaten u.a.),<\/li>\n<li>Koordination des Bildarchivs hinsichtlich der aktuellen Fotoaufnahmen (Absprache mit Kuratoren, wann welches Gem\u00e4lde fotografiert werden kann usw.),<\/li>\n<li>Kooperation mit der Publikationsabteilung bei der Produktion von Printmedien (z.B. Kunstdrucke etc., Kontrolle der Proofs) etc.<\/li>\n<\/ul>\n\t\t<\/div>\n\t<\/div>\n\t\n\t<div id=\"accordion-504983695\" class=\"accordion-item\">\n\t\t<a id=\"accordion-504983695-label\" class=\"accordion-title plain\" href=\"#accordion-item-warum-haben-sie-sich-f\u00fcr-den-studiengang-information-und-dokumentation-entschieden?\" aria-expanded=\"false\" aria-controls=\"accordion-504983695-content\">\n\t\t\t<button class=\"toggle\" aria-label=\"Umschalten\"><i class=\"icon-angle-down\" aria-hidden=\"true\"><\/i><\/button>\n\t\t\t<span>Warum haben Sie sich f\u00fcr den Studiengang Information und Dokumentation entschieden?<\/span>\n\t\t<\/a>\n\t\t<div id=\"accordion-504983695-content\" class=\"accordion-inner\" aria-labelledby=\"accordion-504983695-label\">\n\t\t\t\n<p>Der Studiengang IuD hat mich besonders angesprochen, da das Berufsfeld des Dokumentars sehr vielf\u00e4ltig und abwechslungsreich ist. Je nachdem, wo die pers\u00f6nlichen St\u00e4rken und Kompetenzen liegen, kann man sich auf sein \u201eeigenes, pers\u00f6nlich angestrebtes Berufsfeld\u201c spezialisieren, wie z.B. Medienbereich, IT-lastiger Bereich, Archive, Bibliotheken usw.<\/p>\n\t\t<\/div>\n\t<\/div>\n\t\n\t<div id=\"accordion-2273704711\" class=\"accordion-item\">\n\t\t<a id=\"accordion-2273704711-label\" class=\"accordion-title plain\" href=\"#accordion-item-schildern-sie-ihren-beruflichen-werdegang.-wie-sind-sie-zu-ihrem-jetzigen-beruf-gekommen?\" aria-expanded=\"false\" aria-controls=\"accordion-2273704711-content\">\n\t\t\t<button class=\"toggle\" aria-label=\"Umschalten\"><i class=\"icon-angle-down\" aria-hidden=\"true\"><\/i><\/button>\n\t\t\t<span>Schildern Sie ihren beruflichen Werdegang. Wie sind sie zu ihrem jetzigen Beruf gekommen?<\/span>\n\t\t<\/a>\n\t\t<div id=\"accordion-2273704711-content\" class=\"accordion-inner\" aria-labelledby=\"accordion-2273704711-label\">\n\t\t\t\n<p>Ich habe mich schon immer sehr f\u00fcr den Medienbereich, speziell Fotografie interessiert. Nach Abschluss meiner Ausbildung zur Werbefotografin war ich drei Jahre lang selbst\u00e4ndig t\u00e4tig und habe dann mein IuD-Studium im Fachbereich Informationswissenschaften der FH Potsdam begonnen. Ich habe relativ sp\u00e4t mitdem Studium angefangen (27 Jahre), da ich mich beruflich weiterentwickeln wollte und auch, weil ich gerne mit meinem Abitur \u201eetwas anfangen\u201c wollte.<\/p>\n\t\t<\/div>\n\t<\/div>\n\t\n\t<div id=\"accordion-2635989928\" class=\"accordion-item\">\n\t\t<a id=\"accordion-2635989928-label\" class=\"accordion-title plain\" href=\"#accordion-item-was-fasziniert-sie-an-ihrer-t\u00e4tigkeit?\" aria-expanded=\"false\" aria-controls=\"accordion-2635989928-content\">\n\t\t\t<button class=\"toggle\" aria-label=\"Umschalten\"><i class=\"icon-angle-down\" aria-hidden=\"true\"><\/i><\/button>\n\t\t\t<span>Was fasziniert Sie an ihrer T\u00e4tigkeit?<\/span>\n\t\t<\/a>\n\t\t<div id=\"accordion-2635989928-content\" class=\"accordion-inner\" aria-labelledby=\"accordion-2635989928-label\">\n\t\t\t\n<p>Bei meiner derzeitigen Stelle ist die Arbeit mit Fotos aufgrund meiner Berufsausbildung zur Werbefotografin interessant. Hier kann ich meine beiden Qualifikationen (Fotografin und Dokumentarin) miteinander verkn\u00fcpfen und mein Fachwissen im Bereich \u201eFotografie\u201c ist mir oft eine gro\u00dfe Hilfe, z.B. bei der Beurteilung von Fotoaufnahmen bzgl. Belichtung, Farbwiedergabe usw.<\/p>\n<p>Jedoch reizen mich auch andere Berufsfelder und T\u00e4tigkeiten und ich bin gespannt, was die berufliche Zukunft noch bringt.<\/p>\n\t\t<\/div>\n\t<\/div>\n\t\n\t<div id=\"accordion-3261760272\" class=\"accordion-item\">\n\t\t<a id=\"accordion-3261760272-label\" class=\"accordion-title plain\" href=\"#accordion-item-was-erleben-sie-als-herausforderung-bei-ihrer-t\u00e4tigkeit?-was-macht-es-eventuell-schwer?\" aria-expanded=\"false\" aria-controls=\"accordion-3261760272-content\">\n\t\t\t<button class=\"toggle\" aria-label=\"Umschalten\"><i class=\"icon-angle-down\" aria-hidden=\"true\"><\/i><\/button>\n\t\t\t<span>Was erleben Sie als Herausforderung bei Ihrer T\u00e4tigkeit? Was macht es eventuell schwer?<\/span>\n\t\t<\/a>\n\t\t<div id=\"accordion-3261760272-content\" class=\"accordion-inner\" aria-labelledby=\"accordion-3261760272-label\">\n\t\t\t\n<p>Strukturierung und Organisation der Arbeitsabl\u00e4ufe empfinde ich pers\u00f6nlich als Herausforderung, die es t\u00e4glich zu meistern gilt (was bestimmt bei allen Berufen erforderlich ist). &#8211; Nicht immer einfach, aber eigentlich immer l\u00f6sbar. Mit der Zeit gewinnt man an Berufserfahrung und wird routinierter.<\/p>\n\t\t<\/div>\n\t<\/div>\n\t\n\t<div id=\"accordion-3777234706\" class=\"accordion-item\">\n\t\t<a id=\"accordion-3777234706-label\" class=\"accordion-title plain\" href=\"#accordion-item-was-ist-ihrer-meinung-nach-das-wichtigste,-das-sie-w\u00e4hrend-des-studiums-f\u00fcr-ihren-aktuellen-beruf-gelernt-haben?\" aria-expanded=\"false\" aria-controls=\"accordion-3777234706-content\">\n\t\t\t<button class=\"toggle\" aria-label=\"Umschalten\"><i class=\"icon-angle-down\" aria-hidden=\"true\"><\/i><\/button>\n\t\t\t<span>Was ist Ihrer Meinung nach das Wichtigste, das Sie w\u00e4hrend des Studiums f\u00fcr Ihren aktuellen Beruf gelernt haben?<\/span>\n\t\t<\/a>\n\t\t<div id=\"accordion-3777234706-content\" class=\"accordion-inner\" aria-labelledby=\"accordion-3777234706-label\">\n\t\t\t\n<p>Innerhalb meines Studiums habe ich mir Methoden und dokumentarisches Fachwissen angeeignet, was ich pers\u00f6nlich als essentiell f\u00fcr meine berufliche T\u00e4tigkeit empfinde. Daneben habe ich w\u00e4hrend meiner Praktika teilweise festgestellt, dass die Praxis oft ganz anders aussieht als die Theorie. Manchmal lassen sich die \u201ebest-practice- Methoden\u201c nicht immer so einfach in die Praxis umsetzen. Dies liegt oft an Mangel an Personal, den n\u00f6tigen Mitteln oder bestimmten Arbeitsbedingungen innerhalb der Einrichtungen.<\/p>\n\t\t<\/div>\n\t<\/div>\n\t\n\t<div id=\"accordion-1557516501\" class=\"accordion-item\">\n\t\t<a id=\"accordion-1557516501-label\" class=\"accordion-title plain\" href=\"#accordion-item-gibt-es-etwas-im-studium,-das-ihnen-besonders-in-erinnerung-geblieben-ist?\" aria-expanded=\"false\" aria-controls=\"accordion-1557516501-content\">\n\t\t\t<button class=\"toggle\" aria-label=\"Umschalten\"><i class=\"icon-angle-down\" aria-hidden=\"true\"><\/i><\/button>\n\t\t\t<span>Gibt es etwas im Studium, das Ihnen besonders in Erinnerung geblieben ist?<\/span>\n\t\t<\/a>\n\t\t<div id=\"accordion-1557516501-content\" class=\"accordion-inner\" aria-labelledby=\"accordion-1557516501-label\">\n\t\t\t\n<p>Ja, meine beiden Praktika. Diese habe ich bei zwei Museen absolviert. Ich habe so einen spannenden Einblick in deren Arbeit erhalten und habe auch bei der Bachelorarbeit davon profitiert, da ich mich hier mit der Ist-Analyse der Bilddatenbank besch\u00e4ftigte.<\/p>\n\t\t<\/div>\n\t<\/div>\n\t\n\t<div id=\"accordion-443006857\" class=\"accordion-item\">\n\t\t<a id=\"accordion-443006857-label\" class=\"accordion-title plain\" href=\"#accordion-item-was-sollte-man-an-interessen-bzw.-f\u00e4higkeiten-f\u00fcr-dieses-berufsfeld-mitbringen,-im-studium-erwerben-oder-sich-ggf.-durch-zusatzqualifikationen-aneignen?\" aria-expanded=\"false\" aria-controls=\"accordion-443006857-content\">\n\t\t\t<button class=\"toggle\" aria-label=\"Umschalten\"><i class=\"icon-angle-down\" aria-hidden=\"true\"><\/i><\/button>\n\t\t\t<span>Was sollte man an Interessen bzw. F\u00e4higkeiten f\u00fcr dieses Berufsfeld mitbringen, im Studium erwerben oder sich ggf. durch Zusatzqualifikationen aneignen?<\/span>\n\t\t<\/a>\n\t\t<div id=\"accordion-443006857-content\" class=\"accordion-inner\" aria-labelledby=\"accordion-443006857-label\">\n\t\t\t\n<p>Obwohl das Studium z.T. technisch ist, muss man kein \u201eIT-ler\u201c sein. Das Interesse f\u00fcr IT und ein technisches \u201eGrundverst\u00e4ndnis\u201c sollte jedoch zumindest vorhanden sein.\u00a0 Was man letztendlich daraus macht, ist jedem selbst \u00fcberlassen und man wird bereits w\u00e4hrend des Studiums feststellen, wo die eigenen St\u00e4rken und Interessen liegen. Dies kann f\u00fcr die sp\u00e4tere Berufswahl in jedem Fall hilfreich und n\u00fctzlich sein.<\/p>\n\t\t<\/div>\n\t<\/div>\n\t\n\t<div id=\"accordion-165132259\" class=\"accordion-item\">\n\t\t<a id=\"accordion-165132259-label\" class=\"accordion-title plain\" aria-expanded=\"false\" aria-controls=\"accordion-165132259-content\">\n\t\t\t<button class=\"toggle\" aria-label=\"Umschalten\"><i class=\"icon-angle-down\" aria-hidden=\"true\"><\/i><\/button>\n\t\t\t<span>Was w\u00fcrden Sie Studieninteressierten mit auf den Weg geben? Bzw.: Welchen Rat w\u00fcrden Sie Studienanf\u00e4ngern geben, die sp\u00e4ter ebenfalls Ihren Beruf aus\u00fcben wollen?<\/span>\n\t\t<\/a>\n\t\t<div id=\"accordion-165132259-content\" class=\"accordion-inner\" aria-labelledby=\"accordion-165132259-label\">\n\t\t\t\n<p>Das Studium dient dazu, Methoden, theoretisches Fachwissen und Werkzeuge f\u00fcr den Beruf des Dokumentars zu erlernen. Im Beruf gilt es, diese Kompetenzen anzuwenden und darauf aufzubauen. Man sollte sich, vor allem als Berufsanf\u00e4nger, bewusst sein, dass man sich immerzu weiterbilden und neue (Berufs-)Erfahrungen sammeln muss, um seine Kenntnisse auf dem aktuellen Stand zu halten und t\u00e4gliche Problemstellungen meistern zu k\u00f6nnen.<\/p>\n\t\t<\/div>\n\t<\/div>\n\t\n<\/div>\n\t\t<\/div>\n\t\t\t\t\t<\/div>\n\n\t\n\n\t<div id=\"col-32182384\" class=\"col medium-4 small-12 large-4\"  >\n\t\t\t\t<div class=\"col-inner\"  >\n\t\t\t\n\t\t\t\n\t<div class=\"img has-hover x md-x lg-x y md-y lg-y\" id=\"image_1908020975\">\n\t\t\t\t\t\t\t\t<div class=\"img-inner dark\" >\n\t\t\t<img loading=\"lazy\" decoding=\"async\" width=\"500\" height=\"594\" src=\"https:\/\/osadev.fh-potsdam.de\/informations-datenmanagement\/wp-content\/uploads\/sites\/8\/2018\/04\/5_Ute-S_IuD_Portrait.jpg\" class=\"attachment-large size-large\" alt=\"\" srcset=\"https:\/\/osadev.fh-potsdam.de\/informations-datenmanagement\/wp-content\/uploads\/sites\/8\/2018\/04\/5_Ute-S_IuD_Portrait.jpg 500w, https:\/\/osadev.fh-potsdam.de\/informations-datenmanagement\/wp-content\/uploads\/sites\/8\/2018\/04\/5_Ute-S_IuD_Portrait-253x300.jpg 253w\" sizes=\"auto, (max-width: 500px) 100vw, 500px\" \/>\t\t\t\t\t\t\n\t\t\t\t\t<\/div>\n\t\t\t\t\t\t\t\t\n<style>\n#image_1908020975 {\n  width: 100%;\n}\n<\/style>\n\t<\/div>\n\t\n<p style=\"text-align:right;margin-top:-10px;font-size:12px;\">Quelle: privat<\/p>\n\t\t<\/div>\n\t\t\t\t\t<\/div>\n\n\t\n<\/div>\n<div class=\"row\"  id=\"row-934838433\">\n<div class=\"col ctrl-buttons\">\n<div class=\"ctrl-buttons-left\"><a href=\"\/informations-datenmanagement\/aussichten\/interviews-mit-absolventinnen-und-absolventen\/patrick-p-wordpress-entwickler\/\" class=\"button primary lowercase previous\" >\n\t\t<span>zur\u00fcck<\/span>\n\t<\/a>\n<\/div>\n<div class=\"ctrl-buttons-right\"><a href=\"\/informations-datenmanagement\/aussichten\/interviews-mit-absolventinnen-und-absolventen\/masterstudium\/\" class=\"button primary lowercase next\" >\n\t\t<span>weiter<\/span>\n\t<\/a>\n<\/div>\n<\/div>\n<\/div>\n","protected":false},"excerpt":{"rendered":"","protected":false},"author":1,"featured_media":0,"parent":242,"menu_order":0,"comment_status":"closed","ping_status":"closed","template":"","meta":{"_acf_changed":false,"powered_cache_disable_cache":false,"footnotes":""},"class_list":["post-759","page","type-page","status-publish","hentry"],"acf":[],"_links":{"self":[{"href":"https:\/\/osadev.fh-potsdam.de\/informations-datenmanagement\/wp-json\/wp\/v2\/pages\/759","targetHints":{"allow":["GET"]}}],"collection":[{"href":"https:\/\/osadev.fh-potsdam.de\/informations-datenmanagement\/wp-json\/wp\/v2\/pages"}],"about":[{"href":"https:\/\/osadev.fh-potsdam.de\/informations-datenmanagement\/wp-json\/wp\/v2\/types\/page"}],"author":[{"embeddable":true,"href":"https:\/\/osadev.fh-potsdam.de\/informations-datenmanagement\/wp-json\/wp\/v2\/users\/1"}],"replies":[{"embeddable":true,"href":"https:\/\/osadev.fh-potsdam.de\/informations-datenmanagement\/wp-json\/wp\/v2\/comments?post=759"}],"version-history":[{"count":7,"href":"https:\/\/osadev.fh-potsdam.de\/informations-datenmanagement\/wp-json\/wp\/v2\/pages\/759\/revisions"}],"predecessor-version":[{"id":1227,"href":"https:\/\/osadev.fh-potsdam.de\/informations-datenmanagement\/wp-json\/wp\/v2\/pages\/759\/revisions\/1227"}],"up":[{"embeddable":true,"href":"https:\/\/osadev.fh-potsdam.de\/informations-datenmanagement\/wp-json\/wp\/v2\/pages\/242"}],"wp:attachment":[{"href":"https:\/\/osadev.fh-potsdam.de\/informations-datenmanagement\/wp-json\/wp\/v2\/media?parent=759"}],"curies":[{"name":"wp","href":"https:\/\/api.w.org\/{rel}","templated":true}]}}