{"id":87,"date":"2018-02-01T10:40:10","date_gmt":"2018-02-01T09:40:10","guid":{"rendered":"https:\/\/osadev.fh-potsdam.de\/informations-datenmanagement\/?page_id=87"},"modified":"2020-07-31T14:57:19","modified_gmt":"2020-07-31T12:57:19","slug":"studienbereiche","status":"publish","type":"page","link":"https:\/\/osadev.fh-potsdam.de\/informations-datenmanagement\/studium\/studienbereiche\/","title":{"rendered":"Studienbereiche"},"content":{"rendered":"<div class=\"row\"  id=\"row-257864036\">\n\n\t<div id=\"col-36636557\" class=\"col title-row small-12 large-12\"  >\n\t\t\t\t<div class=\"col-inner\"  >\n\t\t\t\n\t\t\t\n<h1><b>Studienbereiche<\/b><\/h1>\n\t\t<\/div>\n\t\t\t\t\t<\/div>\n\n\t\n\n\t<div id=\"col-324539334\" class=\"col medium-4 small-12 large-4\"  >\n\t\t\t\t<div class=\"col-inner\"  >\n\t\t\t\n\t\t\t\n<p>Der Studiengang Informations- und Datenmanagement umfasst die folgenden Studienbereiche:<\/p>\n<p>Klicken Sie auf die Felder, um sich die Erl\u00e4uterungen zu den Studienbereichen anzeigen zu lassen!<\/p>\n<p><strong>Hinweis<\/strong><br \/>Im Modulhandbuch k\u00f6nnen Sie sich ausf\u00fchrlich \u00fcber die Module und die Studieninhalte informieren:<br \/><a style=\"text-decoration:underline\" href=\"https:\/\/www.fh-potsdam.de\/fileadmin\/user_dateien\/2_studieren-FB_Infowiss\/studium\/modulhandbuecher\/FB5_Modulhandbuch_Informations-_und_Datenmanagement-BA.pdf\" target=\"_blank\" rel=\"noopener noreferrer\">Link zum Modulhandbuch (pdf)<\/a><\/p>\n\t\t<\/div>\n\t\t\t\t\t<\/div>\n\n\t\n\n\t<div id=\"col-1044004361\" class=\"col medium-8 small-12 large-8\"  >\n\t\t\t\t<div class=\"col-inner\"  >\n\t\t\t\n\t\t\t\n<div class=\"row row-collapse studienbereiche\"  id=\"row-317689505\">\n\n\t<div id=\"col-705008331\" class=\"col medium-6 small-12 large-6\"  >\n\t\t\t\t<div class=\"col-inner\"  >\n\t\t\t\n\t\t\t\n\n\t<a class=\"plain\" href=\"\/informations-datenmanagement\/studium\/studienbereiche\/informations-und-wissensmanagement-content-und-dokumentenmanagement\/\" >\t<div class=\"icon-box featured-box icon-box-left text-left is-large\"  >\n\t\t\t\t\t<div class=\"icon-box-img\" style=\"width: 123px\">\n\t\t\t\t<div class=\"icon\">\n\t\t\t\t\t<div class=\"icon-inner\" >\n\t\t\t\t\t\t<img loading=\"lazy\" decoding=\"async\" width=\"300\" height=\"242\" src=\"https:\/\/osadev.fh-potsdam.de\/informations-datenmanagement\/wp-content\/uploads\/sites\/8\/2018\/04\/2_1_Wissensmanagement_3b_IuD-300x242.jpg\" class=\"attachment-medium size-medium\" alt=\"\" srcset=\"https:\/\/osadev.fh-potsdam.de\/informations-datenmanagement\/wp-content\/uploads\/sites\/8\/2018\/04\/2_1_Wissensmanagement_3b_IuD-300x242.jpg 300w, https:\/\/osadev.fh-potsdam.de\/informations-datenmanagement\/wp-content\/uploads\/sites\/8\/2018\/04\/2_1_Wissensmanagement_3b_IuD-768x620.jpg 768w, https:\/\/osadev.fh-potsdam.de\/informations-datenmanagement\/wp-content\/uploads\/sites\/8\/2018\/04\/2_1_Wissensmanagement_3b_IuD-1024x827.jpg 1024w\" sizes=\"auto, (max-width: 300px) 100vw, 300px\" \/>\t\t\t\t\t<\/div>\n\t\t\t\t<\/div>\n\t\t\t<\/div>\n\t\t\t\t<div class=\"icon-box-text last-reset\">\n\t\t\t\t\t\t\t\t\t\n<p style=\"text-align: left;\">Informations- und<br \/> Wissensmanagement,<br \/> Content- und Doku-<br \/>mentenmanagement<\/p>\n\t\t<\/div>\n\t<\/div>\n\t<\/a>\n\t\n\t\t<\/div>\n\t\t\t\t\t<\/div>\n\n\t\n\n\t<div id=\"col-1413059140\" class=\"col medium-6 small-12 large-6\"  >\n\t\t\t\t<div class=\"col-inner\"  >\n\t\t\t\n\t\t\t\n\n\t<a class=\"plain\" href=\"\/informations-datenmanagement\/studium\/studienbereiche\/datenmodellierung-und-datenmanagement\/\" >\t<div class=\"icon-box featured-box icon-box-left text-left is-large\"  >\n\t\t\t\t\t<div class=\"icon-box-img\" style=\"width: 115px\">\n\t\t\t\t<div class=\"icon\">\n\t\t\t\t\t<div class=\"icon-inner\" >\n\t\t\t\t\t\t<img loading=\"lazy\" decoding=\"async\" width=\"300\" height=\"242\" src=\"https:\/\/osadev.fh-potsdam.de\/informations-datenmanagement\/wp-content\/uploads\/sites\/8\/2018\/04\/2_2_Datenbank_wrb_IuD-300x242.jpg\" class=\"attachment-medium size-medium\" alt=\"\" srcset=\"https:\/\/osadev.fh-potsdam.de\/informations-datenmanagement\/wp-content\/uploads\/sites\/8\/2018\/04\/2_2_Datenbank_wrb_IuD-300x242.jpg 300w, https:\/\/osadev.fh-potsdam.de\/informations-datenmanagement\/wp-content\/uploads\/sites\/8\/2018\/04\/2_2_Datenbank_wrb_IuD-768x620.jpg 768w, https:\/\/osadev.fh-potsdam.de\/informations-datenmanagement\/wp-content\/uploads\/sites\/8\/2018\/04\/2_2_Datenbank_wrb_IuD-1024x827.jpg 1024w\" sizes=\"auto, (max-width: 300px) 100vw, 300px\" \/>\t\t\t\t\t<\/div>\n\t\t\t\t<\/div>\n\t\t\t<\/div>\n\t\t\t\t<div class=\"icon-box-text last-reset\">\n\t\t\t\t\t\t\t\t\t\n<p style=\"text-align: left;\">Datenmodellierung und Datenmanagement<\/p>\n\t\t<\/div>\n\t<\/div>\n\t<\/a>\n\t\n\t\t<\/div>\n\t\t\t\t\t<\/div>\n\n\t\n\n\t<div id=\"col-1759053687\" class=\"col medium-6 small-12 large-6\"  >\n\t\t\t\t<div class=\"col-inner\"  >\n\t\t\t\n\t\t\t\n\n\t<a class=\"plain\" href=\"\/informations-datenmanagement\/studium\/studienbereiche\/information-retrieval-data-und-textmining-inhaltserschliessung-bilddokumentation\/\" >\t<div class=\"icon-box featured-box icon-box-left text-left is-large\"  >\n\t\t\t\t\t<div class=\"icon-box-img\" style=\"width: 120px\">\n\t\t\t\t<div class=\"icon\">\n\t\t\t\t\t<div class=\"icon-inner\" >\n\t\t\t\t\t\t<img loading=\"lazy\" decoding=\"async\" width=\"300\" height=\"212\" src=\"https:\/\/osadev.fh-potsdam.de\/informations-datenmanagement\/wp-content\/uploads\/sites\/8\/2018\/04\/2_3_Suchmaschine_3_IuD-e1527238941217-300x212.jpg\" class=\"attachment-medium size-medium\" alt=\"\" srcset=\"https:\/\/osadev.fh-potsdam.de\/informations-datenmanagement\/wp-content\/uploads\/sites\/8\/2018\/04\/2_3_Suchmaschine_3_IuD-e1527238941217-300x212.jpg 300w, https:\/\/osadev.fh-potsdam.de\/informations-datenmanagement\/wp-content\/uploads\/sites\/8\/2018\/04\/2_3_Suchmaschine_3_IuD-e1527238941217-768x543.jpg 768w, https:\/\/osadev.fh-potsdam.de\/informations-datenmanagement\/wp-content\/uploads\/sites\/8\/2018\/04\/2_3_Suchmaschine_3_IuD-e1527238941217-1024x724.jpg 1024w\" sizes=\"auto, (max-width: 300px) 100vw, 300px\" \/>\t\t\t\t\t<\/div>\n\t\t\t\t<\/div>\n\t\t\t<\/div>\n\t\t\t\t<div class=\"icon-box-text last-reset\">\n\t\t\t\t\t\t\t\t\t\n<p style=\"text-align: left;\">Information Retrieval, Data- und Textmining, Inhaltserschlie\u00dfung, Bilddokumentation<\/p>\n\t\t<\/div>\n\t<\/div>\n\t<\/a>\n\t\n\t\t<\/div>\n\t\t\t\t\t<\/div>\n\n\t\n\n\t<div id=\"col-1560007114\" class=\"col medium-6 small-12 large-6\"  >\n\t\t\t\t<div class=\"col-inner\"  >\n\t\t\t\n\t\t\t\n\n\t<a class=\"plain\" href=\"\/informations-datenmanagement\/studium\/studienbereiche\/informations-internet-und-webtechnologien\/\" >\t<div class=\"icon-box featured-box icon-box-left text-left is-large\"  >\n\t\t\t\t\t<div class=\"icon-box-img\" style=\"width: 135px\">\n\t\t\t\t<div class=\"icon\">\n\t\t\t\t\t<div class=\"icon-inner\" >\n\t\t\t\t\t\t<img loading=\"lazy\" decoding=\"async\" width=\"300\" height=\"209\" src=\"https:\/\/osadev.fh-potsdam.de\/informations-datenmanagement\/wp-content\/uploads\/sites\/8\/2018\/04\/2_4_Informationstechnologie_1_IuD-e1527238466510-300x209.jpg\" class=\"attachment-medium size-medium\" alt=\"\" srcset=\"https:\/\/osadev.fh-potsdam.de\/informations-datenmanagement\/wp-content\/uploads\/sites\/8\/2018\/04\/2_4_Informationstechnologie_1_IuD-e1527238466510-300x209.jpg 300w, https:\/\/osadev.fh-potsdam.de\/informations-datenmanagement\/wp-content\/uploads\/sites\/8\/2018\/04\/2_4_Informationstechnologie_1_IuD-e1527238466510-768x536.jpg 768w, https:\/\/osadev.fh-potsdam.de\/informations-datenmanagement\/wp-content\/uploads\/sites\/8\/2018\/04\/2_4_Informationstechnologie_1_IuD-e1527238466510-1024x714.jpg 1024w\" sizes=\"auto, (max-width: 300px) 100vw, 300px\" \/>\t\t\t\t\t<\/div>\n\t\t\t\t<\/div>\n\t\t\t<\/div>\n\t\t\t\t<div class=\"icon-box-text last-reset\">\n\t\t\t\t\t\t\t\t\t\n<p style=\"text-align: left;\">Querschnittsthema: Informations-, Internet- und Webtechnologien<\/p>\n\t\t<\/div>\n\t<\/div>\n\t<\/a>\n\t\n\t\t<\/div>\n\t\t\t\t\t<\/div>\n\n\t\n\n\t<div id=\"col-1741966691\" class=\"col medium-6 small-12 large-6\"  >\n\t\t\t\t<div class=\"col-inner\"  >\n\t\t\t\n\t\t\t\n\n\t<a class=\"plain\" href=\"\/informations-datenmanagement\/studium\/studienbereiche\/digitale-gesellschaft\/\" >\t<div class=\"icon-box featured-box icon-box-left text-left is-large\"  >\n\t\t\t\t\t<div class=\"icon-box-img\" style=\"width: 120px\">\n\t\t\t\t<div class=\"icon\">\n\t\t\t\t\t<div class=\"icon-inner\" >\n\t\t\t\t\t\t<img loading=\"lazy\" decoding=\"async\" width=\"300\" height=\"281\" src=\"https:\/\/osadev.fh-potsdam.de\/informations-datenmanagement\/wp-content\/uploads\/sites\/8\/2018\/04\/2_5_digitale-Gesellschaft_2_IuD-300x281.jpg\" class=\"attachment-medium size-medium\" alt=\"\" srcset=\"https:\/\/osadev.fh-potsdam.de\/informations-datenmanagement\/wp-content\/uploads\/sites\/8\/2018\/04\/2_5_digitale-Gesellschaft_2_IuD-300x281.jpg 300w, https:\/\/osadev.fh-potsdam.de\/informations-datenmanagement\/wp-content\/uploads\/sites\/8\/2018\/04\/2_5_digitale-Gesellschaft_2_IuD-768x718.jpg 768w, https:\/\/osadev.fh-potsdam.de\/informations-datenmanagement\/wp-content\/uploads\/sites\/8\/2018\/04\/2_5_digitale-Gesellschaft_2_IuD-1024x958.jpg 1024w\" sizes=\"auto, (max-width: 300px) 100vw, 300px\" \/>\t\t\t\t\t<\/div>\n\t\t\t\t<\/div>\n\t\t\t<\/div>\n\t\t\t\t<div class=\"icon-box-text last-reset\">\n\t\t\t\t\t\t\t\t\t\n<p style=\"text-align: left;\">Querschnittsthema: Digitale Gesellschaft<\/p>\n\t\t<\/div>\n\t<\/div>\n\t<\/a>\n\t\n\t\t<\/div>\n\t\t\t\t\t<\/div>\n\n\t\n<\/div>\n\t\t<\/div>\n\t\t\t\t\t<\/div>\n\n\t\n<\/div>\n<div class=\"row\"  id=\"row-340179125\">\n<div class=\"col ctrl-buttons\">\n<div class=\"ctrl-buttons-left\"><a href=\"\/informations-datenmanagement\/studium\/studienverlauf\/\" class=\"button primary lowercase previous\" >\n\t\t<span>zur\u00fcck<\/span>\n\t<\/a>\n<\/div>\n<div class=\"ctrl-buttons-right\"><a href=\"\/informations-datenmanagement\/studium\/studienbereiche\/informations-und-wissensmanagement-content-und-dokumentenmanagement\/\" class=\"button primary lowercase next\" >\n\t\t<span>weiter<\/span>\n\t<\/a>\n<\/div>\n<\/div>\n<\/div>\n","protected":false},"excerpt":{"rendered":"","protected":false},"author":11,"featured_media":0,"parent":75,"menu_order":0,"comment_status":"closed","ping_status":"closed","template":"","meta":{"_acf_changed":false,"powered_cache_disable_cache":false,"footnotes":""},"class_list":["post-87","page","type-page","status-publish","hentry"],"acf":[],"_links":{"self":[{"href":"https:\/\/osadev.fh-potsdam.de\/informations-datenmanagement\/wp-json\/wp\/v2\/pages\/87","targetHints":{"allow":["GET"]}}],"collection":[{"href":"https:\/\/osadev.fh-potsdam.de\/informations-datenmanagement\/wp-json\/wp\/v2\/pages"}],"about":[{"href":"https:\/\/osadev.fh-potsdam.de\/informations-datenmanagement\/wp-json\/wp\/v2\/types\/page"}],"author":[{"embeddable":true,"href":"https:\/\/osadev.fh-potsdam.de\/informations-datenmanagement\/wp-json\/wp\/v2\/users\/11"}],"replies":[{"embeddable":true,"href":"https:\/\/osadev.fh-potsdam.de\/informations-datenmanagement\/wp-json\/wp\/v2\/comments?post=87"}],"version-history":[{"count":28,"href":"https:\/\/osadev.fh-potsdam.de\/informations-datenmanagement\/wp-json\/wp\/v2\/pages\/87\/revisions"}],"predecessor-version":[{"id":1381,"href":"https:\/\/osadev.fh-potsdam.de\/informations-datenmanagement\/wp-json\/wp\/v2\/pages\/87\/revisions\/1381"}],"up":[{"embeddable":true,"href":"https:\/\/osadev.fh-potsdam.de\/informations-datenmanagement\/wp-json\/wp\/v2\/pages\/75"}],"wp:attachment":[{"href":"https:\/\/osadev.fh-potsdam.de\/informations-datenmanagement\/wp-json\/wp\/v2\/media?parent=87"}],"curies":[{"name":"wp","href":"https:\/\/api.w.org\/{rel}","templated":true}]}}