{"id":1087,"date":"2018-10-20T16:13:48","date_gmt":"2018-10-20T14:13:48","guid":{"rendered":"https:\/\/osadev.fh-potsdam.de\/soziale-arbeit\/?page_id=1087"},"modified":"2025-09-15T11:40:15","modified_gmt":"2025-09-15T09:40:15","slug":"soziale-arbeit-versteht-dich","status":"publish","type":"page","link":"https:\/\/osadev.fh-potsdam.de\/soziale-arbeit\/arbeitsfelder\/soziale-arbeit-versteht-dich\/","title":{"rendered":"Soziale Arbeit versteht Dich"},"content":{"rendered":"<div class=\"row\"  id=\"row-2020177967\">\n\n\t<div id=\"col-95549044\" class=\"col small-12 large-12\"  >\n\t\t\t\t<div class=\"col-inner\"  >\n\t\t\t\n\t\t\t\n<h1><b>Soziale Arbeit versteht Dich<\/b><\/h1>\n\t\t<\/div>\n\t\t\t\t\t<\/div>\n\n\t\n\n\t<div id=\"col-801496485\" class=\"col medium-8 small-12 large-8\"  >\n\t\t\t\t<div class=\"col-inner\"  >\n\t\t\t\n\t\t\t\n<div class=\"video video-fit mb\" style=\"padding-top:56.25%;\"><div style=\"width: 640px;\" class=\"wp-video\"><video class=\"wp-video-shortcode\" id=\"video-1087-1\" width=\"640\" height=\"360\" preload=\"metadata\" controls=\"controls\"><source type=\"video\/mp4\" src=\"https:\/\/osa.fh-potsdam.de\/video\/ec\/OSA\/FB1_Soziale_Arbeit_versteht_Dich.mp4?_=1\" \/><a href=\"https:\/\/osa.fh-potsdam.de\/video\/ec\/OSA\/FB1_Soziale_Arbeit_versteht_Dich.mp4\">https:\/\/osa.fh-potsdam.de\/video\/ec\/OSA\/FB1_Soziale_Arbeit_versteht_Dich.mp4<\/a><\/video><\/div>\n<\/div>\n<p>Ein Film von Studierenden des Studiengangs Soziale Arbeit der Fachhochschule Potsdam<\/p>\n\t\t<\/div>\n\t\t\t\t\t<\/div>\n\n\t\n\n\t<div id=\"col-833646404\" class=\"col medium-4 small-12 large-4\"  >\n\t\t\t\t<div class=\"col-inner\"  >\n\t\t\t\n\t\t\t\n<p>Eine Gro\u00dfstadt ist oftmals sehr un\u00fcbersichtlich und schwer in ihrer\u00a0Vielfalt und Angeboten zu erfassen.<br \/>\nDer Sozialarbeiter Bernd Grill zeigt einen Einblick in seine allt\u00e4gliche Arbeit und wie wichtig es ist, alles zu \u00fcberblicken.<\/p>\n<p>Damit kann er klientenorientiert und individuell agieren als professioneller Wegweiser geht er den Weg der\/s KlientIn mit und holt sie\/ihn gewisserma\u00dfen ab und schneidet Angebote passend zu, auch wenn diese Unterst\u00fctzung von au\u00dfen betrachtet manchmal nicht im ersten Moment nachvollziehbar erscheint.<\/p>\n\t\t<\/div>\n\t\t\t\t\t<\/div>\n\n\t\n\n\t<div id=\"col-8674188\" class=\"col small-12 large-12\"  >\n\t\t\t\t<div class=\"col-inner\"  >\n\t\t\t\n\t\t\t\n\t\t<\/div>\n\t\t\t\t\t<\/div>\n\n\t\n<\/div>\n<div class=\"row\"  id=\"row-308531188\">\n<div class=\"col ctrl-buttons\">\n<div class=\"ctrl-buttons-left\"><a href=\"\/soziale-arbeit\/arbeitsfelder\/arbeitsfelder-2\/\" class=\"button primary lowercase previous\" >\n\t\t<span>zur\u00fcck<\/span>\n\t<\/a>\n<\/div>\n<div class=\"ctrl-buttons-right\"><a href=\"\/soziale-arbeit\/arbeitsfelder\/arbeitsfelder-3\/\" class=\"button primary lowercase next\" >\n\t\t<span>weiter<\/span>\n\t<\/a>\n<\/div>\n<\/div>\n<\/div>\n","protected":false},"excerpt":{"rendered":"","protected":false},"author":1,"featured_media":0,"parent":1075,"menu_order":0,"comment_status":"closed","ping_status":"closed","template":"","meta":{"_acf_changed":false,"powered_cache_disable_cache":false,"footnotes":""},"class_list":["post-1087","page","type-page","status-publish","hentry"],"acf":[],"_links":{"self":[{"href":"https:\/\/osadev.fh-potsdam.de\/soziale-arbeit\/wp-json\/wp\/v2\/pages\/1087","targetHints":{"allow":["GET"]}}],"collection":[{"href":"https:\/\/osadev.fh-potsdam.de\/soziale-arbeit\/wp-json\/wp\/v2\/pages"}],"about":[{"href":"https:\/\/osadev.fh-potsdam.de\/soziale-arbeit\/wp-json\/wp\/v2\/types\/page"}],"author":[{"embeddable":true,"href":"https:\/\/osadev.fh-potsdam.de\/soziale-arbeit\/wp-json\/wp\/v2\/users\/1"}],"replies":[{"embeddable":true,"href":"https:\/\/osadev.fh-potsdam.de\/soziale-arbeit\/wp-json\/wp\/v2\/comments?post=1087"}],"version-history":[{"count":16,"href":"https:\/\/osadev.fh-potsdam.de\/soziale-arbeit\/wp-json\/wp\/v2\/pages\/1087\/revisions"}],"predecessor-version":[{"id":1443,"href":"https:\/\/osadev.fh-potsdam.de\/soziale-arbeit\/wp-json\/wp\/v2\/pages\/1087\/revisions\/1443"}],"up":[{"embeddable":true,"href":"https:\/\/osadev.fh-potsdam.de\/soziale-arbeit\/wp-json\/wp\/v2\/pages\/1075"}],"wp:attachment":[{"href":"https:\/\/osadev.fh-potsdam.de\/soziale-arbeit\/wp-json\/wp\/v2\/media?parent=1087"}],"curies":[{"name":"wp","href":"https:\/\/api.w.org\/{rel}","templated":true}]}}