{"id":1112,"date":"2018-10-20T16:40:50","date_gmt":"2018-10-20T14:40:50","guid":{"rendered":"https:\/\/osadev.fh-potsdam.de\/soziale-arbeit\/?page_id=1112"},"modified":"2025-09-15T11:30:19","modified_gmt":"2025-09-15T09:30:19","slug":"soziale-arbeit-beruehrt-dich","status":"publish","type":"page","link":"https:\/\/osadev.fh-potsdam.de\/soziale-arbeit\/arbeitsfelder\/soziale-arbeit-beruehrt-dich\/","title":{"rendered":"Soziale Arbeit ber\u00fchrt Dich"},"content":{"rendered":"<div class=\"row\"  id=\"row-2435196\">\n\n\t<div id=\"col-1024124757\" class=\"col small-12 large-12\"  >\n\t\t\t\t<div class=\"col-inner\"  >\n\t\t\t\n\t\t\t\n<h1><b>Soziale Arbeit ber\u00fchrt Dich<\/b><\/h1>\n\t\t<\/div>\n\t\t\t\t\t<\/div>\n\n\t\n\n\t<div id=\"col-1189475378\" class=\"col medium-8 small-12 large-8\"  >\n\t\t\t\t<div class=\"col-inner\"  >\n\t\t\t\n\t\t\t\n<div class=\"video video-fit mb\" style=\"padding-top:56.25%;\"><div style=\"width: 640px;\" class=\"wp-video\"><video class=\"wp-video-shortcode\" id=\"video-1112-1\" width=\"640\" height=\"360\" preload=\"metadata\" controls=\"controls\"><source type=\"video\/mp4\" src=\"https:\/\/osa.fh-potsdam.de\/video\/ec\/OSA\/FB1_Soziale_Arbeit_beruehrt_Dich.mp4?_=1\" \/><a href=\"https:\/\/osa.fh-potsdam.de\/video\/ec\/OSA\/FB1_Soziale_Arbeit_beruehrt_Dich.mp4\">https:\/\/osa.fh-potsdam.de\/video\/ec\/OSA\/FB1_Soziale_Arbeit_beruehrt_Dich.mp4<\/a><\/video><\/div>\n<\/div>\n<p>\u201eSoziale Arbeit ber\u00fchrt dich\u201c. Ein Film von Studierenden des Studiengangs Soziale Arbeit der Fachhochschule Potsdam.<\/p>\n\t\t<\/div>\n\t\t\t\t\t<\/div>\n\n\t\n\n\t<div id=\"col-1706255664\" class=\"col medium-4 small-12 large-4\"  >\n\t\t\t\t<div class=\"col-inner\"  >\n\t\t\t\n\t\t\t\n<p>Die Leistungen der Sozialen Arbeit werden nicht nur von Personengruppen in Anspruch genommen, die vermeintlich am Rande der Gesellschaft leben. Soziale Arbeit kann f\u00fcr jede\/n und in jeder Lebenssituation eine Unterst\u00fctzung bieten.<\/p>\n<p>Dieser Clip zeigt einen kleinen Ausschnitt von sozialen Problemen mit denen Menschen im Leben konfrontiert werden, die oft sehr belastend sein k\u00f6nnen und kaum alleine ohne professionelle Hilfe und Unterst\u00fctzung zu bew\u00e4ltigen sind.<\/p>\n\t\t<\/div>\n\t\t\t\t\t<\/div>\n\n\t\n<\/div>\n<div class=\"row\"  id=\"row-362731200\">\n<div class=\"col ctrl-buttons\">\n<div class=\"ctrl-buttons-left\"><a href=\"\/soziale-arbeit\/arbeitsfelder\/arbeitsfelder-3\/\" class=\"button primary lowercase previous\" >\n\t\t<span>zur\u00fcck<\/span>\n\t<\/a>\n<\/div>\n<div class=\"ctrl-buttons-right\"><a href=\"\/soziale-arbeit\/aussichten\/\" class=\"button primary lowercase next\" >\n\t\t<span>weiter<\/span>\n\t<\/a>\n<\/div>\n<\/div>\n<\/div>\n","protected":false},"excerpt":{"rendered":"","protected":false},"author":1,"featured_media":0,"parent":1075,"menu_order":0,"comment_status":"closed","ping_status":"closed","template":"","meta":{"_acf_changed":false,"powered_cache_disable_cache":false,"footnotes":""},"class_list":["post-1112","page","type-page","status-publish","hentry"],"acf":[],"_links":{"self":[{"href":"https:\/\/osadev.fh-potsdam.de\/soziale-arbeit\/wp-json\/wp\/v2\/pages\/1112","targetHints":{"allow":["GET"]}}],"collection":[{"href":"https:\/\/osadev.fh-potsdam.de\/soziale-arbeit\/wp-json\/wp\/v2\/pages"}],"about":[{"href":"https:\/\/osadev.fh-potsdam.de\/soziale-arbeit\/wp-json\/wp\/v2\/types\/page"}],"author":[{"embeddable":true,"href":"https:\/\/osadev.fh-potsdam.de\/soziale-arbeit\/wp-json\/wp\/v2\/users\/1"}],"replies":[{"embeddable":true,"href":"https:\/\/osadev.fh-potsdam.de\/soziale-arbeit\/wp-json\/wp\/v2\/comments?post=1112"}],"version-history":[{"count":10,"href":"https:\/\/osadev.fh-potsdam.de\/soziale-arbeit\/wp-json\/wp\/v2\/pages\/1112\/revisions"}],"predecessor-version":[{"id":1428,"href":"https:\/\/osadev.fh-potsdam.de\/soziale-arbeit\/wp-json\/wp\/v2\/pages\/1112\/revisions\/1428"}],"up":[{"embeddable":true,"href":"https:\/\/osadev.fh-potsdam.de\/soziale-arbeit\/wp-json\/wp\/v2\/pages\/1075"}],"wp:attachment":[{"href":"https:\/\/osadev.fh-potsdam.de\/soziale-arbeit\/wp-json\/wp\/v2\/media?parent=1112"}],"curies":[{"name":"wp","href":"https:\/\/api.w.org\/{rel}","templated":true}]}}