{"id":1171,"date":"2018-10-27T12:05:59","date_gmt":"2018-10-27T10:05:59","guid":{"rendered":"https:\/\/osadev.fh-potsdam.de\/soziale-arbeit\/?page_id=1171"},"modified":"2019-07-09T10:57:02","modified_gmt":"2019-07-09T08:57:02","slug":"sebastian-b","status":"publish","type":"page","link":"https:\/\/osadev.fh-potsdam.de\/soziale-arbeit\/aussichten\/interviews-mit-absolventinnen-und-absolventen\/sebastian-b\/","title":{"rendered":"Sebastian B., Streetworker"},"content":{"rendered":"<div class=\"row\"  id=\"row-1988211585\">\n\n\t<div id=\"col-352816652\" class=\"col title-row-null small-12 large-12\"  >\n\t\t\t\t<div class=\"col-inner\"  >\n\t\t\t\n\t\t\t\n<h1><b>Sebastian B., Streetworker <\/b><\/h1>\n\t\t<\/div>\n\t\t\t\t\t<\/div>\n\n\t\n\n\t<div id=\"col-626473249\" class=\"col medium-8 small-12 large-8\"  >\n\t\t\t\t<div class=\"col-inner\"  >\n\t\t\t\n\t\t\t\n<p><b>Studienabschluss: Soziale Arbeit, B.A.<\/b><\/p>\n<div class=\"accordion\">\n\t<div id=\"accordion-2830617325\" class=\"accordion-item\">\n\t\t<a id=\"accordion-2830617325-label\" class=\"accordion-title plain active\" href=\"#accordion-item-stellen-sie-sich-und-ihren-beruf-kurz-vor!\" aria-expanded=\"true\" aria-controls=\"accordion-2830617325-content\">\n\t\t\t<button class=\"toggle\" aria-label=\"Umschalten\"><i class=\"icon-angle-down\" aria-hidden=\"true\"><\/i><\/button>\n\t\t\t<span>Stellen Sie sich und Ihren Beruf kurz vor!<\/span>\n\t\t<\/a>\n\t\t<div id=\"accordion-2830617325-content\" class=\"accordion-inner\" style=\"display: block;\" aria-labelledby=\"accordion-2830617325-label\">\n\t\t\t\n<p>Ich bin 33 Jahre alt und arbeite in der akzeptierenden Drogenhilfe. Schwerpunktthema ist Gesundheitsf\u00f6rderung im Allgemeinen und Infektionsprophylaxe (HIV und Hepatitis B\/C) im speziellen. Die Prim\u00e4rzielgruppe sind Drogengebraucher\/innen die injizierbare Substanzen konsumieren (Opioide, Kokain u.\u00e4.).<\/p>\n<p>Ich leiste aufsuchende Soziale Arbeit an Szenetreffpunkten. Dies geschieht in der Regel mobilgest\u00fctzt, sprich, mit umgebauten Campingmobilien aber auch zu Fu\u00df (klassische Streetworkt\u00e4tigkeit). Ich berate zu Themen wie HIV und Hepatitis sowie rund um den Substanzkonsum.<\/p>\n<p>Die Vergabe von sterilen Konsumutensilien (wie Spritzen, Nadeln u.\u00e4.) geh\u00f6rt ebenso zu meinem T\u00e4tigkeitsfeld, wie die Beratung zu weniger riskanten Konsumformen (rauchen oder \u201esniefen\u201c). Diese T\u00e4tigkeit l\u00e4sst sich mit Safer Use zusammenfassen. Ein weiteres T\u00e4tigkeitsfeld ist die gemeinwesenbezogene Sozialarbeit.<\/p>\n\t\t<\/div>\n\t<\/div>\n\t\n\t<div id=\"accordion-4040864242\" class=\"accordion-item\">\n\t\t<a id=\"accordion-4040864242-label\" class=\"accordion-title plain\" href=\"#accordion-item-beschreiben-sie-ihre-arbeit!-wie-sieht-ein-typischer-arbeitstag-bei-ihnen-aus?\" aria-expanded=\"false\" aria-controls=\"accordion-4040864242-content\">\n\t\t\t<button class=\"toggle\" aria-label=\"Umschalten\"><i class=\"icon-angle-down\" aria-hidden=\"true\"><\/i><\/button>\n\t\t\t<span>Beschreiben Sie Ihre Arbeit! Wie sieht ein typischer Arbeitstag bei Ihnen aus?<\/span>\n\t\t<\/a>\n\t\t<div id=\"accordion-4040864242-content\" class=\"accordion-inner\" aria-labelledby=\"accordion-4040864242-label\">\n\t\t\t\n<p>Mein Arbeitsbeginn kann variieren, da genie\u00dfe ich relative Flexibilit\u00e4t. Allerdings fange ich gerne fr\u00fch an. Gestartet wird mit B\u00fcroarbeit, Mails beantworten, Papierkram etc. Zudem sind morgens regelm\u00e4\u00dfig Teamsitzungen. In der Regel fahre ich dann nachmittags mit dem Mobil und eine\/r Kollege\/in sowie einer Unterst\u00fctzungskraft (z.B. Praktikant\/in) mit dem Mobil raus auf die Szene.<\/p>\n<p>Dort stehen wir nicht alleine. Ein Gesundheitsmobil ist ebenfalls dabei. Wir arbeiten in einem interdisziplin\u00e4ren Team (Pflege\/Soziale Arbeit). Ich bin ca. zweimal die Woche \u201eauf der Stra\u00dfe\u201c. Zudem nehme ich Au\u00dfentermine wahr. Das k\u00f6nnen Schulungen, Informationsveranstaltungen, Gremien u.\u00e4. sein. Oft mache ich auch reine B\u00fcrotage.<\/p>\n\t\t<\/div>\n\t<\/div>\n\t\n\t<div id=\"accordion-2026201717\" class=\"accordion-item\">\n\t\t<a id=\"accordion-2026201717-label\" class=\"accordion-title plain\" href=\"#accordion-item-warum-haben-sie-sich-f\u00fcr-ein-studium-der-sozialen-arbeit-entschieden?\" aria-expanded=\"false\" aria-controls=\"accordion-2026201717-content\">\n\t\t\t<button class=\"toggle\" aria-label=\"Umschalten\"><i class=\"icon-angle-down\" aria-hidden=\"true\"><\/i><\/button>\n\t\t\t<span>Warum haben Sie sich f\u00fcr ein Studium der Sozialen Arbeit entschieden?<\/span>\n\t\t<\/a>\n\t\t<div id=\"accordion-2026201717-content\" class=\"accordion-inner\" aria-labelledby=\"accordion-2026201717-label\">\n\t\t\t\n<p>Wenn ich ehrlich bin, mein Abschluss hat nichts anderes hergegeben (Fachhochschulreife Sozialarbeit\/Sozialp\u00e4dagogik). Es war keine Liebeshochzeit.<\/p>\n\t\t<\/div>\n\t<\/div>\n\t\n\t<div id=\"accordion-2509731\" class=\"accordion-item\">\n\t\t<a id=\"accordion-2509731-label\" class=\"accordion-title plain\" aria-expanded=\"false\" aria-controls=\"accordion-2509731-content\">\n\t\t\t<button class=\"toggle\" aria-label=\"Umschalten\"><i class=\"icon-angle-down\" aria-hidden=\"true\"><\/i><\/button>\n\t\t\t<span>Schildern sie ihren beruflichen Werdegang. Bzw.: Wie sind sie zu ihrem jetzigen Beruf gekommen?<\/span>\n\t\t<\/a>\n\t\t<div id=\"accordion-2509731-content\" class=\"accordion-inner\" aria-labelledby=\"accordion-2509731-label\">\n\t\t\t\n<p>Im Nachhinein muss ich sagen, ich hatte unversch\u00e4mtes Gl\u00fcck. Als das Semesterpraktikum vor der T\u00fcr stand, war ich ein bisschen ratlos. Ich hatte nicht viele Ideen. Ich wollte niedrigschwellig arbeiten, wollte das Kontrollmandat in meinem Praktikum m\u00f6glichst vermeiden. Also habe ich mich bei meinem jetzigen Arbeitgeber beworben und ich bekam eine Zusage. Sieben Jahre sp\u00e4ter bin ich immer noch da.<\/p>\n\t\t<\/div>\n\t<\/div>\n\t\n\t<div id=\"accordion-1323900993\" class=\"accordion-item\">\n\t\t<a id=\"accordion-1323900993-label\" class=\"accordion-title plain\" href=\"#accordion-item-was-fasziniert-sie-an-ihrer-t\u00e4tigkeit?\" aria-expanded=\"false\" aria-controls=\"accordion-1323900993-content\">\n\t\t\t<button class=\"toggle\" aria-label=\"Umschalten\"><i class=\"icon-angle-down\" aria-hidden=\"true\"><\/i><\/button>\n\t\t\t<span>Was fasziniert Sie an ihrer T\u00e4tigkeit?<\/span>\n\t\t<\/a>\n\t\t<div id=\"accordion-1323900993-content\" class=\"accordion-inner\" aria-labelledby=\"accordion-1323900993-label\">\n\t\t\t\n<p>Ein elementarer Vorteil an der niedrigschwelligen, akzeptierenden Sozialarbeit ist, dass das Kontrollmandat fast g\u00e4nzlich wegf\u00e4llt. Du musst wenige verbindliche Termine machen, die Leute nicht sanktionieren.<\/p>\n<p>Zudem arbeiten wir bedarfsorientiert; es geschieht nichts, was die Besucher\/innen unserer Angebote nicht wollen. Das ist eine Voraussetzung f\u00fcr eine vertrauensvolle Arbeit auf Augenh\u00f6he, die in anderen Arbeitsfeldern so nicht gegeben ist. Auf der Stra\u00dfe bist du im Wohnzimmer der Szene, das ist ein ganz anderes Setting, als wenn du dir Klient\/innen in dein B\u00fcro einl\u00e4dst.<\/p>\n\t\t<\/div>\n\t<\/div>\n\t\n\t<div id=\"accordion-806558814\" class=\"accordion-item\">\n\t\t<a id=\"accordion-806558814-label\" class=\"accordion-title plain\" href=\"#accordion-item-was-erleben-sie-als-herausforderung-bei-ihrer-t\u00e4tigkeit?-bzw.-was-macht-es-evtl.-schwer?\" aria-expanded=\"false\" aria-controls=\"accordion-806558814-content\">\n\t\t\t<button class=\"toggle\" aria-label=\"Umschalten\"><i class=\"icon-angle-down\" aria-hidden=\"true\"><\/i><\/button>\n\t\t\t<span>Was erleben Sie als Herausforderung bei Ihrer T\u00e4tigkeit? Bzw. was macht es evtl. schwer?<\/span>\n\t\t<\/a>\n\t\t<div id=\"accordion-806558814-content\" class=\"accordion-inner\" aria-labelledby=\"accordion-806558814-label\">\n\t\t\t\n<p>Eine zentrale Schwierigkeit und Herausforderung besteht darin, L\u00fccken des (Sucht-)Hilfesystems mit kreativen L\u00f6sungen zu kompensieren. Vielen Menschen unserer Zielgruppe haben keinen oder nur eingeschr\u00e4nkten Zugang zu den Hilfesystemen oder dieser ist fast immer zu hochschwellig. Es ist immer wieder eine Herausforderung, bedarfsorientiert L\u00f6sungen bzw. L\u00f6sungsoptionen aufzuzeigen bzw. zu realisieren.<\/p>\n\t\t<\/div>\n\t<\/div>\n\t\n\t<div id=\"accordion-729409493\" class=\"accordion-item\">\n\t\t<a id=\"accordion-729409493-label\" class=\"accordion-title plain\" href=\"#accordion-item-was-ist-ihrer-meinung-nach-das-wichtigste,-das-sie-w\u00e4hrend-des-studiums-f\u00fcr-ihren-aktuellen-beruf-gelernt-haben?\" aria-expanded=\"false\" aria-controls=\"accordion-729409493-content\">\n\t\t\t<button class=\"toggle\" aria-label=\"Umschalten\"><i class=\"icon-angle-down\" aria-hidden=\"true\"><\/i><\/button>\n\t\t\t<span>Was ist Ihrer Meinung nach das Wichtigste, das Sie w\u00e4hrend des Studiums f\u00fcr Ihren aktuellen Beruf gelernt haben?<\/span>\n\t\t<\/a>\n\t\t<div id=\"accordion-729409493-content\" class=\"accordion-inner\" aria-labelledby=\"accordion-729409493-label\">\n\t\t\t\n<p>Das ist wirklich schwer zu beantworten. Mein Studium ist schon eine Weile her. Was auf jeden Fall hilfreich ist, sind die umfangreichen Kenntnisse in der Bezugswissenschaft Recht. Das Sozialgesetzbuch ist allgegenw\u00e4rtig. Einen groben \u00dcberblick \u00fcber die Methodologie der Sozialen Arbeit zu bekommen, hat bestimmt auch nicht geschadet.<\/p>\n\t\t<\/div>\n\t<\/div>\n\t\n\t<div id=\"accordion-1731310972\" class=\"accordion-item\">\n\t\t<a id=\"accordion-1731310972-label\" class=\"accordion-title plain\" href=\"#accordion-item-gibt-es-etwas-im-studium,-das-ihnen-besonders-in-erinnerung-geblieben-ist?\" aria-expanded=\"false\" aria-controls=\"accordion-1731310972-content\">\n\t\t\t<button class=\"toggle\" aria-label=\"Umschalten\"><i class=\"icon-angle-down\" aria-hidden=\"true\"><\/i><\/button>\n\t\t\t<span>Gibt es etwas im Studium, das Ihnen besonders in Erinnerung geblieben ist?<\/span>\n\t\t<\/a>\n\t\t<div id=\"accordion-1731310972-content\" class=\"accordion-inner\" aria-labelledby=\"accordion-1731310972-label\">\n\t\t\t\n<p>Die Rechtsvorlesungen bei den beiden Rechtsprofessoren.<\/p>\n\t\t<\/div>\n\t<\/div>\n\t\n\t<div id=\"accordion-2089131106\" class=\"accordion-item\">\n\t\t<a id=\"accordion-2089131106-label\" class=\"accordion-title plain\" href=\"#accordion-item-was-sollte-man-an-interessen-bzw.-f\u00e4higkeiten-f\u00fcr-dieses-berufsfeld-mitbringen,-im-studium-erwerben-oder-sich-ggf.-durch-zusatzqualifikationen-aneignen?\" aria-expanded=\"false\" aria-controls=\"accordion-2089131106-content\">\n\t\t\t<button class=\"toggle\" aria-label=\"Umschalten\"><i class=\"icon-angle-down\" aria-hidden=\"true\"><\/i><\/button>\n\t\t\t<span>Was sollte man an Interessen bzw. F\u00e4higkeiten f\u00fcr dieses Berufsfeld mitbringen, im Studium erwerben oder sich ggf. durch Zusatzqualifikationen aneignen?<\/span>\n\t\t<\/a>\n\t\t<div id=\"accordion-2089131106-content\" class=\"accordion-inner\" aria-labelledby=\"accordion-2089131106-label\">\n\t\t\t\n<p>Grundvoraussetzung ist Empathie f\u00fcr die Zielgruppe, etwas, was man schwer im Studium lernen kann. Wichtig ist Rollenverst\u00e4ndnis und Grenzziehung (professionelles Verh\u00e4ltnis von N\u00e4he und Distanz) sowie die F\u00e4higkeit des Perspektivwechsels in der Arbeit mit Klient\/innen oder Besucher\/innen im Studium zu erwerben.<\/p>\n<p>Dazu geh\u00f6rt, eigene Werturteile hinten anzustellen zu k\u00f6nnen und Verst\u00e4ndnis f\u00fcr Lebensentw\u00fcrfe, vielleicht fernab der eigenen, zu entwickeln. Die\/der Klient\/in als Experten f\u00fcr sich selbst wahrzunehmen.<\/p>\n<p>Das sind alles Themen, die im Studium eine Rolle spielen sollten. Im Falle meines spezifischen Berufsfeldes sind Kenntnisse \u00fcber Wirkungsweisen von Substanzen sowie HIV und Hepatitiden von Vorteil. Die letztgenannten Themenfelder sollten durch Zusatzqualifikationen oder tr\u00e4gerintern vermittelt werden, da sehe ich nicht unbedingt die Fachhochschulen in der Pflicht.<\/p>\n\t\t<\/div>\n\t<\/div>\n\t\n\t<div id=\"accordion-938926822\" class=\"accordion-item\">\n\t\t<a id=\"accordion-938926822-label\" class=\"accordion-title plain\" aria-expanded=\"false\" aria-controls=\"accordion-938926822-content\">\n\t\t\t<button class=\"toggle\" aria-label=\"Umschalten\"><i class=\"icon-angle-down\" aria-hidden=\"true\"><\/i><\/button>\n\t\t\t<span>Was w\u00fcrden Sie Studieninteressierten mit auf den Weg geben? Bzw.: Welchen Rat w\u00fcrden Sie Studienanf\u00e4ngern geben, die sp\u00e4ter ebenfalls Ihren Beruf aus\u00fcben wollen?<\/span>\n\t\t<\/a>\n\t\t<div id=\"accordion-938926822-content\" class=\"accordion-inner\" aria-labelledby=\"accordion-938926822-label\">\n\t\t\t\n<p>Vor dem Hintergrund, dass im Kolloquium vieler Hochschulen die Drogen- und Suchthilfe oft nicht besonders prominent vertreten ist, empfehle ich, ehrenamtlich im Feld Erfahrungen zu sammeln. In der praktischen Arbeit erlangt man erste, wichtige Einblicke. Sollte sich ein langfristiges Interesse entwickeln, ist es vielleicht lohnend sich \u00a0f\u00fcr spezifische Seminare bei den verantwortlichen Stellen der FH einzusetzen sowie das Semesterpraktikum dementsprechend zu w\u00e4hlen.<\/p>\n\t\t<\/div>\n\t<\/div>\n\t\n<\/div>\n\t\t<\/div>\n\t\t\t\t\t<\/div>\n\n\t\n\n\t<div id=\"col-1151683434\" class=\"col medium-4 small-12 large-4\"  >\n\t\t\t\t<div class=\"col-inner\"  >\n\t\t\t\n\t\t\t\n\t<div class=\"img has-hover x md-x lg-x y md-y lg-y\" id=\"image_1266680049\">\n\t\t\t\t\t\t\t\t<div class=\"img-inner dark\" >\n\t\t\t<img loading=\"lazy\" decoding=\"async\" width=\"1020\" height=\"657\" src=\"https:\/\/osadev.fh-potsdam.de\/soziale-arbeit\/wp-content\/uploads\/sites\/10\/2019\/07\/Platzhalter_Desktop_wei\u00df-grau_16-02-2018-1024x660.png\" class=\"attachment-large size-large\" alt=\"\" srcset=\"https:\/\/osadev.fh-potsdam.de\/soziale-arbeit\/wp-content\/uploads\/sites\/10\/2019\/07\/Platzhalter_Desktop_wei\u00df-grau_16-02-2018-1024x660.png 1024w, https:\/\/osadev.fh-potsdam.de\/soziale-arbeit\/wp-content\/uploads\/sites\/10\/2019\/07\/Platzhalter_Desktop_wei\u00df-grau_16-02-2018-300x193.png 300w, https:\/\/osadev.fh-potsdam.de\/soziale-arbeit\/wp-content\/uploads\/sites\/10\/2019\/07\/Platzhalter_Desktop_wei\u00df-grau_16-02-2018-768x495.png 768w, https:\/\/osadev.fh-potsdam.de\/soziale-arbeit\/wp-content\/uploads\/sites\/10\/2019\/07\/Platzhalter_Desktop_wei\u00df-grau_16-02-2018.png 1338w\" sizes=\"auto, (max-width: 1020px) 100vw, 1020px\" \/>\t\t\t\t\t\t\n\t\t\t\t\t<\/div>\n\t\t\t\t\t\t\t\t\n<style>\n#image_1266680049 {\n  width: 100%;\n}\n<\/style>\n\t<\/div>\n\t\n\t\t<\/div>\n\t\t\t\t\t<\/div>\n\n\t\n<\/div>\n<div class=\"row\"  id=\"row-1483346279\">\n<div class=\"col ctrl-buttons\">\n<div class=\"ctrl-buttons-left\">\n<a href=\"\/soziale-arbeit\/aussichten\/interviews-mit-absolventinnen-und-absolventen\/fabian-p\/\" class=\"button primary lowercase previous\" >\n\t\t<span>zur\u00fcck<\/span>\n\t<\/a>\n\n<\/div>\n<div class=\"ctrl-buttons-right\">\n<a href=\"\/soziale-arbeit\/aussichten\/interviews-mit-absolventinnen-und-absolventen\/masterstudium\/\" class=\"button primary lowercase next\" >\n\t\t<span>weiter<\/span>\n\t<\/a>\n\n<\/div>\n<\/div>\n<\/div>\n","protected":false},"excerpt":{"rendered":"","protected":false},"author":1,"featured_media":0,"parent":242,"menu_order":0,"comment_status":"closed","ping_status":"closed","template":"","meta":{"_acf_changed":false,"powered_cache_disable_cache":false,"footnotes":""},"class_list":["post-1171","page","type-page","status-publish","hentry"],"acf":[],"_links":{"self":[{"href":"https:\/\/osadev.fh-potsdam.de\/soziale-arbeit\/wp-json\/wp\/v2\/pages\/1171","targetHints":{"allow":["GET"]}}],"collection":[{"href":"https:\/\/osadev.fh-potsdam.de\/soziale-arbeit\/wp-json\/wp\/v2\/pages"}],"about":[{"href":"https:\/\/osadev.fh-potsdam.de\/soziale-arbeit\/wp-json\/wp\/v2\/types\/page"}],"author":[{"embeddable":true,"href":"https:\/\/osadev.fh-potsdam.de\/soziale-arbeit\/wp-json\/wp\/v2\/users\/1"}],"replies":[{"embeddable":true,"href":"https:\/\/osadev.fh-potsdam.de\/soziale-arbeit\/wp-json\/wp\/v2\/comments?post=1171"}],"version-history":[{"count":6,"href":"https:\/\/osadev.fh-potsdam.de\/soziale-arbeit\/wp-json\/wp\/v2\/pages\/1171\/revisions"}],"predecessor-version":[{"id":1339,"href":"https:\/\/osadev.fh-potsdam.de\/soziale-arbeit\/wp-json\/wp\/v2\/pages\/1171\/revisions\/1339"}],"up":[{"embeddable":true,"href":"https:\/\/osadev.fh-potsdam.de\/soziale-arbeit\/wp-json\/wp\/v2\/pages\/242"}],"wp:attachment":[{"href":"https:\/\/osadev.fh-potsdam.de\/soziale-arbeit\/wp-json\/wp\/v2\/media?parent=1171"}],"curies":[{"name":"wp","href":"https:\/\/api.w.org\/{rel}","templated":true}]}}