{"id":12,"date":"2018-01-08T14:55:17","date_gmt":"2018-01-08T13:55:17","guid":{"rendered":"https:\/\/osadev.fh-potsdam.de\/soziale-arbeit\/?page_id=12"},"modified":"2019-11-03T15:56:23","modified_gmt":"2019-11-03T14:56:23","slug":"willkommen","status":"publish","type":"page","link":"https:\/\/osadev.fh-potsdam.de\/soziale-arbeit\/","title":{"rendered":"Willkommen"},"content":{"rendered":"<div class=\"row\"  id=\"row-595573006\">\n\n\t<div id=\"col-1342119096\" class=\"col medium-7 small-12 large-7\"  >\n\t\t\t\t<div class=\"col-inner\"  >\n\t\t\t\n\t\t\t\n<p><h1><b>Herzlich Willkommen!<\/b><\/h1>\n<\/p>\n<p><b>Studiengang Soziale Arbeit (B.A.) an der FH Potsdam<\/b><\/p>\n<ul>\n<li>Interessieren Sie die konkreten Studieninhalte?<\/li>\n<li>W\u00fcrden Sie gern in den Studienalltag hineinschnuppern?<\/li>\n<li>Oder m\u00f6chten Sie die beruflichen Perspektiven nach dem <br \/>Studium kennenlernen?<\/li>\n<\/ul>\n<p>Dann sind Sie bei diesem Online Studienwahl-Assistenten (OSA) genau richtig. In knapp 60 Minuten erfahren Sie all das und mehr \u00fcber unseren Studiengang Soziale Arbeit.<\/p>\n<p>Sie k\u00f6nnen den OSA Schritt f\u00fcr Schritt durchlaufen, aber auch springen und sich einzelne Themenbl\u00f6cke und Videoclips, die Ihnen besonders interessant erscheinen, separat anschauen. Am besten ist es jedoch, den OSA der Reihe nach zu durchlaufen.<\/p>\n<p>Eine Registrierung ist nicht erforderlich.<\/p>\n<p>Wir w\u00fcnschen Ihnen viel Spa\u00df beim Erkunden des OSA!<\/p>\n\t\t<\/div>\n\t\t\t\t\t<\/div>\n\n\t\n\n\t<div id=\"col-1626841643\" class=\"col medium-5 small-12 large-5\"  >\n\t\t\t\t<div class=\"col-inner\"  >\n\t\t\t\n\t\t\t\n\t<div class=\"img has-hover x md-x lg-x y md-y lg-y\" id=\"image_1484258237\">\n\t\t\t\t\t\t\t\t<div class=\"img-inner dark\" >\n\t\t\t<img loading=\"lazy\" decoding=\"async\" width=\"640\" height=\"302\" src=\"https:\/\/osadev.fh-potsdam.de\/soziale-arbeit\/wp-content\/uploads\/sites\/10\/2019\/07\/1_1_OSA-BASA-Startseite.png\" class=\"attachment-large size-large\" alt=\"\" srcset=\"https:\/\/osadev.fh-potsdam.de\/soziale-arbeit\/wp-content\/uploads\/sites\/10\/2019\/07\/1_1_OSA-BASA-Startseite.png 640w, https:\/\/osadev.fh-potsdam.de\/soziale-arbeit\/wp-content\/uploads\/sites\/10\/2019\/07\/1_1_OSA-BASA-Startseite-300x142.png 300w\" sizes=\"auto, (max-width: 640px) 100vw, 640px\" \/>\t\t\t\t\t\t\n\t\t\t\t\t<\/div>\n\t\t\t\t\t\t\t\t\n<style>\n#image_1484258237 {\n  width: 100%;\n}\n<\/style>\n\t<\/div>\n\t\n\t\t<\/div>\n\t\t\t\t\n<style>\n#col-1626841643 > .col-inner {\n  padding: 60px 0px 0px 0px;\n}\n<\/style>\n\t<\/div>\n\n\t\n<\/div>\n<div class=\"row\"  id=\"row-1278750468\">\n\n\t<div id=\"col-1780837251\" class=\"col medium-2 small-12 large-2\"  >\n\t\t\t\t<div class=\"col-inner\"  >\n\t\t\t\n\t\t\t\n\t\t<\/div>\n\t\t\t\t\t<\/div>\n\n\t\n\n\t<div id=\"col-785746601\" class=\"col medium-8 small-12 large-8\"  >\n\t\t\t\t<div class=\"col-inner\"  >\n\t\t\t\n\t\t\t\n\t\t<\/div>\n\t\t\t\t\t<\/div>\n\n\t\n\n\t<div id=\"col-1308439246\" class=\"col medium-2 small-12 large-2\"  >\n\t\t\t\t<div class=\"col-inner text-right\"  >\n\t\t\t\n\t\t\t\n<a href=\"\/soziale-arbeit\/willkommen\/steckbrief\/\" class=\"button primary lowercase next\" >\n\t\t<span>weiter<\/span>\n\t<\/a>\n\n\t\t<\/div>\n\t\t\t\t\t<\/div>\n\n\t\n<\/div>\n","protected":false},"excerpt":{"rendered":"","protected":false},"author":3,"featured_media":0,"parent":0,"menu_order":0,"comment_status":"closed","ping_status":"closed","template":"","meta":{"_acf_changed":false,"powered_cache_disable_cache":false,"footnotes":""},"class_list":["post-12","page","type-page","status-publish","hentry"],"acf":[],"_links":{"self":[{"href":"https:\/\/osadev.fh-potsdam.de\/soziale-arbeit\/wp-json\/wp\/v2\/pages\/12","targetHints":{"allow":["GET"]}}],"collection":[{"href":"https:\/\/osadev.fh-potsdam.de\/soziale-arbeit\/wp-json\/wp\/v2\/pages"}],"about":[{"href":"https:\/\/osadev.fh-potsdam.de\/soziale-arbeit\/wp-json\/wp\/v2\/types\/page"}],"author":[{"embeddable":true,"href":"https:\/\/osadev.fh-potsdam.de\/soziale-arbeit\/wp-json\/wp\/v2\/users\/3"}],"replies":[{"embeddable":true,"href":"https:\/\/osadev.fh-potsdam.de\/soziale-arbeit\/wp-json\/wp\/v2\/comments?post=12"}],"version-history":[{"count":20,"href":"https:\/\/osadev.fh-potsdam.de\/soziale-arbeit\/wp-json\/wp\/v2\/pages\/12\/revisions"}],"predecessor-version":[{"id":1348,"href":"https:\/\/osadev.fh-potsdam.de\/soziale-arbeit\/wp-json\/wp\/v2\/pages\/12\/revisions\/1348"}],"wp:attachment":[{"href":"https:\/\/osadev.fh-potsdam.de\/soziale-arbeit\/wp-json\/wp\/v2\/media?parent=12"}],"curies":[{"name":"wp","href":"https:\/\/api.w.org\/{rel}","templated":true}]}}