{"id":250,"date":"2018-02-01T12:59:17","date_gmt":"2018-02-01T11:59:17","guid":{"rendered":"https:\/\/osadev.fh-potsdam.de\/soziale-arbeit\/?page_id=250"},"modified":"2019-12-01T21:02:00","modified_gmt":"2019-12-01T20:02:00","slug":"carolin-k","status":"publish","type":"page","link":"https:\/\/osadev.fh-potsdam.de\/soziale-arbeit\/aussichten\/interviews-mit-absolventinnen-und-absolventen\/carolin-k\/","title":{"rendered":"Carolin K., Sozialp\u00e4dagogin"},"content":{"rendered":"<div class=\"row\"  id=\"row-335297141\">\n\n\t<div id=\"col-564415461\" class=\"col title-row-null small-12 large-12\"  >\n\t\t\t\t<div class=\"col-inner\"  >\n\t\t\t\n\t\t\t\n<h1><b>Carolin K., Sozialp\u00e4dagogin<\/b><\/h1>\n\t\t<\/div>\n\t\t\t\t\t<\/div>\n\n\t\n\n\t<div id=\"col-768204907\" class=\"col medium-8 small-12 large-8\"  >\n\t\t\t\t<div class=\"col-inner\"  >\n\t\t\t\n\t\t\t\n<p><b>Studienabschluss: Soziale Arbeit, B.A.<\/b><\/p>\n<div class=\"accordion\">\n\t<div id=\"accordion-2336313914\" class=\"accordion-item\">\n\t\t<a id=\"accordion-2336313914-label\" class=\"accordion-title plain active\" href=\"#accordion-item-stellen-sie-sich-und-ihren-beruf-kurz-vor!\" aria-expanded=\"true\" aria-controls=\"accordion-2336313914-content\">\n\t\t\t<button class=\"toggle\" aria-label=\"Umschalten\"><i class=\"icon-angle-down\" aria-hidden=\"true\"><\/i><\/button>\n\t\t\t<span>Stellen Sie sich und Ihren Beruf kurz vor!<\/span>\n\t\t<\/a>\n\t\t<div id=\"accordion-2336313914-content\" class=\"accordion-inner\" style=\"display: block;\" aria-labelledby=\"accordion-2336313914-label\">\n\t\t\t\n<p>Ich bin angestellt als Sozialp\u00e4dagogin f\u00fcr den freien Tr\u00e4ger FAN \u2013 FamilienANlauf e.V., der <br \/>im Bereich der Kinder- und Jugendhilfe ein breites Spektrum an Hilfen anbietet. Dort arbeite <br \/>ich in einer multi-familientherapeutischen Gruppe \u2013 der \u201eFamilienschule\u201c. Dies ist ein Projekt, <br \/>das Familien mit Kindern im Grundschulalter, die aufgrund von schwerwiegenden Verhaltens-<br \/>auff\u00e4lligkeiten an ihren Regelschulen nicht mehr beschult werden k\u00f6nnen.<\/p>\n<p>Da die Verhaltensauff\u00e4lligkeiten der Kinder von den problematischen Dynamiken und Verhaltensmustern innerhalb der Familie hervorgehen, sind die Eltern elementarer Bestandteil der Therapie. Sie begleiten ihre Kinder nicht nur an vier Tagen in der Woche im Unterricht und w\u00e4hrend der t\u00e4glichen Therapiesitzungen, sondern wir arbeiten auch ganzheitlich an den Schwierigkeiten in der Familie. Ziel der Intervention ist die Stabilisierung der famili\u00e4ren Lebenssituation f\u00fcr das Kind, die St\u00e4rkung der Erziehungskompetenzen der Eltern und die Wiedereingliederung des Kindes in die Regelschule.<\/p>\n<p>Es nehmen stets zwischen sechs und zehn Familien gleichzeitig an der therapeutischen Ma\u00dfnahme teil. Dieser Behandlungsansatz st\u00fctzt sich auf der \u00dcberzeugung und Erfahrung, dass Eltern und Kinder\/Jugendliche selbst die besten Experten f\u00fcr die L\u00f6sung ihrer Probleme sind. Die Familien werden dazu angeregt, sich gemeinsam offen auszutauschen und sich gegenseitig direkt zu unterst\u00fctzen. Die Methoden der Multifamilientherapie bef\u00e4higen die Familien dazu spezifische Interaktions- und Beziehungsmuster zu erkennen, zu analysieren und motivieren sie dazu, mittels intra- und interfamili\u00e4rer Unterst\u00fctzung, neue L\u00f6sungsans\u00e4tze zu entwickeln, umzusetzen und einzu\u00fcben.<\/p>\n\t\t<\/div>\n\t<\/div>\n\t\n\t<div id=\"accordion-2572081406\" class=\"accordion-item\">\n\t\t<a id=\"accordion-2572081406-label\" class=\"accordion-title plain\" href=\"#accordion-item-beschreiben-sie-ihre-arbeit!-wie-sieht-ein-typischer-arbeitstag-bei-ihnen-aus?\" aria-expanded=\"false\" aria-controls=\"accordion-2572081406-content\">\n\t\t\t<button class=\"toggle\" aria-label=\"Umschalten\"><i class=\"icon-angle-down\" aria-hidden=\"true\"><\/i><\/button>\n\t\t\t<span>Beschreiben Sie Ihre Arbeit! Wie sieht ein typischer Arbeitstag bei Ihnen aus?<\/span>\n\t\t<\/a>\n\t\t<div id=\"accordion-2572081406-content\" class=\"accordion-inner\" aria-labelledby=\"accordion-2572081406-label\">\n\t\t\t\n<p>Mein Arbeitstag beginnt damit morgens die Unterrichtsstunden zu begleiten. Dabei vermittelt die Lehrerin der Familienschule individuell den Schulstoff und die Eltern unterst\u00fctzen ihre Kinder bei den typischen schulischen Anforderungen (leise sein, zuh\u00f6ren, sich melden, Anweisungen befolgen, mitarbeiten, etc.). Bei problematischen Interaktionen zwischen Eltern und Kind greife ich therapeutisch ein. Nach dem Unterricht findet eine Therapiesitzung statt, in der die Eltern sich mit ihren Kindern besch\u00e4ftigen und die Gruppe in den Austausch kommt.<\/p>\n<p>Die Grundhaltung des Multifamilienkonzeptes basiert auf der \u00dcberzeugung, dass die Familien dazu f\u00e4hig sind, sich gegenseitig zu unterst\u00fctzen und sogar zu \u201etherapieren\u201c. Wir bieten der Gruppe hierf\u00fcr die Kontexte, die sie ben\u00f6tigt, um den therapeutischen Arbeitsprozess in Bewegung zu bringen. Meine zentrale Aufgabe als Therapeutin ist es, die Familien miteinander zu verbinden und zu stimulieren, die Familien in ihrer Wahrnehmung und Handlungskompetenz zu best\u00e4rken, ohne dabei eine eigene Bewertung einzubringen und ohne L\u00f6sungen zu pr\u00e4sentieren.<\/p>\n<p>Nach dem Mittagessen stehen den Familien zus\u00e4tzliche Angebote zur Verf\u00fcgung: Heilp\u00e4dagogik (durch eine Heilp\u00e4dagogin), F\u00f6rderunterricht (durch eine Lehrerin) und Eltern- sowie Familiengespr\u00e4che (durch Sozialp\u00e4dagogen mit der Zusatzqualifikation zum Familientherapeut). Des Weiteren geh\u00f6ren zu meinen Aufgaben das Schreiben von Berichten, die Dokumentation zu den Familien, Teilnahme an Hilfekonferenzen, Gespr\u00e4che mit Schulen und weiteren Involvierten.<\/p>\n\t\t<\/div>\n\t<\/div>\n\t\n\t<div id=\"accordion-1808844070\" class=\"accordion-item\">\n\t\t<a id=\"accordion-1808844070-label\" class=\"accordion-title plain\" href=\"#accordion-item-warum-haben-sie-sich-f\u00fcr-ein-studium-der-sozialen-arbeit-entschieden?\" aria-expanded=\"false\" aria-controls=\"accordion-1808844070-content\">\n\t\t\t<button class=\"toggle\" aria-label=\"Umschalten\"><i class=\"icon-angle-down\" aria-hidden=\"true\"><\/i><\/button>\n\t\t\t<span>Warum haben Sie sich f\u00fcr ein Studium der Sozialen Arbeit entschieden?<\/span>\n\t\t<\/a>\n\t\t<div id=\"accordion-1808844070-content\" class=\"accordion-inner\" aria-labelledby=\"accordion-1808844070-label\">\n\t\t\t\n<p>Schon w\u00e4hrend meiner Schulausbildung merkte ich, dass eigentlich eine soziale Ader in mir pulsiert. Da ich allerdings kein gutes Bild von der Sozialen Arbeit als Karriereziel hatte und mir nicht bewusst war, welches Spektrum an beruflichen M\u00f6glichkeiten sich einem bieten, bildete ich mir ein, dass es nicht der richtige Berufswunsch f\u00fcr mich w\u00e4re. So blieb ich nach der Schule lange Zeit unentschlossen, welche berufliche Richtung ich einschlagen sollte.<\/p>\n<p>Ich probierte viele sehr verschiedene Gelegenheitsjobs in unterschiedlichen Branchen aus und lebte einige Jahre im Ausland. Irgendwann entschied ich mich f\u00fcr eine Ausbildung als Immobilienkauffrau, merkte jedoch nach einiger Zeit im Beruf, dass ich in diesem Job nicht gl\u00fccklich werde. So entschied ich mich letztendlich mit Ende Zwanzig doch noch Soziale Arbeit zu studieren. Die beste berufliche Entscheidung, die ich treffen konnte!<\/p>\n\t\t<\/div>\n\t<\/div>\n\t\n\t<div id=\"accordion-2867876265\" class=\"accordion-item\">\n\t\t<a id=\"accordion-2867876265-label\" class=\"accordion-title plain\" aria-expanded=\"false\" aria-controls=\"accordion-2867876265-content\">\n\t\t\t<button class=\"toggle\" aria-label=\"Umschalten\"><i class=\"icon-angle-down\" aria-hidden=\"true\"><\/i><\/button>\n\t\t\t<span>Schildern sie ihren beruflichen Werdegang. Bzw.: Wie sind sie zu ihrem jetzigen Beruf gekommen?<\/span>\n\t\t<\/a>\n\t\t<div id=\"accordion-2867876265-content\" class=\"accordion-inner\" aria-labelledby=\"accordion-2867876265-label\">\n\t\t\t\n<p>Bereits w\u00e4hrend des Studiums lernte ich meinen jetzigen Arbeitsgeber \u00fcber ein Seminar an der Fachhochschule Potsdam kennen. Ich f\u00fchrte ein Evaluationsprojekt mit einer Gruppe von KommilitonInnen bei dem Tr\u00e4ger durch.<\/p>\n<p>Das Konzept der Multifamilientherapie fand ich sehr spannend und \u00fcberzeugend, so dass ich meine Bachelorarbeit \u00fcber das Konzept schrieb. Kurz vor dem Ende meines Studiums wurde eine Stelle bei dem Tr\u00e4ger frei, woraufhin ich gefragt wurde, ob ich mich bewerben wolle. Gesagt, getan &#8211; da bin ich nun!<\/p>\n\t\t<\/div>\n\t<\/div>\n\t\n\t<div id=\"accordion-223441397\" class=\"accordion-item\">\n\t\t<a id=\"accordion-223441397-label\" class=\"accordion-title plain\" href=\"#accordion-item-was-fasziniert-sie-an-ihrer-t\u00e4tigkeit?\" aria-expanded=\"false\" aria-controls=\"accordion-223441397-content\">\n\t\t\t<button class=\"toggle\" aria-label=\"Umschalten\"><i class=\"icon-angle-down\" aria-hidden=\"true\"><\/i><\/button>\n\t\t\t<span>Was fasziniert Sie an ihrer T\u00e4tigkeit?<\/span>\n\t\t<\/a>\n\t\t<div id=\"accordion-223441397-content\" class=\"accordion-inner\" aria-labelledby=\"accordion-223441397-label\">\n\t\t\t\n<p>Meine Arbeit fasziniert mich jeden Tag neu. Die Betroffenen, die zu uns kommen, haben oftmals die Hoffnung auf Besserung ihrer Probleme schon fast aufgegeben.<\/p>\n<p>Die neuen Perspektiven und Anregungen, die sie in der Familienschule und insbesondere von den anderen Familien erleben, sto\u00dfen ein Umdenken ihres eigenen Verhaltens an. Der Einfluss der verschiedenen Familien aufeinander und die Gruppendynamik geben den Familien viel Kraft, was wiederum den Effekt hat, dass ihre Kompetenzen und ihre Hoffnung auf Ver\u00e4nderung wieder aufgelebt werden.<\/p>\n\t\t<\/div>\n\t<\/div>\n\t\n\t<div id=\"accordion-3480342008\" class=\"accordion-item\">\n\t\t<a id=\"accordion-3480342008-label\" class=\"accordion-title plain\" href=\"#accordion-item-was-erleben-sie-als-herausforderung-bei-ihrer-t\u00e4tigkeit?-bzw.-was-macht-es-evtl.-schwer?\" aria-expanded=\"false\" aria-controls=\"accordion-3480342008-content\">\n\t\t\t<button class=\"toggle\" aria-label=\"Umschalten\"><i class=\"icon-angle-down\" aria-hidden=\"true\"><\/i><\/button>\n\t\t\t<span>Was erleben Sie als Herausforderung bei Ihrer T\u00e4tigkeit? Bzw. was macht es evtl. schwer?<\/span>\n\t\t<\/a>\n\t\t<div id=\"accordion-3480342008-content\" class=\"accordion-inner\" aria-labelledby=\"accordion-3480342008-label\">\n\t\t\t\n<p>Das therapeutische Anliegen besteht darin, die Familien in ihrer Wahrnehmung und Handlungskompetenz zu best\u00e4rken ohne dabei eine eigene Bewertung einzubringen und ohne L\u00f6sungen zu pr\u00e4sentieren. Als Fachkraft in dem Arbeitsfeld muss man deshalb vor allem viel aushalten k\u00f6nnen.<\/p>\n<p>Das beinhaltet das Aushalten von defizit\u00e4ren Erziehungsmethoden, schwierigen famili\u00e4ren Verhaltensmustern, ablehnenden Verhalten gegen\u00fcber therapeutischen Ma\u00dfnahmen, etc. \u00a0und trotzdem eine authentisch wertsch\u00e4tzende Grundhaltung zu bewahren. Hierf\u00fcr ist das Team unheimlich wichtig. Ich habe das Gl\u00fcck in einem gro\u00dfartigen Team zu arbeiten mit dem ich mich t\u00e4glich \u00fcber die Ereignisse und eigene Befindlichkeiten austauschen kann.<\/p>\n\t\t<\/div>\n\t<\/div>\n\t\n\t<div id=\"accordion-2464758375\" class=\"accordion-item\">\n\t\t<a id=\"accordion-2464758375-label\" class=\"accordion-title plain\" href=\"#accordion-item-was-ist-ihrer-meinung-nach-das-wichtigste,-das-sie-w\u00e4hrend-des-studiums-f\u00fcr-ihren-aktuellen-beruf-gelernt-haben?\" aria-expanded=\"false\" aria-controls=\"accordion-2464758375-content\">\n\t\t\t<button class=\"toggle\" aria-label=\"Umschalten\"><i class=\"icon-angle-down\" aria-hidden=\"true\"><\/i><\/button>\n\t\t\t<span>Was ist Ihrer Meinung nach das Wichtigste, das Sie w\u00e4hrend des Studiums f\u00fcr Ihren aktuellen Beruf gelernt haben?<\/span>\n\t\t<\/a>\n\t\t<div id=\"accordion-2464758375-content\" class=\"accordion-inner\" aria-labelledby=\"accordion-2464758375-label\">\n\t\t\t\n<p>Der\/Die SozialarbeiterIn kann die Probleme der Klienten leider nicht methodisch wegzaubern. Lediglich der Aufbau einer konstruktiven Beziehung zu dem Klienten und durch methodisches Werkzeug kann das Anregen zum Umdenken einen Unterschied bewirken. Die eigentliche Arbeit aber kann nur allein der Klient machen!<\/p>\n\t\t<\/div>\n\t<\/div>\n\t\n\t<div id=\"accordion-628007505\" class=\"accordion-item\">\n\t\t<a id=\"accordion-628007505-label\" class=\"accordion-title plain\" href=\"#accordion-item-gibt-es-etwas-im-studium,-das-ihnen-besonders-in-erinnerung-geblieben-ist?\" aria-expanded=\"false\" aria-controls=\"accordion-628007505-content\">\n\t\t\t<button class=\"toggle\" aria-label=\"Umschalten\"><i class=\"icon-angle-down\" aria-hidden=\"true\"><\/i><\/button>\n\t\t\t<span>Gibt es etwas im Studium, das Ihnen besonders in Erinnerung geblieben ist?<\/span>\n\t\t<\/a>\n\t\t<div id=\"accordion-628007505-content\" class=\"accordion-inner\" aria-labelledby=\"accordion-628007505-label\">\n\t\t\t\n<p>Jede Menge \u2013 gute ProfessorInnen, tolle KommilitonnInnen und viele neue Erfahrungen. Ich habe auf Fachtagen, in Jugend\u00e4mtern und auf Netzwerktreffen Forschungsergebnisse vorgetragen; ich habe an einer Londonfahrt teilgenommen; ich konnte mit einem freien Tr\u00e4ger eng zusammenarbeiten und habe dadurch einen Einblick in die Praxis erhalten; gemeinsam mit KommilitonInnen haben wir Imagevideos f\u00fcr die Soziale Arbeit in Eigenregie gedreht, etc. Dies sind alles wertvolle Erinnerungen, auf die ich gern zur\u00fcckblicke.<\/p>\n\t\t<\/div>\n\t<\/div>\n\t\n\t<div id=\"accordion-2461278482\" class=\"accordion-item\">\n\t\t<a id=\"accordion-2461278482-label\" class=\"accordion-title plain\" href=\"#accordion-item-was-sollte-man-an-interessen-bzw.-f\u00e4higkeiten-f\u00fcr-dieses-berufsfeld-mitbringen,-im-studium-erwerben-oder-sich-ggf.-durch-zusatzqualifikationen-aneignen?\" aria-expanded=\"false\" aria-controls=\"accordion-2461278482-content\">\n\t\t\t<button class=\"toggle\" aria-label=\"Umschalten\"><i class=\"icon-angle-down\" aria-hidden=\"true\"><\/i><\/button>\n\t\t\t<span>Was sollte man an Interessen bzw. F\u00e4higkeiten f\u00fcr dieses Berufsfeld mitbringen, im Studium erwerben oder sich ggf. durch Zusatzqualifikationen aneignen?<\/span>\n\t\t<\/a>\n\t\t<div id=\"accordion-2461278482-content\" class=\"accordion-inner\" aria-labelledby=\"accordion-2461278482-label\">\n\t\t\t\n<p>Grundvoraussetzung sollte sein, dass eine soziale Ader in einem steckt \u2013 Empathie und Toleranz, das Verst\u00e4ndnis f\u00fcr Menschen in schwierigen Lebenslagen. Jedoch ist es genauso wichtig, dass man sich von den Schicksalen der Klienten nicht vereinnahmen l\u00e4sst. Au\u00dferdem ist Soziale Arbeit sehr lebendig, man sollte daher immer offen und flexibel f\u00fcr Ver\u00e4nderungen sein.<\/p>\n\t\t<\/div>\n\t<\/div>\n\t\n\t<div id=\"accordion-1606231722\" class=\"accordion-item\">\n\t\t<a id=\"accordion-1606231722-label\" class=\"accordion-title plain\" aria-expanded=\"false\" aria-controls=\"accordion-1606231722-content\">\n\t\t\t<button class=\"toggle\" aria-label=\"Umschalten\"><i class=\"icon-angle-down\" aria-hidden=\"true\"><\/i><\/button>\n\t\t\t<span>Was w\u00fcrden Sie Studieninteressierten mit auf den Weg geben? Bzw.: Welchen Rat w\u00fcrden Sie Studienanf\u00e4ngern geben, die sp\u00e4ter ebenfalls Ihren Beruf aus\u00fcben wollen?<\/span>\n\t\t<\/a>\n\t\t<div id=\"accordion-1606231722-content\" class=\"accordion-inner\" aria-labelledby=\"accordion-1606231722-label\">\n\t\t\t\n<p>W\u00e4hlt die Kurse nach euren Interessen und nutzt die M\u00f6glichkeiten des Studiums, um neue Erfahrungen zu sammeln.<\/p>\n\t\t<\/div>\n\t<\/div>\n\t\n<\/div>\n\t\t<\/div>\n\t\t\t\t\t<\/div>\n\n\t\n\n\t<div id=\"col-391679864\" class=\"col medium-4 small-12 large-4\"  >\n\t\t\t\t<div class=\"col-inner\"  >\n\t\t\t\n\t\t\t\n\t<div class=\"img has-hover x md-x lg-x y md-y lg-y\" id=\"image_553051017\">\n\t\t\t\t\t\t\t\t<div class=\"img-inner dark\" >\n\t\t\t<img loading=\"lazy\" decoding=\"async\" width=\"208\" height=\"282\" src=\"https:\/\/osadev.fh-potsdam.de\/soziale-arbeit\/wp-content\/uploads\/sites\/10\/2018\/10\/caroline-k.png\" class=\"attachment-original size-original\" alt=\"\" \/>\t\t\t\t\t\t\t<div class=\"overlay\" style=\"background-color: rgba(0, 0, 0, 0)\"><\/div>\n\t\t\t\t\t\t\n\t\t\t\t\t<\/div>\n\t\t\t\t\t\t\t\t\n<style>\n#image_553051017 {\n  width: 100%;\n}\n<\/style>\n\t<\/div>\n\t\n<p style=\"text-align: left; margin-top: -10px; font-size: 12px;\">Quelle: privat<\/p>\n\t\t<\/div>\n\t\t\t\t\t<\/div>\n\n\t\n<\/div>\n<div class=\"row\"  id=\"row-1705176168\">\n<div class=\"col ctrl-buttons\">\n<div class=\"ctrl-buttons-left\">\n<a href=\"\/soziale-arbeit\/aussichten\/interviews-mit-absolventinnen-und-absolventen\/\" class=\"button primary lowercase previous\" >\n\t\t<span>zur\u00fcck<\/span>\n\t<\/a>\n\n<\/div>\n<div class=\"ctrl-buttons-right\">\n<a href=\"\/soziale-arbeit\/aussichten\/interviews-mit-absolventinnen-und-absolventen\/bettina-b\/\" class=\"button primary lowercase next\" >\n\t\t<span>weiter<\/span>\n\t<\/a>\n\n<\/div>\n<\/div>\n<\/div>\n","protected":false},"excerpt":{"rendered":"","protected":false},"author":3,"featured_media":0,"parent":242,"menu_order":0,"comment_status":"closed","ping_status":"closed","template":"","meta":{"_acf_changed":false,"powered_cache_disable_cache":false,"footnotes":""},"class_list":["post-250","page","type-page","status-publish","hentry"],"acf":[],"_links":{"self":[{"href":"https:\/\/osadev.fh-potsdam.de\/soziale-arbeit\/wp-json\/wp\/v2\/pages\/250","targetHints":{"allow":["GET"]}}],"collection":[{"href":"https:\/\/osadev.fh-potsdam.de\/soziale-arbeit\/wp-json\/wp\/v2\/pages"}],"about":[{"href":"https:\/\/osadev.fh-potsdam.de\/soziale-arbeit\/wp-json\/wp\/v2\/types\/page"}],"author":[{"embeddable":true,"href":"https:\/\/osadev.fh-potsdam.de\/soziale-arbeit\/wp-json\/wp\/v2\/users\/3"}],"replies":[{"embeddable":true,"href":"https:\/\/osadev.fh-potsdam.de\/soziale-arbeit\/wp-json\/wp\/v2\/comments?post=250"}],"version-history":[{"count":24,"href":"https:\/\/osadev.fh-potsdam.de\/soziale-arbeit\/wp-json\/wp\/v2\/pages\/250\/revisions"}],"predecessor-version":[{"id":1402,"href":"https:\/\/osadev.fh-potsdam.de\/soziale-arbeit\/wp-json\/wp\/v2\/pages\/250\/revisions\/1402"}],"up":[{"embeddable":true,"href":"https:\/\/osadev.fh-potsdam.de\/soziale-arbeit\/wp-json\/wp\/v2\/pages\/242"}],"wp:attachment":[{"href":"https:\/\/osadev.fh-potsdam.de\/soziale-arbeit\/wp-json\/wp\/v2\/media?parent=250"}],"curies":[{"name":"wp","href":"https:\/\/api.w.org\/{rel}","templated":true}]}}