{"id":254,"date":"2018-02-01T13:02:03","date_gmt":"2018-02-01T12:02:03","guid":{"rendered":"https:\/\/osadev.fh-potsdam.de\/soziale-arbeit\/?page_id=254"},"modified":"2019-12-01T21:02:19","modified_gmt":"2019-12-01T20:02:19","slug":"bettina-b","status":"publish","type":"page","link":"https:\/\/osadev.fh-potsdam.de\/soziale-arbeit\/aussichten\/interviews-mit-absolventinnen-und-absolventen\/bettina-b\/","title":{"rendered":"Bettina B., Bildungsbegleiterin"},"content":{"rendered":"<div class=\"row\"  id=\"row-407126689\">\n\n\t<div id=\"col-1080627537\" class=\"col title-row-null small-12 large-12\"  >\n\t\t\t\t<div class=\"col-inner\"  >\n\t\t\t\n\t\t\t\n<h1><b>Bettina B., Bildungsbegleiterin<\/b><\/h1>\n\t\t<\/div>\n\t\t\t\t\t<\/div>\n\n\t\n\n\t<div id=\"col-87263651\" class=\"col medium-8 small-12 large-8\"  >\n\t\t\t\t<div class=\"col-inner\"  >\n\t\t\t\n\t\t\t\n<p><b>Studienabschluss: Soziale Arbeit, B.A. <\/b><\/p>\n<div class=\"accordion\">\n\t<div id=\"accordion-1752853777\" class=\"accordion-item\">\n\t\t<a id=\"accordion-1752853777-label\" class=\"accordion-title plain active\" href=\"#accordion-item-stellen-sie-sich-und-ihren-beruf-kurz-vor!\" aria-expanded=\"true\" aria-controls=\"accordion-1752853777-content\">\n\t\t\t<button class=\"toggle\" aria-label=\"Umschalten\"><i class=\"icon-angle-down\" aria-hidden=\"true\"><\/i><\/button>\n\t\t\t<span>Stellen Sie sich und Ihren Beruf kurz vor!<\/span>\n\t\t<\/a>\n\t\t<div id=\"accordion-1752853777-content\" class=\"accordion-inner\" style=\"display: block;\" aria-labelledby=\"accordion-1752853777-label\">\n\t\t\t\n<p>Ich arbeite seit September 2016 bei ZunkuftPlus e.V. in Lichtenberg als Bildungsbegleiterin.<\/p>\n\t\t<\/div>\n\t<\/div>\n\t\n\t<div id=\"accordion-3955885909\" class=\"accordion-item\">\n\t\t<a id=\"accordion-3955885909-label\" class=\"accordion-title plain\" href=\"#accordion-item-beschreiben-sie-ihre-arbeit!-wie-sieht-ein-typischer-arbeitstag-bei-ihnen-aus?\" aria-expanded=\"false\" aria-controls=\"accordion-3955885909-content\">\n\t\t\t<button class=\"toggle\" aria-label=\"Umschalten\"><i class=\"icon-angle-down\" aria-hidden=\"true\"><\/i><\/button>\n\t\t\t<span>Beschreiben Sie Ihre Arbeit! Wie sieht ein typischer Arbeitstag bei Ihnen aus?<\/span>\n\t\t<\/a>\n\t\t<div id=\"accordion-3955885909-content\" class=\"accordion-inner\" aria-labelledby=\"accordion-3955885909-label\">\n\t\t\t\n<p>Ich begleite Jugendliche ohne anschlussperspektive im Alter von 16-21 Jahren bei der Erlangung der (erweiterten) Berufsbildungsreife. \u00a0Die Jugendlichen werden, bei der Suche nach einem Praktikumsplatz (und dann nat\u00fcrlich auch im Praktikum), im Modulunterricht und in der Schule von uns begleitet.<\/p>\n<p>Ein Gro\u00dfteil meiner Arbeit umfasst hierbei das Dokumentieren, vor- und nachbereiten des Modulunterrichts und wahrnehmen von Terminen mit der Jugendberufsagentur. In regelm\u00e4\u00dfigen Gespr\u00e4chen mit den Jugendlichen wird der \u201eaktuelle Stand \u201c \u00a0in den einzelnen Bereichen besprochen.<\/p>\n\t\t<\/div>\n\t<\/div>\n\t\n\t<div id=\"accordion-481411643\" class=\"accordion-item\">\n\t\t<a id=\"accordion-481411643-label\" class=\"accordion-title plain\" href=\"#accordion-item-warum-haben-sie-sich-f\u00fcr-ein-studium-der-sozialen-arbeit-entschieden?\" aria-expanded=\"false\" aria-controls=\"accordion-481411643-content\">\n\t\t\t<button class=\"toggle\" aria-label=\"Umschalten\"><i class=\"icon-angle-down\" aria-hidden=\"true\"><\/i><\/button>\n\t\t\t<span>Warum haben Sie sich f\u00fcr ein Studium der Sozialen Arbeit entschieden?<\/span>\n\t\t<\/a>\n\t\t<div id=\"accordion-481411643-content\" class=\"accordion-inner\" aria-labelledby=\"accordion-481411643-label\">\n\t\t\t\n<p>Ich habe mich f\u00fcr das Studium entschieden, da ich in meinem Familien- und Freundeskreis schon immer die Ansprechpartnerin f\u00fcr Probleme verschiedenster Art bin. Diese Arbeit wollte ich nun mit einem akademischen Titel offiziell machen.<\/p>\n\t\t<\/div>\n\t<\/div>\n\t\n\t<div id=\"accordion-1449687786\" class=\"accordion-item\">\n\t\t<a id=\"accordion-1449687786-label\" class=\"accordion-title plain\" aria-expanded=\"false\" aria-controls=\"accordion-1449687786-content\">\n\t\t\t<button class=\"toggle\" aria-label=\"Umschalten\"><i class=\"icon-angle-down\" aria-hidden=\"true\"><\/i><\/button>\n\t\t\t<span>Schildern sie ihren beruflichen Werdegang. Bzw.: Wie sind sie zu ihrem jetzigen Beruf gekommen?<\/span>\n\t\t<\/a>\n\t\t<div id=\"accordion-1449687786-content\" class=\"accordion-inner\" aria-labelledby=\"accordion-1449687786-label\">\n\t\t\t\n<p>Ich habe mein Praxissemester bei der Jugendgerichtshilfe Treptow-K\u00f6penick absolviert. Nach Beendigung meines Studiums habe ich mich in allen m\u00f6glichen Bereichen der Sozialen Arbeit beworben. Leider hat man als Berufsanf\u00e4nger, meiner Erfahrung nach, keine gro\u00dfe Auswahl an freien Stellen. Ich habe nach vielen Bewerbungen letztlich eine Stelle als Sozialp\u00e4dagogin bei SBH Nord bekommen.<\/p>\n<p>Dort war ich Teil eines Teams, welche eine Ma\u00dfnahme f\u00fcr multiproblembelastete Langzeitarbeitslose durchf\u00fchrte. Das Projekt war auf ein Jahr befristet. \u00a0Nachdem ich nun ein Jahr lag mit Erwachsenen zusammen gearbeitet hatte, wollte ich nun meinen Fokus auf die Arbeit mit Jugendlichen richtet. So bin ich zu der Stelle bei ZukunftPlus gekommen.<\/p>\n\t\t<\/div>\n\t<\/div>\n\t\n\t<div id=\"accordion-1658908538\" class=\"accordion-item\">\n\t\t<a id=\"accordion-1658908538-label\" class=\"accordion-title plain\" href=\"#accordion-item-was-fasziniert-sie-an-ihrer-t\u00e4tigkeit?\" aria-expanded=\"false\" aria-controls=\"accordion-1658908538-content\">\n\t\t\t<button class=\"toggle\" aria-label=\"Umschalten\"><i class=\"icon-angle-down\" aria-hidden=\"true\"><\/i><\/button>\n\t\t\t<span>Was fasziniert Sie an ihrer T\u00e4tigkeit?<\/span>\n\t\t<\/a>\n\t\t<div id=\"accordion-1658908538-content\" class=\"accordion-inner\" aria-labelledby=\"accordion-1658908538-label\">\n\t\t\t\n<p>Die Verantwortung f\u00fcr das Leben eines Menschen<\/p>\n\t\t<\/div>\n\t<\/div>\n\t\n\t<div id=\"accordion-2824036490\" class=\"accordion-item\">\n\t\t<a id=\"accordion-2824036490-label\" class=\"accordion-title plain\" href=\"#accordion-item-was-erleben-sie-als-herausforderung-bei-ihrer-t\u00e4tigkeit?-bzw.-was-macht-es-evtl.-schwer?\" aria-expanded=\"false\" aria-controls=\"accordion-2824036490-content\">\n\t\t\t<button class=\"toggle\" aria-label=\"Umschalten\"><i class=\"icon-angle-down\" aria-hidden=\"true\"><\/i><\/button>\n\t\t\t<span>Was erleben Sie als Herausforderung bei Ihrer T\u00e4tigkeit? Bzw. was macht es evtl. schwer?<\/span>\n\t\t<\/a>\n\t\t<div id=\"accordion-2824036490-content\" class=\"accordion-inner\" aria-labelledby=\"accordion-2824036490-label\">\n\t\t\t\n<p>Die Einstellung zum Leben und generell zu allem der Jugendlichen.<\/p>\n\t\t<\/div>\n\t<\/div>\n\t\n\t<div id=\"accordion-1003663505\" class=\"accordion-item\">\n\t\t<a id=\"accordion-1003663505-label\" class=\"accordion-title plain\" href=\"#accordion-item-was-ist-ihrer-meinung-nach-das-wichtigste,-das-sie-w\u00e4hrend-des-studiums-f\u00fcr-ihren-aktuellen-beruf-gelernt-haben?\" aria-expanded=\"false\" aria-controls=\"accordion-1003663505-content\">\n\t\t\t<button class=\"toggle\" aria-label=\"Umschalten\"><i class=\"icon-angle-down\" aria-hidden=\"true\"><\/i><\/button>\n\t\t\t<span>Was ist Ihrer Meinung nach das Wichtigste, das Sie w\u00e4hrend des Studiums f\u00fcr Ihren aktuellen Beruf gelernt haben?<\/span>\n\t\t<\/a>\n\t\t<div id=\"accordion-1003663505-content\" class=\"accordion-inner\" aria-labelledby=\"accordion-1003663505-label\">\n\t\t\t\n<p>Gespr\u00e4chsf\u00fchrung!<\/p>\n\t\t<\/div>\n\t<\/div>\n\t\n\t<div id=\"accordion-2974283167\" class=\"accordion-item\">\n\t\t<a id=\"accordion-2974283167-label\" class=\"accordion-title plain\" href=\"#accordion-item-gibt-es-etwas-im-studium,-das-ihnen-besonders-in-erinnerung-geblieben-ist?\" aria-expanded=\"false\" aria-controls=\"accordion-2974283167-content\">\n\t\t\t<button class=\"toggle\" aria-label=\"Umschalten\"><i class=\"icon-angle-down\" aria-hidden=\"true\"><\/i><\/button>\n\t\t\t<span>Gibt es etwas im Studium, das Ihnen besonders in Erinnerung geblieben ist?<\/span>\n\t\t<\/a>\n\t\t<div id=\"accordion-2974283167-content\" class=\"accordion-inner\" aria-labelledby=\"accordion-2974283167-label\">\n\t\t\t\n<p>Das famili\u00e4re Verh\u00e4ltnis an der FHP.<\/p>\n\t\t<\/div>\n\t<\/div>\n\t\n\t<div id=\"accordion-2269785101\" class=\"accordion-item\">\n\t\t<a id=\"accordion-2269785101-label\" class=\"accordion-title plain\" href=\"#accordion-item-was-sollte-man-an-interessen-bzw.-f\u00e4higkeiten-f\u00fcr-dieses-berufsfeld-mitbringen,-im-studium-erwerben-oder-sich-ggf.-durch-zusatzqualifikationen-aneignen?\" aria-expanded=\"false\" aria-controls=\"accordion-2269785101-content\">\n\t\t\t<button class=\"toggle\" aria-label=\"Umschalten\"><i class=\"icon-angle-down\" aria-hidden=\"true\"><\/i><\/button>\n\t\t\t<span>Was sollte man an Interessen bzw. F\u00e4higkeiten f\u00fcr dieses Berufsfeld mitbringen, im Studium erwerben oder sich ggf. durch Zusatzqualifikationen aneignen?<\/span>\n\t\t<\/a>\n\t\t<div id=\"accordion-2269785101-content\" class=\"accordion-inner\" aria-labelledby=\"accordion-2269785101-label\">\n\t\t\t\n<p>Die Arbeit mit Menschen, Empathief\u00e4higkeit und Geduld. Gespr\u00e4chsf\u00fchrung ist auch sinnvoll.<\/p>\n<\/p>\n\t\t<\/div>\n\t<\/div>\n\t\n\t<div id=\"accordion-1002342752\" class=\"accordion-item\">\n\t\t<a id=\"accordion-1002342752-label\" class=\"accordion-title plain\" aria-expanded=\"false\" aria-controls=\"accordion-1002342752-content\">\n\t\t\t<button class=\"toggle\" aria-label=\"Umschalten\"><i class=\"icon-angle-down\" aria-hidden=\"true\"><\/i><\/button>\n\t\t\t<span>Was w\u00fcrden Sie Studieninteressierten mit auf den Weg geben? Bzw.: Welchen Rat w\u00fcrden Sie Studienanf\u00e4ngern geben, die sp\u00e4ter ebenfalls Ihren Beruf aus\u00fcben wollen?<\/span>\n\t\t<\/a>\n\t\t<div id=\"accordion-1002342752-content\" class=\"accordion-inner\" aria-labelledby=\"accordion-1002342752-label\">\n\t\t\t\n<p>Man sollte das Studium nicht wegen einem selbst absolvieren. \u00a0Die M\u00f6glichkeit zur Selbsthilfe wird einem nicht beigebracht. Ebenso sollte das Fach nicht studiert werden weil man sich denkt, dass es ein einfacher Job ist. Nicht jeder ist f\u00fcr die Arbeit am Menschen geeignet.<\/p>\n\t\t<\/div>\n\t<\/div>\n\t\n<\/div>\n\t\t<\/div>\n\t\t\t\t\t<\/div>\n\n\t\n\n\t<div id=\"col-185357594\" class=\"col medium-4 small-12 large-4\"  >\n\t\t\t\t<div class=\"col-inner\"  >\n\t\t\t\n\t\t\t\n\t<div class=\"img has-hover x md-x lg-x y md-y lg-y\" id=\"image_758465267\">\n\t\t\t\t\t\t\t\t<div class=\"img-inner dark\" >\n\t\t\t<img loading=\"lazy\" decoding=\"async\" width=\"212\" height=\"266\" src=\"https:\/\/osadev.fh-potsdam.de\/soziale-arbeit\/wp-content\/uploads\/sites\/10\/2018\/10\/bettina-b.png\" class=\"attachment-large size-large\" alt=\"\" \/>\t\t\t\t\t\t\n\t\t\t\t\t<\/div>\n\t\t\t\t\t\t\t\t\n<style>\n#image_758465267 {\n  width: 100%;\n}\n<\/style>\n\t<\/div>\n\t\n<p style=\"margin-top: -10px; font-size: 12px; text-align: left;\">Quelle: privat<\/p>\n\t\t<\/div>\n\t\t\t\t\t<\/div>\n\n\t\n<\/div>\n<div class=\"row\"  id=\"row-1632573058\">\n<div class=\"col ctrl-buttons\">\n<div class=\"ctrl-buttons-left\">\n<a href=\"\/soziale-arbeit\/aussichten\/interviews-mit-absolventinnen-und-absolventen\/carolin-k\/\" class=\"button primary lowercase previous\" >\n\t\t<span>zur\u00fcck<\/span>\n\t<\/a>\n\n<\/div>\n<div class=\"ctrl-buttons-right\">\n<a href=\"\/soziale-arbeit\/aussichten\/interviews-mit-absolventinnen-und-absolventen\/peter-s\/\" class=\"button primary lowercase next\" >\n\t\t<span>weiter<\/span>\n\t<\/a>\n\n<\/div>\n<\/div>\n<\/div>\n","protected":false},"excerpt":{"rendered":"","protected":false},"author":3,"featured_media":0,"parent":242,"menu_order":0,"comment_status":"closed","ping_status":"closed","template":"","meta":{"_acf_changed":false,"powered_cache_disable_cache":false,"footnotes":""},"class_list":["post-254","page","type-page","status-publish","hentry"],"acf":[],"_links":{"self":[{"href":"https:\/\/osadev.fh-potsdam.de\/soziale-arbeit\/wp-json\/wp\/v2\/pages\/254","targetHints":{"allow":["GET"]}}],"collection":[{"href":"https:\/\/osadev.fh-potsdam.de\/soziale-arbeit\/wp-json\/wp\/v2\/pages"}],"about":[{"href":"https:\/\/osadev.fh-potsdam.de\/soziale-arbeit\/wp-json\/wp\/v2\/types\/page"}],"author":[{"embeddable":true,"href":"https:\/\/osadev.fh-potsdam.de\/soziale-arbeit\/wp-json\/wp\/v2\/users\/3"}],"replies":[{"embeddable":true,"href":"https:\/\/osadev.fh-potsdam.de\/soziale-arbeit\/wp-json\/wp\/v2\/comments?post=254"}],"version-history":[{"count":18,"href":"https:\/\/osadev.fh-potsdam.de\/soziale-arbeit\/wp-json\/wp\/v2\/pages\/254\/revisions"}],"predecessor-version":[{"id":1403,"href":"https:\/\/osadev.fh-potsdam.de\/soziale-arbeit\/wp-json\/wp\/v2\/pages\/254\/revisions\/1403"}],"up":[{"embeddable":true,"href":"https:\/\/osadev.fh-potsdam.de\/soziale-arbeit\/wp-json\/wp\/v2\/pages\/242"}],"wp:attachment":[{"href":"https:\/\/osadev.fh-potsdam.de\/soziale-arbeit\/wp-json\/wp\/v2\/media?parent=254"}],"curies":[{"name":"wp","href":"https:\/\/api.w.org\/{rel}","templated":true}]}}