{"id":258,"date":"2018-02-01T13:03:37","date_gmt":"2018-02-01T12:03:37","guid":{"rendered":"https:\/\/osadev.fh-potsdam.de\/soziale-arbeit\/?page_id=258"},"modified":"2019-07-09T10:57:19","modified_gmt":"2019-07-09T08:57:19","slug":"peter-s","status":"publish","type":"page","link":"https:\/\/osadev.fh-potsdam.de\/soziale-arbeit\/aussichten\/interviews-mit-absolventinnen-und-absolventen\/peter-s\/","title":{"rendered":"Peter S., Jugendarbeiter"},"content":{"rendered":"<div class=\"row\"  id=\"row-2011888530\">\n\n\t<div id=\"col-363362106\" class=\"col title-row-null small-12 large-12\"  >\n\t\t\t\t<div class=\"col-inner\"  >\n\t\t\t\n\t\t\t\n<h1><b>Peter S., Jugendarbeiter<\/b><\/h1>\n\t\t<\/div>\n\t\t\t\t\t<\/div>\n\n\t\n\n\t<div id=\"col-1877834134\" class=\"col medium-8 small-12 large-8\"  >\n\t\t\t\t<div class=\"col-inner\"  >\n\t\t\t\n\t\t\t\n<p><b>Studienabschluss: Soziale Arbeit, B.A. <\/b><\/p>\n<div class=\"accordion\">\n\t<div id=\"accordion-3920511543\" class=\"accordion-item\">\n\t\t<a id=\"accordion-3920511543-label\" class=\"accordion-title plain active\" href=\"#accordion-item-stellen-sie-sich-und-ihren-beruf-kurz-vor!\" aria-expanded=\"true\" aria-controls=\"accordion-3920511543-content\">\n\t\t\t<button class=\"toggle\" aria-label=\"Umschalten\"><i class=\"icon-angle-down\" aria-hidden=\"true\"><\/i><\/button>\n\t\t\t<span>Stellen Sie sich und Ihren Beruf kurz vor!<\/span>\n\t\t<\/a>\n\t\t<div id=\"accordion-3920511543-content\" class=\"accordion-inner\" style=\"display: block;\" aria-labelledby=\"accordion-3920511543-label\">\n\t\t\t\n<p>Ich arbeitete beim Chillout (Verein zur F\u00f6rderung akzeptierender Jugend- und Drogenarbeit) und leite einen Jugendclub in Potsdam. Zudem \u00fcbernehme ich f\u00fcr Chillout Aufgaben in der Suchtpr\u00e4vention.<\/p>\n\t\t<\/div>\n\t<\/div>\n\t\n\t<div id=\"accordion-1857074843\" class=\"accordion-item\">\n\t\t<a id=\"accordion-1857074843-label\" class=\"accordion-title plain\" href=\"#accordion-item-beschreiben-sie-ihre-arbeit!-wie-sieht-ein-typischer-arbeitstag-bei-ihnen-aus?\" aria-expanded=\"false\" aria-controls=\"accordion-1857074843-content\">\n\t\t\t<button class=\"toggle\" aria-label=\"Umschalten\"><i class=\"icon-angle-down\" aria-hidden=\"true\"><\/i><\/button>\n\t\t\t<span>Beschreiben Sie Ihre Arbeit! Wie sieht ein typischer Arbeitstag bei Ihnen aus?<\/span>\n\t\t<\/a>\n\t\t<div id=\"accordion-1857074843-content\" class=\"accordion-inner\" aria-labelledby=\"accordion-1857074843-label\">\n\t\t\t\n<p>Ein Vorteil in der Sozialen Arbeit ist, dass kein Tag wie der andere ist. Die Arbeit ist sehr vielf\u00e4ltig und deshalb gibt es den typischen Arbeitsalltag eigentlich nicht. Grunds\u00e4tzlich l\u00e4sst sich sagen, dass das Jugendclubteam w\u00e4hrend der \u00d6ffnungszeiten vor Ort ist.<\/p>\n<p>Es gibt regelm\u00e4\u00dfig Teamsitzungen und regelm\u00e4\u00dfige Angebote wie Break Dance, Graffiti oder Foto. Gleichzeitig haben wir einen Garten mit z. B. Hochbeeten eingerichtet. Wesentlich h\u00e4ngt das Angebot aber von den Besucher*innen ab, die kommen: Manchmal kochen wir, manchmal spielen wir Fu\u00dfball oder bieten auch ganz spezielle p\u00e4dagogische Angebote an. Dar\u00fcber hinaus f\u00fchre ich au\u00dferhalb der \u00d6ffnungszeiten des Jugendclubs noch Pr\u00e4ventionsangebote f\u00fcr Schulklassen, z. B. zu Tabak und Alkohol durch. Immer wieder mal nehme ich auch an Fortbildungen und Kongressen teil, um neue Erkenntnisse zu gewinnen.<\/p>\n\t\t<\/div>\n\t<\/div>\n\t\n\t<div id=\"accordion-1446154620\" class=\"accordion-item\">\n\t\t<a id=\"accordion-1446154620-label\" class=\"accordion-title plain\" href=\"#accordion-item-warum-haben-sie-sich-f\u00fcr-ein-studium-der-sozialen-arbeit-entschieden?\" aria-expanded=\"false\" aria-controls=\"accordion-1446154620-content\">\n\t\t\t<button class=\"toggle\" aria-label=\"Umschalten\"><i class=\"icon-angle-down\" aria-hidden=\"true\"><\/i><\/button>\n\t\t\t<span>Warum haben Sie sich f\u00fcr ein Studium der Sozialen Arbeit entschieden?<\/span>\n\t\t<\/a>\n\t\t<div id=\"accordion-1446154620-content\" class=\"accordion-inner\" aria-labelledby=\"accordion-1446154620-label\">\n\t\t\t\n<p>Ich bin auf einem Umweg zur Sozialen Arbeit gekommen. Zun\u00e4chst habe ich mich sehr viel mit Computern besch\u00e4ftigt und habe dann begonnen Mikrosystemtechnik zu studieren. Dabei ist mir aber klar geworden, dass ich meine Zukunft nicht im technischen Bereich sehe.<\/p>\n<p>Auf den Gedanken einer Freundin hin, dass meine kommunikative Art doch sehr gut zum Studium der Sozialen Arbeit passen w\u00fcrde, habe ich mich mit dem Studienangebot \u00a0der Sozialen Arbeit in Potsdam auseinandergesetzt und gemerkt, dass mich das sehr angesprochen hat.<\/p>\n\t\t<\/div>\n\t<\/div>\n\t\n\t<div id=\"accordion-77317706\" class=\"accordion-item\">\n\t\t<a id=\"accordion-77317706-label\" class=\"accordion-title plain\" aria-expanded=\"false\" aria-controls=\"accordion-77317706-content\">\n\t\t\t<button class=\"toggle\" aria-label=\"Umschalten\"><i class=\"icon-angle-down\" aria-hidden=\"true\"><\/i><\/button>\n\t\t\t<span>Schildern sie ihren beruflichen Werdegang. Bzw.: Wie sind sie zu ihrem jetzigen Beruf gekommen?<\/span>\n\t\t<\/a>\n\t\t<div id=\"accordion-77317706-content\" class=\"accordion-inner\" aria-labelledby=\"accordion-77317706-label\">\n\t\t\t\n<p>Ich habe mich w\u00e4hrend meines Studiums intensiv mit dem Thema Familienrat sowohl innerhalb als auch au\u00dferhalb des Studiums auseinandergesetzt. Gegen Ende des Studiums habe ich das Angebot angenommen, als Familienhelfer zu arbeiten und bei dem Anstellungstr\u00e4ger hatte ich dann auch meinen Berufseinstieg.<\/p>\n<p>Dabei hatte ich das Gl\u00fcck, in ein Team zu kommen, dass seine Arbeit in Potsdam gerade neu begonnen hatte. Dadurch hatte ich viele M\u00f6glichkeiten der Mitgestaltung. Gleichzeitig habe ich schon w\u00e4hrend meiner Studienzeit \u00fcber ein Studienangebot Kontakt zu Chillout bekommen, deren akzeptierende Art der Drogenarbeit mich sehr beeindruckt hat.<\/p>\n<p>Dort habe ich mein Praktikum gemacht und danach begonnen f\u00fcr Chillout ehrenamtlich in der Partyarbeit mitzuwirken. Dies habe ich auch nach meinem Berufseintritt fortgef\u00fchrt. Als sich dann die M\u00f6glichkeit ergab, bei Chillout den Jugendclub aufzubauen, bin ich aus der Familienhilfe in die Jugendarbeit gewechselt.<\/p>\n\t\t<\/div>\n\t<\/div>\n\t\n\t<div id=\"accordion-3023863018\" class=\"accordion-item\">\n\t\t<a id=\"accordion-3023863018-label\" class=\"accordion-title plain\" href=\"#accordion-item-was-fasziniert-sie-an-ihrer-t\u00e4tigkeit?\" aria-expanded=\"false\" aria-controls=\"accordion-3023863018-content\">\n\t\t\t<button class=\"toggle\" aria-label=\"Umschalten\"><i class=\"icon-angle-down\" aria-hidden=\"true\"><\/i><\/button>\n\t\t\t<span>Was fasziniert Sie an ihrer T\u00e4tigkeit?<\/span>\n\t\t<\/a>\n\t\t<div id=\"accordion-3023863018-content\" class=\"accordion-inner\" aria-labelledby=\"accordion-3023863018-label\">\n\t\t\t\n<p>Am Anfang stand die Entwicklung eines Konzepts, mit dem wir uns bei der Stadt Potsdam f\u00fcr die Einrichtung eines Jugendclubs beworben und f\u00fcr das wir dann die Zustimmung gewonnen haben. Das war f\u00fcr mich die Chance mit neuen Mitarbeiter*innen ein eigenes Projekt bei Chillout aufzubauen.<\/p>\n<p>Und das ist das faszinierende an dieser T\u00e4tigkeit. Wir mussten uns nicht in eine fertige Struktur einfinden, sondern konnten alles von vornherein neu entwickeln. Wir konnten nach unseren Vorstellungen einen Begegnungsort f\u00fcr junge Menschen schaffen, wo diese sich wohlf\u00fchlen und dort lernen k\u00f6nnen, entlang eigener Interessen etwas zu entwickeln und daf\u00fcr aktiv zu werden.<\/p>\n\t\t<\/div>\n\t<\/div>\n\t\n\t<div id=\"accordion-3261044388\" class=\"accordion-item\">\n\t\t<a id=\"accordion-3261044388-label\" class=\"accordion-title plain\" href=\"#accordion-item-was-erleben-sie-als-herausforderung-bei-ihrer-t\u00e4tigkeit?-bzw.-was-macht-es-evtl.-schwer?\" aria-expanded=\"false\" aria-controls=\"accordion-3261044388-content\">\n\t\t\t<button class=\"toggle\" aria-label=\"Umschalten\"><i class=\"icon-angle-down\" aria-hidden=\"true\"><\/i><\/button>\n\t\t\t<span>Was erleben Sie als Herausforderung bei Ihrer T\u00e4tigkeit? Bzw. was macht es evtl. schwer?<\/span>\n\t\t<\/a>\n\t\t<div id=\"accordion-3261044388-content\" class=\"accordion-inner\" aria-labelledby=\"accordion-3261044388-label\">\n\t\t\t\n<p>Zun\u00e4chst mussten wir den Jugendclub in einem Geb\u00e4ude realisieren, dass \u00fcber Jahre leer stand. Das war die erste Herausforderung. Des Weiteren kommen zu uns \u2013 entsprechend zur Sozialstruktur im Stadtteil &#8211; viele Jugendliche mit einem migrantischen Hintergrund. Mit der Energie, die diese Jugendlichen mitbringen, geht beispielsweise ein sehr hoher L\u00e4rmpegel einher, der \u00fcber Tage hinweg gesehen, schon eine Belastung darstellen kann. Gleichzeitig bietet diese Energie aber auch in gro\u00dfes Potenzial f\u00fcr Aktivit\u00e4ten.<\/p>\n\t\t<\/div>\n\t<\/div>\n\t\n\t<div id=\"accordion-42553915\" class=\"accordion-item\">\n\t\t<a id=\"accordion-42553915-label\" class=\"accordion-title plain\" href=\"#accordion-item-was-ist-ihrer-meinung-nach-das-wichtigste,-das-sie-w\u00e4hrend-des-studiums-f\u00fcr-ihren-aktuellen-beruf-gelernt-haben?\" aria-expanded=\"false\" aria-controls=\"accordion-42553915-content\">\n\t\t\t<button class=\"toggle\" aria-label=\"Umschalten\"><i class=\"icon-angle-down\" aria-hidden=\"true\"><\/i><\/button>\n\t\t\t<span>Was ist Ihrer Meinung nach das Wichtigste, das Sie w\u00e4hrend des Studiums f\u00fcr Ihren aktuellen Beruf gelernt haben?<\/span>\n\t\t<\/a>\n\t\t<div id=\"accordion-42553915-content\" class=\"accordion-inner\" aria-labelledby=\"accordion-42553915-label\">\n\t\t\t\n<p>Ich habe immer gesagt: \u201eMan lernt beim Studium, ein guter Mensch zu werden.\u201c Damit meine ich, dass es im Studium darauf ankommt, nicht nur zu konsumieren, sondern eigene Wege zu verfolgen, eigene Projekt zu verfolgen und sich dar\u00fcber mit Studierenden unterschiedlichen Alters, unterschiedlicher Herkunft sowie vorg\u00e4ngiger Berufserfahrung und unterschiedlichen Lebensweisen offen austauschen zu k\u00f6nnen.<\/p>\n<p>Das war f\u00fcr mich sehr bereichernd, an diesem breiten Erfahrungsschatz teilhaben zu k\u00f6nnen. Und das Studium war daf\u00fcr in besonderer Weise geeignet, da es sehr frei gestaltet und auf Dialog angelegt ist.<\/p>\n\t\t<\/div>\n\t<\/div>\n\t\n\t<div id=\"accordion-1241684110\" class=\"accordion-item\">\n\t\t<a id=\"accordion-1241684110-label\" class=\"accordion-title plain\" href=\"#accordion-item-gibt-es-etwas-im-studium,-das-ihnen-besonders-in-erinnerung-geblieben-ist?\" aria-expanded=\"false\" aria-controls=\"accordion-1241684110-content\">\n\t\t\t<button class=\"toggle\" aria-label=\"Umschalten\"><i class=\"icon-angle-down\" aria-hidden=\"true\"><\/i><\/button>\n\t\t\t<span>Gibt es etwas im Studium, das Ihnen besonders in Erinnerung geblieben ist?<\/span>\n\t\t<\/a>\n\t\t<div id=\"accordion-1241684110-content\" class=\"accordion-inner\" aria-labelledby=\"accordion-1241684110-label\">\n\t\t\t\n<p>W\u00e4hrend ich mich beim Studium der Mikrosystemtechnik vom ersten Tag an nicht wohlgef\u00fchlt habe, war es an der FH Potsdam schon am ersten Tag so, dass ich mich sehr gut aufgehoben f\u00fchlte. Das lag insbesondere auch an der sehr positiven Einf\u00fchrung durch Studierende und Lehrende, die einen guten Einstieg in das Studium erm\u00f6glichten.<\/p>\n<p>Daran kann ich mich bis heute noch gut erinnern. Ebenso ist die Grundstudienwerkstatt hervorzuheben, weil wir dort viel mehr geleistet haben, als man es sich in einem ersten Studienjahr vorstellen kann: forschen, Berichte schreiben sowie ver\u00f6ffentlichen und mit eigenen Ideen in der Praxis der Sozialen Arbeit wirksam sein k\u00f6nnen. Benennen muss ich auch die N\u00e4he zu den Dozenten*innen.<\/p>\n<p>Dadurch dass der Fachbereich an einem \u00fcberschaubaren Ort angesiedelt war, gab es eine sehr famili\u00e4re Atmosph\u00e4re und immer wieder auch die Gelegenheit mit den Professoren*innen pers\u00f6nliche Gespr\u00e4che zu f\u00fchren. Dieser Punkt ist mir deshalb so wichtig, weil ich die Erfahrung aus dem technischen Bereich mitgebracht habe, dass dort eine gro\u00dfe Distanz zu den Professoren*innen besteht.<\/p>\n\t\t<\/div>\n\t<\/div>\n\t\n\t<div id=\"accordion-2708313058\" class=\"accordion-item\">\n\t\t<a id=\"accordion-2708313058-label\" class=\"accordion-title plain\" href=\"#accordion-item-was-sollte-man-an-interessen-bzw.-f\u00e4higkeiten-f\u00fcr-dieses-berufsfeld-mitbringen,-im-studium-erwerben-oder-sich-ggf.-durch-zusatzqualifikationen-aneignen?\" aria-expanded=\"false\" aria-controls=\"accordion-2708313058-content\">\n\t\t\t<button class=\"toggle\" aria-label=\"Umschalten\"><i class=\"icon-angle-down\" aria-hidden=\"true\"><\/i><\/button>\n\t\t\t<span>Was sollte man an Interessen bzw. F\u00e4higkeiten f\u00fcr dieses Berufsfeld mitbringen, im Studium erwerben oder sich ggf. durch Zusatzqualifikationen aneignen?<\/span>\n\t\t<\/a>\n\t\t<div id=\"accordion-2708313058-content\" class=\"accordion-inner\" aria-labelledby=\"accordion-2708313058-label\">\n\t\t\t\n<p>Man muss Lust haben auf Menschen, darauf, mit ihnen etwas zu machen. Man muss Lust haben auf andere Lebenswelten, weil man sich seine Klienten*innen in der Regel nicht aussuchen kann. Umgekehrt denke ich, dass Personen, die eher kontaktscheu sind, wesentlich mehr Schwierigkeiten haben werden, ein(e) gute(r) Sozialarbeiter*in zu werden.<\/p>\n<p>Das hei\u00dft, man muss bereit sein, auf Menschen offen zuzugehen und dabei die Gelassenheit mitzubringen, ihnen Belastungen nicht einfach abzunehmen zu wollen, was unmittelbar der einfachere Weg zu sein scheint, sondern sie zuvorderst im Sinne der Hilfe zur Selbsthilfe zu unterst\u00fctzen.<\/p>\n<p>Im Studium selber sollte man sich Strategien der Gespr\u00e4chsf\u00fchrung aneignen. Wichtig war f\u00fcr mich auch der Erwerb psychologischer Kenntnisse und die Auseinandersetzung mit ethischen Fragestellungen. Letztlich gibt es allerdings sehr viele interessante Bereiche, mit denen man sich auseinandersetzen k\u00f6nnte. Das ist gerade das Spannende am Studium und an der Praxis der Sozialen Arbeit, dass sie so vielf\u00e4ltig ist und das man schon im Studium eigene Perspektiven entwickeln kann.<\/p>\n\t\t<\/div>\n\t<\/div>\n\t\n\t<div id=\"accordion-1146480436\" class=\"accordion-item\">\n\t\t<a id=\"accordion-1146480436-label\" class=\"accordion-title plain\" aria-expanded=\"false\" aria-controls=\"accordion-1146480436-content\">\n\t\t\t<button class=\"toggle\" aria-label=\"Umschalten\"><i class=\"icon-angle-down\" aria-hidden=\"true\"><\/i><\/button>\n\t\t\t<span>Was w\u00fcrden Sie Studieninteressierten mit auf den Weg geben? Bzw.: Welchen Rat w\u00fcrden Sie Studienanf\u00e4ngern geben, die sp\u00e4ter ebenfalls Ihren Beruf aus\u00fcben wollen?<\/span>\n\t\t<\/a>\n\t\t<div id=\"accordion-1146480436-content\" class=\"accordion-inner\" aria-labelledby=\"accordion-1146480436-label\">\n\t\t\t\n<p>Lerne m\u00f6glichst viele Studierende kennen, die mit Dir Soziale Arbeit studieren und versuche so viel wie m\u00f6glich \u00fcber sie zu lernen und dann wird es mit dem Studium der Sozialen Arbeit sicherlich gut laufen.<\/p>\n\t\t<\/div>\n\t<\/div>\n\t\n<\/div>\n\t\t<\/div>\n\t\t\t\t\t<\/div>\n\n\t\n\n\t<div id=\"col-1322908033\" class=\"col medium-4 small-12 large-4\"  >\n\t\t\t\t<div class=\"col-inner\"  >\n\t\t\t\n\t\t\t\n\t<div class=\"img has-hover x md-x lg-x y md-y lg-y\" id=\"image_136348262\">\n\t\t\t\t\t\t\t\t<div class=\"img-inner dark\" >\n\t\t\t<img loading=\"lazy\" decoding=\"async\" width=\"1020\" height=\"657\" src=\"https:\/\/osadev.fh-potsdam.de\/soziale-arbeit\/wp-content\/uploads\/sites\/10\/2019\/07\/Platzhalter_Desktop_wei\u00df-grau_16-02-2018-1024x660.png\" class=\"attachment-large size-large\" alt=\"\" srcset=\"https:\/\/osadev.fh-potsdam.de\/soziale-arbeit\/wp-content\/uploads\/sites\/10\/2019\/07\/Platzhalter_Desktop_wei\u00df-grau_16-02-2018-1024x660.png 1024w, https:\/\/osadev.fh-potsdam.de\/soziale-arbeit\/wp-content\/uploads\/sites\/10\/2019\/07\/Platzhalter_Desktop_wei\u00df-grau_16-02-2018-300x193.png 300w, https:\/\/osadev.fh-potsdam.de\/soziale-arbeit\/wp-content\/uploads\/sites\/10\/2019\/07\/Platzhalter_Desktop_wei\u00df-grau_16-02-2018-768x495.png 768w, https:\/\/osadev.fh-potsdam.de\/soziale-arbeit\/wp-content\/uploads\/sites\/10\/2019\/07\/Platzhalter_Desktop_wei\u00df-grau_16-02-2018.png 1338w\" sizes=\"auto, (max-width: 1020px) 100vw, 1020px\" \/>\t\t\t\t\t\t\n\t\t\t\t\t<\/div>\n\t\t\t\t\t\t\t\t\n<style>\n#image_136348262 {\n  width: 100%;\n}\n<\/style>\n\t<\/div>\n\t\n\t\t<\/div>\n\t\t\t\t\t<\/div>\n\n\t\n<\/div>\n<div class=\"row\"  id=\"row-1129014123\">\n<div class=\"col ctrl-buttons\">\n<div class=\"ctrl-buttons-left\">\n<a href=\"\/soziale-arbeit\/aussichten\/interviews-mit-absolventinnen-und-absolventen\/bettina-b\/\" class=\"button primary lowercase previous\" >\n\t\t<span>zur\u00fcck<\/span>\n\t<\/a>\n\n<\/div>\n<div class=\"ctrl-buttons-right\">\n<a href=\"\/soziale-arbeit\/aussichten\/interviews-mit-absolventinnen-und-absolventen\/fabian-p\/\" class=\"button primary lowercase next\" >\n\t\t<span>weiter<\/span>\n\t<\/a>\n\n<\/div>\n<\/div>\n<\/div>\n","protected":false},"excerpt":{"rendered":"","protected":false},"author":3,"featured_media":0,"parent":242,"menu_order":0,"comment_status":"closed","ping_status":"closed","template":"","meta":{"_acf_changed":false,"powered_cache_disable_cache":false,"footnotes":""},"class_list":["post-258","page","type-page","status-publish","hentry"],"acf":[],"_links":{"self":[{"href":"https:\/\/osadev.fh-potsdam.de\/soziale-arbeit\/wp-json\/wp\/v2\/pages\/258","targetHints":{"allow":["GET"]}}],"collection":[{"href":"https:\/\/osadev.fh-potsdam.de\/soziale-arbeit\/wp-json\/wp\/v2\/pages"}],"about":[{"href":"https:\/\/osadev.fh-potsdam.de\/soziale-arbeit\/wp-json\/wp\/v2\/types\/page"}],"author":[{"embeddable":true,"href":"https:\/\/osadev.fh-potsdam.de\/soziale-arbeit\/wp-json\/wp\/v2\/users\/3"}],"replies":[{"embeddable":true,"href":"https:\/\/osadev.fh-potsdam.de\/soziale-arbeit\/wp-json\/wp\/v2\/comments?post=258"}],"version-history":[{"count":19,"href":"https:\/\/osadev.fh-potsdam.de\/soziale-arbeit\/wp-json\/wp\/v2\/pages\/258\/revisions"}],"predecessor-version":[{"id":1340,"href":"https:\/\/osadev.fh-potsdam.de\/soziale-arbeit\/wp-json\/wp\/v2\/pages\/258\/revisions\/1340"}],"up":[{"embeddable":true,"href":"https:\/\/osadev.fh-potsdam.de\/soziale-arbeit\/wp-json\/wp\/v2\/pages\/242"}],"wp:attachment":[{"href":"https:\/\/osadev.fh-potsdam.de\/soziale-arbeit\/wp-json\/wp\/v2\/media?parent=258"}],"curies":[{"name":"wp","href":"https:\/\/api.w.org\/{rel}","templated":true}]}}