{"id":263,"date":"2018-02-01T13:05:17","date_gmt":"2018-02-01T12:05:17","guid":{"rendered":"https:\/\/osadev.fh-potsdam.de\/soziale-arbeit\/?page_id=263"},"modified":"2019-12-01T21:02:50","modified_gmt":"2019-12-01T20:02:50","slug":"fabian-p","status":"publish","type":"page","link":"https:\/\/osadev.fh-potsdam.de\/soziale-arbeit\/aussichten\/interviews-mit-absolventinnen-und-absolventen\/fabian-p\/","title":{"rendered":"Fabian P., Masterstudent, Sozialarbeiter und Dozent"},"content":{"rendered":"<div class=\"row\"  id=\"row-197953471\">\n\n\t<div id=\"col-867458321\" class=\"col title-row-null small-12 large-12\"  >\n\t\t\t\t<div class=\"col-inner\"  >\n\t\t\t\n\t\t\t\n<h1><b>Fabian P., Masterstudent, Sozialarbeiter und Dozent<\/b><\/h1>\n\t\t<\/div>\n\t\t\t\t\t<\/div>\n\n\t\n\n\t<div id=\"col-1662459743\" class=\"col medium-8 small-12 large-8\"  >\n\t\t\t\t<div class=\"col-inner\"  >\n\t\t\t\n\t\t\t\n<p><b>Studienabschluss: Soziale Arbeit, B.A.<\/b><\/p>\n<div class=\"accordion\">\n\t<div id=\"accordion-2230395423\" class=\"accordion-item\">\n\t\t<a id=\"accordion-2230395423-label\" class=\"accordion-title plain active\" href=\"#accordion-item-stellen-sie-sich-und-ihren-beruf-kurz-vor!\" aria-expanded=\"true\" aria-controls=\"accordion-2230395423-content\">\n\t\t\t<button class=\"toggle\" aria-label=\"Umschalten\"><i class=\"icon-angle-down\" aria-hidden=\"true\"><\/i><\/button>\n\t\t\t<span>Stellen Sie sich und Ihren Beruf kurz vor!<\/span>\n\t\t<\/a>\n\t\t<div id=\"accordion-2230395423-content\" class=\"accordion-inner\" style=\"display: block;\" aria-labelledby=\"accordion-2230395423-label\">\n\t\t\t\n<p>Ich bin 32 Jahre alt und arbeite neben dem Masterstudium (Bildungswissenschaften, FU-Berlin) in Teilzeit (12,5 Stunden) als Sozialarbeiter und Dozent mit dem Schwerpunkt EDV. Mein Arbeitgeber ist ein deutschlandweit ans\u00e4ssiger Tr\u00e4ger, der Ma\u00dfnahmen zur beruflichen Integration von Menschen mit unterschiedlichen Beeintr\u00e4chtigungen anbietet.<\/p>\n<p>Die Angebote meines Arbeitgebers richten sich an Menschen mit funktionalem Analphabetismus sowie Menschen die aufgrund psychischer (z.B.: Burnout) oder k\u00f6rperlicher Beeintr\u00e4chtigungen (z.B. Bandscheibenvorfall) nicht mehr in der Lage sind ihren urspr\u00fcnglichen Beruf weiter auszu\u00fcben. Schwerpunkt am Berliner Standort sind dar\u00fcber hinaus Menschen aus dem Autismus-Spektrum.<\/p>\n\t\t<\/div>\n\t<\/div>\n\t\n\t<div id=\"accordion-4182746719\" class=\"accordion-item\">\n\t\t<a id=\"accordion-4182746719-label\" class=\"accordion-title plain\" href=\"#accordion-item-beschreiben-sie-ihre-arbeit!-wie-sieht-ein-typischer-arbeitstag-bei-ihnen-aus?\" aria-expanded=\"false\" aria-controls=\"accordion-4182746719-content\">\n\t\t\t<button class=\"toggle\" aria-label=\"Umschalten\"><i class=\"icon-angle-down\" aria-hidden=\"true\"><\/i><\/button>\n\t\t\t<span>Beschreiben Sie Ihre Arbeit! Wie sieht ein typischer Arbeitstag bei Ihnen aus?<\/span>\n\t\t<\/a>\n\t\t<div id=\"accordion-4182746719-content\" class=\"accordion-inner\" aria-labelledby=\"accordion-4182746719-label\">\n\t\t\t\n<p>Aufgrund meiner Qualifizierung als Sozialarbeiter und gelernter Informatikkaufmann, bin ich in meiner T\u00e4tigkeit \u00fcberwiegend als Dozent eingesetzt und unterrichte EDV. Au\u00dferdem begleite ich Teilnehmer_innen im Bewerbungsprozess, angefangen von der Jobrecherche, \u00fcber die Erstellung von Bewerbungsunterlagen bis hin zu Gespr\u00e4chen bei Arbeitgeber_innen. Weiterhin organisiere und betreue ich Gruppenexkursionen mit unterschiedlichen Schwerpunkten.<\/p>\n<p>Da ich in Teilzeit angestellt bin und haupts\u00e4chlich studiere, werde ich abh\u00e4ngig von den Veranstaltungen im jeweiligen Semester flexibel eingesetzt. W\u00e4hrend des Semesters arbeite ich \u00fcberwiegend an festen Tagen. In der vorlesungsfreien Zeit werde ich zur Entlastung der in Vollzeit besch\u00e4ftigten Mitarbeiter meist nach Bedarfslage variabel eingesetzt. In der Regel bin ich ca. 30 Minuten vor Unterrichtsbeginn an meinem Arbeitsplatz und bereite das Unterrichtsmaterial vor (Kopien, Beamer, Filme, etc.), lese Protokolle der Teamsitzungen, bearbeite Emails usw.<\/p>\n<p>Da die Teilnehmer_innen abh\u00e4ngig von der jeweiligen Beeintr\u00e4chtigung in verschiedene Gruppen je nach Ma\u00dfnahmenschwerpunkten eingeteilt sind, gestalten sich die Unterrichtsbl\u00f6cke sehr unterschiedlich. Jeder Block hat einen zeitlichen Umfang von 90 Minuten. Je nach Gruppe werden in den Unterrichtseinheiten unterschiedliche Schwerpunkte gesetzt.<\/p>\n<p>Es geht im Wesentlichen um das Erlernen von Kenntnissen im Umgang mit Informations- und Kommunikationsmedien. Hierbei setzen sich die Teilnehmer_innen u. a. mit grundlegenden Fragen der IT-Sicherheit auseinander, arbeiten mit unterschiedlichen Softwareanwendungen, lernen Strategien f\u00fcr die eigene Jobrecherche und erproben verschiedene Bewerbungsformate mit unterschiedlichen Medien.<\/p>\n<p>In der Regel beginne ich meine Unterrichtseinheiten mit R\u00fcckfragen zu dem vorher behandelten Thema und einer kurzen Wiederholung. Ein neues Thema er\u00f6ffne ich mit einer Fragerunde oder einer \u00dcbung um den Kenntnisstand der Teilnehmer_innen zu \u00fcberpr\u00fcfen. Dies bietet mir im sp\u00e4teren Verlauf die M\u00f6glichkeit auf Schwierigkeiten m\u00f6glichst individuell zu reagieren. Viele Teilnehmer_innen sind bereits seit l\u00e4ngerer Zeit arbeitssuchend und haben vorher teilweise schon \u00e4hnliche Ma\u00dfnahmen durchlaufen.<\/p>\n<p>Neben der inhaltlichen Auseinandersetzung bin ich im Unterricht somit h\u00e4ufig auch mit motivationalen Problemen und der Aktivierung der Teilnehmer_innen konfrontiert. Deshalb versuche ich zum Ende der Unterrichte in wiederkehrenden Abst\u00e4nden ein Feedback der Teilnehmer_innen zu erhalten und stimme Inhalte der Folgesitzung ab. Neben der eigentlichen Unterrichtsplanung und -durchf\u00fchrung ist die Nachbereitung der Unterrichte ein weiterer Bestandteil.<\/p>\n<p>Wesentlich sind hierbei die Dokumentation der Unterrichtsinhalte (z.B. als Nachweis f\u00fcr Kostentr\u00e4ger wie das Jobcenter) sowie die Dokumentation von Auff\u00e4lligkeiten bei Teilnehmer_innen als Information f\u00fcr die Reha-Begleiter_innen und Psycholog_innen im Team.<\/p>\n\t\t<\/div>\n\t<\/div>\n\t\n\t<div id=\"accordion-1884908457\" class=\"accordion-item\">\n\t\t<a id=\"accordion-1884908457-label\" class=\"accordion-title plain\" href=\"#accordion-item-warum-haben-sie-sich-f\u00fcr-ein-studium-der-sozialen-arbeit-entschieden?\" aria-expanded=\"false\" aria-controls=\"accordion-1884908457-content\">\n\t\t\t<button class=\"toggle\" aria-label=\"Umschalten\"><i class=\"icon-angle-down\" aria-hidden=\"true\"><\/i><\/button>\n\t\t\t<span>Warum haben Sie sich f\u00fcr ein Studium der Sozialen Arbeit entschieden?<\/span>\n\t\t<\/a>\n\t\t<div id=\"accordion-1884908457-content\" class=\"accordion-inner\" aria-labelledby=\"accordion-1884908457-label\">\n\t\t\t\n<p>In das Studium der Sozialen Arbeit bin ich eher zuf\u00e4llig reingerutscht, da ich aufgrund meiner Fachhochschulreife nicht die M\u00f6glichkeit hatte mein eigentliches Wunschstudium (P\u00e4dagogik) an einer Universit\u00e4t zu studieren. Fr\u00fchzeitig im ersten Semester des Studiums Sozialer Arbeit habe ich jedoch gemerkt, dass sowohl die Inhalte als auch die sp\u00e4teren Berufswege meinen pers\u00f6nlichen Interessen und st\u00e4rken sehr entgegenkommen und sich das Studium dar\u00fcber hinaus gut mit meiner vorher abgeschlossenen Ausbildung zum Informatikkaufmann erg\u00e4nzt.<\/p>\n\t\t<\/div>\n\t<\/div>\n\t\n\t<div id=\"accordion-525278758\" class=\"accordion-item\">\n\t\t<a id=\"accordion-525278758-label\" class=\"accordion-title plain\" aria-expanded=\"false\" aria-controls=\"accordion-525278758-content\">\n\t\t\t<button class=\"toggle\" aria-label=\"Umschalten\"><i class=\"icon-angle-down\" aria-hidden=\"true\"><\/i><\/button>\n\t\t\t<span>Schildern sie ihren beruflichen Werdegang. Bzw.: Wie sind sie zu ihrem jetzigen Beruf gekommen?<\/span>\n\t\t<\/a>\n\t\t<div id=\"accordion-525278758-content\" class=\"accordion-inner\" aria-labelledby=\"accordion-525278758-label\">\n\t\t\t\n<p>Nach meiner Ausbildung zum Informatikkaufmann bei der Bundeswehr und der damit verbundenen Verpflichtung als Soldat auf Zeit (8 Jahre), habe ich die Fachhochschulreife nachgeholt und im Anschluss das Studium der Sozialen Arbeit aufgenommen. Durch das Praxissemester in der Medienwerkstatt Potsdam, war ich bereits w\u00e4hrend meines Bachelorstudiums als Dozent in der Jugendbildung sowie f\u00fcr Erwachsene mit Suchterkrankungen t\u00e4tig und konnte dar\u00fcber praktische Erfahrungen sammeln.<\/p>\n<p>Nach Abschluss des Bachelorstudiums habe ich bis zur Aufnahme des Masters weiter als Dozent in den benannten Arbeitsfeldern gearbeitet. \u00dcber den Besuch auf einem Fachtag zum Thema Autismus bin ich durch ein pers\u00f6nliches Gespr\u00e4ch auf meinen jetzigen Arbeitgeber aufmerksam geworden. Wie es der Zufall wollte, wurde zum damaligen Zeitpunkt jemand mit meinem Profil gesucht, so dass ich kurze Zeit sp\u00e4ter eine Anstellung erhielt.<\/p>\n\t\t<\/div>\n\t<\/div>\n\t\n\t<div id=\"accordion-1149701523\" class=\"accordion-item\">\n\t\t<a id=\"accordion-1149701523-label\" class=\"accordion-title plain\" href=\"#accordion-item-was-fasziniert-sie-an-ihrer-t\u00e4tigkeit?\" aria-expanded=\"false\" aria-controls=\"accordion-1149701523-content\">\n\t\t\t<button class=\"toggle\" aria-label=\"Umschalten\"><i class=\"icon-angle-down\" aria-hidden=\"true\"><\/i><\/button>\n\t\t\t<span>Was fasziniert Sie an ihrer T\u00e4tigkeit?<\/span>\n\t\t<\/a>\n\t\t<div id=\"accordion-1149701523-content\" class=\"accordion-inner\" aria-labelledby=\"accordion-1149701523-label\">\n\t\t\t\n<p>An meiner jetzigen T\u00e4tigkeit fasziniert mich, dass mir Menschen in ihren individuellen Lebenswelten und mit ihrer spezifischen Art immer wieder die Augen \u00f6ffnen und mich dazu anregen meine eigene Arbeit aber auch mich selbst und mein Leben zu reflektieren. Die Arbeit insbesondere mit Menschen aus dem Autismus-Spektrum ist deshalb spannend, weil sich mir durch diese Menschen und ihrer teils hochsensiblen Wahrnehmung der Umwelt, st\u00e4ndig fremde aber dennoch interessante Perspektiven ergeben.<\/p>\n<p>Das was wir neurotypischen Menschen \u2013 wie ich es eigentlich treffender finde, Menschen ohne Diagnose &#8211; als v\u00f6llig normal hinnehmen oder gar \u00fcbersehen, ist f\u00fcr Autisten etwas Besonderes, im Positiven und leider h\u00e4ufig auch im Negativen. Durch die Wahrnehmung und Sichtweisen der Menschen aus dem autistischen Spektrum werde ich t\u00e4glich daran erinnert und geschult meine neurotypischen Sichtweisen st\u00e4ndig zu hinterfragen.<\/p>\n\t\t<\/div>\n\t<\/div>\n\t\n\t<div id=\"accordion-3342045431\" class=\"accordion-item\">\n\t\t<a id=\"accordion-3342045431-label\" class=\"accordion-title plain\" href=\"#accordion-item-was-erleben-sie-als-herausforderung-bei-ihrer-t\u00e4tigkeit?-bzw.-was-macht-es-evtl.-schwer?\" aria-expanded=\"false\" aria-controls=\"accordion-3342045431-content\">\n\t\t\t<button class=\"toggle\" aria-label=\"Umschalten\"><i class=\"icon-angle-down\" aria-hidden=\"true\"><\/i><\/button>\n\t\t\t<span>Was erleben Sie als Herausforderung bei Ihrer T\u00e4tigkeit? Bzw. was macht es evtl. schwer?<\/span>\n\t\t<\/a>\n\t\t<div id=\"accordion-3342045431-content\" class=\"accordion-inner\" aria-labelledby=\"accordion-3342045431-label\">\n\t\t\t\n<p>Eine der zentralen Herausforderungen ist das Gef\u00fchl nicht gen\u00fcgend Zeit f\u00fcr die wesentlichen Dinge zu haben. Auf der einen Seite um sich mit Kolleg_innen \u00fcber die Arbeit und die Teilnehmer_innen auszutauschen, da es z.B. au\u00dfer der w\u00f6chentlichen Teamsitzung keinen wirklichen Rahmen f\u00fcr eine kollegiale Fallberatung gibt. Dar\u00fcber hinaus wird zu wenig Zeit bereitgestellt, um den Unterrichte vor- und nachzubereiten. Dieser Umstand f\u00fchrt wiederum dazu, dass man sowohl die eigenen Anspr\u00fcchen und besonders den Bed\u00fcrfnissen der Teilnehmer_innen h\u00e4ufig nicht gerecht werden kann.<\/p>\n<p>Im Kontext des Unterrichts besteht f\u00fcr mich die Herausforderung insbesondere darin Teilnehmer_innen zu motivieren, die auf Grund einer F\u00fclle von Negativerfahrungen in ihrer Familie, Partnerschaft, Schullaufbahn, Arbeitsleben, den Glauben in sich und die unterst\u00fctzenden Systeme verloren haben.<\/p>\n\t\t<\/div>\n\t<\/div>\n\t\n\t<div id=\"accordion-585209923\" class=\"accordion-item\">\n\t\t<a id=\"accordion-585209923-label\" class=\"accordion-title plain\" href=\"#accordion-item-was-ist-ihrer-meinung-nach-das-wichtigste,-das-sie-w\u00e4hrend-des-studiums-f\u00fcr-ihren-aktuellen-beruf-gelernt-haben?\" aria-expanded=\"false\" aria-controls=\"accordion-585209923-content\">\n\t\t\t<button class=\"toggle\" aria-label=\"Umschalten\"><i class=\"icon-angle-down\" aria-hidden=\"true\"><\/i><\/button>\n\t\t\t<span>Was ist Ihrer Meinung nach das Wichtigste, das Sie w\u00e4hrend des Studiums f\u00fcr Ihren aktuellen Beruf gelernt haben?<\/span>\n\t\t<\/a>\n\t\t<div id=\"accordion-585209923-content\" class=\"accordion-inner\" aria-labelledby=\"accordion-585209923-label\">\n\t\t\t\n<p>Das Wichtigste was ich f\u00fcr mich aus dem Studium mitnehmen konnte, ist sich die Offenheit und Neugier gegen\u00fcber Menschen und ihren individuellen Problemlagen zu bewahren. Nur dar\u00fcber ist es nach meines Erachtens m\u00f6glich, die eigene Sichtweise und das eigene Handeln mit seiner Wirkung in Frage zu stellen, regelm\u00e4\u00dfig zu reflektieren und ein professionelles Selbstverst\u00e4ndnis zu entwickeln, das letztlich ausschlaggebend ist, f\u00fcr die Haltung gegen\u00fcber den Adressat_innen der Sozialen Arbeit.<\/p>\n\t\t<\/div>\n\t<\/div>\n\t\n\t<div id=\"accordion-1552836890\" class=\"accordion-item\">\n\t\t<a id=\"accordion-1552836890-label\" class=\"accordion-title plain\" href=\"#accordion-item-gibt-es-etwas-im-studium,-das-ihnen-besonders-in-erinnerung-geblieben-ist?\" aria-expanded=\"false\" aria-controls=\"accordion-1552836890-content\">\n\t\t\t<button class=\"toggle\" aria-label=\"Umschalten\"><i class=\"icon-angle-down\" aria-hidden=\"true\"><\/i><\/button>\n\t\t\t<span>Gibt es etwas im Studium, das Ihnen besonders in Erinnerung geblieben ist?<\/span>\n\t\t<\/a>\n\t\t<div id=\"accordion-1552836890-content\" class=\"accordion-inner\" aria-labelledby=\"accordion-1552836890-label\">\n\t\t\t\n<p>F\u00fcr mich ist im Studium insbesondere die famili\u00e4re Atmosph\u00e4re des Fachbereich Sozialwesens, der enge Kontakt zu den Professor_innen und die Intensive Zeit in den Werkst\u00e4tten in Erinnerung geblieben.<\/p>\n\t\t<\/div>\n\t<\/div>\n\t\n\t<div id=\"accordion-3951538983\" class=\"accordion-item\">\n\t\t<a id=\"accordion-3951538983-label\" class=\"accordion-title plain\" href=\"#accordion-item-was-sollte-man-an-interessen-bzw.-f\u00e4higkeiten-f\u00fcr-dieses-berufsfeld-mitbringen,-im-studium-erwerben-oder-sich-ggf.-durch-zusatzqualifikationen-aneignen?\" aria-expanded=\"false\" aria-controls=\"accordion-3951538983-content\">\n\t\t\t<button class=\"toggle\" aria-label=\"Umschalten\"><i class=\"icon-angle-down\" aria-hidden=\"true\"><\/i><\/button>\n\t\t\t<span>Was sollte man an Interessen bzw. F\u00e4higkeiten f\u00fcr dieses Berufsfeld mitbringen, im Studium erwerben oder sich ggf. durch Zusatzqualifikationen aneignen?<\/span>\n\t\t<\/a>\n\t\t<div id=\"accordion-3951538983-content\" class=\"accordion-inner\" aria-labelledby=\"accordion-3951538983-label\">\n\t\t\t\n<p>Nicht nur in meinem derzeitigen Berufsfeld sondern generell, sollten Studierende der Sozialen Arbeit ein m\u00f6glichst gro\u00dfes Interesse mitbringen, sich mit individuellen, sozialen und globalen Fragen menschlicher Bed\u00fcrfnisse und Rechte auseinander zu setzen. Dazu bedarf es die Bereitschaft die eigenen Grenzen im Kopf zu verschieben und ein gewisses Ma\u00df an Neugier und Offenheit.<\/p>\n<p>Das Studium kann in dem Sinne lediglich den Rahmen daf\u00fcr bieten, die eigenen Grenzen aufzudecken und dazu anregen sich eine grundst\u00e4ndige und m\u00f6glichst breite theoretische Basis anzueignen, um zumindest im Ansatz auf fachlichen Anforderungen der Praxis vorzubereiten.<\/p>\n<p>Als hilfreiche F\u00e4higkeiten f\u00fcr dieses Berufsfeld bedarf es Lernbereitschaft und eine gesunde Prise Frustrationstoleranz, um die Herausforderungen, die Adressat_innen und die t\u00e4gliche Praxis mit sich bringen, zu bew\u00e4ltigen. Weiterhin halte ich Kenntnisse zu Fragen von sozialen Milieus, Habitus und Lernen, der Arbeitsmarktpolitik, wie auch die Bedeutung von sozialer Selektivit\u00e4t im Bildungswesen f\u00fcr gewinnbringend, f\u00fcr die Arbeit mit diesem Adressat_innenkreis. Dar\u00fcber hinaus kann eine Zusatzqualifikation im Bereich Coaching f\u00f6rderliche sein.<\/p>\n\t\t<\/div>\n\t<\/div>\n\t\n\t<div id=\"accordion-3426037312\" class=\"accordion-item\">\n\t\t<a id=\"accordion-3426037312-label\" class=\"accordion-title plain\" aria-expanded=\"false\" aria-controls=\"accordion-3426037312-content\">\n\t\t\t<button class=\"toggle\" aria-label=\"Umschalten\"><i class=\"icon-angle-down\" aria-hidden=\"true\"><\/i><\/button>\n\t\t\t<span>Was w\u00fcrden Sie Studieninteressierten mit auf den Weg geben? Bzw.: Welchen Rat w\u00fcrden Sie Studienanf\u00e4ngern geben, die sp\u00e4ter ebenfalls Ihren Beruf aus\u00fcben wollen?<\/span>\n\t\t<\/a>\n\t\t<div id=\"accordion-3426037312-content\" class=\"accordion-inner\" aria-labelledby=\"accordion-3426037312-label\">\n\t\t\t\n<p>Um einen m\u00f6glichen \u201ePraxisschock\u201c zu vermeiden ist der einzige Ratschlag den ich mit auf den Weg geben w\u00fcrde, dass vorab eine Auseinandersetzung mit den Herausforderungen und diskriminierenden Mechanismen des Arbeitsmarktes hilfreich ist.<\/p>\n\t\t<\/div>\n\t<\/div>\n\t\n<\/div>\n\t\t<\/div>\n\t\t\t\t\t<\/div>\n\n\t\n\n\t<div id=\"col-509213096\" class=\"col medium-4 small-12 large-4\"  >\n\t\t\t\t<div class=\"col-inner\"  >\n\t\t\t\n\t\t\t\n\t<div class=\"img has-hover x md-x lg-x y md-y lg-y\" id=\"image_1537280531\">\n\t\t\t\t\t\t\t\t<div class=\"img-inner dark\" >\n\t\t\t<img loading=\"lazy\" decoding=\"async\" width=\"218\" height=\"270\" src=\"https:\/\/osadev.fh-potsdam.de\/soziale-arbeit\/wp-content\/uploads\/sites\/10\/2018\/10\/fabian-p.png\" class=\"attachment-large size-large\" alt=\"\" \/>\t\t\t\t\t\t\n\t\t\t\t\t<\/div>\n\t\t\t\t\t\t\t\t\n<style>\n#image_1537280531 {\n  width: 100%;\n}\n<\/style>\n\t<\/div>\n\t\n<p style=\"margin-top: -10px; font-size: 12px; text-align: left;\">Quelle: privat<\/p>\n\t\t<\/div>\n\t\t\t\t\t<\/div>\n\n\t\n<\/div>\n<div class=\"row\"  id=\"row-33643460\">\n<div class=\"col ctrl-buttons\">\n<div class=\"ctrl-buttons-left\">\n<a href=\"\/soziale-arbeit\/aussichten\/interviews-mit-absolventinnen-und-absolventen\/peter-s\/\" class=\"button primary lowercase previous\" >\n\t\t<span>zur\u00fcck<\/span>\n\t<\/a>\n\n<\/div>\n<div class=\"ctrl-buttons-right\">\n<a href=\"\/soziale-arbeit\/aussichten\/interviews-mit-absolventinnen-und-absolventen\/sebastian-b\/\" class=\"button primary lowercase next\" >\n\t\t<span>weiter<\/span>\n\t<\/a>\n\n<\/div>\n<\/div>\n<\/div>\n","protected":false},"excerpt":{"rendered":"","protected":false},"author":3,"featured_media":0,"parent":242,"menu_order":0,"comment_status":"closed","ping_status":"closed","template":"","meta":{"_acf_changed":false,"powered_cache_disable_cache":false,"footnotes":""},"class_list":["post-263","page","type-page","status-publish","hentry"],"acf":[],"_links":{"self":[{"href":"https:\/\/osadev.fh-potsdam.de\/soziale-arbeit\/wp-json\/wp\/v2\/pages\/263","targetHints":{"allow":["GET"]}}],"collection":[{"href":"https:\/\/osadev.fh-potsdam.de\/soziale-arbeit\/wp-json\/wp\/v2\/pages"}],"about":[{"href":"https:\/\/osadev.fh-potsdam.de\/soziale-arbeit\/wp-json\/wp\/v2\/types\/page"}],"author":[{"embeddable":true,"href":"https:\/\/osadev.fh-potsdam.de\/soziale-arbeit\/wp-json\/wp\/v2\/users\/3"}],"replies":[{"embeddable":true,"href":"https:\/\/osadev.fh-potsdam.de\/soziale-arbeit\/wp-json\/wp\/v2\/comments?post=263"}],"version-history":[{"count":18,"href":"https:\/\/osadev.fh-potsdam.de\/soziale-arbeit\/wp-json\/wp\/v2\/pages\/263\/revisions"}],"predecessor-version":[{"id":1404,"href":"https:\/\/osadev.fh-potsdam.de\/soziale-arbeit\/wp-json\/wp\/v2\/pages\/263\/revisions\/1404"}],"up":[{"embeddable":true,"href":"https:\/\/osadev.fh-potsdam.de\/soziale-arbeit\/wp-json\/wp\/v2\/pages\/242"}],"wp:attachment":[{"href":"https:\/\/osadev.fh-potsdam.de\/soziale-arbeit\/wp-json\/wp\/v2\/media?parent=263"}],"curies":[{"name":"wp","href":"https:\/\/api.w.org\/{rel}","templated":true}]}}