{"id":293,"date":"2018-02-01T14:58:27","date_gmt":"2018-02-01T13:58:27","guid":{"rendered":"https:\/\/osadev.fh-potsdam.de\/soziale-arbeit\/?page_id=293"},"modified":"2025-09-15T11:46:25","modified_gmt":"2025-09-15T09:46:25","slug":"soziale-arbeit-studieren","status":"publish","type":"page","link":"https:\/\/osadev.fh-potsdam.de\/soziale-arbeit\/mein-fazit\/soziale-arbeit-studieren\/","title":{"rendered":"Soziale Arbeit studieren?"},"content":{"rendered":"<div class=\"row\"  id=\"row-164615831\">\n\n\t<div id=\"col-1406128844\" class=\"col title-row small-12 large-12\"  >\n\t\t\t\t<div class=\"col-inner\"  >\n\t\t\t\n\t\t\t\n<h1><b>Soziale Arbeit studieren?<\/b><\/h1>\n\t\t<\/div>\n\t\t\t\t\t<\/div>\n\n\t\n\n\t<div id=\"col-1704764698\" class=\"col medium-6 small-12 large-6\"  >\n\t\t\t\t<div class=\"col-inner\"  >\n\t\t\t\n\t\t\t\n<p><strong>Sie sind sich sicher, dass Soziale Arbeit der richtige Studiengang f\u00fcr Sie ist?<br \/>\n<\/strong>Hier finden Sie <a href=\"https:\/\/www.fh-potsdam.de\/studieren\/bewerbung\/bewerbungsverfahren\/soziale-arbeit-vz\/\" target=\"_blank\" rel=\"noopener noreferrer\">Hinweise zur Bewerbung<\/a><\/p>\n<p><strong>Sie sind sich noch nicht sicher, ob Soziale Arbeit der richtige Studiengang f\u00fcr Sie ist?<br \/>\n<\/strong>Hier finden Sie weitere Informationen zum Studiengang auf den Seiten des <a href=\"https:\/\/www.fh-potsdam.de\/studieren\/fachbereiche\/sozial-und-bildungswissenschaften\/\" target=\"_blank\" rel=\"noopener noreferrer\">Fachbereichs Sozial- und Bildungswissenschaften<\/a> der Fachhochschule Potsdam:<\/p>\n<p>Im Fachbereich Sozial- und Bildungswissenschaften gibt es noch weitere Bachelor-Studieng\u00e4nge. Hier k\u00f6nnen Sie sich informieren.<\/p>\n<ul>\n<li><a href=\"https:\/\/www.fh-potsdam.de\/studieren\/fachbereiche\/sozial-und-bildungswissenschaften\/studium\/studiengaenge\/bachelor\/ba-soziale-arbeit-teilzeit\/\" target=\"_blank\" rel=\"noopener noreferrer\">Soziale Arbeit (Teilzeit)<\/a><\/li>\n<li><a href=\"https:\/\/www.fh-potsdam.de\/studieren\/fachbereiche\/sozial-und-bildungswissenschaften\/studium\/studiengaenge\/bachelor\/ba-bildung-und-erziehung-in-der-kindheit\/\" target=\"_blank\" rel=\"noopener noreferrer\">Bildung und Erziehung in der Kindheit, B.A.<\/a><\/li>\n<\/ul>\n<p><strong>Sie w\u00fcrden sich gern pers\u00f6nlich beraten lassen?<br \/>\n<\/strong>In der <a href=\"https:\/\/www.fh-potsdam.de\/studieren\/fachbereiche\/sozial-und-bildungswissenschaften\/studium\/beratung\/\" target=\"_blank\" rel=\"noopener noreferrer\">Studienfachberatung<\/a> und in der <a href=\"https:\/\/www.fh-potsdam.de\/studieninformation\/\" target=\"_blank\" rel=\"noopener noreferrer\">allgemeinen Studienberatung<\/a> gibt es die M\u00f6glichkeit zu einem pers\u00f6nlichen Beratungsgespr\u00e4ch.<\/p>\n\t\t<\/div>\n\t\t\t\t\t<\/div>\n\n\t\n\n\t<div id=\"col-1304532179\" class=\"col medium-6 small-12 large-6\"  >\n\t\t\t\t<div class=\"col-inner\"  >\n\t\t\t\n\t\t\t\n<p>Warum lohnt es sich, dieses Studium an der FHP zu beginnen? Bzw. was raten Sie Studieninteressierten, die noch unsicher sind, ob Soziale Arbeit das richtige Fach f\u00fcr sie ist?<\/p>\n<div class=\"row interview-1\"  id=\"row-1681538345\">\n\n\t<div id=\"col-428436969\" class=\"col small-12 large-12\"  >\n\t\t\t\t<div class=\"col-inner\"  >\n\t\t\t\n\t\t\t\n<div class=\"video video-fit mb\" style=\"padding-top:56.25%;\"><div style=\"width: 640px;\" class=\"wp-video\"><video class=\"wp-video-shortcode\" id=\"video-293-1\" width=\"640\" height=\"360\" preload=\"metadata\" controls=\"controls\"><source type=\"video\/mp4\" src=\"http:\/\/osa.fh-potsdam.de\/video\/ec\/OSA\/FB1_Gudrun_7.mp4?_=1\" \/><a href=\"http:\/\/osa.fh-potsdam.de\/video\/ec\/OSA\/FB1_Gudrun_7.mp4\">http:\/\/osa.fh-potsdam.de\/video\/ec\/OSA\/FB1_Gudrun_7.mp4<\/a><\/video><\/div>\n<\/div>\n\t\t<\/div>\n\t\t\t\t\t<\/div>\n\n\t\n<\/div>\n<div class=\"row interview-2\"  id=\"row-508028335\">\n\n\t<div id=\"col-190506128\" class=\"col small-12 large-12\"  >\n\t\t\t\t<div class=\"col-inner\"  >\n\t\t\t\n\t\t\t\n<div class=\"video video-fit mb\" style=\"padding-top:56.25%;\"><div style=\"width: 640px;\" class=\"wp-video\"><video class=\"wp-video-shortcode\" id=\"video-293-2\" width=\"640\" height=\"360\" preload=\"metadata\" controls=\"controls\"><source type=\"video\/mp4\" src=\"https:\/\/osa.fh-potsdam.de\/video\/ec\/OSA\/FB1_Fruechtel_7.mp4?_=2\" \/><a href=\"https:\/\/osa.fh-potsdam.de\/video\/ec\/OSA\/FB1_Fruechtel_7.mp4\">https:\/\/osa.fh-potsdam.de\/video\/ec\/OSA\/FB1_Fruechtel_7.mp4<\/a><\/video><\/div>\n<\/div>\n\t\t<\/div>\n\t\t\t\t\t<\/div>\n\n\t\n<\/div>\n<div class=\"row row-small\"  id=\"row-1006264846\">\n\n\t<div id=\"col-1499876555\" class=\"col medium-7 small-12 large-7\"  >\n\t\t\t\t<div class=\"col-inner\"  >\n\t\t\t\n\t\t\t\n<p class=\"interview-1\"><strong>Prof. Dr. Gudrun Perko<\/strong><br \/>\nProfessorin f\u00fcr Gender Mainstreaming und Diversity Management<\/p>\n<p class=\"interview-2\"><strong>Prof. Dr. Frank Fr\u00fcchtel<\/strong><br \/>\nProfessor f\u00fcr Soziale Arbeit<\/p>\n\t\t<\/div>\n\t\t\t\t\t<\/div>\n\n\t\n\n\t<div id=\"col-802593261\" class=\"col medium-5 small-12 large-5\"  >\n\t\t\t\t<div class=\"col-inner text-right\"  >\n\t\t\t\n\t\t\t\n<div class=\"row row-collapse\"  id=\"row-747984588\">\n\n\t<div id=\"col-1187318391\" class=\"col medium-6 small-6 large-6\"  >\n\t\t\t\t<div class=\"col-inner\"  >\n\t\t\t\n\t\t\t\n<div class=\"interview-1-toggle interview-first\"><img loading=\"lazy\" decoding=\"async\" class=\"attachment-large size-large\" src=\"https:\/\/osadev.fh-potsdam.de\/soziale-arbeit\/wp-content\/uploads\/sites\/10\/2018\/10\/gudrun_perko.png\" sizes=\"auto, (max-width: 948px) 100vw, 948px\" srcset=\"https:\/\/osadev.fh-potsdam.de\/soziale-arbeit\/wp-content\/uploads\/sites\/10\/2018\/10\/gudrun_perko.png 948w, https:\/\/osadev.fh-potsdam.de\/soziale-arbeit\/wp-content\/uploads\/sites\/10\/2018\/10\/gudrun_perko-300x168.png 300w, https:\/\/osadev.fh-potsdam.de\/soziale-arbeit\/wp-content\/uploads\/sites\/10\/2018\/10\/gudrun_perko-768x431.png 768w\" alt=\"\" width=\"948\" height=\"532\" \/><\/div>\n\t\t<\/div>\n\t\t\t\t\t<\/div>\n\n\t\n\n\t<div id=\"col-1901342551\" class=\"col medium-6 small-6 large-6\"  >\n\t\t\t\t<div class=\"col-inner\"  >\n\t\t\t\n\t\t\t\n<div class=\"interview-2-toggle interview-second\"><img loading=\"lazy\" decoding=\"async\" class=\"attachment-large size-large\" src=\"https:\/\/osadev.fh-potsdam.de\/soziale-arbeit\/wp-content\/uploads\/sites\/10\/2018\/10\/frank_fruechtel.png\" sizes=\"auto, (max-width: 944px) 100vw, 944px\" srcset=\"https:\/\/osadev.fh-potsdam.de\/soziale-arbeit\/wp-content\/uploads\/sites\/10\/2018\/10\/frank_fruechtel.png 944w, https:\/\/osadev.fh-potsdam.de\/soziale-arbeit\/wp-content\/uploads\/sites\/10\/2018\/10\/frank_fruechtel-300x168.png 300w, https:\/\/osadev.fh-potsdam.de\/soziale-arbeit\/wp-content\/uploads\/sites\/10\/2018\/10\/frank_fruechtel-768x431.png 768w\" alt=\"\" width=\"944\" height=\"530\" \/><\/div>\n\t\t<\/div>\n\t\t\t\t\t<\/div>\n\n\t\n<\/div>\n\t\t<\/div>\n\t\t\t\t\t<\/div>\n\n\t\n<\/div>\n\t\t<\/div>\n\t\t\t\t\t<\/div>\n\n\t\n<\/div>\n<div class=\"row\"  id=\"row-452704894\">\n<div class=\"col ctrl-buttons\">\n<div class=\"ctrl-buttons-left\">\n<a href=\"\/soziale-arbeit\/aussichten\/interviews-mit-absolventinnen-und-absolventen\/masterstudium\/\" class=\"button primary lowercase previous\" >\n\t\t<span>zur\u00fcck<\/span>\n\t<\/a>\n\n<\/div>\n<div class=\"ctrl-buttons-right\">\n<a href=\"\/soziale-arbeit\/mein-fazit\/feedback-osa\/\" class=\"button primary lowercase next\" >\n\t\t<span>weiter<\/span>\n\t<\/a>\n\n<\/div>\n<\/div>\n<\/div>\n","protected":false},"excerpt":{"rendered":"","protected":false},"author":3,"featured_media":0,"parent":284,"menu_order":0,"comment_status":"closed","ping_status":"closed","template":"","meta":{"_acf_changed":false,"powered_cache_disable_cache":false,"footnotes":""},"class_list":["post-293","page","type-page","status-publish","hentry"],"acf":[],"_links":{"self":[{"href":"https:\/\/osadev.fh-potsdam.de\/soziale-arbeit\/wp-json\/wp\/v2\/pages\/293","targetHints":{"allow":["GET"]}}],"collection":[{"href":"https:\/\/osadev.fh-potsdam.de\/soziale-arbeit\/wp-json\/wp\/v2\/pages"}],"about":[{"href":"https:\/\/osadev.fh-potsdam.de\/soziale-arbeit\/wp-json\/wp\/v2\/types\/page"}],"author":[{"embeddable":true,"href":"https:\/\/osadev.fh-potsdam.de\/soziale-arbeit\/wp-json\/wp\/v2\/users\/3"}],"replies":[{"embeddable":true,"href":"https:\/\/osadev.fh-potsdam.de\/soziale-arbeit\/wp-json\/wp\/v2\/comments?post=293"}],"version-history":[{"count":50,"href":"https:\/\/osadev.fh-potsdam.de\/soziale-arbeit\/wp-json\/wp\/v2\/pages\/293\/revisions"}],"predecessor-version":[{"id":1447,"href":"https:\/\/osadev.fh-potsdam.de\/soziale-arbeit\/wp-json\/wp\/v2\/pages\/293\/revisions\/1447"}],"up":[{"embeddable":true,"href":"https:\/\/osadev.fh-potsdam.de\/soziale-arbeit\/wp-json\/wp\/v2\/pages\/284"}],"wp:attachment":[{"href":"https:\/\/osadev.fh-potsdam.de\/soziale-arbeit\/wp-json\/wp\/v2\/media?parent=293"}],"curies":[{"name":"wp","href":"https:\/\/api.w.org\/{rel}","templated":true}]}}