{"id":423,"date":"2018-02-16T09:55:58","date_gmt":"2018-02-16T08:55:58","guid":{"rendered":"https:\/\/osadev.fh-potsdam.de\/soziale-arbeit\/?page_id=423"},"modified":"2021-05-08T17:24:37","modified_gmt":"2021-05-08T15:24:37","slug":"datenschutz","status":"publish","type":"page","link":"https:\/\/osadev.fh-potsdam.de\/soziale-arbeit\/datenschutz\/","title":{"rendered":"Datenschutz"},"content":{"rendered":"<h1><strong>Datenschutzhinweis<\/strong><\/h1>\n<p>Stand: 11. November 2020<\/p>\n<h2><strong>Auswertung der Benutzung unseres Webangebotes<\/strong><\/h2>\n<p>Die Fachhochschule Potsdam erhebt und speichert automatisch in den Protokolldateien des Web-Servers Informationen, die Ihr Browser an uns \u00fcbermittelt.<br \/>\nDies sind:<\/p>\n<ul>\n<li>Browsertyp und -version<\/li>\n<li>Rechnername oder IP-Adresse des zugreifenden Rechners<\/li>\n<li>Uhrzeit der Anfrage an den Server<\/li>\n<li>angefragte Webseite <\/li>\n<\/ul>\n<p>Rechtsgrundlage f\u00fcr die vor\u00fcbergehende Speicherung der Daten und der Logfiles ist Art. 6 Abs. 1 lit. f DSGVO, denn es besteht ein berechtigtes Interesse der Fachhochschule Potsdam zur Erkennung und Beseitigung von St\u00f6rungen sowie zur Seitenoptimierung.<\/p>\n<h2><strong>Webseitenanalyse mit Matomo<\/strong><\/h2>\n<p>Die Fachhochschule Potsdam wertet die Benutzung des Webangebots zu Zwecken der Webseitenoptimierung mithilfe des <a href=\"http:\/\/www.matomo.org\/\" rel=\"noopener\" target=\"_blank\">Analysedienstes &#8222;Matomo&#8220;<\/a> aus.<\/p>\n<p>Matomo verwendet sog. &#8222;Cookies&#8220; &#8211; Textdateien, die auf Ihrem Computer gespeichert werden. Die durch einen Cookie erzeugten Informationen \u00fcber die von Ihnen besuchten Seiten werden an unseren Server \u00fcbertragen. Ihre IP-Adresse wird dabei mithilfe des Plugins &#8222;AnonymizeIP&#8220; vor dem Speichern anonymisiert.  Dadurch werden keine genauen IP-Adressen in unseren Statistiken erfasst. Es werden auch keine Daten an Dritte \u00fcbermittelt.<\/p>\n<p>Wenn Sie nicht damit einverstanden sind, dass die Fachhochschule Potsdam Ihren Besuch auf unserer Webseite erfasst, k\u00f6nnen Sie Matomo jederzeit deaktivieren. (Dies ist nicht notwenig, wenn Sie bereits in Ihrem Browser die Do Not Track-Funktion aktiviert haben.) Setzen Sie dazu bitte im nachfolgenden K\u00e4stchen einen Haken. Es kann jedoch sein, dass Sie in diesem Fall gegebenenfalls nicht mehr s\u00e4mtliche Funktionen dieser Website voll umf\u00e4nglich nutzen k\u00f6nnen.<\/p>\n<p><a href=\"https:\/\/piwik-fhp.cps-projects.de\/index.php?module=CustomOptOut&#038;action=optOut&#038;idsite=5&#038;language=de\" rel=\"noopener\" target=\"_blank\">Matomo deaktivieren<\/a><\/p>\n<h2><strong>Einbindung von Diensten und Inhalten Dritter<\/strong><\/h2>\n<p>Es kann vorkommen, dass innerhalb dieses Onlineangebotes Inhalte Dritter, wie zum Beispiel Grafiken von anderen Webseiten eingebunden werden. Dies setzt immer voraus, dass die Anbieter dieser Inhalte (nachfolgend bezeichnet als \u201eDritt-Anbieter\u201c) die IP-Adresse der Nutzer wahrnehmen. Denn ohne die IP-Adresse, k\u00f6nnten sie die Inhalte nicht an den Browser des jeweiligen Nutzers senden. Die IP-Adresse ist damit f\u00fcr die Darstellung dieser Inhalte erforderlich. Wir bem\u00fchen uns nur solche Inhalte zu verwenden, deren jeweilige Anbieter die IP-Adresse lediglich zur Auslieferung der Inhalte verwenden. Jedoch haben wir keinen Einfluss darauf, falls die Dritt-Anbieter die IP-Adresse z.B. f\u00fcr statistische Zwecke speichern. Soweit dies uns bekannt ist, kl\u00e4ren wir die Nutzer dar\u00fcber auf.<\/p>\n<h2><strong>Wie werden meine Eingaben gespeichert? Wer kann sie einsehen?<\/strong><\/h2>\n<p>Es gibt in den OSA-Bereichen \u201eWillkommen\u201c, \u201eAufgaben\u201c und \u201eMein Fazit\u201c bzw. \u201eSoziale Arbeit und ich\u201c verschiedene Selbsteinsch\u00e4tzungs-, Test- und Feedbackfragen. Diese Daten werten wir anonymisiert aus, um unser Angebot zu verbessern. Es werden keine Daten an<br \/>\nDritte \u00fcbermittelt.<\/p>\n<h3><strong>Ansprechpartner<\/strong><\/h3>\n<p>Prof. Dr. G\u00fcnther Neher (FB Informationswissenschaften)<br \/>\nTel: 0331-580 4526 <br \/>\nE-Mail: guenther.neher@fh-potsdam.de <\/p>\n<h3><strong>Beh\u00f6rdlicher Datenschutzbeauftragter<\/strong><\/h3>\n<p>Sven Hirsch<br \/>\nDatenschutzbeauftragter<br \/>\nFachhochschule Potsdam<br \/>\nKiepenheuerallee 5<br \/>\n14469 Potsdam<br \/>\nE-Mail-Adresse: <a href=\"javascript:linkTo_UnCryptMailto('ocknvq,fcvgpuejwvbBhj\\\/rqvufco0fg');\">datenschutz\u00ad (at) fh-potsdam.de<\/a><\/p>\n","protected":false},"excerpt":{"rendered":"<p>Datenschutzhinweis Stand: 11. November 2020 Auswertung der Benutzung unseres Webangebotes Die Fachhochschule Potsdam erhebt und speichert automatisch in den Protokolldateien des Web-Servers Informationen, die Ihr Browser an uns \u00fcbermittelt. Dies sind: Browsertyp und -version Rechnername oder IP-Adresse des zugreifenden Rechners Uhrzeit der Anfrage an den Server angefragte Webseite Rechtsgrundlage f\u00fcr die vor\u00fcbergehende Speicherung der Daten [&#8230;]\n","protected":false},"author":3,"featured_media":0,"parent":0,"menu_order":0,"comment_status":"closed","ping_status":"closed","template":"","meta":{"_acf_changed":false,"powered_cache_disable_cache":false,"footnotes":""},"class_list":["post-423","page","type-page","status-publish","hentry"],"acf":[],"_links":{"self":[{"href":"https:\/\/osadev.fh-potsdam.de\/soziale-arbeit\/wp-json\/wp\/v2\/pages\/423","targetHints":{"allow":["GET"]}}],"collection":[{"href":"https:\/\/osadev.fh-potsdam.de\/soziale-arbeit\/wp-json\/wp\/v2\/pages"}],"about":[{"href":"https:\/\/osadev.fh-potsdam.de\/soziale-arbeit\/wp-json\/wp\/v2\/types\/page"}],"author":[{"embeddable":true,"href":"https:\/\/osadev.fh-potsdam.de\/soziale-arbeit\/wp-json\/wp\/v2\/users\/3"}],"replies":[{"embeddable":true,"href":"https:\/\/osadev.fh-potsdam.de\/soziale-arbeit\/wp-json\/wp\/v2\/comments?post=423"}],"version-history":[{"count":7,"href":"https:\/\/osadev.fh-potsdam.de\/soziale-arbeit\/wp-json\/wp\/v2\/pages\/423\/revisions"}],"predecessor-version":[{"id":1419,"href":"https:\/\/osadev.fh-potsdam.de\/soziale-arbeit\/wp-json\/wp\/v2\/pages\/423\/revisions\/1419"}],"wp:attachment":[{"href":"https:\/\/osadev.fh-potsdam.de\/soziale-arbeit\/wp-json\/wp\/v2\/media?parent=423"}],"curies":[{"name":"wp","href":"https:\/\/api.w.org\/{rel}","templated":true}]}}