{"id":75,"date":"2018-02-01T10:32:14","date_gmt":"2018-02-01T09:32:14","guid":{"rendered":"https:\/\/osadev.fh-potsdam.de\/soziale-arbeit\/?page_id=75"},"modified":"2025-09-15T11:32:06","modified_gmt":"2025-09-15T09:32:06","slug":"studium","status":"publish","type":"page","link":"https:\/\/osadev.fh-potsdam.de\/soziale-arbeit\/studium\/","title":{"rendered":"Studium"},"content":{"rendered":"<div class=\"row\"  id=\"row-1804567052\">\n\n\t<div id=\"col-384306309\" class=\"col title-row small-12 large-12\"  >\n\t\t\t\t<div class=\"col-inner\"  >\n\t\t\t\n\t\t\t\n<h1><b>Studium Soziale Arbeit \u2013 Was ist das eigentlich?<\/b><\/h1>\n\t\t<\/div>\n\t\t\t\t\t<\/div>\n\n\t\n\n\t<div id=\"col-1648363592\" class=\"col medium-6 small-12 large-6\"  >\n\t\t\t\t<div class=\"col-inner\"  >\n\t\t\t\n\t\t\t\n<p>In der Sozialen Arbeit gibt es mehr als 100 verschiedene Arbeitsfelder. Daher bietet das Studium eine \u00a0sehr breit angelegte, wissenschaftlich fundierte und gleichzeitig praxisorientierte Ausbildung, mit der man nach dem Studium in allen Bereichen der Sozialen Arbeit t\u00e4tig werden kann. Gleichzeitig besteht schon im Studium \u00fcber die Wahl von Seminaren, Praxisprojekten und dem Praktikum die M\u00f6glichkeit eigene Schwerpunkte zu setzen.<\/p>\n<p>Zum Studium z\u00e4hlt die Besch\u00e4ftigung mit Methoden und Theorien der Sozialen Arbeit ebenso wie die Auseinandersetzung mit soziologischen, psychologischen, politischen, rechtlichen und \u00f6konomischen Grundlagen und dem Einsatz \u00e4sthetischer und digitaler Medien in der Sozialen Arbeit.<\/p>\n<p>Neben dem Erwerb von methodischen und theoretischen Kenntnissen kommt es aber auch schon vom ersten Tag im Studium darauf an, die Praxis der Sozialen Arbeit kennenzulernen, Wissen im Umgang mit Professionellen und Zielgruppen der Arbeit kritisch anzuwenden und die eigene Bef\u00e4higung zum kommunikativen und einf\u00fchlsamen Umgang mit Menschen und h\u00e4ufig auch belasteten sozialen Situationen zu erkunden und zu erproben.<\/p>\n\t\t<\/div>\n\t\t\t\t\t<\/div>\n\n\t\n\n\t<div id=\"col-16702668\" class=\"col medium-6 small-12 large-6\"  >\n\t\t\t\t<div class=\"col-inner\"  >\n\t\t\t\n\t\t\t\n<div class=\"video video-fit mb\" style=\"padding-top:56.25%;\"><div style=\"width: 640px;\" class=\"wp-video\"><video class=\"wp-video-shortcode\" id=\"video-75-1\" width=\"640\" height=\"360\" preload=\"metadata\" controls=\"controls\"><source type=\"video\/mp4\" src=\"https:\/\/osa.fh-potsdam.de\/video\/ec\/OSA\/FB1_Soziale_Arbeit_kann_mitreden.mp4?_=1\" \/><a href=\"https:\/\/osa.fh-potsdam.de\/video\/ec\/OSA\/FB1_Soziale_Arbeit_kann_mitreden.mp4\">https:\/\/osa.fh-potsdam.de\/video\/ec\/OSA\/FB1_Soziale_Arbeit_kann_mitreden.mp4<\/a><\/video><\/div>\n<\/div>\n<p><strong>\u201eSoziale Arbeit kann mitreden\u201c<\/strong> Ein Film von Studierenden des Studiengangs Soziale Arbeit der Fachhochschule Potsdam.<\/p>\n\t\t<\/div>\n\t\t\t\t\t<\/div>\n\n\t\n<\/div>\n<div class=\"row\"  id=\"row-514696176\">\n<div class=\"col ctrl-buttons\">\n<div class=\"ctrl-buttons-left\"><a href=\"\/soziale-arbeit\/willkommen\/erwartungscheck\/\" class=\"button primary lowercase previous\" >\n\t\t<span>zur\u00fcck<\/span>\n\t<\/a>\n<\/div>\n<div class=\"ctrl-buttons-right\"><a href=\"\/soziale-arbeit\/studium\/videointerviews\/\" class=\"button primary lowercase next\" >\n\t\t<span>weiter<\/span>\n\t<\/a>\n<\/div>\n<\/div>\n<\/div>\n","protected":false},"excerpt":{"rendered":"","protected":false},"author":3,"featured_media":0,"parent":0,"menu_order":0,"comment_status":"closed","ping_status":"closed","template":"","meta":{"_acf_changed":false,"powered_cache_disable_cache":false,"footnotes":""},"class_list":["post-75","page","type-page","status-publish","hentry"],"acf":[],"_links":{"self":[{"href":"https:\/\/osadev.fh-potsdam.de\/soziale-arbeit\/wp-json\/wp\/v2\/pages\/75","targetHints":{"allow":["GET"]}}],"collection":[{"href":"https:\/\/osadev.fh-potsdam.de\/soziale-arbeit\/wp-json\/wp\/v2\/pages"}],"about":[{"href":"https:\/\/osadev.fh-potsdam.de\/soziale-arbeit\/wp-json\/wp\/v2\/types\/page"}],"author":[{"embeddable":true,"href":"https:\/\/osadev.fh-potsdam.de\/soziale-arbeit\/wp-json\/wp\/v2\/users\/3"}],"replies":[{"embeddable":true,"href":"https:\/\/osadev.fh-potsdam.de\/soziale-arbeit\/wp-json\/wp\/v2\/comments?post=75"}],"version-history":[{"count":23,"href":"https:\/\/osadev.fh-potsdam.de\/soziale-arbeit\/wp-json\/wp\/v2\/pages\/75\/revisions"}],"predecessor-version":[{"id":1433,"href":"https:\/\/osadev.fh-potsdam.de\/soziale-arbeit\/wp-json\/wp\/v2\/pages\/75\/revisions\/1433"}],"wp:attachment":[{"href":"https:\/\/osadev.fh-potsdam.de\/soziale-arbeit\/wp-json\/wp\/v2\/media?parent=75"}],"curies":[{"name":"wp","href":"https:\/\/api.w.org\/{rel}","templated":true}]}}